{"id":9970,"date":"2025-05-21T14:21:43","date_gmt":"2025-05-21T04:21:43","guid":{"rendered":"https:\/\/www.ses.tas.gov.au\/?page_id=9970"},"modified":"2025-07-02T10:34:10","modified_gmt":"2025-07-02T00:34:10","slug":"kingborough-draft-flood-guides-released-for-community-input","status":"publish","type":"page","link":"https:\/\/www.ses.tas.gov.au\/vi\/kingborough-draft-flood-guides-released-for-community-input\/","title":{"rendered":"Kingborough c\u00f4ng b\u1ed1 b\u1ea3n d\u1ef1 th\u1ea3o h\u01b0\u1edbng d\u1eabn ph\u00f2ng ch\u1ed1ng l\u0169 l\u1ee5t \u2013 Bu\u1ed5i t\u1eadp hu\u1ea5n chu\u1ea9n b\u1ecb \u1ee9ng ph\u00f3 l\u0169 l\u1ee5t t\u1ea1i Snug ng\u00e0y 9 th\u00e1ng 7"},"content":{"rendered":"<p>C\u01b0 d\u00e2n v\u00e0 doanh nghi\u1ec7p t\u1ea1i khu v\u1ef1c v\u00e0 c\u00e1c v\u00f9ng l\u00e2n c\u1eadn c\u1ee7a Kingborough \ud83d\udce2<\/p>\n\n\n\n<p>Hai t\u00e0i li\u1ec7u h\u01b0\u1edbng d\u1eabn v\u1ec1 l\u0169 l\u1ee5t cho khu v\u1ef1c Kingborough hi\u1ec7n \u0111\u00e3 c\u00f3 s\u1eb5n \u0111\u1ec3 c\u1ed9ng \u0111\u1ed3ng \u0111\u00f3ng g\u00f3p \u00fd ki\u1ebfn.<\/p>\n\n\n\n<p>\ud83d\udfe0 Kingston v\u00e0 c\u00e1c v\u00f9ng l\u00e2n c\u1eadn: <a href=\"https:\/\/www.ses.tas.gov.au\/vi\/flood-plan\/kingston\/\" target=\"_blank\" rel=\"noreferrer noopener\">https:\/\/www.ses.tas.gov.au\/flood-plan\/kingston<\/a><\/p>\n\n\n\n<p>\ud83d\udfe0 V\u00f9ng ph\u1ee5 c\u1eadn D\u2019Entrecasteaux: <a href=\"https:\/\/www.ses.tas.gov.au\/vi\/flood-plan\/dentrecasteaux\/\" target=\"_blank\" rel=\"noreferrer noopener\">https:\/\/www.ses.tas.gov.au\/flood-plan\/dentrecasteaux<\/a><\/p>\n\n\n\n<p>C\u00e1c h\u01b0\u1edbng d\u1eabn n\u00e0y cung c\u1ea5p cho b\u1ea1n l\u1eddi khuy\u00ean v\u1ec1:<\/p>\n\n\n\n<p>\ud83d\udfe0 R\u1ee7i ro l\u0169 l\u1ee5t c\u1ee5c b\u1ed9 t\u1eeb b\u1ea3n \u0111\u1ed3 l\u0169 chi\u1ebfn l\u01b0\u1ee3c Tasmania v\u00e0 c\u00e1c nghi\u00ean c\u1ee9u chi ti\u1ebft l\u0169 l\u1ee5t \u0111\u1ecba ph\u01b0\u01a1ng c\u1ee7a H\u1ed9i \u0111\u1ed3ng Kingborough.<\/p>\n\n\n\n<p>\ud83d\udfe0 C\u00e1ch chu\u1ea9n b\u1ecb s\u1eb5n s\u00e0ng cho c\u00e1c t\u00ecnh hu\u1ed1ng kh\u1ea9n c\u1ea5p, v\u00e0 s\u1eb5n s\u00e0ng \u0111\u1ed1i ph\u00f3 v\u1edbi b\u00e3o l\u0169.<\/p>\n\n\n\n<p><strong>SES v\u00e0 H\u1ed9i \u0111\u1ed3ng Kingborough s\u1ebd t\u1ed5 ch\u1ee9c bu\u1ed5i cung c\u1ea5p th\u00f4ng tin c\u1ed9ng \u0111\u1ed3ng v\u1ec1 b\u00e3o v\u00e0 l\u0169 l\u1ee5t cho C\u1ed9ng \u0111\u1ed3ng Snug v\u00e0o Th\u1ee9 T\u01b0 ng\u00e0y 9 th\u00e1ng 7 l\u00fac 6 gi\u1edd chi\u1ec1u t\u1ea1i H\u1ed9i tr\u01b0\u1eddng C\u1ed9ng \u0111\u1ed3ng Snug, Ph\u1ed1 Pybus, Snug.<\/strong> H\u00e3y tham gia c\u00f9ng ch\u00fang t\u00f4i \u0111\u1ec3 nghe v\u1ec1 r\u1ee7i ro l\u0169 l\u1ee5t v\u00e0 ng\u1eadp \u00fang ven bi\u1ec3n quanh Snug v\u00e0 c\u00e1ch chu\u1ea9n b\u1ecb cho c\u00e1c c\u01a1n b\u00e3o v\u00e0 s\u1ef1 ki\u1ec7n l\u0169 l\u1ee5t.<\/p>\n\n\n\n<p>L\u0169 l\u1ee5t c\u00f3 th\u1ec3 g\u00e2y ra thi\u1ec7t h\u1ea1i tr\u00ean di\u1ec7n r\u1ed9ng v\u00e0 \u0111\u00e1ng k\u1ec3, v\u00e0 \u0111i\u1ec1u quan tr\u1ecdng l\u00e0 t\u1ea5t c\u1ea3 ng\u01b0\u1eddi d\u00e2n Tasmania ph\u1ea3i nh\u1eadn th\u1ee9c \u0111\u01b0\u1ee3c b\u1ea5t k\u1ef3 nguy c\u01a1 l\u0169 l\u1ee5t n\u00e0o c\u00f3 th\u1ec3 t\u1ed3n t\u1ea1i \u1edf n\u01a1i h\u1ecd s\u1ed1ng, tham quan, s\u1edf h\u1eefu t\u00e0i s\u1ea3n ho\u1eb7c l\u00e0m vi\u1ec7c. C\u00e1c khu v\u1ef1c xung quanh Kingston Beach, Snug v\u00e0 Adventure Bay d\u1ec5 b\u1ecb l\u0169 l\u1ee5t. Ngay c\u1ea3 khi l\u0169 l\u1ee5t kh\u00f4ng \u1ea3nh h\u01b0\u1edfng \u0111\u1ebfn t\u00e0i s\u1ea3n c\u1ee7a b\u1ea1n, b\u00e3o v\u00e0 c\u00e1c s\u1ef1 c\u1ed1 l\u0169 l\u1ee5t c\u00f3 th\u1ec3 khi\u1ebfn \u0111\u01b0\u1eddng x\u00e1 b\u1ecb phong t\u1ecfa, v\u00e0 c\u00f3 th\u1ec3 x\u1ea3y ra m\u1ea5t \u0111i\u1ec7n v\u00e0 m\u1ea5t k\u1ebft n\u1ed1i internet.<\/p>\n\n\n\n<p>Bi\u1ebft r\u1ee7i ro c\u1ee7a b\u1ea1n, chu\u1ea9n b\u1ecb s\u1eb5n s\u00e0ng, gi\u1ea3m thi\u1ec3u r\u1ee7i ro n\u1ebfu c\u00f3 th\u1ec3, k\u1ebft n\u1ed1i v\u1edbi ng\u01b0\u1eddi kh\u00e1c, lu\u00f4n c\u1ea3nh gi\u00e1c v\u00e0 h\u00e0nh \u0111\u1ed9ng an to\u00e0n.<\/p>\n\n\n\n<figure class=\"wp-block-image size-full\"><img loading=\"lazy\" decoding=\"async\" width=\"602\" height=\"752\" src=\"https:\/\/d2tv960yzi0spr.cloudfront.net\/uploads\/2025\/05\/SES-FLOOD-READY-1.jpg\" alt=\"Community Flood Guides Open for consultation \" class=\"wp-image-9973\" srcset=\"https:\/\/d2tv960yzi0spr.cloudfront.net\/uploads\/2025\/05\/SES-FLOOD-READY-1.jpg 602w, https:\/\/d2tv960yzi0spr.cloudfront.net\/uploads\/2025\/05\/SES-FLOOD-READY-1-240x300.jpg 240w\" sizes=\"auto, (max-width: 602px) 100vw, 602px\" \/><\/figure>\n\n\n\n<p><\/p>","protected":false},"excerpt":{"rendered":"<p>Residents and businesses in the Kingborough and surrounding areas \ud83d\udce2 Two flood guides covering the Kingborough area are now available for community input. \ud83d\udfe0 Kingston and surrounds: https:\/\/www.ses.tas.gov.au\/flood-plan\/kingston \ud83d\udfe0 D\u2019Entrecasteaux&hellip;<\/p>","protected":false},"author":27,"featured_media":0,"parent":0,"menu_order":180,"comment_status":"closed","ping_status":"closed","template":"","meta":{"_acf_changed":false,"_monsterinsights_skip_tracking":false,"_monsterinsights_sitenote_active":false,"_monsterinsights_sitenote_note":"","_monsterinsights_sitenote_category":0,"footnotes":""},"class_list":["post-9970","page","type-page","status-publish","hentry"],"acf":[],"yoast_head":"<!-- This site is optimized with the Yoast SEO plugin v24.9 - https:\/\/yoast.com\/wordpress\/plugins\/seo\/ -->\n<title>Kingborough draft flood guides released - Snug flood preparedness session 9 July - Tasmania State Emergency Service<\/title>\n<meta name=\"description\" content=\"Residents and businesses in the Kingborough and surrounding areas \ud83d\udce2Two flood guides covering the Kingborough area are now available for community input.\" \/>\n<meta name=\"robots\" content=\"index, follow, max-snippet:-1, max-image-preview:large, max-video-preview:-1\" \/>\n<link rel=\"canonical\" href=\"https:\/\/www.ses.tas.gov.au\/vi\/kingborough-draft-flood-guides-released-for-community-input\/\" \/>\n<meta property=\"og:locale\" content=\"vi_VN\" \/>\n<meta property=\"og:type\" content=\"article\" \/>\n<meta property=\"og:title\" content=\"Kingborough draft flood guides released - Snug flood preparedness session 9 July - Tasmania State Emergency Service\" \/>\n<meta property=\"og:description\" content=\"Residents and businesses in the Kingborough and surrounding areas \ud83d\udce2Two flood guides covering the Kingborough area are now available for community input.\" \/>\n<meta property=\"og:url\" content=\"https:\/\/www.ses.tas.gov.au\/vi\/kingborough-draft-flood-guides-released-for-community-input\/\" \/>\n<meta property=\"og:site_name\" content=\"Tasmania State Emergency Service\" \/>\n<meta property=\"article:modified_time\" content=\"2025-07-02T00:34:10+00:00\" \/>\n<meta property=\"og:image\" content=\"https:\/\/d2tv960yzi0spr.cloudfront.net\/uploads\/2025\/05\/SES-FLOOD-READY-1.jpg\" \/>\n\t<meta property=\"og:image:width\" content=\"602\" \/>\n\t<meta property=\"og:image:height\" content=\"752\" \/>\n\t<meta property=\"og:image:type\" content=\"image\/jpeg\" \/>\n<meta name=\"twitter:card\" content=\"summary_large_image\" \/>\n<meta name=\"twitter:label1\" content=\"Est. reading time\" \/>\n\t<meta name=\"twitter:data1\" content=\"2 minutes\" \/>\n<script type=\"application\/ld+json\" class=\"yoast-schema-graph\">{\"@context\":\"https:\/\/schema.org\",\"@graph\":[{\"@type\":\"WebPage\",\"@id\":\"https:\/\/www.ses.tas.gov.au\/kingborough-draft-flood-guides-released-for-community-input\/\",\"url\":\"https:\/\/www.ses.tas.gov.au\/kingborough-draft-flood-guides-released-for-community-input\/\",\"name\":\"Kingborough draft flood guides released - Snug flood preparedness session 9 July - Tasmania State Emergency Service\",\"isPartOf\":{\"@id\":\"http:\/\/localhost\/#website\"},\"primaryImageOfPage\":{\"@id\":\"https:\/\/www.ses.tas.gov.au\/kingborough-draft-flood-guides-released-for-community-input\/#primaryimage\"},\"image\":{\"@id\":\"https:\/\/www.ses.tas.gov.au\/kingborough-draft-flood-guides-released-for-community-input\/#primaryimage\"},\"thumbnailUrl\":\"https:\/\/d2tv960yzi0spr.cloudfront.net\/uploads\/2025\/05\/SES-FLOOD-READY-1.jpg\",\"datePublished\":\"2025-05-21T04:21:43+00:00\",\"dateModified\":\"2025-07-02T00:34:10+00:00\",\"description\":\"Residents and businesses in the Kingborough and surrounding areas \ud83d\udce2Two flood guides covering the Kingborough area are now available for community input.\",\"breadcrumb\":{\"@id\":\"https:\/\/www.ses.tas.gov.au\/kingborough-draft-flood-guides-released-for-community-input\/#breadcrumb\"},\"inLanguage\":\"vi\",\"potentialAction\":[{\"@type\":\"ReadAction\",\"target\":[\"https:\/\/www.ses.tas.gov.au\/kingborough-draft-flood-guides-released-for-community-input\/\"]}]},{\"@type\":\"ImageObject\",\"inLanguage\":\"vi\",\"@id\":\"https:\/\/www.ses.tas.gov.au\/kingborough-draft-flood-guides-released-for-community-input\/#primaryimage\",\"url\":\"https:\/\/d2tv960yzi0spr.cloudfront.net\/uploads\/2025\/05\/SES-FLOOD-READY-1.jpg\",\"contentUrl\":\"https:\/\/d2tv960yzi0spr.cloudfront.net\/uploads\/2025\/05\/SES-FLOOD-READY-1.jpg\"},{\"@type\":\"BreadcrumbList\",\"@id\":\"https:\/\/www.ses.tas.gov.au\/kingborough-draft-flood-guides-released-for-community-input\/#breadcrumb\",\"itemListElement\":[{\"@type\":\"ListItem\",\"position\":1,\"name\":\"Home\",\"item\":\"https:\/\/www.ses.tas.gov.au\/\"},{\"@type\":\"ListItem\",\"position\":2,\"name\":\"Kingborough draft flood guides released &#8211; Snug flood preparedness session 9 July\"}]},{\"@type\":\"WebSite\",\"@id\":\"http:\/\/localhost\/#website\",\"url\":\"http:\/\/localhost\/\",\"name\":\"Tasmania State Emergency Service\",\"description\":\"\",\"potentialAction\":[{\"@type\":\"SearchAction\",\"target\":{\"@type\":\"EntryPoint\",\"urlTemplate\":\"http:\/\/localhost\/?s={search_term_string}\"},\"query-input\":{\"@type\":\"PropertyValueSpecification\",\"valueRequired\":true,\"valueName\":\"search_term_string\"}}],\"inLanguage\":\"vi\"}]}<\/script>\n<!-- \/ Yoast SEO plugin. -->","yoast_head_json":{"title":"Kingborough draft flood guides released - Snug flood preparedness session 9 July - Tasmania State Emergency Service","description":"Residents and businesses in the Kingborough and surrounding areas \ud83d\udce2Two flood guides covering the Kingborough area are now available for community input.","robots":{"index":"index","follow":"follow","max-snippet":"max-snippet:-1","max-image-preview":"max-image-preview:large","max-video-preview":"max-video-preview:-1"},"canonical":"https:\/\/www.ses.tas.gov.au\/vi\/kingborough-draft-flood-guides-released-for-community-input\/","og_locale":"vi_VN","og_type":"article","og_title":"Kingborough draft flood guides released - Snug flood preparedness session 9 July - Tasmania State Emergency Service","og_description":"Residents and businesses in the Kingborough and surrounding areas \ud83d\udce2Two flood guides covering the Kingborough area are now available for community input.","og_url":"https:\/\/www.ses.tas.gov.au\/vi\/kingborough-draft-flood-guides-released-for-community-input\/","og_site_name":"Tasmania State Emergency Service","article_modified_time":"2025-07-02T00:34:10+00:00","og_image":[{"width":602,"height":752,"url":"https:\/\/d2tv960yzi0spr.cloudfront.net\/uploads\/2025\/05\/SES-FLOOD-READY-1.jpg","type":"image\/jpeg"}],"twitter_card":"summary_large_image","twitter_misc":{"Est. reading time":"2 minutes"},"schema":{"@context":"https:\/\/schema.org","@graph":[{"@type":"WebPage","@id":"https:\/\/www.ses.tas.gov.au\/kingborough-draft-flood-guides-released-for-community-input\/","url":"https:\/\/www.ses.tas.gov.au\/kingborough-draft-flood-guides-released-for-community-input\/","name":"Kingborough draft flood guides released - Snug flood preparedness session 9 July - Tasmania State Emergency Service","isPartOf":{"@id":"http:\/\/localhost\/#website"},"primaryImageOfPage":{"@id":"https:\/\/www.ses.tas.gov.au\/kingborough-draft-flood-guides-released-for-community-input\/#primaryimage"},"image":{"@id":"https:\/\/www.ses.tas.gov.au\/kingborough-draft-flood-guides-released-for-community-input\/#primaryimage"},"thumbnailUrl":"https:\/\/d2tv960yzi0spr.cloudfront.net\/uploads\/2025\/05\/SES-FLOOD-READY-1.jpg","datePublished":"2025-05-21T04:21:43+00:00","dateModified":"2025-07-02T00:34:10+00:00","description":"Residents and businesses in the Kingborough and surrounding areas \ud83d\udce2Two flood guides covering the Kingborough area are now available for community input.","breadcrumb":{"@id":"https:\/\/www.ses.tas.gov.au\/kingborough-draft-flood-guides-released-for-community-input\/#breadcrumb"},"inLanguage":"vi","potentialAction":[{"@type":"ReadAction","target":["https:\/\/www.ses.tas.gov.au\/kingborough-draft-flood-guides-released-for-community-input\/"]}]},{"@type":"ImageObject","inLanguage":"vi","@id":"https:\/\/www.ses.tas.gov.au\/kingborough-draft-flood-guides-released-for-community-input\/#primaryimage","url":"https:\/\/d2tv960yzi0spr.cloudfront.net\/uploads\/2025\/05\/SES-FLOOD-READY-1.jpg","contentUrl":"https:\/\/d2tv960yzi0spr.cloudfront.net\/uploads\/2025\/05\/SES-FLOOD-READY-1.jpg"},{"@type":"BreadcrumbList","@id":"https:\/\/www.ses.tas.gov.au\/kingborough-draft-flood-guides-released-for-community-input\/#breadcrumb","itemListElement":[{"@type":"ListItem","position":1,"name":"Home","item":"https:\/\/www.ses.tas.gov.au\/"},{"@type":"ListItem","position":2,"name":"Kingborough draft flood guides released &#8211; Snug flood preparedness session 9 July"}]},{"@type":"WebSite","@id":"http:\/\/localhost\/#website","url":"http:\/\/localhost\/","name":"D\u1ecbch v\u1ee5 C\u1ea5p c\u1ee9u Bang Tasmania","description":"","potentialAction":[{"@type":"SearchAction","target":{"@type":"EntryPoint","urlTemplate":"http:\/\/localhost\/?s={search_term_string}"},"query-input":{"@type":"PropertyValueSpecification","valueRequired":true,"valueName":"search_term_string"}}],"inLanguage":"vi"}]}},"_links":{"self":[{"href":"https:\/\/www.ses.tas.gov.au\/vi\/wp-json\/wp\/v2\/pages\/9970","targetHints":{"allow":["GET"]}}],"collection":[{"href":"https:\/\/www.ses.tas.gov.au\/vi\/wp-json\/wp\/v2\/pages"}],"about":[{"href":"https:\/\/www.ses.tas.gov.au\/vi\/wp-json\/wp\/v2\/types\/page"}],"author":[{"embeddable":true,"href":"https:\/\/www.ses.tas.gov.au\/vi\/wp-json\/wp\/v2\/users\/27"}],"replies":[{"embeddable":true,"href":"https:\/\/www.ses.tas.gov.au\/vi\/wp-json\/wp\/v2\/comments?post=9970"}],"version-history":[{"count":5,"href":"https:\/\/www.ses.tas.gov.au\/vi\/wp-json\/wp\/v2\/pages\/9970\/revisions"}],"predecessor-version":[{"id":10115,"href":"https:\/\/www.ses.tas.gov.au\/vi\/wp-json\/wp\/v2\/pages\/9970\/revisions\/10115"}],"wp:attachment":[{"href":"https:\/\/www.ses.tas.gov.au\/vi\/wp-json\/wp\/v2\/media?parent=9970"}],"curies":[{"name":"v\u1ea1n tu\u1ebf","href":"https:\/\/api.w.org\/{rel}","templated":true}]}}