{"id":9389,"date":"2025-04-10T15:21:51","date_gmt":"2025-04-10T05:21:51","guid":{"rendered":"https:\/\/www.ses.tas.gov.au\/?page_id=9389"},"modified":"2025-09-22T15:45:32","modified_gmt":"2025-09-22T05:45:32","slug":"about-storms-floods","status":"publish","type":"page","link":"https:\/\/www.ses.tas.gov.au\/vi\/know-your-flood-risk\/about-storms-floods\/","title":{"rendered":"V\u1ec1 b\u00e3o v\u00e0 l\u0169 l\u1ee5t \u1edf Tasmania"},"content":{"rendered":"<p>Tasmania n\u1eb1m tr\u00ean \u0111\u01b0\u1eddng \u0111i c\u1ee7a gi\u00f3 Cu\u1ed3ng phong b\u1ed1n m\u01b0\u01a1i (Roaring Forties) bao quanh tr\u00e1i \u0111\u1ea5t. B\u00e3o v\u00e0 th\u1eddi ti\u1ebft kh\u1eafc nghi\u1ec7t \u1ea3nh h\u01b0\u1edfng \u0111\u1ebfn m\u1ecdi v\u00f9ng c\u1ee7a Tasmania v\u00e0o b\u1ea5t k\u1ef3 th\u1eddi \u0111i\u1ec3m n\u00e0o trong n\u0103m. Ch\u00fang c\u00f3 th\u1ec3 bao g\u1ed3m m\u01b0a l\u1edbn g\u00e2y ng\u1eadp l\u1ee5t.<\/p>\n\n\n\n<ul class=\"wp-block-list\">\n<li><a href=\"https:\/\/www.ses.tas.gov.au\/vi\/plan-prepare\/be-ready-for-storms-and-floods\/\">H\u00e3y chu\u1ea9n b\u1ecb s\u1eb5n s\u00e0ng cho b\u00e3o v\u00e0 l\u0169 l\u1ee5t<\/a><\/li>\n\n\n\n<li><a href=\"https:\/\/www.ses.tas.gov.au\/vi\/flood-plan\/\">Xem h\u01b0\u1edbng d\u1eabn l\u0169 l\u1ee5t \u0111\u1ecba ph\u01b0\u01a1ng cho khu v\u1ef1c c\u1ee7a b\u1ea1n<\/a><\/li>\n<\/ul>\n\n\n\n<h2 class=\"wp-block-heading\">B\u00e3o l\u1edbn<\/h2>\n\n\n\n<p>B\u00e3o l\u1edbn c\u00f3 th\u1ec3 bao g\u1ed3m<\/p>\n\n\n\n<ul class=\"wp-block-list\">\n<li>m\u01b0a x\u1ed1i x\u1ea3<\/li>\n\n\n\n<li>gi\u00f3 m\u1ea1nh<\/li>\n\n\n\n<li>m\u01b0a \u0111\u00e1 l\u1edbn v\u00e0<\/li>\n\n\n\n<li>tia ch\u1edbp.<\/li>\n<\/ul>\n\n\n\n<p>B\u00e3o c\u00f3 th\u1ec3 g\u00e2y l\u0169 qu\u00e9t v\u00e0 thi\u1ec7t h\u1ea1i l\u1edbn cho<\/p>\n\n\n\n<ul class=\"wp-block-list\">\n<li>C\u00e2y c\u1ed1i<\/li>\n\n\n\n<li>t\u00f2a nh\u00e0 v\u00e0<\/li>\n\n\n\n<li>\u0111\u01b0\u1eddng d\u00e2y \u0111i\u1ec7n.<\/li>\n<\/ul>\n\n\n\n<p>Ngay c\u1ea3 khi l\u0169 l\u1ee5t ho\u1eb7c b\u00e3o kh\u00f4ng l\u00e0m h\u1ecfng t\u00e0i s\u1ea3n c\u1ee7a b\u1ea1n, b\u1ea1n v\u1eabn c\u00f3 th\u1ec3 b\u1ecb m\u1ea5t<\/p>\n\n\n\n<ul class=\"wp-block-list\">\n<li>ngu\u1ed3n \u0111i\u1ec7n, k\u1ebft n\u1ed1i \u0111i\u1ec7n tho\u1ea1i v\u00e0 internet, ho\u1eb7c<\/li>\n\n\n\n<li>l\u1ed1i ra \u0111\u01b0\u1eddng.<\/li>\n<\/ul>\n\n\n\n<p>Xem <a href=\"http:\/\/www.bom.gov.au\/knowyourweather\/\">th\u00f4ng tin b\u1ed5 sung v\u1ec1 th\u1eddi ti\u1ebft kh\u1eafc nghi\u1ec7t t\u1eeb C\u01a1 quan Kh\u00ed t\u01b0\u1ee3ng<\/a>.<\/p>\n\n\n\n<h1 class=\"wp-block-heading\">L\u0169 l\u1ee5t<\/h1>\n\n\n\n<p><strong>L\u0169 l\u1ee5t<\/strong> l\u00e0 khi n\u01b0\u1edbc bao ph\u1ee7 m\u1ed9t khu v\u1ef1c kh\u00f4 h\u1ea1n th\u00f4ng th\u01b0\u1eddng. L\u0169 l\u1ee5t l\u00e0 m\u1ed9t trong nh\u1eefng hi\u1ec3m h\u1ecda thi\u00ean nhi\u00ean nguy hi\u1ec3m nh\u1ea5t \u1edf Tasmania. K\u1ec3 t\u1eeb khi ng\u01b0\u1eddi ch\u00e2u \u00c2u \u0111\u1ecbnh c\u01b0, \u0111\u00e3 c\u00f3 \u00edt nh\u1ea5t 78 ng\u01b0\u1eddi ch\u1ebft li\u00ean quan \u0111\u1ebfn l\u0169 l\u1ee5t \u1edf Tasmania. \u01af\u1edbc t\u00ednh chi ph\u00ed c\u1ee7a m\u1ed9t s\u1ed1 tr\u1eadn l\u0169 g\u1ea7n \u0111\u00e2y l\u00e0:<\/p>\n\n\n\n<ul class=\"wp-block-list\">\n<li>L\u0169 l\u1ee5t n\u0103m 2011 \u2013 $24 tri\u1ec7u<\/li>\n\n\n\n<li>L\u0169 l\u1ee5t n\u0103m 2016 \u2013 $180 tri\u1ec7u<\/li>\n\n\n\n<li>S\u1ef1 ki\u1ec7n th\u1eddi ti\u1ebft kh\u1eafc nghi\u1ec7t mi\u1ec1n Nam Tasmania th\u00e1ng 5 n\u0103m 2018 \u2013 $135 tri\u1ec7u<\/li>\n<\/ul>\n\n\n\n<h2 class=\"wp-block-heading\">C\u00e1c lo\u1ea1i l\u0169 l\u1ee5t kh\u00e1c nhau<\/h2>\n\n\n\n<ul class=\"wp-block-list\">\n<li><strong>L\u0169 s\u00f4ng<\/strong> l\u00e0 l\u0169 l\u1ee5t t\u1eeb s\u00f4ng. Khi c\u00f3 qu\u00e1 nhi\u1ec1u n\u01b0\u1edbc, s\u00f4ng v\u00e0 c\u00e1c \u0111\u01b0\u1eddng th\u1ee7y kh\u00e1c s\u1ebd tr\u00e0n b\u1edd.<\/li>\n\n\n\n<li><strong>L\u0169 qu\u00e9t<\/strong> g\u00e2y ra b\u1edfi m\u01b0a l\u1edbn tr\u00fat xu\u1ed1ng nhanh h\u01a1n d\u00f2ng ch\u1ea3y tho\u00e1t \u0111i. L\u0169 qu\u00e9t x\u1ea3y ra trong v\u00f2ng 6 gi\u1edd sau tr\u1eadn m\u01b0a l\u1edbn. R\u1ea5t kh\u00f3 \u0111\u1ec3 d\u1ef1 b\u00e1o l\u0169 qu\u00e9t.&nbsp;<\/li>\n\n\n\n<li><strong>L\u0169 l\u1ee5t tr\u00ean di\u1ec7n r\u1ed9ng<\/strong> n\u01b0\u1edbc m\u01b0a ch\u1ea3y tr\u00e0n tr\u00ean c\u1ea3nh quan tr\u01b0\u1edbc khi ch\u1ea3y ra s\u00f4ng, su\u1ed1i ho\u1eb7c l\u1ea1ch. N\u01b0\u1edbc c\u00f3 th\u1ec3 ch\u1ea3y qua \u0111\u01b0\u1eddng s\u00e1 v\u00e0 c\u00e1c khu \u0111\u1ea5t t\u01b0. \u0110\u00f4i khi n\u00f3 c\u00f2n \u0111\u01b0\u1ee3c g\u1ecdi l\u00e0 n\u01b0\u1edbc m\u01b0a ch\u1ea3y tr\u00e0n.<\/li>\n\n\n\n<li><strong>Ng\u1eadp l\u1ee5t ven bi\u1ec3n<\/strong> l\u00e0 khi th\u1ee7y tri\u1ec1u l\u00ean r\u1ea5t cao v\u00e0\/ho\u1eb7c c\u00e1c h\u1ec7 th\u1ed1ng th\u1eddi ti\u1ebft \u00e1p th\u1ea5p g\u00e2y ng\u1eadp m\u1eb7n g\u1ea7n b\u1edd bi\u1ec3n.<\/li>\n\n\n\n<li><strong>S\u1ef1 c\u1ed1 \u0111\u1eadp<\/strong> g\u00e2y l\u0169 qu\u00e9t h\u1ea1 l\u01b0u<\/li>\n<\/ul>\n\n\n\n<h2 class=\"wp-block-heading\">M\u00f4 t\u1ea3 c\u00e1c m\u1ee9c \u0111\u1ed9 \u1ea3nh h\u01b0\u1edfng c\u1ee7a l\u0169 l\u1ee5t<\/h2>\n\n\n\n<p>T\u00f9y thu\u1ed9c v\u00e0o m\u1ef1c n\u01b0\u1edbc l\u0169 \u01b0\u1edbc t\u00ednh v\u00e0 c\u00e1c h\u1eadu qu\u1ea3 d\u1ef1 ki\u1ebfn, C\u1ee5c Kh\u00ed t\u01b0\u1ee3ng s\u1ebd m\u00f4 t\u1ea3 l\u0169 l\u1ee5t tr\u00ean c\u00e1c h\u1ec7 th\u1ed1ng s\u00f4ng l\u1edbn c\u1ee7a Tasmania l\u00e0<\/p>\n\n\n\n<ul class=\"wp-block-list\">\n<li>Nh\u1ecf<\/li>\n\n\n\n<li>Trung b\u00ecnh ho\u1eb7c<\/li>\n\n\n\n<li>Thi\u1ebfu t\u00e1.<\/li>\n<\/ul>\n\n\n\n<p><a href=\"http:\/\/www.bom.gov.au\/australia\/flood\/knowledge-centre\/about-warning-service.shtml#:~:text=Flood%20classifications,level%20that%20causes%20certain%20impacts.\">Xem th\u00eam th\u00f4ng tin v\u1ec1 c\u00e1c c\u1ea3nh b\u00e1o l\u0169 l\u1ee5t c\u1ee7a C\u1ee5c<\/a>. <\/p>\n\n\n\n<p>SES \u0111\u01b0a ra c\u1ea3nh b\u00e1o l\u0169 l\u1ee5t d\u1ef1a tr\u00ean d\u1ef1 b\u00e1o l\u0169 c\u1ee7a C\u1ee5c Kh\u00ed t\u01b0\u1ee3ng - xem <a href=\"https:\/\/www.ses.tas.gov.au\/vi\/warnings\/\">Th\u00eam th\u00f4ng tin v\u1ec1 c\u1ea3nh b\u00e1o l\u0169 l\u1ee5t \u1edf Tasmania<\/a>. SES c\u0169ng \u0111\u01b0a ra c\u1ea3nh b\u00e1o m\u01b0a v\u00e0 l\u0169 cho c\u00e1c \u0111\u1ecba \u0111i\u1ec3m \u0111\u01b0\u1ee3c ch\u1ecdn \u0111\u1ec3 gi\u00fap n\u00f4ng d\u00e2n v\u00e0 nh\u1eefng ng\u01b0\u1eddi kh\u00e1c quy\u1ebft \u0111\u1ecbnh xem h\u1ecd c\u00f3 c\u1ea7n h\u00e0nh \u0111\u1ed9ng hay kh\u00f4ng. Xem th\u00eam v\u1ec1<a href=\"https:\/\/www.ses.tas.gov.au\/vi\/know-your-flood-risk\/rainfall-river-alerts\/\"><span style=\"text-decoration: underline;\"> C\u1ea3nh b\u00e1o m\u01b0a v\u00e0 l\u0169 c\u1ee7a SES<\/span><\/a>.<\/p>\n\n\n\n<h3 class=\"wp-block-heading\"><strong>L\u0169 nh\u1ecf<\/strong> <\/h3>\n\n\n\n<p>L\u0169 l\u1ee5t g\u00e2y b\u1ea5t ti\u1ec7n do n\u01b0\u1edbc tr\u00e0n qua<\/p>\n\n\n\n<ul class=\"wp-block-list\">\n<li>\u0110\u01b0\u1eddng nh\u1ecf<\/li>\n\n\n\n<li>\u0110\u1ea5t n\u00f4ng nghi\u1ec7p tr\u00ean v\u00f9ng \u0111\u1ed3ng b\u1eb1ng l\u0169 l\u1ee5t<\/li>\n\n\n\n<li>C\u00f4ng vi\u00ean ven s\u00f4ng<\/li>\n\n\n\n<li>M\u1ed9t s\u1ed1 s\u00e2n sau v\u00e0 t\u00f2a nh\u00e0 d\u01b0\u1edbi m\u1ef1c n\u01b0\u1edbc.<\/li>\n<\/ul>\n\n\n\n<h3 class=\"wp-block-heading\"><strong>Ng\u1eadp l\u1ee5t v\u1eeba ph\u1ea3i<\/strong> <\/h3>\n\n\n\n<p>N\u01b0\u1edbc c\u00f3 th\u1ec3 \u1ea3nh h\u01b0\u1edfng<\/p>\n\n\n\n<ul class=\"wp-block-list\">\n<li>m\u1ed9t s\u1ed1 tuy\u1ebfn \u0111\u01b0\u1eddng giao th\u00f4ng ch\u00ednh<\/li>\n\n\n\n<li>m\u1ed9t s\u1ed1 t\u00f2a nh\u00e0 cao t\u1ea7ng. M\u1ed9t s\u1ed1 ng\u01b0\u1eddi c\u00f3 th\u1ec3 c\u1ea7n s\u01a1 t\u00e1n<\/li>\n\n\n\n<li>c\u00e1c khu v\u1ef1c \u0111\u1ea5t n\u00f4ng nghi\u1ec7p r\u1ed9ng l\u1edbn h\u01a1n, c\u00f4ng vi\u00ean v\u00e0 c\u00e1c khu v\u1ef1c th\u1ea5p kh\u00e1c.<\/li>\n<\/ul>\n\n\n\n<h3 class=\"wp-block-heading\"><strong>L\u0169 l\u1ee5t nghi\u00eam tr\u1ecdng<\/strong> <\/h3>\n\n\n\n<p>L\u0169 l\u1ee5t tr\u00ean di\u1ec7n r\u1ed9ng c\u00f3 th\u1ec3<\/p>\n\n\n\n<ul class=\"wp-block-list\">\n<li>\u1ea2nh h\u01b0\u1edfng \u0111\u1ebfn nhi\u1ec1u t\u00f2a nh\u00e0 cao t\u1ea7ng n\u00ean m\u1ecdi ng\u01b0\u1eddi c\u1ea7n ph\u1ea3i s\u01a1 t\u00e1n<\/li>\n\n\n\n<li>C\u1eaft c\u00e1c tuy\u1ebfn giao th\u00f4ng ch\u00ednh<\/li>\n\n\n\n<li>C\u00f4 l\u1eadp c\u1ed9ng \u0111\u1ed3ng<\/li>\n\n\n\n<li>C\u1eaft c\u00e1c d\u1ecbch v\u1ee5 thi\u1ebft y\u1ebfu nh\u01b0 n\u01b0\u1edbc, \u0111i\u1ec7n v\u00e0 vi\u1ec5n th\u00f4ng.<\/li>\n<\/ul>\n\n\n\n<h2 class=\"wp-block-heading\">Kh\u1ea3 n\u0103ng l\u0169 l\u1ee5t v\u00e0 nh\u1eefng t\u00e1c \u0111\u1ed9ng d\u1ef1 ki\u1ebfn<\/h2>\n\n\n\n<p><strong>X\u00e1c su\u1ea5t v\u01b0\u1ee3t \u0111\u1ea1i h\u00e0ng n\u0103m (AEP)<\/strong> l\u00e0 x\u00e1c su\u1ea5t x\u1ea3y ra l\u0169 l\u1ee5t \u1edf m\u1ed9t m\u1ee9c \u0111\u1ed9 nh\u1ea5t \u0111\u1ecbnh trong m\u1ed9t n\u0103m. Tr\u1eadn l\u0169 c\u00f3 AEP 1%% c\u00f3 1%% (ho\u1eb7c 1 trong 100) kh\u1ea3 n\u0103ng x\u1ea3y ra ho\u1eb7c b\u1ecb v\u01b0\u1ee3t qu\u00e1 t\u1ea1i m\u1ed9t \u0111\u1ecba \u0111i\u1ec3m trong b\u1ea5t k\u1ef3 n\u0103m n\u00e0o. \u0110i\u1ec1u n\u00e0y d\u1ef1a tr\u00ean h\u1ed3 s\u01a1 l\u01b0\u1ee3ng m\u01b0a c\u1ee7a khu v\u1ef1c.<\/p>\n\n\n\n<h2 class=\"wp-block-heading\">L\u0169 l\u1ee5t s\u1ebd x\u1ea3y ra<\/h2>\n\n\n\n<p>L\u0169 l\u1ee5t l\u00e0 m\u1ed9t ph\u1ea7n t\u1ef1 nhi\u00ean c\u1ee7a m\u00f4i tr\u01b0\u1eddng. Tr\u00ean th\u1ef1c t\u1ebf, m\u1ed9t s\u1ed1 h\u1ec7 sinh th\u00e1i ph\u1ee5 thu\u1ed9c v\u00e0o ch\u00fang. V\u00ed d\u1ee5, c\u00e1c v\u00f9ng \u0111\u1ed3ng b\u1eb1ng ng\u1eadp l\u0169 th\u01b0\u1eddng c\u00f3 \u0111\u1ea5t \u0111ai m\u00e0u m\u1ee1 \u0111\u01b0\u1ee3c b\u1ed3i \u0111\u1eafp qua nhi\u1ec1u n\u0103m do l\u0169 l\u1ee5t l\u1eb7p \u0111i l\u1eb7p l\u1ea1i. M\u1ed9t s\u1ed1 v\u00f9ng \u0111\u1ea5t n\u00f4ng nghi\u1ec7p t\u1ed1t nh\u1ea5t c\u1ee7a Tasmania n\u1eb1m tr\u00ean c\u00e1c v\u00f9ng \u0111\u1ed3ng b\u1eb1ng ng\u1eadp l\u0169.<\/p>\n\n\n\n<p>L\u0169 l\u1ee5t tr\u1edf th\u00e0nh v\u1ea5n \u0111\u1ec1 khi ch\u00fang ta x\u00e2y d\u1ef1ng nh\u00e0 c\u1eeda v\u00e0 c\u00e1c t\u00e0i s\u1ea3n kh\u00e1c \u1edf nh\u1eefng n\u01a1i d\u1ec5 b\u1ecb ng\u1eadp l\u1ee5t. \u0110i\u1ec1u quan tr\u1ecdng l\u00e0 ph\u1ea3i suy ngh\u0129 v\u1ec1 kh\u1ea3 n\u0103ng l\u0169 l\u1ee5t khi mua ho\u1eb7c b\u1ea3o tr\u00ec b\u1ea5t \u0111\u1ed9ng s\u1ea3n. L\u1eadp b\u1ea3n \u0111\u1ed3 l\u0169 l\u1ee5t c\u00f3 th\u1ec3 h\u1ed7 tr\u1ee3 quy ho\u1ea1ch s\u1eed d\u1ee5ng \u0111\u1ea5t, \u0111\u1ec3 nh\u00e0 c\u1eeda v\u00e0 c\u00e1c t\u00e0i s\u1ea3n kh\u00e1c kh\u00f4ng \u0111\u01b0\u1ee3c x\u00e2y d\u1ef1ng \u1edf nh\u1eefng n\u01a1i d\u1ec5 b\u1ecb l\u0169 l\u1ee5t. N\u1ebfu ch\u00fang ta x\u00e2y d\u1ef1ng t\u00e0i s\u1ea3n \u1edf nh\u1eefng khu v\u1ef1c d\u1ec5 b\u1ecb l\u0169 l\u1ee5t, ch\u00fang ta c\u1ea7n xem x\u00e9t r\u1ee7i ro l\u0169 l\u1ee5t.<\/p>\n\n\n\n<h2 class=\"wp-block-heading\">Gi\u1ea3m thi\u1ec3u r\u1ee7i ro l\u0169 l\u1ee5t<\/h2>\n\n\n\n<p>C\u00f3 nh\u1eefng c\u00e1ch \u0111\u1ec3 gi\u1ea3m thi\u1ec3u r\u1ee7i ro l\u0169 l\u1ee5t, v\u00ed d\u1ee5 nh\u01b0 b\u1eb1ng<\/p>\n\n\n\n<ul class=\"wp-block-list\">\n<li>quy ho\u1ea1ch s\u1eed d\u1ee5ng \u0111\u1ea5t, tr\u00e1nh x\u00e2y d\u1ef1ng \u1edf khu v\u1ef1c d\u1ec5 b\u1ecb ng\u1eadp l\u1ee5t<\/li>\n\n\n\n<li>h\u1ec7 th\u1ed1ng \u0111i\u1ec1u khi\u1ec3n t\u00f2a nh\u00e0, \u0111\u1ec3 l\u00e0m cho c\u00e1c t\u00f2a nh\u00e0 \u1edf khu v\u1ef1c c\u00f3 nguy c\u01a1 l\u0169 l\u1ee5t c\u00f3 kh\u1ea3 n\u0103ng ch\u1ed1ng l\u0169<\/li>\n\n\n\n<li>c\u00e1c bi\u1ec7n ph\u00e1p v\u1eadt l\u00fd \u0111\u1ec3 l\u00e0m l\u1ec7ch ho\u1eb7c gi\u1ea3m l\u0169, ch\u1eb3ng h\u1ea1n nh\u01b0 \u0111\u00ea v\u00e0 h\u1ed3 \u0111i\u1ec1u h\u00f2a<\/li>\n\n\n\n<li>Chu\u1ea9n b\u1ecb \u2013 s\u1eb5n s\u00e0ng \u1ee9ng ph\u00f3 v\u1edbi l\u0169 l\u1ee5t gi\u00fap gi\u1ea3m thi\u1ec3u t\u00e1c \u0111\u1ed9ng v\u00e0 ph\u1ee5c h\u1ed3i sau thi\u00ean tai.<\/li>\n<\/ul>\n\n\n\n<p>Nh\u1eefng n\u01a1i nh\u01b0 Launceston v\u00e0 Longford c\u00f3 \u0111\u00ea. Tuy nhi\u00ean, nh\u1eefng bi\u1ec7n ph\u00e1p lo\u1ea1i n\u00e0y<\/p>\n\n\n\n<ul class=\"wp-block-list\">\n<li>t\u1ed1n k\u00e9m v\u00e0 c\u1ea7n \u0111\u01b0\u1ee3c l\u1eadp k\u1ebf ho\u1ea1ch v\u00e0 x\u00e2y d\u1ef1ng c\u1ea9n th\u1eadn, ho\u1eb7c<\/li>\n\n\n\n<li>ch\u00fang c\u00f3 th\u1ec3 g\u00e2y ra v\u1ea5n \u0111\u1ec1 \u1edf c\u00e1c khu v\u1ef1c xung quanh.&nbsp;<\/li>\n<\/ul>\n\n\n\n<p>\u0110\u00ea c\u00f3 th\u1ec3 b\u1ea3o v\u1ec7 c\u00e1c t\u00e0i s\u1ea3n hi\u1ec7n c\u00f3 \u1edf nh\u1eefng khu v\u1ef1c d\u1ec5 b\u1ecb l\u0169 l\u1ee5t. Ch\u00fang kh\u00f4ng n\u00ean \u0111\u01b0\u1ee3c s\u1eed d\u1ee5ng cho c\u00e1c khu ph\u00e1t tri\u1ec3n m\u1edbi. Trong c\u00e1c tr\u1eadn l\u0169 nghi\u00eam tr\u1ecdng, ng\u01b0\u1eddi d\u00e2n s\u1ed1ng sau \u0111\u00ea th\u01b0\u1eddng ph\u1ea3i s\u01a1 t\u00e1n \u0111\u1ec3 \u0111\u1ec1 ph\u00f2ng.<\/p>\n\n\n\n<p>M\u1ecdi ng\u01b0\u1eddi n\u00ean chu\u1ea9n b\u1ecb cho l\u0169 l\u1ee5t, ngay c\u1ea3 khi h\u1ecd s\u1ed1ng \u1edf nh\u1eefng n\u01a1i kh\u00f4ng d\u1ec5 x\u1ea3y ra l\u0169 l\u1ee5t. L\u0169 l\u1ee5t v\u00e0 c\u00e1c c\u01a1n b\u00e3o li\u00ean quan th\u01b0\u1eddng<\/p>\n\n\n\n<ul class=\"wp-block-list\">\n<li>g\u00e2y m\u1ea5t \u0111i\u1ec7n<\/li>\n\n\n\n<li>\u0111o\u1ea1n \u0111\u01b0\u1eddng\/ l\u1ed1i ti\u1ebfp c\u1eadn<\/li>\n\n\n\n<li>g\u00e2y thi\u1ebfu n\u01b0\u1edbc u\u1ed1ng.<\/li>\n<\/ul>\n\n\n\n<p>Do h\u1ec7 th\u1ed1ng s\u00f4ng ng\u1eafn c\u1ee7a ti\u1ec3u bang, c\u00e1c khu v\u1ef1c th\u01b0\u1eddng c\u00f3 b\u00e3o k\u00e8m theo l\u0169 l\u1ee5t. B\u00e3o, l\u0169 v\u00e0 m\u01b0a l\u1edbn c\u0169ng c\u00f3 th\u1ec3 g\u00e2y ra c\u00e1c m\u1ed1i nguy hi\u1ec3m kh\u00e1c nh\u01b0<\/p>\n\n\n\n<ul class=\"wp-block-list\">\n<li>L\u1ed1c xo\u00e1y v\u00e0 d\u00f2ng ch\u1ea3y m\u1ea3nh v\u1ee5n<\/li>\n\n\n\n<li>C\u00e1c v\u1ea5n \u0111\u1ec1 an to\u00e0n \u0111\u1eadp<\/li>\n\n\n\n<li>C\u00fap \u0111i\u1ec7n k\u00e9o d\u00e0i<\/li>\n\n\n\n<li>Ng\u1eadp l\u1ee5t ven bi\u1ec3n \/ N\u01b0\u1edbc d\u00e2ng do b\u00e3o ven bi\u1ec3n.<\/li>\n<\/ul>\n\n\n\n<h2 class=\"wp-block-heading\">Th\u00f4ng tin th\u00eam<\/h2>\n\n\n\n<p>\u0110\u1ec3 bi\u1ebft th\u00eam th\u00f4ng tin v\u00e0 \u0111\u1ecbnh ngh\u0129a v\u1ec1 l\u0169 l\u1ee5t, h\u00e3y xem<\/p>\n\n\n\n<ul class=\"wp-block-list\">\n<li><a href=\"https:\/\/www.ses.tas.gov.au\/vi\/plan-prepare\/be-ready-for-storms-and-floods\/\">H\u00e3y chu\u1ea9n b\u1ecb s\u1eb5n s\u00e0ng cho b\u00e3o v\u00e0 l\u0169 l\u1ee5t<\/a><\/li>\n\n\n\n<li><a href=\"https:\/\/www.ses.tas.gov.au\/vi\/flood-plan\/\">Xem h\u01b0\u1edbng d\u1eabn l\u0169 l\u1ee5t \u0111\u1ecba ph\u01b0\u01a1ng cho khu v\u1ef1c c\u1ee7a b\u1ea1n<\/a><\/li>\n\n\n\n<li><a href=\"https:\/\/www.ses.tas.gov.au\/vi\/floodmaps\/\">B\u1ea3n \u0111\u1ed3 L\u0169 l\u1ee5t Chi\u1ebfn l\u01b0\u1ee3c c\u1ee7a Tasmania<\/a><\/li>\n\n\n\n<li>c\u00e1i <a href=\"https:\/\/knowledge.aidr.org.au\/glossary\/?wordOfTheDayId=&amp;keywords=&amp;alpha=&amp;page=1&amp;results=50&amp;order=AZ\">Danh m\u1ee5c thu\u1eadt ng\u1eef c\u1ee7a Trung t\u00e2m Ki\u1ebfn th\u1ee9c \u1ee8ng ph\u00f3 Th\u1ea3m h\u1ecda \u00dac<\/a>.<\/li>\n\n\n\n<li>c\u00e1i <a href=\"http:\/\/www.bom.gov.au\/australia\/flood\/knowledge-centre\/\">Trung t\u00e2m Th\u00f4ng tin L\u0169 l\u1ee5t c\u1ee7a C\u1ee5c Kh\u00ed t\u01b0\u1ee3ng<\/a><\/li>\n<\/ul>","protected":false},"excerpt":{"rendered":"<p>Tasmania lies in the path of the Roaring Forties wind that encircles the globe. Storms and severe weather affect all parts of Tasmania at any time of the year. They&hellip;<\/p>","protected":false},"author":11,"featured_media":0,"parent":9542,"menu_order":28,"comment_status":"closed","ping_status":"closed","template":"","meta":{"_acf_changed":false,"_monsterinsights_skip_tracking":false,"_monsterinsights_sitenote_active":false,"_monsterinsights_sitenote_note":"","_monsterinsights_sitenote_category":0,"footnotes":""},"class_list":["post-9389","page","type-page","status-publish","hentry"],"acf":[],"yoast_head":"<!-- This site is optimized with the Yoast SEO plugin v24.9 - https:\/\/yoast.com\/wordpress\/plugins\/seo\/ -->\n<title>About storms and floods in Tasmania - Tasmania State Emergency Service<\/title>\n<meta name=\"robots\" content=\"index, follow, max-snippet:-1, max-image-preview:large, max-video-preview:-1\" \/>\n<link rel=\"canonical\" href=\"https:\/\/www.ses.tas.gov.au\/vi\/know-your-flood-risk\/about-storms-floods\/\" \/>\n<meta property=\"og:locale\" content=\"vi_VN\" \/>\n<meta property=\"og:type\" content=\"article\" \/>\n<meta property=\"og:title\" content=\"About storms and floods in Tasmania - Tasmania State Emergency Service\" \/>\n<meta property=\"og:description\" content=\"Tasmania lies in the path of the Roaring Forties wind that encircles the globe. Storms and severe weather affect all parts of Tasmania at any time of the year. They&hellip;\" \/>\n<meta property=\"og:url\" content=\"https:\/\/www.ses.tas.gov.au\/vi\/know-your-flood-risk\/about-storms-floods\/\" \/>\n<meta property=\"og:site_name\" content=\"Tasmania State Emergency Service\" \/>\n<meta property=\"article:modified_time\" content=\"2025-09-22T05:45:32+00:00\" \/>\n<meta name=\"twitter:card\" content=\"summary_large_image\" \/>\n<meta name=\"twitter:label1\" content=\"Est. reading time\" \/>\n\t<meta name=\"twitter:data1\" content=\"4 minutes\" \/>\n<script type=\"application\/ld+json\" class=\"yoast-schema-graph\">{\"@context\":\"https:\/\/schema.org\",\"@graph\":[{\"@type\":\"WebPage\",\"@id\":\"https:\/\/www.ses.tas.gov.au\/know-your-flood-risk\/about-storms-floods\/\",\"url\":\"https:\/\/www.ses.tas.gov.au\/know-your-flood-risk\/about-storms-floods\/\",\"name\":\"About storms and floods in Tasmania - Tasmania State Emergency Service\",\"isPartOf\":{\"@id\":\"http:\/\/localhost\/#website\"},\"datePublished\":\"2025-04-10T05:21:51+00:00\",\"dateModified\":\"2025-09-22T05:45:32+00:00\",\"breadcrumb\":{\"@id\":\"https:\/\/www.ses.tas.gov.au\/know-your-flood-risk\/about-storms-floods\/#breadcrumb\"},\"inLanguage\":\"vi\",\"potentialAction\":[{\"@type\":\"ReadAction\",\"target\":[\"https:\/\/www.ses.tas.gov.au\/know-your-flood-risk\/about-storms-floods\/\"]}]},{\"@type\":\"BreadcrumbList\",\"@id\":\"https:\/\/www.ses.tas.gov.au\/know-your-flood-risk\/about-storms-floods\/#breadcrumb\",\"itemListElement\":[{\"@type\":\"ListItem\",\"position\":1,\"name\":\"Home\",\"item\":\"https:\/\/www.ses.tas.gov.au\/\"},{\"@type\":\"ListItem\",\"position\":2,\"name\":\"Know your flood risk\",\"item\":\"https:\/\/www.ses.tas.gov.au\/know-your-flood-risk\/\"},{\"@type\":\"ListItem\",\"position\":3,\"name\":\"About storms and floods in Tasmania\"}]},{\"@type\":\"WebSite\",\"@id\":\"http:\/\/localhost\/#website\",\"url\":\"http:\/\/localhost\/\",\"name\":\"Tasmania State Emergency Service\",\"description\":\"\",\"potentialAction\":[{\"@type\":\"SearchAction\",\"target\":{\"@type\":\"EntryPoint\",\"urlTemplate\":\"http:\/\/localhost\/?s={search_term_string}\"},\"query-input\":{\"@type\":\"PropertyValueSpecification\",\"valueRequired\":true,\"valueName\":\"search_term_string\"}}],\"inLanguage\":\"vi\"}]}<\/script>\n<!-- \/ Yoast SEO plugin. -->","yoast_head_json":{"title":"About storms and floods in Tasmania - Tasmania State Emergency Service","robots":{"index":"index","follow":"follow","max-snippet":"max-snippet:-1","max-image-preview":"max-image-preview:large","max-video-preview":"max-video-preview:-1"},"canonical":"https:\/\/www.ses.tas.gov.au\/vi\/know-your-flood-risk\/about-storms-floods\/","og_locale":"vi_VN","og_type":"article","og_title":"About storms and floods in Tasmania - Tasmania State Emergency Service","og_description":"Tasmania lies in the path of the Roaring Forties wind that encircles the globe. Storms and severe weather affect all parts of Tasmania at any time of the year. They&hellip;","og_url":"https:\/\/www.ses.tas.gov.au\/vi\/know-your-flood-risk\/about-storms-floods\/","og_site_name":"Tasmania State Emergency Service","article_modified_time":"2025-09-22T05:45:32+00:00","twitter_card":"summary_large_image","twitter_misc":{"Est. reading time":"4 minutes"},"schema":{"@context":"https:\/\/schema.org","@graph":[{"@type":"WebPage","@id":"https:\/\/www.ses.tas.gov.au\/know-your-flood-risk\/about-storms-floods\/","url":"https:\/\/www.ses.tas.gov.au\/know-your-flood-risk\/about-storms-floods\/","name":"About storms and floods in Tasmania - Tasmania State Emergency Service","isPartOf":{"@id":"http:\/\/localhost\/#website"},"datePublished":"2025-04-10T05:21:51+00:00","dateModified":"2025-09-22T05:45:32+00:00","breadcrumb":{"@id":"https:\/\/www.ses.tas.gov.au\/know-your-flood-risk\/about-storms-floods\/#breadcrumb"},"inLanguage":"vi","potentialAction":[{"@type":"ReadAction","target":["https:\/\/www.ses.tas.gov.au\/know-your-flood-risk\/about-storms-floods\/"]}]},{"@type":"BreadcrumbList","@id":"https:\/\/www.ses.tas.gov.au\/know-your-flood-risk\/about-storms-floods\/#breadcrumb","itemListElement":[{"@type":"ListItem","position":1,"name":"Home","item":"https:\/\/www.ses.tas.gov.au\/"},{"@type":"ListItem","position":2,"name":"Know your flood risk","item":"https:\/\/www.ses.tas.gov.au\/know-your-flood-risk\/"},{"@type":"ListItem","position":3,"name":"About storms and floods in Tasmania"}]},{"@type":"WebSite","@id":"http:\/\/localhost\/#website","url":"http:\/\/localhost\/","name":"Tasmania State Emergency Service","description":"","potentialAction":[{"@type":"SearchAction","target":{"@type":"EntryPoint","urlTemplate":"http:\/\/localhost\/?s={search_term_string}"},"query-input":{"@type":"PropertyValueSpecification","valueRequired":true,"valueName":"search_term_string"}}],"inLanguage":"vi"}]}},"_links":{"self":[{"href":"https:\/\/www.ses.tas.gov.au\/vi\/wp-json\/wp\/v2\/pages\/9389","targetHints":{"allow":["GET"]}}],"collection":[{"href":"https:\/\/www.ses.tas.gov.au\/vi\/wp-json\/wp\/v2\/pages"}],"about":[{"href":"https:\/\/www.ses.tas.gov.au\/vi\/wp-json\/wp\/v2\/types\/page"}],"author":[{"embeddable":true,"href":"https:\/\/www.ses.tas.gov.au\/vi\/wp-json\/wp\/v2\/users\/11"}],"replies":[{"embeddable":true,"href":"https:\/\/www.ses.tas.gov.au\/vi\/wp-json\/wp\/v2\/comments?post=9389"}],"version-history":[{"count":9,"href":"https:\/\/www.ses.tas.gov.au\/vi\/wp-json\/wp\/v2\/pages\/9389\/revisions"}],"predecessor-version":[{"id":10325,"href":"https:\/\/www.ses.tas.gov.au\/vi\/wp-json\/wp\/v2\/pages\/9389\/revisions\/10325"}],"up":[{"embeddable":true,"href":"https:\/\/www.ses.tas.gov.au\/vi\/wp-json\/wp\/v2\/pages\/9542"}],"wp:attachment":[{"href":"https:\/\/www.ses.tas.gov.au\/vi\/wp-json\/wp\/v2\/media?parent=9389"}],"curies":[{"name":"wp","href":"https:\/\/api.w.org\/{rel}","templated":true}]}}