{"id":928,"date":"2020-02-19T08:19:52","date_gmt":"2020-02-18T21:19:52","guid":{"rendered":"https:\/\/www.ses.tas.gov.au\/?page_id=928"},"modified":"2024-10-22T09:26:50","modified_gmt":"2024-10-21T22:26:50","slug":"resilient-australia-awards","status":"publish","type":"page","link":"https:\/\/www.ses.tas.gov.au\/vi\/emergency-management-2\/resilient-australia-awards\/","title":{"rendered":"Gi\u1ea3i th\u01b0\u1edfng Australia Ki\u00ean c\u01b0\u1eddng"},"content":{"rendered":"<h2 class=\"wp-block-heading\">Gi\u1ea3i th\u01b0\u1edfng Australia Ki\u00ean c\u01b0\u1eddng<\/h2>\n\n\n\n<p>Gi\u1ea3i th\u01b0\u1edfng Australia Ki\u00ean c\u01b0\u1eddng (RAAs) l\u00e0 m\u1ed9t ch\u01b0\u01a1ng tr\u00ecnh qu\u1ed1c gia nh\u1eb1m c\u00f4ng nh\u1eadn v\u00e0 th\u00fac \u0111\u1ea9y c\u00e1c s\u00e1ng ki\u1ebfn c\u1ee7ng c\u1ed1 kh\u1ea3 n\u0103ng ph\u1ee5c h\u1ed3i c\u1ed9ng \u0111\u1ed3ng tr\u01b0\u1edbc thi\u00ean tai tr\u00ean to\u00e0n qu\u1ed1c.<\/p>\n\n\n\n<p>The awards recognise collaboration and innovative thinking across a broad range of sectors and initiatives that strengthen disaster resilience with communities, institutions, and the private sector.<\/p>\n\n\n\n<p>Since being established in 2000, the awards recognise outstanding contributions in each state and territory in seven categories: community, business, local government, government, school, mental health and photography. The program recognises a wide range of initiatives; with past projects centred on risk assessment and mitigation; education, training and research; and community engagement, as well as response and recovery. &nbsp;Finalist projects benefit from national exposure via a range of marketing and communications channels and their presence at the National Awards Ceremony.<\/p>\n\n\n\n<p>RAA d\u00e0nh cho t\u1ea5t c\u1ea3 m\u1ecdi ng\u01b0\u1eddi: c\u00e1 nh\u00e2n, t\u1ed5 ch\u1ee9c phi l\u1ee3i nhu\u1eadn, doanh nghi\u1ec7p nh\u1ecf v\u00e0 l\u1edbn, ch\u00ednh quy\u1ec1n \u0111\u1ecba ph\u01b0\u01a1ng v\u00e0 ti\u1ec3u bang, tr\u01b0\u1eddng h\u1ecdc, c\u01a1 s\u1edf gi\u00e1o d\u1ee5c, c\u01a1 quan nghi\u00ean c\u1ee9u v\u00e0 c\u01a1 quan d\u1ecbch v\u1ee5 kh\u1ea9n c\u1ea5p.<\/p>\n\n\n\n<p>The Resilient Australia Awards is proudly sponsored by the Australian Government in partnership with the states and territories and managed by the Australian Institute for Disaster Resilience (AIDR).<\/p>\n\n\n\n<p>\u0110\u1ec3 bi\u1ebft th\u00eam th\u00f4ng tin, vui l\u00f2ng truy c\u1eadp\u00a0<a href=\"https:\/\/www.aidr.org.au\/programs\/resilient-australia-awards\/\">Vi\u1ec7n Nghi\u00ean c\u1ee9u Kh\u1ea3 n\u0103ng Ph\u1ee5c h\u1ed3i Sau Th\u1ea3m h\u1ecda \u00dac Gi\u1ea3i th\u01b0\u1edfng Australia Kh\u1ea3 n\u0103ng Ph\u1ee5c h\u1ed3i<\/a>, or contact the SES Grant Coordinator at <strong><a href=\"mailto:grant.coordinator@ses.tas.gov.au\">grant.coordinator@ses.tas.gov.au<\/a><\/strong>.<\/p>","protected":false},"excerpt":{"rendered":"<p>Resilient Australia Awards The Resilient Australia Awards (RAAs) is a national program to recognise and promote initiatives which strengthen community disaster resilience across the nation. The awards recognise collaboration and&hellip;<\/p>","protected":false},"author":17,"featured_media":0,"parent":1017,"menu_order":108,"comment_status":"closed","ping_status":"closed","template":"","meta":{"_acf_changed":false,"_monsterinsights_skip_tracking":false,"_monsterinsights_sitenote_active":false,"_monsterinsights_sitenote_note":"","_monsterinsights_sitenote_category":0,"footnotes":""},"class_list":["post-928","page","type-page","status-publish","hentry"],"acf":[],"yoast_head":"<!-- This site is optimized with the Yoast SEO plugin v24.9 - https:\/\/yoast.com\/wordpress\/plugins\/seo\/ -->\n<title>Resilient Australia Awards - Tasmania State Emergency Service<\/title>\n<meta name=\"robots\" content=\"index, follow, max-snippet:-1, max-image-preview:large, max-video-preview:-1\" \/>\n<link rel=\"canonical\" href=\"https:\/\/www.ses.tas.gov.au\/vi\/emergency-management-2\/grant-funding\/resilient-australia-awards\/\" \/>\n<meta property=\"og:locale\" content=\"vi_VN\" \/>\n<meta property=\"og:type\" content=\"article\" \/>\n<meta property=\"og:title\" content=\"Resilient Australia Awards - Tasmania State Emergency Service\" \/>\n<meta property=\"og:description\" content=\"Resilient Australia Awards The Resilient Australia Awards (RAAs) is a national program to recognise and promote initiatives which strengthen community disaster resilience across the nation. The awards recognise collaboration and&hellip;\" \/>\n<meta property=\"og:url\" content=\"https:\/\/www.ses.tas.gov.au\/vi\/emergency-management-2\/grant-funding\/resilient-australia-awards\/\" \/>\n<meta property=\"og:site_name\" content=\"Tasmania State Emergency Service\" \/>\n<meta property=\"article:modified_time\" content=\"2024-10-21T22:26:50+00:00\" \/>\n<meta name=\"twitter:card\" content=\"summary_large_image\" \/>\n<meta name=\"twitter:label1\" content=\"Est. reading time\" \/>\n\t<meta name=\"twitter:data1\" content=\"1 minute\" \/>\n<script type=\"application\/ld+json\" class=\"yoast-schema-graph\">{\"@context\":\"https:\/\/schema.org\",\"@graph\":[{\"@type\":\"WebPage\",\"@id\":\"https:\/\/www.ses.tas.gov.au\/emergency-management-2\/grant-funding\/resilient-australia-awards\/\",\"url\":\"https:\/\/www.ses.tas.gov.au\/emergency-management-2\/grant-funding\/resilient-australia-awards\/\",\"name\":\"Resilient Australia Awards - Tasmania State Emergency Service\",\"isPartOf\":{\"@id\":\"http:\/\/localhost\/#website\"},\"datePublished\":\"2020-02-18T21:19:52+00:00\",\"dateModified\":\"2024-10-21T22:26:50+00:00\",\"breadcrumb\":{\"@id\":\"https:\/\/www.ses.tas.gov.au\/emergency-management-2\/grant-funding\/resilient-australia-awards\/#breadcrumb\"},\"inLanguage\":\"vi\",\"potentialAction\":[{\"@type\":\"ReadAction\",\"target\":[\"https:\/\/www.ses.tas.gov.au\/emergency-management-2\/grant-funding\/resilient-australia-awards\/\"]}]},{\"@type\":\"BreadcrumbList\",\"@id\":\"https:\/\/www.ses.tas.gov.au\/emergency-management-2\/grant-funding\/resilient-australia-awards\/#breadcrumb\",\"itemListElement\":[{\"@type\":\"ListItem\",\"position\":1,\"name\":\"Home\",\"item\":\"https:\/\/www.ses.tas.gov.au\/\"},{\"@type\":\"ListItem\",\"position\":2,\"name\":\"Emergency Management\",\"item\":\"https:\/\/www.ses.tas.gov.au\/emergency-management-2\/\"},{\"@type\":\"ListItem\",\"position\":3,\"name\":\"Grant Funding\",\"item\":\"https:\/\/www.ses.tas.gov.au\/emergency-management-2\/grant-funding\/\"},{\"@type\":\"ListItem\",\"position\":4,\"name\":\"Resilient Australia Awards\"}]},{\"@type\":\"WebSite\",\"@id\":\"http:\/\/localhost\/#website\",\"url\":\"http:\/\/localhost\/\",\"name\":\"Tasmania State Emergency Service\",\"description\":\"\",\"potentialAction\":[{\"@type\":\"SearchAction\",\"target\":{\"@type\":\"EntryPoint\",\"urlTemplate\":\"http:\/\/localhost\/?s={search_term_string}\"},\"query-input\":{\"@type\":\"PropertyValueSpecification\",\"valueRequired\":true,\"valueName\":\"search_term_string\"}}],\"inLanguage\":\"vi\"}]}<\/script>\n<!-- \/ Yoast SEO plugin. -->","yoast_head_json":{"title":"Resilient Australia Awards - Tasmania State Emergency Service","robots":{"index":"index","follow":"follow","max-snippet":"max-snippet:-1","max-image-preview":"max-image-preview:large","max-video-preview":"max-video-preview:-1"},"canonical":"https:\/\/www.ses.tas.gov.au\/vi\/emergency-management-2\/grant-funding\/resilient-australia-awards\/","og_locale":"vi_VN","og_type":"article","og_title":"Resilient Australia Awards - Tasmania State Emergency Service","og_description":"Resilient Australia Awards The Resilient Australia Awards (RAAs) is a national program to recognise and promote initiatives which strengthen community disaster resilience across the nation. The awards recognise collaboration and&hellip;","og_url":"https:\/\/www.ses.tas.gov.au\/vi\/emergency-management-2\/grant-funding\/resilient-australia-awards\/","og_site_name":"Tasmania State Emergency Service","article_modified_time":"2024-10-21T22:26:50+00:00","twitter_card":"summary_large_image","twitter_misc":{"Est. reading time":"1 minute"},"schema":{"@context":"https:\/\/schema.org","@graph":[{"@type":"WebPage","@id":"https:\/\/www.ses.tas.gov.au\/emergency-management-2\/grant-funding\/resilient-australia-awards\/","url":"https:\/\/www.ses.tas.gov.au\/emergency-management-2\/grant-funding\/resilient-australia-awards\/","name":"Resilient Australia Awards - Tasmania State Emergency Service","isPartOf":{"@id":"http:\/\/localhost\/#website"},"datePublished":"2020-02-18T21:19:52+00:00","dateModified":"2024-10-21T22:26:50+00:00","breadcrumb":{"@id":"https:\/\/www.ses.tas.gov.au\/emergency-management-2\/grant-funding\/resilient-australia-awards\/#breadcrumb"},"inLanguage":"vi","potentialAction":[{"@type":"ReadAction","target":["https:\/\/www.ses.tas.gov.au\/emergency-management-2\/grant-funding\/resilient-australia-awards\/"]}]},{"@type":"BreadcrumbList","@id":"https:\/\/www.ses.tas.gov.au\/emergency-management-2\/grant-funding\/resilient-australia-awards\/#breadcrumb","itemListElement":[{"@type":"ListItem","position":1,"name":"Home","item":"https:\/\/www.ses.tas.gov.au\/"},{"@type":"ListItem","position":2,"name":"Emergency Management","item":"https:\/\/www.ses.tas.gov.au\/emergency-management-2\/"},{"@type":"ListItem","position":3,"name":"Grant Funding","item":"https:\/\/www.ses.tas.gov.au\/emergency-management-2\/grant-funding\/"},{"@type":"ListItem","position":4,"name":"Resilient Australia Awards"}]},{"@type":"WebSite","@id":"http:\/\/localhost\/#website","url":"http:\/\/localhost\/","name":"Tasmania State Emergency Service","description":"","potentialAction":[{"@type":"SearchAction","target":{"@type":"EntryPoint","urlTemplate":"http:\/\/localhost\/?s={search_term_string}"},"query-input":{"@type":"PropertyValueSpecification","valueRequired":true,"valueName":"search_term_string"}}],"inLanguage":"vi"}]}},"_links":{"self":[{"href":"https:\/\/www.ses.tas.gov.au\/vi\/wp-json\/wp\/v2\/pages\/928","targetHints":{"allow":["GET"]}}],"collection":[{"href":"https:\/\/www.ses.tas.gov.au\/vi\/wp-json\/wp\/v2\/pages"}],"about":[{"href":"https:\/\/www.ses.tas.gov.au\/vi\/wp-json\/wp\/v2\/types\/page"}],"author":[{"embeddable":true,"href":"https:\/\/www.ses.tas.gov.au\/vi\/wp-json\/wp\/v2\/users\/17"}],"replies":[{"embeddable":true,"href":"https:\/\/www.ses.tas.gov.au\/vi\/wp-json\/wp\/v2\/comments?post=928"}],"version-history":[{"count":9,"href":"https:\/\/www.ses.tas.gov.au\/vi\/wp-json\/wp\/v2\/pages\/928\/revisions"}],"predecessor-version":[{"id":8962,"href":"https:\/\/www.ses.tas.gov.au\/vi\/wp-json\/wp\/v2\/pages\/928\/revisions\/8962"}],"up":[{"embeddable":true,"href":"https:\/\/www.ses.tas.gov.au\/vi\/wp-json\/wp\/v2\/pages\/1017"}],"wp:attachment":[{"href":"https:\/\/www.ses.tas.gov.au\/vi\/wp-json\/wp\/v2\/media?parent=928"}],"curies":[{"name":"wp","href":"https:\/\/api.w.org\/{rel}","templated":true}]}}