{"id":9184,"date":"2025-01-21T10:22:23","date_gmt":"2025-01-20T23:22:23","guid":{"rendered":"https:\/\/www.ses.tas.gov.au\/?page_id=9184"},"modified":"2025-01-21T10:22:24","modified_gmt":"2025-01-20T23:22:24","slug":"ses-values-principals-code-of-conduct","status":"publish","type":"page","link":"https:\/\/www.ses.tas.gov.au\/vi\/volunteer\/what-to-expect-as-a-volunteer\/ses-values-principals-code-of-conduct\/","title":{"rendered":"SES Values, Principals &#038; Code of Conduct"},"content":{"rendered":"<div class=\"wp-block-image\">\n<figure class=\"aligncenter size-full\"><a href=\"https:\/\/d2tv960yzi0spr.cloudfront.net\/uploads\/2025\/01\/3.5-SES-OUR-VALUES-POSTER-A4.pdf\"><img decoding=\"async\" src=\"https:\/\/d2tv960yzi0spr.cloudfront.net\/uploads\/2025\/01\/3.5-SES-OUR-VALUES-POSTER.jpg\" alt=\"\" class=\"wp-image-7132\"\/><\/a><\/figure><\/div>\n\n\n<h4 class=\"wp-block-heading\"><\/h4>\n\n\n\n<h1 class=\"wp-block-heading\">Nguy\u00ean t\u1eafc &amp; Quy t\u1eafc \u1ee9ng x\u1eed<\/h1>\n\n\n\n<h4 class=\"wp-block-heading\">Nguy\u00ean t\u1eafc<\/h4>\n\n\n\n<ol class=\"wp-block-list\">\n<li>SES l\u00e0 m\u1ed9t t\u1ed5 ch\u1ee9c phi ch\u00ednh tr\u1ecb, th\u1ef1c hi\u1ec7n ch\u1ee9c n\u0103ng c\u1ee7a m\u00ecnh m\u1ed9t c\u00e1ch c\u00f4ng b\u1eb1ng, c\u00f3 \u0111\u1ea1o \u0111\u1ee9c v\u00e0 chuy\u00ean nghi\u1ec7p.<\/li>\n\n\n\n<li>H\u1ec7 th\u1ed1ng D\u1ecbch v\u1ee5 C\u00f4ng (SES) l\u00e0 m\u1ed9t d\u1ecbch v\u1ee5 c\u00f4ng m\u00e0 c\u00e1c quy\u1ebft \u0111\u1ecbnh tuy\u1ec3n d\u1ee5ng d\u1ef1a tr\u00ean n\u0103ng l\u1ef1c. M\u1ed9t quy\u1ebft \u0111\u1ecbnh li\u00ean quan \u0111\u1ebfn vi\u1ec7c b\u1ed5 nhi\u1ec7m ho\u1eb7c th\u0103ng ch\u1ee9c d\u1ef1a tr\u00ean n\u0103ng l\u1ef1c n\u1ebfu:\n<ul class=\"wp-block-list\">\n<li>M\u1ed9t \u0111\u00e1nh gi\u00e1 \u0111\u01b0\u1ee3c th\u1ef1c hi\u1ec7n v\u1ec1 s\u1ef1 ph\u00f9 h\u1ee3p t\u01b0\u01a1ng \u0111\u1ed1i c\u1ee7a c\u00e1c \u1ee9ng vi\u00ean cho nhi\u1ec7m v\u1ee5<\/li>\n\n\n\n<li>the assessment is based on the relationship between the candidates\u2019 work-related qualities and the qualities genuinely required for performing the duties<\/li>\n\n\n\n<li>cu\u1ed9c \u0111\u00e1nh gi\u00e1 t\u1eadp trung v\u00e0o n\u0103ng l\u1ef1c t\u01b0\u01a1ng \u0111\u1ed1i c\u1ee7a c\u00e1c \u1ee9ng vi\u00ean \u0111\u1ec3 \u0111\u1ea1t \u0111\u01b0\u1ee3c c\u00e1c k\u1ebft qu\u1ea3 li\u00ean quan \u0111\u1ebfn nhi\u1ec7m v\u1ee5<\/li>\n\n\n\n<li>vi\u1ec7c \u0111\u00e1nh gi\u00e1 l\u00e0 y\u1ebfu t\u1ed1 ch\u00ednh trong vi\u1ec7c \u0111\u01b0a ra quy\u1ebft \u0111\u1ecbnh.<\/li>\n<\/ul>\n<\/li>\n\n\n\n<li>SES cung c\u1ea5p m\u1ed9t n\u01a1i l\u00e0m vi\u1ec7c kh\u00f4ng c\u00f3 s\u1ef1 ph\u00e2n bi\u1ec7t \u0111\u1ed1i x\u1eed v\u00e0 nh\u1eadn bi\u1ebft, s\u1eed d\u1ee5ng, coi tr\u1ecdng s\u1ef1 \u0111a d\u1ea1ng c\u1ee7a c\u1ed9ng \u0111\u1ed3ng m\u00e0 n\u00f3 ph\u1ee5c v\u1ee5.<\/li>\n\n\n\n<li>SES ch\u1ecbu tr\u00e1ch nhi\u1ec7m v\u1ec1 h\u00e0nh \u0111\u1ed9ng v\u00e0 hi\u1ec7u su\u1ea5t c\u1ee7a m\u00ecnh, trong khu\u00f4n kh\u1ed5 c\u1ee7a:\n<ul class=\"wp-block-list\">\n<li>Lu\u1eadt Qu\u1ea3n l\u00fd Kh\u1ea9n c\u1ea5p n\u0103m 2006<\/li>\n\n\n\n<li>S\u1edf C\u1ea3nh s\u00e1t v\u00e0 Qu\u1ea3n l\u00fd Kh\u1ea9n c\u1ea5p<\/li>\n\n\n\n<li>h\u1ed9i \u0111\u1ed3ng (d\u00e0nh cho c\u00e1c \u0111\u01a1n v\u1ecb t\u00ecnh nguy\u1ec7n SES th\u00e0nh ph\u1ed1)<\/li>\n\n\n\n<li>c\u00e1c chu\u1ea9n m\u1ef1c v\u00e0 ti\u00eau chu\u1ea9n c\u1ed9ng \u0111\u1ed3ng \u0111\u01b0\u1ee3c ch\u1ea5p nh\u1eadn.<\/li>\n<\/ul>\n<\/li>\n\n\n\n<li>The SES is responsive to the government in providing honest, comprehensive, accurate and timely advice and in implementing the government\u2019s policies and programs.<\/li>\n\n\n\n<li>SES cung c\u1ea5p d\u1ecbch v\u1ee5 c\u00f4ng b\u1eb1ng v\u00e0 kh\u00f4ng thi\u00ean v\u1ecb cho c\u1ed9ng \u0111\u1ed3ng.<\/li>\n\n\n\n<li>SES ph\u00e1t tri\u1ec3n kh\u1ea3 n\u0103ng l\u00e3nh \u0111\u1ea1o ch\u1ea5t l\u01b0\u1ee3ng cao nh\u1ea5t.<\/li>\n\n\n\n<li>T\u1ed5 ch\u1ee9c SES thi\u1ebft l\u1eadp c\u00e1c ph\u01b0\u01a1ng th\u1ee9c l\u00e0m vi\u1ec7c khuy\u1ebfn kh\u00edch giao ti\u1ebfp, tham v\u1ea5n, h\u1ee3p t\u00e1c v\u00e0 \u0111\u00f3ng g\u00f3p \u00fd ki\u1ebfn \u200b\u200bt\u1eeb ng\u01b0\u1eddi lao \u0111\u1ed9ng v\u00e0 t\u00ecnh nguy\u1ec7n vi\u00ean v\u1ec1 c\u00e1c v\u1ea5n \u0111\u1ec1 \u1ea3nh h\u01b0\u1edfng \u0111\u1ebfn c\u00f4ng vi\u1ec7c v\u00e0 n\u01a1i l\u00e0m vi\u1ec7c c\u1ee7a h\u1ecd.<\/li>\n\n\n\n<li>SES mang \u0111\u1ebfn m\u1ed9t m\u00f4i tr\u01b0\u1eddng l\u00e0m vi\u1ec7c c\u00f4ng b\u1eb1ng, linh ho\u1ea1t, an to\u00e0n v\u00e0 b\u1ed5 \u00edch.<\/li>\n\n\n\n<li>SES t\u1eadp trung v\u00e0o vi\u1ec7c qu\u1ea3n l\u00fd hi\u1ec7u su\u1ea5t v\u00e0 \u0111\u1ea1t \u0111\u01b0\u1ee3c k\u1ebft qu\u1ea3.<\/li>\n\n\n\n<li>SES th\u00fac \u0111\u1ea9y s\u1ef1 c\u00f4ng b\u1eb1ng t\u1ea1i n\u01a1i l\u00e0m vi\u1ec7c.<\/li>\n\n\n\n<li>SES t\u1ea1o c\u01a1 h\u1ed9i h\u1ee3p l\u00fd \u0111\u1ec3 c\u00e1c th\u00e0nh vi\u00ean trong c\u1ed9ng \u0111\u1ed3ng \u1ee9ng tuy\u1ec3n v\u00e0o c\u00e1c v\u1ecb tr\u00ed vi\u1ec7c l\u00e0m v\u00e0 t\u00ecnh nguy\u1ec7n vi\u00ean c\u1ee7a SES.<\/li>\n\n\n\n<li>SES cung c\u1ea5p m\u1ed9t h\u1ec7 th\u1ed1ng xem x\u00e9t c\u00f4ng b\u1eb1ng \u0111\u1ed1i v\u1edbi c\u00e1c quy\u1ebft \u0111\u1ecbnh li\u00ean quan \u0111\u1ebfn th\u00e0nh vi\u00ean.<\/li>\n<\/ol>\n\n\n\n<h4 class=\"wp-block-heading\">Quy t\u1eafc \u1ee9ng x\u1eed<\/h4>\n\n\n\n<ol class=\"wp-block-list\">\n<li>Th\u00e0nh vi\u00ean SES ph\u1ea3i c\u01b0 x\u1eed trung th\u1ef1c v\u00e0 c\u00f3 \u0111\u1ea1o \u0111\u1ee9c.<\/li>\n\n\n\n<li>Th\u00e0nh vi\u00ean SES ph\u1ea3i h\u00e0nh \u0111\u1ed9ng c\u1ea9n tr\u1ecdng v\u00e0 si\u00eang n\u0103ng trong qu\u00e1 tr\u00ecnh th\u1ef1c hi\u1ec7n c\u00f4ng vi\u1ec7c c\u1ee7a SES.<\/li>\n\n\n\n<li>M\u1ed9t th\u00e0nh vi\u00ean SES, khi h\u00e0nh \u0111\u1ed9ng trong ph\u1ea1m vi c\u00f4ng vi\u1ec7c c\u1ee7a SES, ph\u1ea3i \u0111\u1ed1i x\u1eed t\u00f4n tr\u1ecdng v\u1edbi t\u1ea5t c\u1ea3 m\u1ecdi ng\u01b0\u1eddi, kh\u00f4ng c\u00f3 h\u00e0nh vi qu\u1ea5y r\u1ed1i, ph\u00e2n bi\u1ec7t \u0111\u1ed1i x\u1eed ho\u1eb7c l\u00e0m t\u1ed5n th\u01b0\u01a1ng.<\/li>\n\n\n\n<li>M\u1ed9t th\u00e0nh vi\u00ean SES, khi h\u00e0nh \u0111\u1ed9ng trong qu\u00e1 tr\u00ecnh l\u00e0m vi\u1ec7c c\u1ee7a SES, ph\u1ea3i tu\u00e2n th\u1ee7 t\u1ea5t c\u1ea3 lu\u1eadt ph\u00e1p \u00dac hi\u1ec7n h\u00e0nh. \u2018Lu\u1eadt ph\u00e1p \u00dac\u2019 c\u00f3 ngh\u0129a l\u00e0:\n<ul class=\"wp-block-list\">\n<li>b\u1ea5t k\u1ef3 \u0110\u1ea1o lu\u1eadt n\u00e0o (bao g\u1ed3m c\u1ea3 \u0110\u1ea1o lu\u1eadt Qu\u1ea3n l\u00fd Kh\u1ea9n c\u1ea5p 2006) ho\u1eb7c b\u1ea5t k\u1ef3 v\u0103n b\u1ea3n ph\u00e1p quy n\u00e0o \u0111\u01b0\u1ee3c ban h\u00e0nh theo \u0110\u1ea1o lu\u1eadt n\u00e0o<\/li>\n\n\n\n<li>b\u1ea5t k\u1ef3 lu\u1eadt n\u00e0o c\u1ee7a Kh\u1ed1i th\u1ecbnh v\u01b0\u1ee3ng chung ho\u1eb7c m\u1ed9t Bang ho\u1eb7c L\u00e3nh th\u1ed5, bao g\u1ed3m c\u1ea3 b\u1ea5t k\u1ef3 v\u0103n b\u1ea3n ph\u00e1p quy n\u00e0o \u0111\u01b0\u1ee3c ban h\u00e0nh theo lu\u1eadt \u0111\u00f3.<\/li>\n<\/ul>\n<\/li>\n\n\n\n<li>Th\u00e0nh vi\u00ean SES ph\u1ea3i tu\u00e2n th\u1ee7 m\u1ecdi ch\u1ec9 th\u1ecb h\u1ee3p ph\u00e1p v\u00e0 h\u1ee3p l\u00fd do Ng\u01b0\u1eddi \u0111\u1ee9ng \u0111\u1ea7u C\u01a1 quan, Gi\u00e1m \u0111\u1ed1c SES ho\u1eb7c ng\u01b0\u1eddi \u0111\u01b0\u1ee3c \u1ee7y quy\u1ec1n \u0111\u01b0a ra.<\/li>\n\n\n\n<li>Th\u00e0nh vi\u00ean SES ph\u1ea3i duy tr\u00ec t\u00ednh b\u1ea3o m\u1eadt th\u00edch h\u1ee3p v\u1ec1 c\u00e1c giao d\u1ecbch v\u00e0 th\u00f4ng tin thu th\u1eadp \u0111\u01b0\u1ee3c trong qu\u00e1 tr\u00ecnh l\u00e0m vi\u1ec7c cho SES c\u1ee7a th\u00e0nh vi\u00ean \u0111\u00f3.<\/li>\n\n\n\n<li>Th\u00e0nh vi\u00ean SES ph\u1ea3i khai b\u00e1o v\u00e0 th\u1ef1c hi\u1ec7n c\u00e1c b\u01b0\u1edbc h\u1ee3p l\u00fd \u0111\u1ec3 tr\u00e1nh m\u1ecdi xung \u0111\u1ed9t l\u1ee3i \u00edch li\u00ean quan \u0111\u1ebfn c\u00f4ng vi\u1ec7c SES c\u1ee7a th\u00e0nh vi\u00ean \u0111\u00f3.<\/li>\n\n\n\n<li>Th\u00e0nh vi\u00ean SES ph\u1ea3i s\u1eed d\u1ee5ng ngu\u1ed3n l\u1ef1c c\u1ee7a SES m\u1ed9t c\u00e1ch \u0111\u00fang \u0111\u1eafn.<\/li>\n\n\n\n<li>Th\u00e0nh vi\u00ean SES kh\u00f4ng \u0111\u01b0\u1ee3c cung c\u1ea5p th\u00f4ng tin sai l\u1ec7ch ho\u1eb7c g\u00e2y hi\u1ec3u l\u1ea7m m\u1ed9t c\u00e1ch c\u1ed1 \u00fd li\u00ean quan \u0111\u1ebfn c\u00f4ng vi\u1ec7c c\u1ee7a th\u00e0nh vi\u00ean \u0111\u00f3.<\/li>\n\n\n\n<li>Th\u00e0nh vi\u00ean SES kh\u00f4ng \u0111\u01b0\u1ee3c l\u1ea1m d\u1ee5ng th\u00f4ng tin thu th\u1eadp \u0111\u01b0\u1ee3c trong qu\u00e1 tr\u00ecnh l\u00e0m vi\u1ec7c, th\u1ef1c hi\u1ec7n nhi\u1ec7m v\u1ee5, v\u1ecb tr\u00ed, quy\u1ec1n h\u1ea1n ho\u1eb7c th\u1ea9m quy\u1ec1n c\u1ee7a m\u00ecnh \u0111\u1ec3 nh\u1eadn ho\u1eb7c t\u00ecm c\u00e1ch nh\u1eadn qu\u00e0, l\u1ee3i \u00edch ho\u1eb7c \u01b0u \u0111\u00e3i cho b\u1ea3n th\u00e2n ho\u1eb7c b\u1ea5t k\u1ef3 ng\u01b0\u1eddi n\u00e0o kh\u00e1c.<\/li>\n\n\n\n<li>Th\u00e0nh vi\u00ean SES ph\u1ea3i khai b\u00e1o b\u1ea5t k\u1ef3 m\u00f3n qu\u00e0 n\u00e0o nh\u1eadn \u0111\u01b0\u1ee3c trong qu\u00e1 tr\u00ecnh l\u00e0m vi\u1ec7c cho SES (nh\u00e2n vi\u00ean SES, v\u1edbi Gi\u00e1m \u0111\u1ed1c SES, v\u00e0 t\u00ecnh nguy\u1ec7n vi\u00ean SES, v\u1edbi Qu\u1ea3n l\u00fd Khu v\u1ef1c SES c\u1ee7a h\u1ecd).<\/li>\n\n\n\n<li>Th\u00e0nh vi\u00ean SES ph\u1ea3i c\u01b0 x\u1eed theo c\u00e1ch duy tr\u00ec c\u00e1c Nguy\u00ean t\u1eafc c\u1ee7a SES.<\/li>\n\n\n\n<li>Th\u00e0nh vi\u00ean c\u1ee7a SES ph\u1ea3i lu\u00f4n c\u01b0 x\u1eed theo c\u00e1ch kh\u00f4ng \u1ea3nh h\u01b0\u1edfng x\u1ea5u \u0111\u1ebfn t\u00ednh ch\u00ednh tr\u1ef1c v\u00e0 danh ti\u1ebfng t\u1ed1t c\u1ee7a SES v\u00e0 D\u1ecbch v\u1ee5 Nh\u00e0 n\u01b0\u1edbc.<\/li>\n<\/ol>\n\n\n\n<p>L\u01b0u \u00fd: \u2018Th\u00e0nh vi\u00ean\u2019, tr\u1eeb khi c\u00f3 quy \u0111\u1ecbnh kh\u00e1c, bao g\u1ed3m nh\u00e2n vi\u00ean v\u00e0 t\u00ecnh nguy\u1ec7n vi\u00ean c\u1ee7a SES.<\/p>\n\n\n\n<p><\/p>","protected":false},"excerpt":{"rendered":"<p>Principles &amp; Code of Conduct Principles Code of Conduct Note: A \u2018member\u2019, unless specified, includes SES employees and volunteers.<\/p>","protected":false},"author":1,"featured_media":0,"parent":9176,"menu_order":103,"comment_status":"closed","ping_status":"closed","template":"","meta":{"_acf_changed":false,"_monsterinsights_skip_tracking":false,"_monsterinsights_sitenote_active":false,"_monsterinsights_sitenote_note":"","_monsterinsights_sitenote_category":0,"footnotes":""},"class_list":["post-9184","page","type-page","status-publish","hentry"],"acf":[],"yoast_head":"<!-- This site is optimized with the Yoast SEO plugin v24.9 - https:\/\/yoast.com\/wordpress\/plugins\/seo\/ -->\n<title>SES Values, Principals &amp; Code of Conduct - Tasmania State Emergency Service<\/title>\n<meta name=\"robots\" content=\"index, follow, max-snippet:-1, max-image-preview:large, max-video-preview:-1\" \/>\n<link rel=\"canonical\" href=\"https:\/\/www.ses.tas.gov.au\/vi\/volunteer\/what-to-expect-as-a-volunteer\/ses-values-principals-code-of-conduct\/\" \/>\n<meta property=\"og:locale\" content=\"vi_VN\" \/>\n<meta property=\"og:type\" content=\"article\" \/>\n<meta property=\"og:title\" content=\"SES Values, Principals &amp; Code of Conduct - Tasmania State Emergency Service\" \/>\n<meta property=\"og:description\" content=\"Principles &amp; Code of Conduct Principles Code of Conduct Note: A \u2018member\u2019, unless specified, includes SES employees and volunteers.\" \/>\n<meta property=\"og:url\" content=\"https:\/\/www.ses.tas.gov.au\/vi\/volunteer\/what-to-expect-as-a-volunteer\/ses-values-principals-code-of-conduct\/\" \/>\n<meta property=\"og:site_name\" content=\"Tasmania State Emergency Service\" \/>\n<meta property=\"article:modified_time\" content=\"2025-01-20T23:22:24+00:00\" \/>\n<meta property=\"og:image\" content=\"https:\/\/d2tv960yzi0spr.cloudfront.net\/uploads\/2025\/01\/3.5-SES-OUR-VALUES-POSTER.jpg\" \/>\n<meta name=\"twitter:card\" content=\"summary_large_image\" \/>\n<script type=\"application\/ld+json\" class=\"yoast-schema-graph\">{\"@context\":\"https:\/\/schema.org\",\"@graph\":[{\"@type\":\"WebPage\",\"@id\":\"https:\/\/www.ses.tas.gov.au\/volunteer\/what-to-expect-as-a-volunteer\/ses-values-principals-code-of-conduct\/\",\"url\":\"https:\/\/www.ses.tas.gov.au\/volunteer\/what-to-expect-as-a-volunteer\/ses-values-principals-code-of-conduct\/\",\"name\":\"SES Values, Principals & Code of Conduct - Tasmania State Emergency Service\",\"isPartOf\":{\"@id\":\"http:\/\/localhost\/#website\"},\"primaryImageOfPage\":{\"@id\":\"https:\/\/www.ses.tas.gov.au\/volunteer\/what-to-expect-as-a-volunteer\/ses-values-principals-code-of-conduct\/#primaryimage\"},\"image\":{\"@id\":\"https:\/\/www.ses.tas.gov.au\/volunteer\/what-to-expect-as-a-volunteer\/ses-values-principals-code-of-conduct\/#primaryimage\"},\"thumbnailUrl\":\"https:\/\/d2tv960yzi0spr.cloudfront.net\/uploads\/2025\/01\/3.5-SES-OUR-VALUES-POSTER.jpg\",\"datePublished\":\"2025-01-20T23:22:23+00:00\",\"dateModified\":\"2025-01-20T23:22:24+00:00\",\"breadcrumb\":{\"@id\":\"https:\/\/www.ses.tas.gov.au\/volunteer\/what-to-expect-as-a-volunteer\/ses-values-principals-code-of-conduct\/#breadcrumb\"},\"inLanguage\":\"vi\",\"potentialAction\":[{\"@type\":\"ReadAction\",\"target\":[\"https:\/\/www.ses.tas.gov.au\/volunteer\/what-to-expect-as-a-volunteer\/ses-values-principals-code-of-conduct\/\"]}]},{\"@type\":\"ImageObject\",\"inLanguage\":\"vi\",\"@id\":\"https:\/\/www.ses.tas.gov.au\/volunteer\/what-to-expect-as-a-volunteer\/ses-values-principals-code-of-conduct\/#primaryimage\",\"url\":\"https:\/\/d2tv960yzi0spr.cloudfront.net\/uploads\/2025\/01\/3.5-SES-OUR-VALUES-POSTER.jpg\",\"contentUrl\":\"https:\/\/d2tv960yzi0spr.cloudfront.net\/uploads\/2025\/01\/3.5-SES-OUR-VALUES-POSTER.jpg\"},{\"@type\":\"BreadcrumbList\",\"@id\":\"https:\/\/www.ses.tas.gov.au\/volunteer\/what-to-expect-as-a-volunteer\/ses-values-principals-code-of-conduct\/#breadcrumb\",\"itemListElement\":[{\"@type\":\"ListItem\",\"position\":1,\"name\":\"Home\",\"item\":\"https:\/\/www.ses.tas.gov.au\/\"},{\"@type\":\"ListItem\",\"position\":2,\"name\":\"Volunteer\",\"item\":\"https:\/\/www.ses.tas.gov.au\/volunteer\/\"},{\"@type\":\"ListItem\",\"position\":3,\"name\":\"What to expect as a volunteer\",\"item\":\"https:\/\/www.ses.tas.gov.au\/volunteer\/what-to-expect-as-a-volunteer\/\"},{\"@type\":\"ListItem\",\"position\":4,\"name\":\"SES Values, Principals &#038; Code of Conduct\"}]},{\"@type\":\"WebSite\",\"@id\":\"http:\/\/localhost\/#website\",\"url\":\"http:\/\/localhost\/\",\"name\":\"Tasmania State Emergency Service\",\"description\":\"\",\"potentialAction\":[{\"@type\":\"SearchAction\",\"target\":{\"@type\":\"EntryPoint\",\"urlTemplate\":\"http:\/\/localhost\/?s={search_term_string}\"},\"query-input\":{\"@type\":\"PropertyValueSpecification\",\"valueRequired\":true,\"valueName\":\"search_term_string\"}}],\"inLanguage\":\"vi\"}]}<\/script>\n<!-- \/ Yoast SEO plugin. -->","yoast_head_json":{"title":"SES Values, Principals & Code of Conduct - Tasmania State Emergency Service","robots":{"index":"index","follow":"follow","max-snippet":"max-snippet:-1","max-image-preview":"max-image-preview:large","max-video-preview":"max-video-preview:-1"},"canonical":"https:\/\/www.ses.tas.gov.au\/vi\/volunteer\/what-to-expect-as-a-volunteer\/ses-values-principals-code-of-conduct\/","og_locale":"vi_VN","og_type":"article","og_title":"SES Values, Principals & Code of Conduct - Tasmania State Emergency Service","og_description":"Principles &amp; Code of Conduct Principles Code of Conduct Note: A \u2018member\u2019, unless specified, includes SES employees and volunteers.","og_url":"https:\/\/www.ses.tas.gov.au\/vi\/volunteer\/what-to-expect-as-a-volunteer\/ses-values-principals-code-of-conduct\/","og_site_name":"Tasmania State Emergency Service","article_modified_time":"2025-01-20T23:22:24+00:00","og_image":[{"url":"https:\/\/d2tv960yzi0spr.cloudfront.net\/uploads\/2025\/01\/3.5-SES-OUR-VALUES-POSTER.jpg","type":"","width":"","height":""}],"twitter_card":"summary_large_image","schema":{"@context":"https:\/\/schema.org","@graph":[{"@type":"WebPage","@id":"https:\/\/www.ses.tas.gov.au\/volunteer\/what-to-expect-as-a-volunteer\/ses-values-principals-code-of-conduct\/","url":"https:\/\/www.ses.tas.gov.au\/volunteer\/what-to-expect-as-a-volunteer\/ses-values-principals-code-of-conduct\/","name":"SES Values, Principals & Code of Conduct - Tasmania State Emergency Service","isPartOf":{"@id":"http:\/\/localhost\/#website"},"primaryImageOfPage":{"@id":"https:\/\/www.ses.tas.gov.au\/volunteer\/what-to-expect-as-a-volunteer\/ses-values-principals-code-of-conduct\/#primaryimage"},"image":{"@id":"https:\/\/www.ses.tas.gov.au\/volunteer\/what-to-expect-as-a-volunteer\/ses-values-principals-code-of-conduct\/#primaryimage"},"thumbnailUrl":"https:\/\/d2tv960yzi0spr.cloudfront.net\/uploads\/2025\/01\/3.5-SES-OUR-VALUES-POSTER.jpg","datePublished":"2025-01-20T23:22:23+00:00","dateModified":"2025-01-20T23:22:24+00:00","breadcrumb":{"@id":"https:\/\/www.ses.tas.gov.au\/volunteer\/what-to-expect-as-a-volunteer\/ses-values-principals-code-of-conduct\/#breadcrumb"},"inLanguage":"vi","potentialAction":[{"@type":"ReadAction","target":["https:\/\/www.ses.tas.gov.au\/volunteer\/what-to-expect-as-a-volunteer\/ses-values-principals-code-of-conduct\/"]}]},{"@type":"ImageObject","inLanguage":"vi","@id":"https:\/\/www.ses.tas.gov.au\/volunteer\/what-to-expect-as-a-volunteer\/ses-values-principals-code-of-conduct\/#primaryimage","url":"https:\/\/d2tv960yzi0spr.cloudfront.net\/uploads\/2025\/01\/3.5-SES-OUR-VALUES-POSTER.jpg","contentUrl":"https:\/\/d2tv960yzi0spr.cloudfront.net\/uploads\/2025\/01\/3.5-SES-OUR-VALUES-POSTER.jpg"},{"@type":"BreadcrumbList","@id":"https:\/\/www.ses.tas.gov.au\/volunteer\/what-to-expect-as-a-volunteer\/ses-values-principals-code-of-conduct\/#breadcrumb","itemListElement":[{"@type":"ListItem","position":1,"name":"Home","item":"https:\/\/www.ses.tas.gov.au\/"},{"@type":"ListItem","position":2,"name":"Volunteer","item":"https:\/\/www.ses.tas.gov.au\/volunteer\/"},{"@type":"ListItem","position":3,"name":"What to expect as a volunteer","item":"https:\/\/www.ses.tas.gov.au\/volunteer\/what-to-expect-as-a-volunteer\/"},{"@type":"ListItem","position":4,"name":"SES Values, Principals &#038; Code of Conduct"}]},{"@type":"WebSite","@id":"http:\/\/localhost\/#website","url":"http:\/\/localhost\/","name":"Tasmania State Emergency Service","description":"","potentialAction":[{"@type":"SearchAction","target":{"@type":"EntryPoint","urlTemplate":"http:\/\/localhost\/?s={search_term_string}"},"query-input":{"@type":"PropertyValueSpecification","valueRequired":true,"valueName":"search_term_string"}}],"inLanguage":"vi"}]}},"_links":{"self":[{"href":"https:\/\/www.ses.tas.gov.au\/vi\/wp-json\/wp\/v2\/pages\/9184","targetHints":{"allow":["GET"]}}],"collection":[{"href":"https:\/\/www.ses.tas.gov.au\/vi\/wp-json\/wp\/v2\/pages"}],"about":[{"href":"https:\/\/www.ses.tas.gov.au\/vi\/wp-json\/wp\/v2\/types\/page"}],"author":[{"embeddable":true,"href":"https:\/\/www.ses.tas.gov.au\/vi\/wp-json\/wp\/v2\/users\/1"}],"replies":[{"embeddable":true,"href":"https:\/\/www.ses.tas.gov.au\/vi\/wp-json\/wp\/v2\/comments?post=9184"}],"version-history":[{"count":2,"href":"https:\/\/www.ses.tas.gov.au\/vi\/wp-json\/wp\/v2\/pages\/9184\/revisions"}],"predecessor-version":[{"id":9194,"href":"https:\/\/www.ses.tas.gov.au\/vi\/wp-json\/wp\/v2\/pages\/9184\/revisions\/9194"}],"up":[{"embeddable":true,"href":"https:\/\/www.ses.tas.gov.au\/vi\/wp-json\/wp\/v2\/pages\/9176"}],"wp:attachment":[{"href":"https:\/\/www.ses.tas.gov.au\/vi\/wp-json\/wp\/v2\/media?parent=9184"}],"curies":[{"name":"wp","href":"https:\/\/api.w.org\/{rel}","templated":true}]}}