{"id":800,"date":"2019-04-12T09:00:59","date_gmt":"2019-04-11T23:00:59","guid":{"rendered":"https:\/\/www.ses.tas.gov.au\/?page_id=800"},"modified":"2024-05-16T16:28:05","modified_gmt":"2024-05-16T06:28:05","slug":"wow-day","status":"publish","type":"page","link":"https:\/\/www.ses.tas.gov.au\/vi\/about\/get-involved\/events\/wow-day\/","title":{"rendered":"Ng\u00e0y WOW"},"content":{"rendered":"<h2>Ng\u00e0y WOW<\/h2>\n<p>V\u00e0o Th\u1ee9 T\u01b0, ng\u00e0y 22 th\u00e1ng 5, t\u1ea5t c\u1ea3 ng\u01b0\u1eddi \u00dac \u0111\u01b0\u1ee3c khuy\u1ebfn kh\u00edch m\u1eb7c m\u00e0u cam \u0111\u1ec3 th\u1ec3 hi\u1ec7n s\u1ef1 \u0111o\u00e0n k\u1ebft v\u00e0 l\u00f2ng bi\u1ebft \u01a1n \u0111\u1ed1i v\u1edbi c\u00f4ng vi\u1ec7c \u0111\u00e1ng kinh ng\u1ea1c v\u00e0 s\u1ef1 c\u1ed1ng hi\u1ebfn c\u1ee7a c\u00e1c t\u00ecnh nguy\u1ec7n vi\u00ean SES.<\/p>\n<p>Di\u1ec5n ra v\u00e0o th\u1ee9 T\u01b0 c\u1ee7a Tu\u1ea7n L\u1ec5 T\u00ecnh nguy\u1ec7n Qu\u1ed1c gia (ng\u00e0y 20 \u2013 26 th\u00e1ng 5), Ng\u00e0y M\u1eb7c \u00c1o Cam (WOW Day) l\u00e0 ng\u00e0y tri \u00e2n tr\u00ean to\u00e0n qu\u1ed1c d\u00e0nh cho r\u1ea5t nhi\u1ec1u t\u00ecnh nguy\u1ec7n vi\u00ean L\u1ef1c l\u01b0\u1ee3ng \u1ee8ng ph\u00f3 Kh\u1ea9n c\u1ea5p Ti\u1ec3u bang Tasmania (TASSES) \u0111\u00e3 h\u1ed7 tr\u1ee3 c\u1ed9ng \u0111\u1ed3ng \u0111\u1ecba ph\u01b0\u01a1ng c\u1ee7a h\u1ecd trong c\u00e1c ho\u1ea1t \u0111\u1ed9ng \u1ee9ng ph\u00f3 l\u0169 l\u1ee5t v\u00e0 b\u00e3o t\u1ed1, c\u1ee9u h\u1ed9 tai n\u1ea1n giao th\u00f4ng, t\u00ecm ki\u1ebfm v\u00e0 c\u1ee9u n\u1ea1n, v\u00e0 nhi\u1ec1u h\u01a1n th\u1ebf n\u1eefa.<\/p>\n<p>C\u00e1c \u0111\u1ecba danh \u1edf Tasmania v\u00e0 tr\u00ean kh\u1eafp \u0111\u1ea5t n\u01b0\u1edbc t\u1eebng \u0111\u01b0\u1ee3c \u2018nhu\u1ed9m\u2019 m\u00e0u cam cho Ng\u00e0y WOW \u0111\u1ec3 \u1ee7ng h\u1ed9 t\u00ecnh nguy\u1ec7n vi\u00ean SES bao g\u1ed3m:<\/p>\n<ul>\n<li>Th\u00e1p S\u00f2ng b\u1ea1c Wrest Point, V\u1ecbnh Sandy<\/li>\n<li>Trung t\u00e2m Paranaple, Devonport<\/li>\n<li>T\u00f2a nh\u00e0 H\u1ed9i \u0111\u1ed3ng Burnie, Burnie<\/li>\n<li>Trung t\u00e2m Thung l\u0169ng Huon, Huonville<\/li>\n<li>C\u1ea7u S\u00f4ng Leven, Ulverstone<\/li>\n<li>Tr\u1ee5 s\u1edf Khu v\u1ef1c T\u00e2y B\u1eafc SES, Burnie<\/li>\n<li>T\u00e0u TasRail<\/li>\n<li>Tr\u1ee5 s\u1edf Ch\u00ednh quy\u1ec1n Ti\u1ec3u bang SES, Hobart<\/li>\n<\/ul>\n<h4>H\u00e3y th\u1ec3 hi\u1ec7n s\u1ef1 \u1ee7ng h\u1ed9 c\u1ee7a b\u1ea1n \u0111\u1ed1i v\u1edbi c\u00e1c t\u00ecnh nguy\u1ec7n vi\u00ean SES b\u1eb1ng c\u00e1ch m\u1eb7c m\u1ed9t trang ph\u1ee5c m\u00e0u cam v\u00e0o Th\u1ee9 T\u01b0, ng\u00e0y 22 th\u00e1ng 5.<\/h4>\n<p>T\u1ed5 ch\u1ee9c c\u1ee7a b\u1ea1n c\u00f3 th\u1ec3 tham gia v\u00e0 th\u1ec3 hi\u1ec7n s\u1ef1 \u1ee7ng h\u1ed9 \u0111\u1ed1i v\u1edbi c\u00e1c t\u00ecnh nguy\u1ec7n vi\u00ean SES theo nhi\u1ec1u c\u00e1ch, bao g\u1ed3m:<\/p>\n<ul>\n<li>Chi\u1ebfu s\u00e1ng t\u00f2a nh\u00e0 ho\u1eb7c t\u01b0\u1ee3ng b\u1eb1ng m\u00e0u cam;<\/li>\n<li>T\u1ed5 ch\u1ee9c ti\u1ec7c tr\u00e0 bu\u1ed5i s\u00e1ng ho\u1eb7c bu\u1ed5i chi\u1ec1u v\u1edbi ch\u1ee7 \u0111\u1ec1 trang ph\u1ee5c m\u00e0u cam;<\/li>\n<li>Qu\u1ea3ng c\u00e1o Ng\u00e0y WOW \u1edf c\u00e1c khu v\u1ef1c n\u1ed5i b\u1eadt t\u1ea1i n\u01a1i l\u00e0m vi\u1ec7c c\u1ee7a b\u1ea1n; ho\u1eb7c<\/li>\n<li>Qu\u1ea3ng b\u00e1 Ng\u00e0y WOW tr\u00ean c\u00e1c k\u00eanh m\u1ea1ng x\u00e3 h\u1ed9i c\u1ee7a b\u1ea1n.<\/li>\n<li>ch\u1ee5p \u1ea3nh v\u00e0 g\u1eafn th\u1ebb @sestasmania v\u1edbi #c\u1ea3m \u01a1nSES #c\u1ea3m \u01a1nTASSES<\/li>\n<li>thay \u0111\u1ed5i \u1ea3nh \u0111\u1ea1i di\u1ec7n c\u1ee7a b\u1ea1n \u0111\u1ec3 \u1ee7ng h\u1ed9 Ng\u00e0y WOW.<\/li>\n<li>G\u1eedi l\u1eddi c\u1ea3m \u01a1n \u0111\u1ebfn c\u00e1c t\u00ecnh nguy\u1ec7n vi\u00ean SES tr\u00ean m\u1ea1ng x\u00e3 h\u1ed9i, bao g\u1ed3m c\u1ea3 hashtag #thankyouSES.<\/li>\n<\/ul>","protected":false},"excerpt":{"rendered":"<p>WOW Day On Wednesday 22nd May, all Australians are encouraged to wear orange in a united show of thanks for the tremendous work done and commitment shown by SES volunteers.&hellip;<\/p>","protected":false},"author":3,"featured_media":0,"parent":271,"menu_order":39,"comment_status":"closed","ping_status":"closed","template":"","meta":{"_acf_changed":false,"_monsterinsights_skip_tracking":false,"_monsterinsights_sitenote_active":false,"_monsterinsights_sitenote_note":"","_monsterinsights_sitenote_category":0,"footnotes":""},"class_list":["post-800","page","type-page","status-publish","hentry"],"acf":[],"yoast_head":"<!-- This site is optimized with the Yoast SEO plugin v24.9 - https:\/\/yoast.com\/wordpress\/plugins\/seo\/ -->\n<title>WOW Day - Tasmania State Emergency Service<\/title>\n<meta name=\"robots\" content=\"index, follow, max-snippet:-1, max-image-preview:large, max-video-preview:-1\" \/>\n<link rel=\"canonical\" href=\"https:\/\/www.ses.tas.gov.au\/vi\/about\/get-involved\/events\/wow-day\/\" \/>\n<meta property=\"og:locale\" content=\"vi_VN\" \/>\n<meta property=\"og:type\" content=\"article\" \/>\n<meta property=\"og:title\" content=\"WOW Day - Tasmania State Emergency Service\" \/>\n<meta property=\"og:description\" content=\"WOW Day On Wednesday 22nd May, all Australians are encouraged to wear orange in a united show of thanks for the tremendous work done and commitment shown by SES volunteers.&hellip;\" \/>\n<meta property=\"og:url\" content=\"https:\/\/www.ses.tas.gov.au\/vi\/about\/get-involved\/events\/wow-day\/\" \/>\n<meta property=\"og:site_name\" content=\"Tasmania State Emergency Service\" \/>\n<meta property=\"article:modified_time\" content=\"2024-05-16T06:28:05+00:00\" \/>\n<meta name=\"twitter:card\" content=\"summary_large_image\" \/>\n<meta name=\"twitter:label1\" content=\"Est. reading time\" \/>\n\t<meta name=\"twitter:data1\" content=\"1 minute\" \/>\n<script type=\"application\/ld+json\" class=\"yoast-schema-graph\">{\"@context\":\"https:\/\/schema.org\",\"@graph\":[{\"@type\":\"WebPage\",\"@id\":\"https:\/\/www.ses.tas.gov.au\/about\/get-involved\/events\/wow-day\/\",\"url\":\"https:\/\/www.ses.tas.gov.au\/about\/get-involved\/events\/wow-day\/\",\"name\":\"WOW Day - Tasmania State Emergency Service\",\"isPartOf\":{\"@id\":\"http:\/\/localhost\/#website\"},\"datePublished\":\"2019-04-11T23:00:59+00:00\",\"dateModified\":\"2024-05-16T06:28:05+00:00\",\"breadcrumb\":{\"@id\":\"https:\/\/www.ses.tas.gov.au\/about\/get-involved\/events\/wow-day\/#breadcrumb\"},\"inLanguage\":\"vi\",\"potentialAction\":[{\"@type\":\"ReadAction\",\"target\":[\"https:\/\/www.ses.tas.gov.au\/about\/get-involved\/events\/wow-day\/\"]}]},{\"@type\":\"BreadcrumbList\",\"@id\":\"https:\/\/www.ses.tas.gov.au\/about\/get-involved\/events\/wow-day\/#breadcrumb\",\"itemListElement\":[{\"@type\":\"ListItem\",\"position\":1,\"name\":\"Home\",\"item\":\"https:\/\/www.ses.tas.gov.au\/\"},{\"@type\":\"ListItem\",\"position\":2,\"name\":\"About\",\"item\":\"https:\/\/www.ses.tas.gov.au\/about\/\"},{\"@type\":\"ListItem\",\"position\":3,\"name\":\"Get involved\",\"item\":\"https:\/\/www.ses.tas.gov.au\/about\/get-involved\/\"},{\"@type\":\"ListItem\",\"position\":4,\"name\":\"Events\",\"item\":\"https:\/\/www.ses.tas.gov.au\/about\/get-involved\/events\/\"},{\"@type\":\"ListItem\",\"position\":5,\"name\":\"WOW Day\"}]},{\"@type\":\"WebSite\",\"@id\":\"http:\/\/localhost\/#website\",\"url\":\"http:\/\/localhost\/\",\"name\":\"Tasmania State Emergency Service\",\"description\":\"\",\"potentialAction\":[{\"@type\":\"SearchAction\",\"target\":{\"@type\":\"EntryPoint\",\"urlTemplate\":\"http:\/\/localhost\/?s={search_term_string}\"},\"query-input\":{\"@type\":\"PropertyValueSpecification\",\"valueRequired\":true,\"valueName\":\"search_term_string\"}}],\"inLanguage\":\"vi\"}]}<\/script>\n<!-- \/ Yoast SEO plugin. -->","yoast_head_json":{"title":"WOW Day - Tasmania State Emergency Service","robots":{"index":"index","follow":"follow","max-snippet":"max-snippet:-1","max-image-preview":"max-image-preview:large","max-video-preview":"max-video-preview:-1"},"canonical":"https:\/\/www.ses.tas.gov.au\/vi\/about\/get-involved\/events\/wow-day\/","og_locale":"vi_VN","og_type":"article","og_title":"WOW Day - Tasmania State Emergency Service","og_description":"WOW Day On Wednesday 22nd May, all Australians are encouraged to wear orange in a united show of thanks for the tremendous work done and commitment shown by SES volunteers.&hellip;","og_url":"https:\/\/www.ses.tas.gov.au\/vi\/about\/get-involved\/events\/wow-day\/","og_site_name":"Tasmania State Emergency Service","article_modified_time":"2024-05-16T06:28:05+00:00","twitter_card":"summary_large_image","twitter_misc":{"Est. reading time":"1 minute"},"schema":{"@context":"https:\/\/schema.org","@graph":[{"@type":"WebPage","@id":"https:\/\/www.ses.tas.gov.au\/about\/get-involved\/events\/wow-day\/","url":"https:\/\/www.ses.tas.gov.au\/about\/get-involved\/events\/wow-day\/","name":"WOW Day - Tasmania State Emergency Service","isPartOf":{"@id":"http:\/\/localhost\/#website"},"datePublished":"2019-04-11T23:00:59+00:00","dateModified":"2024-05-16T06:28:05+00:00","breadcrumb":{"@id":"https:\/\/www.ses.tas.gov.au\/about\/get-involved\/events\/wow-day\/#breadcrumb"},"inLanguage":"vi","potentialAction":[{"@type":"ReadAction","target":["https:\/\/www.ses.tas.gov.au\/about\/get-involved\/events\/wow-day\/"]}]},{"@type":"BreadcrumbList","@id":"https:\/\/www.ses.tas.gov.au\/about\/get-involved\/events\/wow-day\/#breadcrumb","itemListElement":[{"@type":"ListItem","position":1,"name":"Home","item":"https:\/\/www.ses.tas.gov.au\/"},{"@type":"ListItem","position":2,"name":"About","item":"https:\/\/www.ses.tas.gov.au\/about\/"},{"@type":"ListItem","position":3,"name":"Get involved","item":"https:\/\/www.ses.tas.gov.au\/about\/get-involved\/"},{"@type":"ListItem","position":4,"name":"Events","item":"https:\/\/www.ses.tas.gov.au\/about\/get-involved\/events\/"},{"@type":"ListItem","position":5,"name":"WOW Day"}]},{"@type":"WebSite","@id":"http:\/\/localhost\/#website","url":"http:\/\/localhost\/","name":"Tasmania State Emergency Service","description":"","potentialAction":[{"@type":"SearchAction","target":{"@type":"EntryPoint","urlTemplate":"http:\/\/localhost\/?s={search_term_string}"},"query-input":{"@type":"PropertyValueSpecification","valueRequired":true,"valueName":"search_term_string"}}],"inLanguage":"vi"}]}},"_links":{"self":[{"href":"https:\/\/www.ses.tas.gov.au\/vi\/wp-json\/wp\/v2\/pages\/800","targetHints":{"allow":["GET"]}}],"collection":[{"href":"https:\/\/www.ses.tas.gov.au\/vi\/wp-json\/wp\/v2\/pages"}],"about":[{"href":"https:\/\/www.ses.tas.gov.au\/vi\/wp-json\/wp\/v2\/types\/page"}],"author":[{"embeddable":true,"href":"https:\/\/www.ses.tas.gov.au\/vi\/wp-json\/wp\/v2\/users\/3"}],"replies":[{"embeddable":true,"href":"https:\/\/www.ses.tas.gov.au\/vi\/wp-json\/wp\/v2\/comments?post=800"}],"version-history":[{"count":19,"href":"https:\/\/www.ses.tas.gov.au\/vi\/wp-json\/wp\/v2\/pages\/800\/revisions"}],"predecessor-version":[{"id":8541,"href":"https:\/\/www.ses.tas.gov.au\/vi\/wp-json\/wp\/v2\/pages\/800\/revisions\/8541"}],"up":[{"embeddable":true,"href":"https:\/\/www.ses.tas.gov.au\/vi\/wp-json\/wp\/v2\/pages\/271"}],"wp:attachment":[{"href":"https:\/\/www.ses.tas.gov.au\/vi\/wp-json\/wp\/v2\/media?parent=800"}],"curies":[{"name":"wp","href":"https:\/\/api.w.org\/{rel}","templated":true}]}}