{"id":788,"date":"2019-04-12T09:00:28","date_gmt":"2019-04-11T23:00:28","guid":{"rendered":"https:\/\/www.ses.tas.gov.au\/?page_id=788"},"modified":"2021-10-26T09:38:45","modified_gmt":"2021-10-25T22:38:45","slug":"driver-reviver","status":"publish","type":"page","link":"https:\/\/www.ses.tas.gov.au\/vi\/about\/get-involved\/events\/driver-reviver\/","title":{"rendered":"Driver Reviver"},"content":{"rendered":"<h2 style=\"text-align: left;\">Driver Reviver <img loading=\"lazy\" decoding=\"async\" class=\"wp-image-6639 alignright\" src=\"https:\/\/d2tv960yzi0spr.cloudfront.net\/uploads\/2021\/10\/AAMI-Joint-logo-300x84.png\" alt=\"\" width=\"376\" height=\"105\" srcset=\"https:\/\/d2tv960yzi0spr.cloudfront.net\/uploads\/2021\/10\/AAMI-Joint-logo-300x84.png 300w, https:\/\/d2tv960yzi0spr.cloudfront.net\/uploads\/2021\/10\/AAMI-Joint-logo.png 424w\" sizes=\"auto, (max-width: 376px) 100vw, 376px\" \/><\/h2>\n<p>C\u00e1c \u0111\u1ecba \u0111i\u1ec3m n\u1eb1m t\u1ea1i:<\/p>\n<ul>\n<li>Su\u1ed1i Paramatta \u2013 Cao t\u1ed1c Bass, gi\u1eefa Latrobe v\u00e0 Deloraine<\/li>\n<li>\u0110\u00e8o St Peters \u2013 \u0110\u01b0\u1eddng cao t\u1ed1c Midland g\u1ea7n Oatlands<\/li>\n<li>\u0110\u01b0\u1eddng cao t\u1ed1c Fossey River \u2013 Murchison g\u1ea7n Mt Pearce<\/li>\n<li>Sideling Lookout \u2013 Xa l\u1ed9 Tasman gi\u1eefa Launceston &amp; Scottsdale<\/li>\n<li>S\u00f4ng Franklin \u2013 Cao t\u1ed1c Lyell g\u1ea7n N\u00fai Arrowsmith<\/li>\n<\/ul>\n<p><em>Nh\u00e0 t\u00e0i tr\u1ee3 ch\u00ednh c\u1ee7a ti\u1ec3u bang l\u00e0 L\u1ef1c l\u01b0\u1ee3ng \u0110\u1eb7c nhi\u1ec7m An to\u00e0n Giao th\u00f4ng \u0110\u01b0\u1eddng b\u1ed9. C\u00e1c nh\u00e0 t\u00e0i tr\u1ee3 qu\u1ed1c gia bao g\u1ed3m AAMI, Tr\u00e0 Bushells, C\u00e0 ph\u00ea Bushells, Qu\u1ef9 Arnott\u2019s v\u00e0 Sunshine Sugar.<\/em><\/p>\n<p><!--more--><img loading=\"lazy\" decoding=\"async\" class=\"alignnone  wp-image-6640\" src=\"https:\/\/d2tv960yzi0spr.cloudfront.net\/uploads\/2021\/10\/bushell_logo-new-Converted-copy-300x117.jpg\" alt=\"\" width=\"269\" height=\"105\" srcset=\"https:\/\/d2tv960yzi0spr.cloudfront.net\/uploads\/2021\/10\/bushell_logo-new-Converted-copy-300x117.jpg 300w, https:\/\/d2tv960yzi0spr.cloudfront.net\/uploads\/2021\/10\/bushell_logo-new-Converted-copy.jpg 472w\" sizes=\"auto, (max-width: 269px) 100vw, 269px\" \/>\u00a0 \u00a0\u00a0\u00a0<img loading=\"lazy\" decoding=\"async\" class=\"wp-image-790 alignnone\" src=\"https:\/\/d2tv960yzi0spr.cloudfront.net\/uploads\/2019\/04\/ArnottsFoundation-Logo2017-CMYK-300x127.jpg\" alt=\"\" width=\"276\" height=\"117\" srcset=\"https:\/\/d2tv960yzi0spr.cloudfront.net\/uploads\/2019\/04\/ArnottsFoundation-Logo2017-CMYK-300x127.jpg 300w, https:\/\/d2tv960yzi0spr.cloudfront.net\/uploads\/2019\/04\/ArnottsFoundation-Logo2017-CMYK-768x325.jpg 768w, https:\/\/d2tv960yzi0spr.cloudfront.net\/uploads\/2019\/04\/ArnottsFoundation-Logo2017-CMYK-1024x433.jpg 1024w, https:\/\/d2tv960yzi0spr.cloudfront.net\/uploads\/2019\/04\/ArnottsFoundation-Logo2017-CMYK.jpg 1772w\" sizes=\"auto, (max-width: 276px) 100vw, 276px\" \/>\u00a0 \u00a0 \u00a0 \u00a0<img loading=\"lazy\" decoding=\"async\" class=\"wp-image-789 alignnone\" src=\"https:\/\/d2tv960yzi0spr.cloudfront.net\/uploads\/2019\/04\/Sunshine-Sugar-Logo-New-300x266.jpg\" alt=\"\" width=\"152\" height=\"135\" srcset=\"https:\/\/d2tv960yzi0spr.cloudfront.net\/uploads\/2019\/04\/Sunshine-Sugar-Logo-New-300x266.jpg 300w, https:\/\/d2tv960yzi0spr.cloudfront.net\/uploads\/2019\/04\/Sunshine-Sugar-Logo-New.jpg 571w\" sizes=\"auto, (max-width: 152px) 100vw, 152px\" \/><\/p>","protected":false},"excerpt":{"rendered":"<p>Driver Reviver Sites are located at: Paramatta Creek \u2013 Bass Highway, between Latrobe and Deloraine St Peters Pass \u2013 Midland Highway near Oatlands Fossey River \u2013 Murchison Highway near Mt&hellip;<\/p>","protected":false},"author":3,"featured_media":0,"parent":271,"menu_order":9,"comment_status":"closed","ping_status":"closed","template":"templates\/contact.php","meta":{"_acf_changed":false,"_monsterinsights_skip_tracking":false,"_monsterinsights_sitenote_active":false,"_monsterinsights_sitenote_note":"","_monsterinsights_sitenote_category":0,"footnotes":""},"class_list":["post-788","page","type-page","status-publish","hentry"],"acf":[],"yoast_head":"<!-- This site is optimized with the Yoast SEO plugin v24.9 - https:\/\/yoast.com\/wordpress\/plugins\/seo\/ -->\n<title>Driver Reviver - Tasmania State Emergency Service<\/title>\n<meta name=\"robots\" content=\"index, follow, max-snippet:-1, max-image-preview:large, max-video-preview:-1\" \/>\n<link rel=\"canonical\" href=\"https:\/\/www.ses.tas.gov.au\/vi\/about\/get-involved\/events\/driver-reviver\/\" \/>\n<meta property=\"og:locale\" content=\"vi_VN\" \/>\n<meta property=\"og:type\" content=\"article\" \/>\n<meta property=\"og:title\" content=\"Driver Reviver - Tasmania State Emergency Service\" \/>\n<meta property=\"og:description\" content=\"Driver Reviver Sites are located at: Paramatta Creek \u2013 Bass Highway, between Latrobe and Deloraine St Peters Pass \u2013 Midland Highway near Oatlands Fossey River \u2013 Murchison Highway near Mt&hellip;\" \/>\n<meta property=\"og:url\" content=\"https:\/\/www.ses.tas.gov.au\/vi\/about\/get-involved\/events\/driver-reviver\/\" \/>\n<meta property=\"og:site_name\" content=\"Tasmania State Emergency Service\" \/>\n<meta property=\"article:modified_time\" content=\"2021-10-25T22:38:45+00:00\" \/>\n<meta property=\"og:image\" content=\"https:\/\/d2kpbjo3hey01t.cloudfront.net\/uploads\/2021\/10\/AAMI-Joint-logo-300x84.png\" \/>\n<meta name=\"twitter:card\" content=\"summary_large_image\" \/>\n<script type=\"application\/ld+json\" class=\"yoast-schema-graph\">{\"@context\":\"https:\/\/schema.org\",\"@graph\":[{\"@type\":\"WebPage\",\"@id\":\"https:\/\/www.ses.tas.gov.au\/about\/get-involved\/events\/driver-reviver\/\",\"url\":\"https:\/\/www.ses.tas.gov.au\/about\/get-involved\/events\/driver-reviver\/\",\"name\":\"Driver Reviver - Tasmania State Emergency Service\",\"isPartOf\":{\"@id\":\"http:\/\/localhost\/#website\"},\"primaryImageOfPage\":{\"@id\":\"https:\/\/www.ses.tas.gov.au\/about\/get-involved\/events\/driver-reviver\/#primaryimage\"},\"image\":{\"@id\":\"https:\/\/www.ses.tas.gov.au\/about\/get-involved\/events\/driver-reviver\/#primaryimage\"},\"thumbnailUrl\":\"https:\/\/d2tv960yzi0spr.cloudfront.net\/uploads\/2021\/10\/AAMI-Joint-logo-300x84.png\",\"datePublished\":\"2019-04-11T23:00:28+00:00\",\"dateModified\":\"2021-10-25T22:38:45+00:00\",\"breadcrumb\":{\"@id\":\"https:\/\/www.ses.tas.gov.au\/about\/get-involved\/events\/driver-reviver\/#breadcrumb\"},\"inLanguage\":\"vi\",\"potentialAction\":[{\"@type\":\"ReadAction\",\"target\":[\"https:\/\/www.ses.tas.gov.au\/about\/get-involved\/events\/driver-reviver\/\"]}]},{\"@type\":\"ImageObject\",\"inLanguage\":\"vi\",\"@id\":\"https:\/\/www.ses.tas.gov.au\/about\/get-involved\/events\/driver-reviver\/#primaryimage\",\"url\":\"https:\/\/d2tv960yzi0spr.cloudfront.net\/uploads\/2021\/10\/AAMI-Joint-logo-300x84.png\",\"contentUrl\":\"https:\/\/d2tv960yzi0spr.cloudfront.net\/uploads\/2021\/10\/AAMI-Joint-logo-300x84.png\"},{\"@type\":\"BreadcrumbList\",\"@id\":\"https:\/\/www.ses.tas.gov.au\/about\/get-involved\/events\/driver-reviver\/#breadcrumb\",\"itemListElement\":[{\"@type\":\"ListItem\",\"position\":1,\"name\":\"Home\",\"item\":\"https:\/\/www.ses.tas.gov.au\/\"},{\"@type\":\"ListItem\",\"position\":2,\"name\":\"About\",\"item\":\"https:\/\/www.ses.tas.gov.au\/about\/\"},{\"@type\":\"ListItem\",\"position\":3,\"name\":\"Get involved\",\"item\":\"https:\/\/www.ses.tas.gov.au\/about\/get-involved\/\"},{\"@type\":\"ListItem\",\"position\":4,\"name\":\"Events\",\"item\":\"https:\/\/www.ses.tas.gov.au\/about\/get-involved\/events\/\"},{\"@type\":\"ListItem\",\"position\":5,\"name\":\"Driver Reviver\"}]},{\"@type\":\"WebSite\",\"@id\":\"http:\/\/localhost\/#website\",\"url\":\"http:\/\/localhost\/\",\"name\":\"Tasmania State Emergency Service\",\"description\":\"\",\"potentialAction\":[{\"@type\":\"SearchAction\",\"target\":{\"@type\":\"EntryPoint\",\"urlTemplate\":\"http:\/\/localhost\/?s={search_term_string}\"},\"query-input\":{\"@type\":\"PropertyValueSpecification\",\"valueRequired\":true,\"valueName\":\"search_term_string\"}}],\"inLanguage\":\"vi\"}]}<\/script>\n<!-- \/ Yoast SEO plugin. -->","yoast_head_json":{"title":"Driver Reviver - Tasmania State Emergency Service","robots":{"index":"index","follow":"follow","max-snippet":"max-snippet:-1","max-image-preview":"max-image-preview:large","max-video-preview":"max-video-preview:-1"},"canonical":"https:\/\/www.ses.tas.gov.au\/vi\/about\/get-involved\/events\/driver-reviver\/","og_locale":"vi_VN","og_type":"article","og_title":"Driver Reviver - Tasmania State Emergency Service","og_description":"Driver Reviver Sites are located at: Paramatta Creek \u2013 Bass Highway, between Latrobe and Deloraine St Peters Pass \u2013 Midland Highway near Oatlands Fossey River \u2013 Murchison Highway near Mt&hellip;","og_url":"https:\/\/www.ses.tas.gov.au\/vi\/about\/get-involved\/events\/driver-reviver\/","og_site_name":"Tasmania State Emergency Service","article_modified_time":"2021-10-25T22:38:45+00:00","og_image":[{"url":"https:\/\/d2kpbjo3hey01t.cloudfront.net\/uploads\/2021\/10\/AAMI-Joint-logo-300x84.png","type":"","width":"","height":""}],"twitter_card":"summary_large_image","schema":{"@context":"https:\/\/schema.org","@graph":[{"@type":"WebPage","@id":"https:\/\/www.ses.tas.gov.au\/about\/get-involved\/events\/driver-reviver\/","url":"https:\/\/www.ses.tas.gov.au\/about\/get-involved\/events\/driver-reviver\/","name":"Driver Reviver - Tasmania State Emergency Service","isPartOf":{"@id":"http:\/\/localhost\/#website"},"primaryImageOfPage":{"@id":"https:\/\/www.ses.tas.gov.au\/about\/get-involved\/events\/driver-reviver\/#primaryimage"},"image":{"@id":"https:\/\/www.ses.tas.gov.au\/about\/get-involved\/events\/driver-reviver\/#primaryimage"},"thumbnailUrl":"https:\/\/d2tv960yzi0spr.cloudfront.net\/uploads\/2021\/10\/AAMI-Joint-logo-300x84.png","datePublished":"2019-04-11T23:00:28+00:00","dateModified":"2021-10-25T22:38:45+00:00","breadcrumb":{"@id":"https:\/\/www.ses.tas.gov.au\/about\/get-involved\/events\/driver-reviver\/#breadcrumb"},"inLanguage":"vi","potentialAction":[{"@type":"ReadAction","target":["https:\/\/www.ses.tas.gov.au\/about\/get-involved\/events\/driver-reviver\/"]}]},{"@type":"ImageObject","inLanguage":"vi","@id":"https:\/\/www.ses.tas.gov.au\/about\/get-involved\/events\/driver-reviver\/#primaryimage","url":"https:\/\/d2tv960yzi0spr.cloudfront.net\/uploads\/2021\/10\/AAMI-Joint-logo-300x84.png","contentUrl":"https:\/\/d2tv960yzi0spr.cloudfront.net\/uploads\/2021\/10\/AAMI-Joint-logo-300x84.png"},{"@type":"BreadcrumbList","@id":"https:\/\/www.ses.tas.gov.au\/about\/get-involved\/events\/driver-reviver\/#breadcrumb","itemListElement":[{"@type":"ListItem","position":1,"name":"Home","item":"https:\/\/www.ses.tas.gov.au\/"},{"@type":"ListItem","position":2,"name":"About","item":"https:\/\/www.ses.tas.gov.au\/about\/"},{"@type":"ListItem","position":3,"name":"Get involved","item":"https:\/\/www.ses.tas.gov.au\/about\/get-involved\/"},{"@type":"ListItem","position":4,"name":"Events","item":"https:\/\/www.ses.tas.gov.au\/about\/get-involved\/events\/"},{"@type":"ListItem","position":5,"name":"Driver Reviver"}]},{"@type":"WebSite","@id":"http:\/\/localhost\/#website","url":"http:\/\/localhost\/","name":"Tasmania State Emergency Service","description":"","potentialAction":[{"@type":"SearchAction","target":{"@type":"EntryPoint","urlTemplate":"http:\/\/localhost\/?s={search_term_string}"},"query-input":{"@type":"PropertyValueSpecification","valueRequired":true,"valueName":"search_term_string"}}],"inLanguage":"vi"}]}},"_links":{"self":[{"href":"https:\/\/www.ses.tas.gov.au\/vi\/wp-json\/wp\/v2\/pages\/788","targetHints":{"allow":["GET"]}}],"collection":[{"href":"https:\/\/www.ses.tas.gov.au\/vi\/wp-json\/wp\/v2\/pages"}],"about":[{"href":"https:\/\/www.ses.tas.gov.au\/vi\/wp-json\/wp\/v2\/types\/page"}],"author":[{"embeddable":true,"href":"https:\/\/www.ses.tas.gov.au\/vi\/wp-json\/wp\/v2\/users\/3"}],"replies":[{"embeddable":true,"href":"https:\/\/www.ses.tas.gov.au\/vi\/wp-json\/wp\/v2\/comments?post=788"}],"version-history":[{"count":8,"href":"https:\/\/www.ses.tas.gov.au\/vi\/wp-json\/wp\/v2\/pages\/788\/revisions"}],"predecessor-version":[{"id":6643,"href":"https:\/\/www.ses.tas.gov.au\/vi\/wp-json\/wp\/v2\/pages\/788\/revisions\/6643"}],"up":[{"embeddable":true,"href":"https:\/\/www.ses.tas.gov.au\/vi\/wp-json\/wp\/v2\/pages\/271"}],"wp:attachment":[{"href":"https:\/\/www.ses.tas.gov.au\/vi\/wp-json\/wp\/v2\/media?parent=788"}],"curies":[{"name":"wp","href":"https:\/\/api.w.org\/{rel}","templated":true}]}}