{"id":71,"date":"2018-10-04T01:33:20","date_gmt":"2018-10-04T01:33:20","guid":{"rendered":"https:\/\/www.ses.tas.gov.au\/?page_id=71"},"modified":"2025-04-28T14:12:59","modified_gmt":"2025-04-28T04:12:59","slug":"emergency-kit","status":"publish","type":"page","link":"https:\/\/www.ses.tas.gov.au\/vi\/plan-prepare\/emergency-kit\/","title":{"rendered":"B\u1ed9 d\u1ee5ng c\u1ee5 kh\u1ea9n c\u1ea5p c\u1ee7a b\u1ea1n"},"content":{"rendered":"<p>Prepare an emergency kit with<\/p>\n<ul>\n<li>everything you need in an emergency, and<\/li>\n<li>important things you don&#8217;t want to lose.<\/li>\n<\/ul>\n<div class=\"mt-4\">\n<div class=\"row\">\n<div class=\"col-md-6\">\n<div class=\"card\">\n<div class=\"card-header\">\n<h4>Pack now<\/h4>\n<\/div>\n<div class=\"card-body\">\n<div class=\"row\">\n<div class=\"col-md-4\"><img decoding=\"async\" class=\"img-fluid\" src=\"https:\/\/d2tv960yzi0spr.cloudfront.net\/uploads\/2023\/07\/Storm-and-Flood-icons-09.png\" alt=\"Battery powered radio and torch with spare batteries\" \/><\/div>\n<div class=\"col-md-8\">\n<p>Radio v\u00e0 \u0111\u00e8n pin ch\u1ea1y b\u1eb1ng pin, pin d\u1ef1 ph\u00f2ng<\/p>\n<\/div>\n<div class=\"col-md-4\"><img decoding=\"async\" src=\"https:\/\/d2tv960yzi0spr.cloudfront.net\/uploads\/2023\/07\/Storm-and-Flood-icons-11.png\" alt=\"Important information\" \/><\/div>\n<div class=\"col-md-8\">\n<p>Th\u00f4ng tin quan tr\u1ecdng, ch\u1eb3ng h\u1ea1n nh\u01b0 k\u1ebf ho\u1ea1ch kh\u1ea9n c\u1ea5p c\u1ee7a b\u1ea1n<\/p>\n<\/div>\n<div class=\"col-md-4\"><img decoding=\"async\" src=\"https:\/\/d2tv960yzi0spr.cloudfront.net\/uploads\/2023\/07\/Storm-and-Flood-icons-13.png\" alt=\"Rubber or strong leather gloves\" \/><\/div>\n<div class=\"col-md-8\">\n<p>G\u0103ng tay cao su ho\u1eb7c g\u0103ng tay da d\u00e0y<\/p>\n<\/div>\n<div class=\"col-md-4\"><img decoding=\"async\" src=\"https:\/\/d2tv960yzi0spr.cloudfront.net\/uploads\/2023\/07\/Storm-and-Flood-icons-15.png\" alt=\"First aid kit\" \/><\/div>\n<div class=\"col-md-8\">\n<p>B\u1ed9 s\u01a1 c\u1ee9u<\/p>\n<\/div>\n<div class=\"col-md-4\"><img decoding=\"async\" src=\"https:\/\/d2tv960yzi0spr.cloudfront.net\/uploads\/2023\/07\/Storm-and-Flood-icons-17.png\" alt=\"Food and water\" \/><\/div>\n<div class=\"col-md-8\">\n<p>Th\u1ee9c \u0103n v\u00e0 n\u01b0\u1edbc u\u1ed1ng<\/p>\n<\/div>\n<\/div>\n<\/div>\n<\/div>\n<\/div>\n<div class=\"col-md-6\">\n<div class=\"card\">\n<div class=\"card-header\">\n<h4>\u0110\u00f3ng g\u00f3i khi c\u1ea7n<\/h4>\n<\/div>\n<div class=\"card-body\">\n<div class=\"row\">\n<div class=\"col-md-4\"><img decoding=\"async\" src=\"https:\/\/d2tv960yzi0spr.cloudfront.net\/uploads\/2023\/07\/Storm-and-Flood-icons-19.png\" alt=\"Image Warm clothes and strong boots\" \/><\/div>\n<div class=\"col-md-8\">\n<p>Warm clothes, strong shoes or boots<\/p>\n<\/div>\n<div class=\"col-md-4\"><img decoding=\"async\" src=\"https:\/\/d2tv960yzi0spr.cloudfront.net\/uploads\/2023\/07\/Storm-and-Flood-icons-21.png\" alt=\"Medicines\" \/><\/div>\n<div class=\"col-md-8\">\n<p>Medicines, glasses and other essential items<\/p>\n<\/div>\n<div class=\"col-md-4\"><img decoding=\"async\" src=\"https:\/\/d2tv960yzi0spr.cloudfront.net\/uploads\/2023\/07\/Storm-and-Flood-icons-10.png\" alt=\"Pet food\" \/><\/div>\n<div class=\"col-md-8\">\n<p>Pet food and anything else<br \/>your pets need<\/p>\n<\/div>\n<div class=\"col-md-4\"><img decoding=\"async\" src=\"https:\/\/d2tv960yzi0spr.cloudfront.net\/uploads\/2023\/07\/Storm-and-Flood-icons-12.png\" alt=\"Mobile phone and phone charger\" \/><\/div>\n<div class=\"col-md-8\">\n<p>\u0110i\u1ec7n tho\u1ea1i di \u0111\u1ed9ng v\u00e0 s\u1ea1c \u0111i\u1ec7n tho\u1ea1i<\/p>\n<\/div>\n<div class=\"col-md-4\"><img decoding=\"async\" src=\"https:\/\/d2tv960yzi0spr.cloudfront.net\/uploads\/2023\/07\/Storm-and-Flood-icons-14.png\" alt=\"Photos and special keepsakes\" \/><\/div>\n<div class=\"col-md-8\">\n<p>Photos and<br \/>special keepsakes<\/p>\n<\/div>\n<div class=\"col-md-4\"><img decoding=\"async\" src=\"https:\/\/d2tv960yzi0spr.cloudfront.net\/uploads\/2023\/07\/Storm-and-Flood-icons-16.png\" alt=\"Important documents\" \/><\/div>\n<div class=\"col-md-8\">\n<p style=\"height: 25px;\">T\u00e0i li\u1ec7u quan tr\u1ecdng, v\u00ed d\u1ee5<\/p>\n<ul>\n<li>gi\u1ea5y t\u1edd b\u1ea3o hi\u1ec3m<\/li>\n<li>passports<\/li>\n<li>Gi\u1ea5y khai sinh<\/li>\n<li>money<\/li>\n<\/ul>\n<\/div>\n<\/div>\n<\/div>\n<\/div>\n<\/div>\n<\/div>\n<\/div>\n<p>You could also include:<\/p>\n<ul>\n<li>Money &#8211; cash<\/li>\n<li>face mask and\u00a0hand sanitiser<\/li>\n<\/ul>\n<h2>Th\u00f4ng tin th\u00eam<\/h2>\n<ul>\n<li><a href=\"\/vi\/plan-prepare\/get-ready\/\">Chu\u1ea9n b\u1ecb cho tr\u01b0\u1eddng h\u1ee3p kh\u1ea9n c\u1ea5p<\/a> (<a href=\"https:\/\/d2tv960yzi0spr.cloudfront.net\/uploads\/2024\/10\/Get-Ready-Emergency_Digital_7-Oct-2024-ART.pdf\">Download as PDF<\/a>) &#8211; This is a guide for individuals and households to prepare for emergencies. This replaces the SES Home emergency plan.<\/li>\n<li><a href=\"\/vi\/be-ready-storms-floods\/\">H\u00e3y chu\u1ea9n b\u1ecb s\u1eb5n s\u00e0ng cho b\u00e3o v\u00e0 l\u0169 l\u1ee5t<\/a><\/li>\n<li><a href=\"\/vi\/keep-safe\/warnings\/\">N\u01a1i t\u00ecm th\u1ea5y c\u00e1c c\u1ea3nh b\u00e1o v\u00e0 th\u00f4ng tin quan tr\u1ecdng kh\u00e1c<\/a><\/li>\n<\/ul>\n\n\n<p><\/p>","protected":false},"excerpt":{"rendered":"<p>Prepare an emergency kit with everything you need in an emergency, and important things you don&#8217;t want to lose. Pack now Battery powered radio and torch, spare batteries Important information,&hellip;<\/p>","protected":false},"author":1,"featured_media":0,"parent":65,"menu_order":63,"comment_status":"closed","ping_status":"closed","template":"","meta":{"_acf_changed":false,"_monsterinsights_skip_tracking":false,"_monsterinsights_sitenote_active":false,"_monsterinsights_sitenote_note":"","_monsterinsights_sitenote_category":0,"footnotes":""},"class_list":["post-71","page","type-page","status-publish","hentry"],"acf":[],"yoast_head":"<!-- This site is optimized with the Yoast SEO plugin v24.9 - https:\/\/yoast.com\/wordpress\/plugins\/seo\/ -->\n<title>Your emergency kit - Tasmania State Emergency Service<\/title>\n<meta name=\"robots\" content=\"index, follow, max-snippet:-1, max-image-preview:large, max-video-preview:-1\" \/>\n<link rel=\"canonical\" href=\"https:\/\/www.ses.tas.gov.au\/vi\/plan-prepare\/emergency-kit\/\" \/>\n<meta property=\"og:locale\" content=\"vi_VN\" \/>\n<meta property=\"og:type\" content=\"article\" \/>\n<meta property=\"og:title\" content=\"Your emergency kit - Tasmania State Emergency Service\" \/>\n<meta property=\"og:description\" content=\"Prepare an emergency kit with everything you need in an emergency, and important things you don&#8217;t want to lose. Pack now Battery powered radio and torch, spare batteries Important information,&hellip;\" \/>\n<meta property=\"og:url\" content=\"https:\/\/www.ses.tas.gov.au\/vi\/plan-prepare\/emergency-kit\/\" \/>\n<meta property=\"og:site_name\" content=\"Tasmania State Emergency Service\" \/>\n<meta property=\"article:modified_time\" content=\"2025-04-28T04:12:59+00:00\" \/>\n<meta property=\"og:image\" content=\"https:\/\/d2tv960yzi0spr.cloudfront.net\/uploads\/2023\/07\/Storm-and-Flood-icons-09.png\" \/>\n<meta name=\"twitter:card\" content=\"summary_large_image\" \/>\n<meta name=\"twitter:label1\" content=\"Est. reading time\" \/>\n\t<meta name=\"twitter:data1\" content=\"3 minutes\" \/>\n<script type=\"application\/ld+json\" class=\"yoast-schema-graph\">{\"@context\":\"https:\/\/schema.org\",\"@graph\":[{\"@type\":\"WebPage\",\"@id\":\"https:\/\/www.ses.tas.gov.au\/plan-prepare\/emergency-kit\/\",\"url\":\"https:\/\/www.ses.tas.gov.au\/plan-prepare\/emergency-kit\/\",\"name\":\"Your emergency kit - Tasmania State Emergency Service\",\"isPartOf\":{\"@id\":\"http:\/\/localhost\/#website\"},\"primaryImageOfPage\":{\"@id\":\"https:\/\/www.ses.tas.gov.au\/plan-prepare\/emergency-kit\/#primaryimage\"},\"image\":{\"@id\":\"https:\/\/www.ses.tas.gov.au\/plan-prepare\/emergency-kit\/#primaryimage\"},\"thumbnailUrl\":\"https:\/\/d2tv960yzi0spr.cloudfront.net\/uploads\/2023\/07\/Storm-and-Flood-icons-09.png\",\"datePublished\":\"2018-10-04T01:33:20+00:00\",\"dateModified\":\"2025-04-28T04:12:59+00:00\",\"breadcrumb\":{\"@id\":\"https:\/\/www.ses.tas.gov.au\/plan-prepare\/emergency-kit\/#breadcrumb\"},\"inLanguage\":\"vi\",\"potentialAction\":[{\"@type\":\"ReadAction\",\"target\":[\"https:\/\/www.ses.tas.gov.au\/plan-prepare\/emergency-kit\/\"]}]},{\"@type\":\"ImageObject\",\"inLanguage\":\"vi\",\"@id\":\"https:\/\/www.ses.tas.gov.au\/plan-prepare\/emergency-kit\/#primaryimage\",\"url\":\"https:\/\/d2tv960yzi0spr.cloudfront.net\/uploads\/2023\/07\/Storm-and-Flood-icons-09.png\",\"contentUrl\":\"https:\/\/d2tv960yzi0spr.cloudfront.net\/uploads\/2023\/07\/Storm-and-Flood-icons-09.png\"},{\"@type\":\"BreadcrumbList\",\"@id\":\"https:\/\/www.ses.tas.gov.au\/plan-prepare\/emergency-kit\/#breadcrumb\",\"itemListElement\":[{\"@type\":\"ListItem\",\"position\":1,\"name\":\"Home\",\"item\":\"https:\/\/www.ses.tas.gov.au\/\"},{\"@type\":\"ListItem\",\"position\":2,\"name\":\"Get ready\",\"item\":\"https:\/\/www.ses.tas.gov.au\/plan-prepare\/\"},{\"@type\":\"ListItem\",\"position\":3,\"name\":\"Your emergency kit\"}]},{\"@type\":\"WebSite\",\"@id\":\"http:\/\/localhost\/#website\",\"url\":\"http:\/\/localhost\/\",\"name\":\"Tasmania State Emergency Service\",\"description\":\"\",\"potentialAction\":[{\"@type\":\"SearchAction\",\"target\":{\"@type\":\"EntryPoint\",\"urlTemplate\":\"http:\/\/localhost\/?s={search_term_string}\"},\"query-input\":{\"@type\":\"PropertyValueSpecification\",\"valueRequired\":true,\"valueName\":\"search_term_string\"}}],\"inLanguage\":\"vi\"}]}<\/script>\n<!-- \/ Yoast SEO plugin. -->","yoast_head_json":{"title":"Your emergency kit - Tasmania State Emergency Service","robots":{"index":"index","follow":"follow","max-snippet":"max-snippet:-1","max-image-preview":"max-image-preview:large","max-video-preview":"max-video-preview:-1"},"canonical":"https:\/\/www.ses.tas.gov.au\/vi\/plan-prepare\/emergency-kit\/","og_locale":"vi_VN","og_type":"article","og_title":"Your emergency kit - Tasmania State Emergency Service","og_description":"Prepare an emergency kit with everything you need in an emergency, and important things you don&#8217;t want to lose. Pack now Battery powered radio and torch, spare batteries Important information,&hellip;","og_url":"https:\/\/www.ses.tas.gov.au\/vi\/plan-prepare\/emergency-kit\/","og_site_name":"Tasmania State Emergency Service","article_modified_time":"2025-04-28T04:12:59+00:00","og_image":[{"url":"https:\/\/d2tv960yzi0spr.cloudfront.net\/uploads\/2023\/07\/Storm-and-Flood-icons-09.png","type":"","width":"","height":""}],"twitter_card":"summary_large_image","twitter_misc":{"Est. reading time":"3 minutes"},"schema":{"@context":"https:\/\/schema.org","@graph":[{"@type":"WebPage","@id":"https:\/\/www.ses.tas.gov.au\/plan-prepare\/emergency-kit\/","url":"https:\/\/www.ses.tas.gov.au\/plan-prepare\/emergency-kit\/","name":"Your emergency kit - Tasmania State Emergency Service","isPartOf":{"@id":"http:\/\/localhost\/#website"},"primaryImageOfPage":{"@id":"https:\/\/www.ses.tas.gov.au\/plan-prepare\/emergency-kit\/#primaryimage"},"image":{"@id":"https:\/\/www.ses.tas.gov.au\/plan-prepare\/emergency-kit\/#primaryimage"},"thumbnailUrl":"https:\/\/d2tv960yzi0spr.cloudfront.net\/uploads\/2023\/07\/Storm-and-Flood-icons-09.png","datePublished":"2018-10-04T01:33:20+00:00","dateModified":"2025-04-28T04:12:59+00:00","breadcrumb":{"@id":"https:\/\/www.ses.tas.gov.au\/plan-prepare\/emergency-kit\/#breadcrumb"},"inLanguage":"vi","potentialAction":[{"@type":"ReadAction","target":["https:\/\/www.ses.tas.gov.au\/plan-prepare\/emergency-kit\/"]}]},{"@type":"ImageObject","inLanguage":"vi","@id":"https:\/\/www.ses.tas.gov.au\/plan-prepare\/emergency-kit\/#primaryimage","url":"https:\/\/d2tv960yzi0spr.cloudfront.net\/uploads\/2023\/07\/Storm-and-Flood-icons-09.png","contentUrl":"https:\/\/d2tv960yzi0spr.cloudfront.net\/uploads\/2023\/07\/Storm-and-Flood-icons-09.png"},{"@type":"BreadcrumbList","@id":"https:\/\/www.ses.tas.gov.au\/plan-prepare\/emergency-kit\/#breadcrumb","itemListElement":[{"@type":"ListItem","position":1,"name":"Home","item":"https:\/\/www.ses.tas.gov.au\/"},{"@type":"ListItem","position":2,"name":"Get ready","item":"https:\/\/www.ses.tas.gov.au\/plan-prepare\/"},{"@type":"ListItem","position":3,"name":"Your emergency kit"}]},{"@type":"WebSite","@id":"http:\/\/localhost\/#website","url":"http:\/\/localhost\/","name":"Tasmania State Emergency Service","description":"","potentialAction":[{"@type":"SearchAction","target":{"@type":"EntryPoint","urlTemplate":"http:\/\/localhost\/?s={search_term_string}"},"query-input":{"@type":"PropertyValueSpecification","valueRequired":true,"valueName":"search_term_string"}}],"inLanguage":"vi"}]}},"_links":{"self":[{"href":"https:\/\/www.ses.tas.gov.au\/vi\/wp-json\/wp\/v2\/pages\/71","targetHints":{"allow":["GET"]}}],"collection":[{"href":"https:\/\/www.ses.tas.gov.au\/vi\/wp-json\/wp\/v2\/pages"}],"about":[{"href":"https:\/\/www.ses.tas.gov.au\/vi\/wp-json\/wp\/v2\/types\/page"}],"author":[{"embeddable":true,"href":"https:\/\/www.ses.tas.gov.au\/vi\/wp-json\/wp\/v2\/users\/1"}],"replies":[{"embeddable":true,"href":"https:\/\/www.ses.tas.gov.au\/vi\/wp-json\/wp\/v2\/comments?post=71"}],"version-history":[{"count":16,"href":"https:\/\/www.ses.tas.gov.au\/vi\/wp-json\/wp\/v2\/pages\/71\/revisions"}],"predecessor-version":[{"id":9765,"href":"https:\/\/www.ses.tas.gov.au\/vi\/wp-json\/wp\/v2\/pages\/71\/revisions\/9765"}],"up":[{"embeddable":true,"href":"https:\/\/www.ses.tas.gov.au\/vi\/wp-json\/wp\/v2\/pages\/65"}],"wp:attachment":[{"href":"https:\/\/www.ses.tas.gov.au\/vi\/wp-json\/wp\/v2\/media?parent=71"}],"curies":[{"name":"wp","href":"https:\/\/api.w.org\/{rel}","templated":true}]}}