{"id":6932,"date":"2022-06-15T16:24:58","date_gmt":"2022-06-15T06:24:58","guid":{"rendered":"https:\/\/www.ses.tas.gov.au\/?page_id=6932"},"modified":"2025-11-12T13:05:42","modified_gmt":"2025-11-12T02:05:42","slug":"tasmania-emergency-services-medal-honours-list","status":"publish","type":"page","link":"https:\/\/www.ses.tas.gov.au\/vi\/about\/get-involved\/awards\/tasmania-emergency-services-medal-honours-list\/","title":{"rendered":"Huy ch\u01b0\u01a1ng D\u1ecbch v\u1ee5 Kh\u1ea9n c\u1ea5p Tasmania Danh s\u00e1ch Vinh danh"},"content":{"rendered":"<figure class=\"wp-block-table is-style-stripes\"><table class=\"has-fixed-layout\"><thead><tr><th class=\"has-text-align-left\" data-align=\"left\"><span class=\"has-inline-color has-vivid-cyan-blue-color\">N\u0103m  <\/span><\/th><th class=\"has-text-align-left\" data-align=\"left\"><span class=\"has-inline-color has-vivid-cyan-blue-color\">NG\u01af\u1edcI NH\u1eacN   <\/span>                           <\/th><th><\/th><th><\/th><\/tr><\/thead><tbody><tr><td class=\"has-text-align-left\" data-align=\"left\"><strong>2025<\/strong><\/td><td class=\"has-text-align-left\" data-align=\"left\"><strong>Bianca Callinan<\/strong><br>\u0110i\u1ec1u ph\u1ed1i vi\u00ean V\u1eadn h\u00e0nh<br>Ho\u1ea1t \u0111\u1ed9ng Nh\u00e0 n\u01b0\u1edbc<\/td><td><strong>Paul Le Fevre<\/strong><br>T\u00ecnh nguy\u1ec7n vi\u00ean SES<br>Mi\u1ec1n B\u1eafc <\/td><td><strong>Curtis Salter<\/strong><br>T\u00ecnh nguy\u1ec7n vi\u00ean SES<br>Mi\u1ec1n Nam<\/td><\/tr><tr><td class=\"has-text-align-left\" data-align=\"left\"><strong>2024<\/strong><\/td><td class=\"has-text-align-left\" data-align=\"left\"><strong>Raymond Cooper<\/strong><br>T\u00ecnh nguy\u1ec7n vi\u00ean SES<br>\u0110\u01a1n v\u1ecb Trung du Mi\u1ec1n Nam<\/td><td><strong>Brian James<\/strong><br>T\u00ecnh nguy\u1ec7n vi\u00ean SES<br>C\u0103n h\u1ed9 West Tamar<\/td><td><strong>Frances Manning<\/strong><br>T\u00ecnh nguy\u1ec7n vi\u00ean SES<br>Mi\u1ec1n B\u1eafc<\/td><\/tr><tr><td class=\"has-text-align-left\" data-align=\"left\"><strong>2023<\/strong><\/td><td class=\"has-text-align-left\" data-align=\"left\"><strong>Leon Smith<\/strong><br>Tr\u1ee3 l\u00fd Gi\u00e1m \u0111\u1ed1c SES<br>Ho\u1ea1t \u0111\u1ed9ng Nh\u00e0 n\u01b0\u1edbc<\/td><td><strong>Brett Robins<\/strong><br>Qu\u1ea3n l\u00fd \u0110\u01a1n v\u1ecb SES <br>SAR B\u1eafc<\/td><td><strong>Neil Wright<\/strong><br>T\u00ecnh nguy\u1ec7n vi\u00ean SES<br>\u0110\u01a1n v\u1ecb Ph\u1ea3n \u1ee9ng Chung<\/td><\/tr><tr><td class=\"has-text-align-left\" data-align=\"left\"><strong>2022<\/strong><\/td><td class=\"has-text-align-left\" data-align=\"left\"><strong>Adrian Webster<\/strong><br>C\u00e1n b\u1ed9 \u0110\u00e0o t\u1ea1o V\u00f9ng Nam SES<\/td><td><strong>Rose-Anne Emmerton<\/strong><br>Qu\u1ea3n l\u00fd \u0110\u01a1n v\u1ecb SES, \u0110\u01a1n v\u1ecb Duy\u00ean h\u1ea3i Trung \u01b0\u01a1ng<\/td><td><strong>Graydon O\u2019Halloran<\/strong><br>\u0110\u01a1n v\u1ecb \u1ee8ng ph\u00f3 Kh\u1ea9n c\u1ea5p Chung SES Launceston<\/td><\/tr><tr><td class=\"has-text-align-left\" data-align=\"left\"><strong>2021<\/strong><\/td><td class=\"has-text-align-left\" data-align=\"left\"><strong>Cheryl Ames<\/strong><br>\u0110\u01a1n v\u1ecb Qu\u1ea3n l\u00fd Kh\u1ea9n c\u1ea5p SES<\/td><td><strong>Jason Lawrence<\/strong><br>Qu\u1ea3n l\u00fd \u0110\u01a1n v\u1ecb SES, \u0110\u01a1n v\u1ecb Derwent Valley<\/td><td><strong>Jason Robins<\/strong><br>Qu\u1ea3n l\u00fd \u0110\u01a1n v\u1ecb SES, \u0110\u01a1n v\u1ecb Mi\u1ec1n Nam Trung b\u1ed9<\/td><\/tr><tr><td class=\"has-text-align-left\" data-align=\"left\"><strong>2020<\/strong><\/td><td class=\"has-text-align-left\" data-align=\"left\"><strong>Willian James Folder<\/strong><br>T\u00ecnh nguy\u1ec7n vi\u00ean SES, \u0110\u1ed9i T\u00ecm ki\u1ebfm &amp; C\u1ee9u n\u1ea1n<\/td><td><strong>Vincent Holthouse<\/strong><br>Qu\u1ea3n l\u00fd \u0110\u01a1n v\u1ecb SES, \u0110\u01a1n v\u1ecb King Island<\/td><td><strong>Neil Van Veldhuizen<\/strong><br>Ph\u00f3 Qu\u1ea3n l\u00fd \u0110\u01a1n v\u1ecb, <br>\u0110\u01a1n v\u1ecb Qu\u1ea3n l\u00fd S\u1ef1 c\u1ed1, Mi\u1ec1n B\u1eafc<\/td><\/tr><tr><td class=\"has-text-align-left\" data-align=\"left\"><strong>2019<\/strong><\/td><td class=\"has-text-align-left\" data-align=\"left\"><strong>Mark Dance<\/strong><br>C\u00e1n b\u1ed9 khu v\u1ef1c ph\u00eda Nam c\u1ee7a SES<\/td><td><strong>Lynton Zane Tranh \u0110\u1ea5u<\/strong><br>T\u00ecnh nguy\u1ec7n vi\u00ean SES, \u0110\u01a1n v\u1ecb Circular Head<\/td><td><strong>Alton Bond<\/strong><br>T\u00ecnh nguy\u1ec7n vi\u00ean SES, \u0110\u01a1n v\u1ecb Huon Valley<\/td><\/tr><tr><td class=\"has-text-align-left\" data-align=\"left\"><strong>2018<\/strong><\/td><td class=\"has-text-align-left\" data-align=\"left\"><strong>Nigel King<\/strong><br>T\u00ecnh nguy\u1ec7n vi\u00ean SES, \u0110\u01a1n v\u1ecb Khu v\u1ef1c ph\u00eda Nam<\/td><td><strong>Christopher Draffin<\/strong><br>T\u00ecnh nguy\u1ec7n vi\u00ean SES, \u0110\u01a1n v\u1ecb Break O\u2019Day, St Helens<\/td><td><\/td><\/tr><tr><td class=\"has-text-align-left\" data-align=\"left\"><strong>2017<\/strong><\/td><td class=\"has-text-align-left\" data-align=\"left\"><strong>Mhairi Bradley<\/strong><br>Qu\u1ea3n l\u00fd V\u00f9ng SES Mi\u1ec1n B\u1eafc<\/td><td><strong>Andrew Taylor<\/strong><br>T\u00ecnh nguy\u1ec7n vi\u00ean SES, George Town<\/td><td><strong>Chris Fagg<\/strong><br>\u0110i\u1ec1u ph\u1ed1i vi\u00ean Th\u00e0nh ph\u1ed1, H\u1ed9i \u0111\u1ed3ng Waratah\/Wynyard<\/td><\/tr><tr><td class=\"has-text-align-left\" data-align=\"left\"><strong>2016<\/strong><\/td><td class=\"has-text-align-left\" data-align=\"left\"><strong>John Campbell<\/strong><br>T\u00ecnh nguy\u1ec7n vi\u00ean SES, \u0110\u01a1n v\u1ecb Zeehan<\/td><td><strong>Kelvin Jones<\/strong><br>Qu\u1ea3n l\u00fd \u0110\u01a1n v\u1ecb SES, V\u1ecbnh Su\u1ed1i Glamorgan <\/td><td><strong>Peter Geard<\/strong><br>Qu\u1ea3n l\u00fd \u0110\u01a1n v\u1ecb SES, \u0110\u01a1n v\u1ecb Brighton<\/td><\/tr><tr><td class=\"has-text-align-left\" data-align=\"left\"><strong>2015<\/strong><\/td><td class=\"has-text-align-left\" data-align=\"left\"><strong>Mark Gillies <\/strong><br>Qu\u1ea3n l\u00fd \u0110\u01a1n v\u1ecb SES, \u0110\u01a1n v\u1ecb Thung l\u0169ng Meander<\/td><td><strong>Timothy Kirkwood<\/strong><br>T\u1ed5ng Qu\u1ea3n l\u00fd, H\u1ed9i \u0111\u1ed3ng Southern Midlands<\/td><td><\/td><\/tr><tr><td class=\"has-text-align-left\" data-align=\"left\"><strong>2014<\/strong><\/td><td class=\"has-text-align-left\" data-align=\"left\"><strong>Harold Deverell<\/strong><br>T\u00ecnh nguy\u1ec7n vi\u00ean SES, \u0110\u01a1n v\u1ecb Latrobe<\/td><td><strong>Susan Powell<\/strong><br>\u0110i\u1ec1u ph\u1ed1i vi\u00ean Y t\u1ebf Tuy\u1ebfn \u0111\u1ea7u, THO Southern <\/td><td><strong>Paul Branch<\/strong><br>T\u00ecnh nguy\u1ec7n vi\u00ean SES, V\u00f9ng mi\u1ec1n Nam <br>\u0110\u01a1n v\u1ecb<\/td><\/tr><tr><td class=\"has-text-align-left\" data-align=\"left\"><strong>2013<\/strong><\/td><td class=\"has-text-align-left\" data-align=\"left\"><strong>Mark Nelson<\/strong><br>Gi\u00e1m \u0111\u1ed1c Khu v\u1ef1c Mi\u1ec1n Nam SES<\/td><td><strong>Bevis Perkins<\/strong><br>Qu\u1ea3n l\u00fd \u0110\u01a1n v\u1ecb SES, \u0110\u01a1n v\u1ecb Northern Midlands<\/td><td><strong>Donald Mackrill<\/strong><br>\u0110i\u1ec1u ph\u1ed1i vi\u00ean Kh\u1ea9n c\u1ea5p Th\u00e0nh ph\u1ed1, George Town<\/td><\/tr><tr><td class=\"has-text-align-left\" data-align=\"left\"><strong>2012<\/strong><\/td><td class=\"has-text-align-left\" data-align=\"left\"><strong>Andrew Lea<\/strong><br>Gi\u00e1m \u0111\u1ed1c SES<\/td><td><strong>Ian \u2018Snow\u2019 Nielsen<\/strong><br>Qu\u1ea3n l\u00fd \u0110\u01a1n v\u1ecb SES, \u0110\u01a1n v\u1ecb Circular Head<\/td><td><strong>Gregory French<\/strong><br>\u0110i\u1ec1u ph\u1ed1i vi\u00ean Th\u00e0nh ph\u1ed1, H\u1ed9i \u0111\u1ed3ng Th\u00e0nh ph\u1ed1 Glenorchy<\/td><\/tr><tr><td class=\"has-text-align-left\" data-align=\"left\"><strong>2011<\/strong><\/td><td class=\"has-text-align-left\" data-align=\"left\"><strong>David Oakley<\/strong><br>Qu\u1ea3n l\u00fd \u0110\u01a1n v\u1ecb SES, \u0110\u01a1n v\u1ecb Mi\u1ec1n Trung B\u1eafc<\/td><td><strong>Frank Henderson<\/strong><br>\u0110i\u1ec1u ph\u1ed1i vi\u00ean Th\u00e0nh ph\u1ed1, H\u1ed9i \u0111\u1ed3ng Th\u00e0nh ph\u1ed1 Hobart<\/td><td><strong>Robert Butterfield<\/strong><br>Qu\u1ea3n l\u00fd \u0110\u01a1n v\u1ecb SES, \u0110\u01a1n v\u1ecb Queenstown<\/td><\/tr><tr><td class=\"has-text-align-left\" data-align=\"left\"><strong>2010<\/strong><\/td><td class=\"has-text-align-left\" data-align=\"left\"><strong>Philip Bird<\/strong><br>Qu\u1ea3n l\u00fd \u0110\u01a1n v\u1ecb SES, \u0110\u01a1n v\u1ecb Mersey<\/td><td><strong>\u0110\u01b0\u1eddng Michael<\/strong><br>\u0110i\u1ec1u ph\u1ed1i vi\u00ean Th\u00e0nh ph\u1ed1, H\u1ed9i \u0111\u1ed3ng Th\u00e0nh ph\u1ed1 Hobart<\/td><td><\/td><\/tr><tr><td class=\"has-text-align-left\" data-align=\"left\"><strong>2009<\/strong><\/td><td class=\"has-text-align-left\" data-align=\"left\"><strong>Paul Shipp<\/strong><br>Qu\u1ea3n l\u00fd \u0110\u01a1n v\u1ecb SES, B\u1edd T\u00e2y (Rosebery) \u0110\u01a1n v\u1ecb<\/td><td><strong>Toni Brown<\/strong><br>\u0110i\u1ec1u ph\u1ed1i vi\u00ean Ph\u1ee5c h\u1ed3i B\u1eafc\/T\u00e2y B\u1eafc<\/td><td><\/td><\/tr><tr><td class=\"has-text-align-left\" data-align=\"left\"><strong>2008<\/strong><\/td><td class=\"has-text-align-left\" data-align=\"left\"><strong>Craig Blizzard<\/strong><br>Ph\u00f3 \u0110\u01a1n v\u1ecb Qu\u1ea3n l\u00fd SES, \u0110\u01a1n v\u1ecb Circular Head<\/td><td><strong>Roger Brown<\/strong><br>Tr\u1ee5 s\u1edf Khu v\u1ef1c ph\u00eda Nam SES<\/td><td><strong>Antonio Chirichiello<\/strong><br>T\u00ecnh nguy\u1ec7n vi\u00ean SES, \u0110\u01a1n v\u1ecb Dorset<\/td><\/tr><tr><td class=\"has-text-align-left\" data-align=\"left\"><strong>2007<\/strong><\/td><td class=\"has-text-align-left\" data-align=\"left\"><strong>Paul Darby<\/strong><br>Tr\u01b0\u1edfng nh\u00f3m SES, \u0110\u01a1n v\u1ecb B\u1edd Bi\u1ec3n Trung t\u00e2m<\/td><td><strong>Claus Wilkens<\/strong><br>Qu\u1ea3n l\u00fd \u0110\u01a1n v\u1ecb SES, \u0110\u01a1n v\u1ecb \u0110\u1ea3o Flinders<\/td><td><\/td><\/tr><tr><td class=\"has-text-align-left\" data-align=\"left\"><strong>2006<\/strong><\/td><td class=\"has-text-align-left\" data-align=\"left\"><strong>David Dowden<\/strong><br>Qu\u1ea3n l\u00fd \u0110\u01a1n v\u1ecb SES, \u0110\u01a1n v\u1ecb Duy\u00ean h\u1ea3i Trung \u01b0\u01a1ng<\/td><td><strong>John Mackonis<\/strong><br>Qu\u1ea3n l\u00fd \u0110\u01a1n v\u1ecb SES, \u0110\u01a1n v\u1ecb Khu v\u1ef1c Mi\u1ec1n Nam<\/td><td><\/td><\/tr><tr><td class=\"has-text-align-left\" data-align=\"left\"><strong>2005<\/strong><\/td><td class=\"has-text-align-left\" data-align=\"left\"><strong>Anthony Dick<\/strong><br>C\u00e1n b\u1ed9 v\u00f9ng T\u00e2y B\u1eafc SES<\/td><td><strong>Frank Lawes<\/strong><br>Qu\u1ea3n l\u00fd \u0110\u01a1n v\u1ecb SES, \u0110\u01a1n v\u1ecb Wynyard<\/td><td><strong>Bryan Watson<\/strong><br>Qu\u1ea3n l\u00fd \u0110\u01a1n v\u1ecb SES, \u0110\u01a1n v\u1ecb Thung l\u0169ng Meander<\/td><\/tr><tr><td class=\"has-text-align-left\" data-align=\"left\"><strong>2004<\/strong><\/td><td class=\"has-text-align-left\" data-align=\"left\"><strong>Rupert Sandy<\/strong><br>Gi\u00e1m \u0111\u1ed1c \u0111i\u1ec1u h\u00e0nh SES<\/td><td><strong>Leigh Higgins<\/strong><br>Qu\u1ea3n l\u00fd \u0110\u01a1n v\u1ecb SES, Kingborough\/\u0110\u1ea3o Bruny <\/td><td><strong>Ian Holloway<\/strong><br>\u0110i\u1ec1u ph\u1ed1i vi\u00ean Th\u00e0nh ph\u1ed1, H\u1ed9i \u0111\u1ed3ng Th\u00e0nh ph\u1ed1 Launceston<\/td><\/tr><tr><td class=\"has-text-align-left\" data-align=\"left\"><strong>2003<\/strong><\/td><td class=\"has-text-align-left\" data-align=\"left\"><strong>Garry Muldoon<\/strong><br>C\u00e1n b\u1ed9 khu v\u1ef1c ph\u00eda Nam c\u1ee7a SES<\/td><td><strong>Richard Elliott<\/strong><br>Qu\u1ea3n l\u00fd \u0110\u01a1n v\u1ecb SES, \u0110\u01a1n v\u1ecb Kentish<\/td><td><strong>Rodney Sweetnam<\/strong><br>\u0110i\u1ec1u ph\u1ed1i vi\u00ean Th\u00e0nh ph\u1ed1, H\u1ed9i \u0111\u1ed3ng Th\u00e0nh ph\u1ed1 Launceston<\/td><\/tr><tr><td class=\"has-text-align-left\" data-align=\"left\"><strong>2002<\/strong><\/td><td class=\"has-text-align-left\" data-align=\"left\"><strong>Geoff Marsh<\/strong><br>Gi\u00e1m \u0111\u1ed1c Khu v\u1ef1c Mi\u1ec1n Nam SES<\/td><td><strong>Ian Kingston<\/strong><br>Qu\u1ea3n l\u00fd \u0110\u01a1n v\u1ecb SES, \u0110\u01a1n v\u1ecb Tasman<\/td><td><strong>Edwin Humber<\/strong><br>V\u0103n ph\u00f2ng Tu\u1ea7n tra B\u1edd bi\u1ec3n Ho\u00e0ng gia T\u1ef1 nguy\u1ec7n<\/td><\/tr><tr><td class=\"has-text-align-left\" data-align=\"left\"><strong>2001<\/strong><\/td><td class=\"has-text-align-left\" data-align=\"left\"><strong>Bevis Dutton<\/strong><br>Gi\u00e1m \u0111\u1ed1c V\u00f9ng SES T\u00e2y B\u1eafc<\/td><td><strong>John Duncombe<\/strong><br>Qu\u1ea3n l\u00fd \u0110\u01a1n v\u1ecb SES, \u0110\u01a1n v\u1ecb Burnie<\/td><td><strong>Rex C\u1ea7u V\u1ed3ng<\/strong><br>Qu\u1ea3n l\u00fd \u0110\u01a1n v\u1ecb SES, \u0110\u01a1n v\u1ecb Dorset<\/td><\/tr><tr><td class=\"has-text-align-left\" data-align=\"left\"><strong>2000<\/strong><\/td><td class=\"has-text-align-left\" data-align=\"left\"><strong>Gi\u00f4-s\u00e9p Phao-l\u00f4<\/strong><br>Gi\u00e1m \u0111\u1ed1c SES<\/td><td><strong>Catherine Bradley<\/strong><br>Qu\u1ea3n l\u00fd \u0110\u01a1n v\u1ecb SES, \u0110\u01a1n v\u1ecb Glamorgan\/Spring Bay<\/td><td><strong>Rodney McGee<\/strong><br>S\u1edf mi\u1ec1n Nam <br>C\u01a1 s\u1edf h\u1ea1 t\u1ea7ng, N\u0103ng l\u01b0\u1ee3ng v\u00e0 T\u00e0i nguy\u00ean (DIER)<\/td><\/tr><\/tbody><\/table><\/figure>","protected":false},"excerpt":{"rendered":"<p>YEAR RECIPIENTS 2025 Bianca CallinanCoordinator OperationsState Operations Paul Le FevreSES VolunteerNorthern Region Curtis SalterSES VolunteerSouthern Region 2024 Raymond CooperSES VolunteerSouthern Midlands Unit Brian JamesSES VolunteerWest Tamar Unit Frances ManningSES VolunteerNorthern&hellip;<\/p>","protected":false},"author":3,"featured_media":0,"parent":268,"menu_order":20,"comment_status":"closed","ping_status":"closed","template":"templates\/flexible-content.php","meta":{"_acf_changed":false,"_monsterinsights_skip_tracking":false,"_monsterinsights_sitenote_active":false,"_monsterinsights_sitenote_note":"","_monsterinsights_sitenote_category":0,"footnotes":""},"class_list":["post-6932","page","type-page","status-publish","hentry"],"acf":[],"yoast_head":"<!-- This site is optimized with the Yoast SEO plugin v24.9 - https:\/\/yoast.com\/wordpress\/plugins\/seo\/ -->\n<title>Tasmania Emergency Services Medal Honours List - Tasmania State Emergency Service<\/title>\n<meta name=\"robots\" content=\"index, follow, max-snippet:-1, max-image-preview:large, max-video-preview:-1\" \/>\n<link rel=\"canonical\" href=\"https:\/\/www.ses.tas.gov.au\/vi\/about\/get-involved\/awards\/tasmania-emergency-services-medal-honours-list\/\" \/>\n<meta property=\"og:locale\" content=\"vi_VN\" \/>\n<meta property=\"og:type\" content=\"article\" \/>\n<meta property=\"og:title\" content=\"Tasmania Emergency Services Medal Honours List - Tasmania State Emergency Service\" \/>\n<meta property=\"og:description\" content=\"YEAR RECIPIENTS 2025 Bianca CallinanCoordinator OperationsState Operations Paul Le FevreSES VolunteerNorthern Region Curtis SalterSES VolunteerSouthern Region 2024 Raymond CooperSES VolunteerSouthern Midlands Unit Brian JamesSES VolunteerWest Tamar Unit Frances ManningSES VolunteerNorthern&hellip;\" \/>\n<meta property=\"og:url\" content=\"https:\/\/www.ses.tas.gov.au\/vi\/about\/get-involved\/awards\/tasmania-emergency-services-medal-honours-list\/\" \/>\n<meta property=\"og:site_name\" content=\"Tasmania State Emergency Service\" \/>\n<meta property=\"article:modified_time\" content=\"2025-11-12T02:05:42+00:00\" \/>\n<meta name=\"twitter:card\" content=\"summary_large_image\" \/>\n<meta name=\"twitter:label1\" content=\"Est. reading time\" \/>\n\t<meta name=\"twitter:data1\" content=\"3 minutes\" \/>\n<script type=\"application\/ld+json\" class=\"yoast-schema-graph\">{\"@context\":\"https:\/\/schema.org\",\"@graph\":[{\"@type\":\"WebPage\",\"@id\":\"https:\/\/www.ses.tas.gov.au\/about\/get-involved\/awards\/tasmania-emergency-services-medal-honours-list\/\",\"url\":\"https:\/\/www.ses.tas.gov.au\/about\/get-involved\/awards\/tasmania-emergency-services-medal-honours-list\/\",\"name\":\"Tasmania Emergency Services Medal Honours List - Tasmania State Emergency Service\",\"isPartOf\":{\"@id\":\"http:\/\/localhost\/#website\"},\"datePublished\":\"2022-06-15T06:24:58+00:00\",\"dateModified\":\"2025-11-12T02:05:42+00:00\",\"breadcrumb\":{\"@id\":\"https:\/\/www.ses.tas.gov.au\/about\/get-involved\/awards\/tasmania-emergency-services-medal-honours-list\/#breadcrumb\"},\"inLanguage\":\"vi\",\"potentialAction\":[{\"@type\":\"ReadAction\",\"target\":[\"https:\/\/www.ses.tas.gov.au\/about\/get-involved\/awards\/tasmania-emergency-services-medal-honours-list\/\"]}]},{\"@type\":\"BreadcrumbList\",\"@id\":\"https:\/\/www.ses.tas.gov.au\/about\/get-involved\/awards\/tasmania-emergency-services-medal-honours-list\/#breadcrumb\",\"itemListElement\":[{\"@type\":\"ListItem\",\"position\":1,\"name\":\"Home\",\"item\":\"https:\/\/www.ses.tas.gov.au\/\"},{\"@type\":\"ListItem\",\"position\":2,\"name\":\"About\",\"item\":\"https:\/\/www.ses.tas.gov.au\/about\/\"},{\"@type\":\"ListItem\",\"position\":3,\"name\":\"Get involved\",\"item\":\"https:\/\/www.ses.tas.gov.au\/about\/get-involved\/\"},{\"@type\":\"ListItem\",\"position\":4,\"name\":\"Awards\",\"item\":\"https:\/\/www.ses.tas.gov.au\/about\/get-involved\/awards\/\"},{\"@type\":\"ListItem\",\"position\":5,\"name\":\"Tasmania Emergency Services Medal Honours List\"}]},{\"@type\":\"WebSite\",\"@id\":\"http:\/\/localhost\/#website\",\"url\":\"http:\/\/localhost\/\",\"name\":\"Tasmania State Emergency Service\",\"description\":\"\",\"potentialAction\":[{\"@type\":\"SearchAction\",\"target\":{\"@type\":\"EntryPoint\",\"urlTemplate\":\"http:\/\/localhost\/?s={search_term_string}\"},\"query-input\":{\"@type\":\"PropertyValueSpecification\",\"valueRequired\":true,\"valueName\":\"search_term_string\"}}],\"inLanguage\":\"vi\"}]}<\/script>\n<!-- \/ Yoast SEO plugin. -->","yoast_head_json":{"title":"Tasmania Emergency Services Medal Honours List - Tasmania State Emergency Service","robots":{"index":"index","follow":"follow","max-snippet":"max-snippet:-1","max-image-preview":"max-image-preview:large","max-video-preview":"max-video-preview:-1"},"canonical":"https:\/\/www.ses.tas.gov.au\/vi\/about\/get-involved\/awards\/tasmania-emergency-services-medal-honours-list\/","og_locale":"vi_VN","og_type":"article","og_title":"Tasmania Emergency Services Medal Honours List - Tasmania State Emergency Service","og_description":"YEAR RECIPIENTS 2025 Bianca CallinanCoordinator OperationsState Operations Paul Le FevreSES VolunteerNorthern Region Curtis SalterSES VolunteerSouthern Region 2024 Raymond CooperSES VolunteerSouthern Midlands Unit Brian JamesSES VolunteerWest Tamar Unit Frances ManningSES VolunteerNorthern&hellip;","og_url":"https:\/\/www.ses.tas.gov.au\/vi\/about\/get-involved\/awards\/tasmania-emergency-services-medal-honours-list\/","og_site_name":"Tasmania State Emergency Service","article_modified_time":"2025-11-12T02:05:42+00:00","twitter_card":"summary_large_image","twitter_misc":{"Est. reading time":"3 minutes"},"schema":{"@context":"https:\/\/schema.org","@graph":[{"@type":"WebPage","@id":"https:\/\/www.ses.tas.gov.au\/about\/get-involved\/awards\/tasmania-emergency-services-medal-honours-list\/","url":"https:\/\/www.ses.tas.gov.au\/about\/get-involved\/awards\/tasmania-emergency-services-medal-honours-list\/","name":"Tasmania Emergency Services Medal Honours List - Tasmania State Emergency Service","isPartOf":{"@id":"http:\/\/localhost\/#website"},"datePublished":"2022-06-15T06:24:58+00:00","dateModified":"2025-11-12T02:05:42+00:00","breadcrumb":{"@id":"https:\/\/www.ses.tas.gov.au\/about\/get-involved\/awards\/tasmania-emergency-services-medal-honours-list\/#breadcrumb"},"inLanguage":"vi","potentialAction":[{"@type":"ReadAction","target":["https:\/\/www.ses.tas.gov.au\/about\/get-involved\/awards\/tasmania-emergency-services-medal-honours-list\/"]}]},{"@type":"BreadcrumbList","@id":"https:\/\/www.ses.tas.gov.au\/about\/get-involved\/awards\/tasmania-emergency-services-medal-honours-list\/#breadcrumb","itemListElement":[{"@type":"ListItem","position":1,"name":"Home","item":"https:\/\/www.ses.tas.gov.au\/"},{"@type":"ListItem","position":2,"name":"About","item":"https:\/\/www.ses.tas.gov.au\/about\/"},{"@type":"ListItem","position":3,"name":"Get involved","item":"https:\/\/www.ses.tas.gov.au\/about\/get-involved\/"},{"@type":"ListItem","position":4,"name":"Awards","item":"https:\/\/www.ses.tas.gov.au\/about\/get-involved\/awards\/"},{"@type":"ListItem","position":5,"name":"Tasmania Emergency Services Medal Honours List"}]},{"@type":"WebSite","@id":"http:\/\/localhost\/#website","url":"http:\/\/localhost\/","name":"Tasmania State Emergency Service","description":"","potentialAction":[{"@type":"SearchAction","target":{"@type":"EntryPoint","urlTemplate":"http:\/\/localhost\/?s={search_term_string}"},"query-input":{"@type":"PropertyValueSpecification","valueRequired":true,"valueName":"search_term_string"}}],"inLanguage":"vi"}]}},"_links":{"self":[{"href":"https:\/\/www.ses.tas.gov.au\/vi\/wp-json\/wp\/v2\/pages\/6932","targetHints":{"allow":["GET"]}}],"collection":[{"href":"https:\/\/www.ses.tas.gov.au\/vi\/wp-json\/wp\/v2\/pages"}],"about":[{"href":"https:\/\/www.ses.tas.gov.au\/vi\/wp-json\/wp\/v2\/types\/page"}],"author":[{"embeddable":true,"href":"https:\/\/www.ses.tas.gov.au\/vi\/wp-json\/wp\/v2\/users\/3"}],"replies":[{"embeddable":true,"href":"https:\/\/www.ses.tas.gov.au\/vi\/wp-json\/wp\/v2\/comments?post=6932"}],"version-history":[{"count":6,"href":"https:\/\/www.ses.tas.gov.au\/vi\/wp-json\/wp\/v2\/pages\/6932\/revisions"}],"predecessor-version":[{"id":10522,"href":"https:\/\/www.ses.tas.gov.au\/vi\/wp-json\/wp\/v2\/pages\/6932\/revisions\/10522"}],"up":[{"embeddable":true,"href":"https:\/\/www.ses.tas.gov.au\/vi\/wp-json\/wp\/v2\/pages\/268"}],"wp:attachment":[{"href":"https:\/\/www.ses.tas.gov.au\/vi\/wp-json\/wp\/v2\/media?parent=6932"}],"curies":[{"name":"wp","href":"https:\/\/api.w.org\/{rel}","templated":true}]}}