{"id":348,"date":"2018-10-31T23:31:03","date_gmt":"2018-10-31T23:31:03","guid":{"rendered":"https:\/\/www.ses.tas.gov.au\/?page_id=348"},"modified":"2022-10-17T11:06:25","modified_gmt":"2022-10-17T00:06:25","slug":"accessibility-services","status":"publish","type":"page","link":"https:\/\/www.ses.tas.gov.au\/vi\/accessibility-services\/","title":{"rendered":"D\u1ecbch v\u1ee5 tr\u1ee3 n\u0103ng"},"content":{"rendered":"<p><img loading=\"lazy\" decoding=\"async\" class=\"wp-image-349 alignright\" src=\"https:\/\/d2tv960yzi0spr.cloudfront.net\/uploads\/2018\/10\/NationalRelayService.png\" alt=\"\" width=\"153\" height=\"137\" \/>If you are deaf or have a hearing impairment or speech impairment, contact us through the\u00a0<a href=\"https:\/\/nrschat.nrscall.gov.au\/nrs\/internetrelay\">D\u1ecbch v\u1ee5 Chuy\u1ec3n ti\u1ebfp Qu\u1ed1c gia<\/a>.<\/p>\n<ul>\n<li>TTY users phone 133 677 then ask for 131 444 (for non-emergencies). In an emergency, TTY users dial 106 directly on their TTY.<\/li>\n<li>Speak and Listen users phone 1300 555 727 then ask for 131 444 (for non-emergencies) or 000 (in an emergency).<\/li>\n<li>Internet relay users\u00a0<a href=\"https:\/\/nrschat.nrscall.gov.au\/nrs\/internetrelay\">connect to the NRS<\/a>\u00a0\u00a0then ask for 131 444 (for non-emergencies) or 000 (in an emergency).<\/li>\n<\/ul>\n<p>Further information can be obtained from the\u00a0<a href=\"https:\/\/nrschat.nrscall.gov.au\/nrs\/internetrelay\">D\u1ecbch v\u1ee5 Chuy\u1ec3n ti\u1ebfp Qu\u1ed1c gia<\/a>\u00a0\u00a0trang web.<\/p>\n<h2>N\u1ebfu b\u1ea1n c\u1ea7n th\u00f4ng d\u1ecbch vi\u00ean, h\u00e3y g\u1ecdi s\u1ed1 13 14 50<\/h2>\n<p><img loading=\"lazy\" decoding=\"async\" class=\"alignnone wp-image-3734 size-medium\" src=\"https:\/\/d2tv960yzi0spr.cloudfront.net\/uploads\/2020\/07\/If-you-need-an-interpreter-button-300x104.png\" alt=\"If you need an interpreter phone 13 14 50\" width=\"300\" height=\"104\" srcset=\"https:\/\/d2tv960yzi0spr.cloudfront.net\/uploads\/2020\/07\/If-you-need-an-interpreter-button-300x104.png 300w, https:\/\/d2tv960yzi0spr.cloudfront.net\/uploads\/2020\/07\/If-you-need-an-interpreter-button.png 712w\" sizes=\"auto, (max-width: 300px) 100vw, 300px\" \/><\/p>\n<h3>Accessibility<\/h3>\n<p>The State Emergency Service strives to ensure our services, information and facilities are equally accessible to people with disability, their families and carers.<\/p>\n<h3>Comments or suggestions<\/h3>\n<p>People with disability are encouraged to email\u00a0<a href=\"mailto:ses@ses.tas.gov.au\">ses@ses.tas.gov.au<\/a>\u00a0with comments or suggestions on how SES can improve accessibility.\u00a0 People with disability, their families and carers can be assured that providing negative comments will not result in unfavourable treatment.<\/p>\n<h3>Request an alternate document format<\/h3>\n<p>Where possible PDF documents have been supplied in an alternate format, however, if you require a document in a specific format, email us at\u00a0<a href=\"mailto:ses@ses.tas.gov.au\">ses@ses.tas.gov.au<\/a> v\u00e0 cho ch\u00fang t\u00f4i bi\u1ebft.<\/p>\n<h3>The Tasmanian Government and disability<\/h3>\n<p>For more information about how the Tasmanian Government is improving access to information and services for people with disability, read the\u00a0T<a href=\"https:\/\/www.dpac.tas.gov.au\/divisions\/cpp\/community-and-disability-services\/accessible_island_tasmanias_disability_framework_for_action_2018-2021_dfa.\">asmanian Government Disability Framework for Action.<\/a><\/p>","protected":false},"excerpt":{"rendered":"<p>If you are deaf or have a hearing impairment or speech impairment, contact us through the\u00a0National Relay Service. TTY users phone 133 677 then ask for 131 444 (for non-emergencies).&hellip;<\/p>","protected":false},"author":1,"featured_media":0,"parent":0,"menu_order":162,"comment_status":"closed","ping_status":"closed","template":"","meta":{"_acf_changed":false,"_monsterinsights_skip_tracking":false,"_monsterinsights_sitenote_active":false,"_monsterinsights_sitenote_note":"","_monsterinsights_sitenote_category":0,"footnotes":""},"class_list":["post-348","page","type-page","status-publish","hentry"],"acf":[],"yoast_head":"<!-- This site is optimized with the Yoast SEO plugin v24.9 - https:\/\/yoast.com\/wordpress\/plugins\/seo\/ -->\n<title>Accessibility Services - Tasmania State Emergency Service<\/title>\n<meta name=\"robots\" content=\"index, follow, max-snippet:-1, max-image-preview:large, max-video-preview:-1\" \/>\n<link rel=\"canonical\" href=\"https:\/\/www.ses.tas.gov.au\/vi\/accessibility-services\/\" \/>\n<meta property=\"og:locale\" content=\"vi_VN\" \/>\n<meta property=\"og:type\" content=\"article\" \/>\n<meta property=\"og:title\" content=\"Accessibility Services - Tasmania State Emergency Service\" \/>\n<meta property=\"og:description\" content=\"If you are deaf or have a hearing impairment or speech impairment, contact us through the\u00a0National Relay Service. TTY users phone 133 677 then ask for 131 444 (for non-emergencies).&hellip;\" \/>\n<meta property=\"og:url\" content=\"https:\/\/www.ses.tas.gov.au\/vi\/accessibility-services\/\" \/>\n<meta property=\"og:site_name\" content=\"Tasmania State Emergency Service\" \/>\n<meta property=\"article:modified_time\" content=\"2022-10-17T00:06:25+00:00\" \/>\n<meta property=\"og:image\" content=\"https:\/\/d2kpbjo3hey01t.cloudfront.net\/uploads\/2018\/10\/NationalRelayService.png\" \/>\n<meta name=\"twitter:card\" content=\"summary_large_image\" \/>\n<meta name=\"twitter:label1\" content=\"Est. reading time\" \/>\n\t<meta name=\"twitter:data1\" content=\"1 minute\" \/>\n<script type=\"application\/ld+json\" class=\"yoast-schema-graph\">{\"@context\":\"https:\/\/schema.org\",\"@graph\":[{\"@type\":\"WebPage\",\"@id\":\"https:\/\/www.ses.tas.gov.au\/accessibility-services\/\",\"url\":\"https:\/\/www.ses.tas.gov.au\/accessibility-services\/\",\"name\":\"Accessibility Services - Tasmania State Emergency Service\",\"isPartOf\":{\"@id\":\"http:\/\/localhost\/#website\"},\"primaryImageOfPage\":{\"@id\":\"https:\/\/www.ses.tas.gov.au\/accessibility-services\/#primaryimage\"},\"image\":{\"@id\":\"https:\/\/www.ses.tas.gov.au\/accessibility-services\/#primaryimage\"},\"thumbnailUrl\":\"https:\/\/d2tv960yzi0spr.cloudfront.net\/uploads\/2018\/10\/NationalRelayService.png\",\"datePublished\":\"2018-10-31T23:31:03+00:00\",\"dateModified\":\"2022-10-17T00:06:25+00:00\",\"breadcrumb\":{\"@id\":\"https:\/\/www.ses.tas.gov.au\/accessibility-services\/#breadcrumb\"},\"inLanguage\":\"vi\",\"potentialAction\":[{\"@type\":\"ReadAction\",\"target\":[\"https:\/\/www.ses.tas.gov.au\/accessibility-services\/\"]}]},{\"@type\":\"ImageObject\",\"inLanguage\":\"vi\",\"@id\":\"https:\/\/www.ses.tas.gov.au\/accessibility-services\/#primaryimage\",\"url\":\"https:\/\/d2tv960yzi0spr.cloudfront.net\/uploads\/2018\/10\/NationalRelayService.png\",\"contentUrl\":\"https:\/\/d2tv960yzi0spr.cloudfront.net\/uploads\/2018\/10\/NationalRelayService.png\"},{\"@type\":\"BreadcrumbList\",\"@id\":\"https:\/\/www.ses.tas.gov.au\/accessibility-services\/#breadcrumb\",\"itemListElement\":[{\"@type\":\"ListItem\",\"position\":1,\"name\":\"Home\",\"item\":\"https:\/\/www.ses.tas.gov.au\/\"},{\"@type\":\"ListItem\",\"position\":2,\"name\":\"Accessibility Services\"}]},{\"@type\":\"WebSite\",\"@id\":\"http:\/\/localhost\/#website\",\"url\":\"http:\/\/localhost\/\",\"name\":\"Tasmania State Emergency Service\",\"description\":\"\",\"potentialAction\":[{\"@type\":\"SearchAction\",\"target\":{\"@type\":\"EntryPoint\",\"urlTemplate\":\"http:\/\/localhost\/?s={search_term_string}\"},\"query-input\":{\"@type\":\"PropertyValueSpecification\",\"valueRequired\":true,\"valueName\":\"search_term_string\"}}],\"inLanguage\":\"vi\"}]}<\/script>\n<!-- \/ Yoast SEO plugin. -->","yoast_head_json":{"title":"Accessibility Services - Tasmania State Emergency Service","robots":{"index":"index","follow":"follow","max-snippet":"max-snippet:-1","max-image-preview":"max-image-preview:large","max-video-preview":"max-video-preview:-1"},"canonical":"https:\/\/www.ses.tas.gov.au\/vi\/accessibility-services\/","og_locale":"vi_VN","og_type":"article","og_title":"Accessibility Services - Tasmania State Emergency Service","og_description":"If you are deaf or have a hearing impairment or speech impairment, contact us through the\u00a0National Relay Service. TTY users phone 133 677 then ask for 131 444 (for non-emergencies).&hellip;","og_url":"https:\/\/www.ses.tas.gov.au\/vi\/accessibility-services\/","og_site_name":"Tasmania State Emergency Service","article_modified_time":"2022-10-17T00:06:25+00:00","og_image":[{"url":"https:\/\/d2kpbjo3hey01t.cloudfront.net\/uploads\/2018\/10\/NationalRelayService.png","type":"","width":"","height":""}],"twitter_card":"summary_large_image","twitter_misc":{"Est. reading time":"1 minute"},"schema":{"@context":"https:\/\/schema.org","@graph":[{"@type":"WebPage","@id":"https:\/\/www.ses.tas.gov.au\/accessibility-services\/","url":"https:\/\/www.ses.tas.gov.au\/accessibility-services\/","name":"Accessibility Services - Tasmania State Emergency Service","isPartOf":{"@id":"http:\/\/localhost\/#website"},"primaryImageOfPage":{"@id":"https:\/\/www.ses.tas.gov.au\/accessibility-services\/#primaryimage"},"image":{"@id":"https:\/\/www.ses.tas.gov.au\/accessibility-services\/#primaryimage"},"thumbnailUrl":"https:\/\/d2tv960yzi0spr.cloudfront.net\/uploads\/2018\/10\/NationalRelayService.png","datePublished":"2018-10-31T23:31:03+00:00","dateModified":"2022-10-17T00:06:25+00:00","breadcrumb":{"@id":"https:\/\/www.ses.tas.gov.au\/accessibility-services\/#breadcrumb"},"inLanguage":"vi","potentialAction":[{"@type":"ReadAction","target":["https:\/\/www.ses.tas.gov.au\/accessibility-services\/"]}]},{"@type":"ImageObject","inLanguage":"vi","@id":"https:\/\/www.ses.tas.gov.au\/accessibility-services\/#primaryimage","url":"https:\/\/d2tv960yzi0spr.cloudfront.net\/uploads\/2018\/10\/NationalRelayService.png","contentUrl":"https:\/\/d2tv960yzi0spr.cloudfront.net\/uploads\/2018\/10\/NationalRelayService.png"},{"@type":"BreadcrumbList","@id":"https:\/\/www.ses.tas.gov.au\/accessibility-services\/#breadcrumb","itemListElement":[{"@type":"ListItem","position":1,"name":"Home","item":"https:\/\/www.ses.tas.gov.au\/"},{"@type":"ListItem","position":2,"name":"Accessibility Services"}]},{"@type":"WebSite","@id":"http:\/\/localhost\/#website","url":"http:\/\/localhost\/","name":"Tasmania State Emergency Service","description":"","potentialAction":[{"@type":"SearchAction","target":{"@type":"EntryPoint","urlTemplate":"http:\/\/localhost\/?s={search_term_string}"},"query-input":{"@type":"PropertyValueSpecification","valueRequired":true,"valueName":"search_term_string"}}],"inLanguage":"vi"}]}},"_links":{"self":[{"href":"https:\/\/www.ses.tas.gov.au\/vi\/wp-json\/wp\/v2\/pages\/348","targetHints":{"allow":["GET"]}}],"collection":[{"href":"https:\/\/www.ses.tas.gov.au\/vi\/wp-json\/wp\/v2\/pages"}],"about":[{"href":"https:\/\/www.ses.tas.gov.au\/vi\/wp-json\/wp\/v2\/types\/page"}],"author":[{"embeddable":true,"href":"https:\/\/www.ses.tas.gov.au\/vi\/wp-json\/wp\/v2\/users\/1"}],"replies":[{"embeddable":true,"href":"https:\/\/www.ses.tas.gov.au\/vi\/wp-json\/wp\/v2\/comments?post=348"}],"version-history":[{"count":14,"href":"https:\/\/www.ses.tas.gov.au\/vi\/wp-json\/wp\/v2\/pages\/348\/revisions"}],"predecessor-version":[{"id":7308,"href":"https:\/\/www.ses.tas.gov.au\/vi\/wp-json\/wp\/v2\/pages\/348\/revisions\/7308"}],"wp:attachment":[{"href":"https:\/\/www.ses.tas.gov.au\/vi\/wp-json\/wp\/v2\/media?parent=348"}],"curies":[{"name":"wp","href":"https:\/\/api.w.org\/{rel}","templated":true}]}}