{"id":310,"date":"2018-10-31T22:33:47","date_gmt":"2018-10-31T22:33:47","guid":{"rendered":"https:\/\/www.ses.tas.gov.au\/?page_id=310"},"modified":"2025-04-28T13:22:05","modified_gmt":"2025-04-28T03:22:05","slug":"landslide","status":"publish","type":"page","link":"https:\/\/www.ses.tas.gov.au\/vi\/plan-prepare\/landslide\/","title":{"rendered":"S\u1ea1t l\u1edf \u0111\u1ea5t \u1edf Tasmania"},"content":{"rendered":"<p>N\u1ebfu b\u1ea1n \u0111ang \u1edf khu v\u1ef1c d\u1ec5 x\u1ea3y ra s\u1ea1t l\u1edf \u0111\u1ea5t, m\u01b0a l\u1edbn c\u00f3 th\u1ec3 g\u00e2y ra s\u1ea1t l\u1edf \u0111\u1ea5t \u0111\u1ed9t ng\u1ed9t. S\u1ea1t l\u1edf \u0111\u1ea5t c\u0169ng c\u00f3 th\u1ec3 di chuy\u1ec3n ch\u1eadm v\u00e0 x\u1ea3y ra trong nhi\u1ec1u th\u00e1ng ho\u1eb7c nhi\u1ec1u n\u0103m.<\/p>\n<h2><a name=\"_Toc192102673\"><\/a>Trong m\u1ed9t v\u1ee5 s\u1ea1t l\u1edf \u0111\u1ea5t<\/h2>\n<p>N\u1ebfu l\u1edf \u0111\u1ea5t c\u00f3 th\u1ec3 \u1ea3nh h\u01b0\u1edfng \u0111\u1ebfn t\u00e0i s\u1ea3n c\u1ee7a b\u1ea1n<\/p>\n<ul>\n<li>N\u1ebfu c\u00f3 v\u1ebb nh\u01b0 m\u1ed9t v\u1ee5 l\u1edf \u0111\u1ea5t \u0111ang x\u1ea3y ra nhanh ch\u00f3ng, h\u00e3y r\u1eddi \u0111i ngay l\u1eadp t\u1ee9c.<\/li>\n<li>Th\u00f4ng b\u00e1o cho gi\u1edbi ch\u1ee9c c\u00f3 th\u1ea9m quy\u1ec1n n\u1ebfu x\u1ea3y ra d\u1ecbch chuy\u1ec3n \u0111\u1ea5t \u0111\u00e1.\n<ul>\n<li>\u0111\u00e3 x\u1ea3y ra, ho\u1eb7c<\/li>\n<li>c\u00f3 d\u1ea5u hi\u1ec7u s\u1eafp g\u1eb7p s\u1ef1 c\u1ed1 s\u1eafp x\u1ea3y ra.<\/li>\n<\/ul>\n<\/li>\n<li>Th\u00f4ng b\u00e1o cho h\u00e0ng x\u00f3m v\u00ec h\u1ecd c\u0169ng c\u00f3 th\u1ec3 b\u1ecb \u1ea3nh h\u01b0\u1edfng b\u1edfi v\u1ee5 s\u1ea1t l\u1edf, \u0111\u1eb7c bi\u1ec7t n\u1ebfu nh\u00e0 h\u1ecd \u1edf d\u01b0\u1edbi s\u01b0\u1eddn d\u1ed1c.<\/li>\n<\/ul>\n<h2><a name=\"_Toc192102674\"><\/a>Sau v\u1ee5 l\u1edf \u0111\u1ea5t<\/h2>\n<ul>\n<li>Tr\u00e1nh xa c\u00e1c khu v\u1ef1c kh\u00f4ng \u1ed5n \u0111\u1ecbnh. C\u00e1c khu v\u1ef1c kh\u00f4ng \u1ed5n \u0111\u1ecbnh c\u00f3 th\u1ec3 ti\u1ebfp t\u1ee5c lan r\u1ed9ng ra m\u1ecdi h\u01b0\u1edbng.<\/li>\n<li>T\u1eaft n\u01b0\u1edbc, gas v\u00e0 \u0111i\u1ec7n.<\/li>\n<li>\u0110\u1ea3m b\u1ea3o nh\u1eefng ng\u01b0\u1eddi kh\u00e1c nh\u1eadn th\u1ee9c \u0111\u01b0\u1ee3c nguy hi\u1ec3m (v\u00ed d\u1ee5: \u0111\u00e1 l\u1edf xu\u1ed1ng \u0111\u01b0\u1eddng).<\/li>\n<\/ul>\n<p>N\u1ebfu b\u1ea1n \u0111\u00e3 b\u1ecb \u1ea3nh h\u01b0\u1edfng b\u1edfi m\u1ed9t v\u1ee5 s\u1ea1t l\u1edf \u0111\u1ea5t, h\u00e3y d\u1ef1 ki\u1ebfn<\/p>\n<ul>\n<li>chuy\u1ec3n \u0111\u1ed9ng \u0111ang di\u1ec5n ra c\u1ee7a thanh tr\u01b0\u1ee3t,<\/li>\n<li>s\u1ef1 r\u01a1i ho\u1eb7c ch\u1ea3y li\u00ean t\u1ee5c c\u1ee7a v\u1eadt li\u1ec7u.<\/li>\n<\/ul>\n<h2><a name=\"_Toc192102675\"><\/a>Bi\u1ebft r\u1ee7i ro c\u1ee7a b\u1ea1n<\/h2>\n<p>Xem <a href=\"https:\/\/alert.tas.gov.au\/get-ready\/risk-ready\/\">C\u00f4ng c\u1ee5 Chu\u1ea9n b\u1ecb \u0110\u1ed1i ph\u00f3 R\u1ee7i ro c\u1ee7a TasALERT<\/a> \u0111\u1ec3 xem t\u00e0i s\u1ea3n c\u1ee7a b\u1ea1n c\u00f3 nguy c\u01a1<\/p>\n<ul>\n<li>s\u1ea1t l\u1edf \u0111\u1ea5t ho\u1eb7c<\/li>\n<li>x\u00f3i m\u00f2n b\u1edd bi\u1ec3n.<\/li>\n<\/ul>\n<p>Quy ho\u1ea1ch s\u1eed d\u1ee5ng \u0111\u1ea5t gi\u00fap tr\u00e1nh vi\u1ec7c x\u00e2y d\u1ef1ng \u1edf nh\u1eefng khu v\u1ef1c d\u1ec5 x\u1ea3y ra s\u1ea1t l\u1edf \u0111\u1ea5t, nh\u01b0ng c\u00f3 m\u1ed9t s\u1ed1 khu v\u1ef1c m\u00e0 s\u1ea1t l\u1edf \u0111\u1ea5t c\u00f3 th\u1ec3 \u1ea3nh h\u01b0\u1edfng \u0111\u1ebfn c\u00e1c t\u00f2a nh\u00e0 ho\u1eb7c \u0111\u01b0\u1eddng b\u1ed9.<\/p>\n<h2><a name=\"_Toc192102676\"><\/a>Gi\u1ea3m thi\u1ec3u nguy c\u01a1 s\u1ea1t l\u1edf \u0111\u1ea5t c\u1ee7a b\u1ea1n<\/h2>\n<ul>\n<li>T\u00ecm hi\u1ec3u v\u1ec1 nguy c\u01a1 s\u1ea1t l\u1edf \u0111\u1ea5t t\u1ea1i khu v\u1ef1c c\u1ee7a b\u1ea1n \u2013 xem <a href=\"https:\/\/alert.tas.gov.au\/get-ready\/risk-ready\/\">C\u00f4ng c\u1ee5 RiskReady c\u1ee7a TasALERT<\/a>.\u00a0<\/li>\n<li>Xin l\u01b0u \u00fd r\u1eb1ng b\u1ea3o hi\u1ec3m s\u1ea1t l\u1edf \u0111\u1ea5t kh\u00f4ng c\u00f3 s\u1eb5n \u1edf b\u1ea5t k\u1ef3 \u0111\u00e2u t\u1ea1i \u00dac.<\/li>\n<li>Tu\u00e2n th\u1ee7 quy ho\u1ea1ch s\u1eed d\u1ee5ng \u0111\u1ea5t v\u00e0 c\u00e1c quy \u0111\u1ecbnh v\u1ec1 x\u00e2y d\u1ef1ng v\u1ec1 \u1ed5n \u0111\u1ecbnh m\u00e1i d\u1ed1c.<\/li>\n<li>\u0110\u1ea3m b\u1ea3o r\u1eb1ng b\u1ea5t k\u1ef3 c\u00f4ng vi\u1ec7c x\u00e2y d\u1ef1ng n\u00e0o kh\u00f4ng l\u00e0m t\u0103ng nguy c\u01a1 s\u1ea1t l\u1edf \u0111\u1ea5t. T\u1ed5 ch\u1ee9c \u0111\u00e1nh gi\u00e1 r\u1ee7i ro s\u1ea1t l\u1edf \u0111\u1ea5t b\u1edfi m\u1ed9t chuy\u00ean gia c\u00f3 tr\u00ecnh \u0111\u1ed9 ph\u00f9 h\u1ee3p.<\/li>\n<li>T\u00ecm hi\u1ec3u c\u00e1ch nh\u1eadn bi\u1ebft c\u00e1c d\u1ea5u hi\u1ec7u s\u1edbm c\u1ee7a s\u1ea1t l\u1edf \u0111\u1ea5t.\n<ul>\n<li>C\u00e1c c\u1ea5u tr\u00fac b\u1eaft \u0111\u1ea7u di chuy\u1ec3n, ch\u1eb3ng h\u1ea1n nh\u01b0 s\u00e0n v\u00e0 s\u00e2n th\u01b0\u1ee3ng.<\/li>\n<li>C\u1eeda v\u00e0 c\u1eeda s\u1ed5 b\u1ecb k\u1eb9t do khung v\u00e0 khu\u00f4n c\u1eeda b\u1ecb cong v\u00eanh.<\/li>\n<li>S\u00e0n v\u00e0 m\u00f3ng b\u00ea t\u00f4ng b\u1ecb nghi\u00eang ho\u1eb7c n\u1ee9t.<\/li>\n<li>R\u00e0o ch\u1eafn ho\u1eb7c t\u01b0\u1eddng ch\u1eafn.<\/li>\n<li>C\u00e1c s\u1ef1 c\u1ed1 ng\u1eaft d\u1ecbch v\u1ee5, ch\u1eb3ng h\u1ea1n nh\u01b0 \u0111\u01b0\u1eddng \u1ed1ng n\u01b0\u1edbc v\u00e0 h\u1ec7 th\u1ed1ng tho\u00e1t n\u01b0\u1edbc b\u1ecb v\u1ee1.<\/li>\n<li>Nh\u1eefng v\u1ebft n\u1ee9t d\u00e0i, li\u00ean t\u1ee5c (th\u01b0\u1eddng cong) xu\u1ea5t hi\u1ec7n tr\u00ean m\u1eb7t \u0111\u1ea5t.<\/li>\n<li>M\u1eb7t \u0111\u1ea5t r\u01a1i ho\u1eb7c nh\u00f4 l\u00ean.<\/li>\n<\/ul>\n<\/li>\n<\/ul>\n<h2>Th\u00f4ng tin th\u00eam<\/h2>\n<ul>\n<li><a href=\"\/vi\/plan-prepare\/get-ready\/\">H\u00e3y s\u1eb5n s\u00e0ng cho c\u00e1c t\u00ecnh hu\u1ed1ng kh\u1ea9n c\u1ea5p <\/a>\u2013 H\u01b0\u1edbng d\u1eabn c\u00e1ch chu\u1ea9n b\u1ecb cho m\u1ecdi lo\u1ea1i t\u00ecnh hu\u1ed1ng kh\u1ea9n c\u1ea5p<a href=\"https:\/\/d2tv960yzi0spr.cloudfront.net\/uploads\/2024\/10\/Get-Ready-Emergency_Digital_7-Oct-2024-ART.pdf\">T\u1ea3i v\u1ec1 PDF<\/a>).<\/li>\n<li><a href=\"https:\/\/www.ses.tas.gov.au\/vi\/plan-prepare\/other-emergencies\/\">T\u00ecm hi\u1ec3u v\u1ec1 c\u00e1c m\u1ed1i nguy hi\u1ec3m kh\u00e1c \u1edf Tasmania<\/a><\/li>\n<li><a href=\"https:\/\/www.mrt.tas.gov.au\/\">T\u00e0i nguy\u00ean Kho\u00e1ng s\u1ea3n Tasmania<\/a><\/li>\n<\/ul>\n\n\n<p><\/p>","protected":false},"excerpt":{"rendered":"<p>If you are in an area prone to landslip, heavy rain may cause sudden impact landslides. Landslips can also be slow moving and happen over many months or years. During&hellip;<\/p>","protected":false},"author":1,"featured_media":0,"parent":65,"menu_order":130,"comment_status":"closed","ping_status":"closed","template":"","meta":{"_acf_changed":false,"_monsterinsights_skip_tracking":false,"_monsterinsights_sitenote_active":false,"_monsterinsights_sitenote_note":"","_monsterinsights_sitenote_category":0,"footnotes":""},"class_list":["post-310","page","type-page","status-publish","hentry"],"acf":[],"yoast_head":"<!-- This site is optimized with the Yoast SEO plugin v24.9 - https:\/\/yoast.com\/wordpress\/plugins\/seo\/ -->\n<title>Landslides in Tasmania - Tasmania State Emergency Service<\/title>\n<meta name=\"robots\" content=\"index, follow, max-snippet:-1, max-image-preview:large, max-video-preview:-1\" \/>\n<link rel=\"canonical\" href=\"https:\/\/www.ses.tas.gov.au\/vi\/plan-prepare\/landslide\/\" \/>\n<meta property=\"og:locale\" content=\"vi_VN\" \/>\n<meta property=\"og:type\" content=\"article\" \/>\n<meta property=\"og:title\" content=\"Landslides in Tasmania - Tasmania State Emergency Service\" \/>\n<meta property=\"og:description\" content=\"If you are in an area prone to landslip, heavy rain may cause sudden impact landslides. Landslips can also be slow moving and happen over many months or years. During&hellip;\" \/>\n<meta property=\"og:url\" content=\"https:\/\/www.ses.tas.gov.au\/vi\/plan-prepare\/landslide\/\" \/>\n<meta property=\"og:site_name\" content=\"Tasmania State Emergency Service\" \/>\n<meta property=\"article:modified_time\" content=\"2025-04-28T03:22:05+00:00\" \/>\n<meta name=\"twitter:card\" content=\"summary_large_image\" \/>\n<meta name=\"twitter:label1\" content=\"Est. reading time\" \/>\n\t<meta name=\"twitter:data1\" content=\"2 minutes\" \/>\n<script type=\"application\/ld+json\" class=\"yoast-schema-graph\">{\"@context\":\"https:\/\/schema.org\",\"@graph\":[{\"@type\":\"WebPage\",\"@id\":\"https:\/\/www.ses.tas.gov.au\/plan-prepare\/landslide\/\",\"url\":\"https:\/\/www.ses.tas.gov.au\/plan-prepare\/landslide\/\",\"name\":\"Landslides in Tasmania - Tasmania State Emergency Service\",\"isPartOf\":{\"@id\":\"http:\/\/localhost\/#website\"},\"datePublished\":\"2018-10-31T22:33:47+00:00\",\"dateModified\":\"2025-04-28T03:22:05+00:00\",\"breadcrumb\":{\"@id\":\"https:\/\/www.ses.tas.gov.au\/plan-prepare\/landslide\/#breadcrumb\"},\"inLanguage\":\"vi\",\"potentialAction\":[{\"@type\":\"ReadAction\",\"target\":[\"https:\/\/www.ses.tas.gov.au\/plan-prepare\/landslide\/\"]}]},{\"@type\":\"BreadcrumbList\",\"@id\":\"https:\/\/www.ses.tas.gov.au\/plan-prepare\/landslide\/#breadcrumb\",\"itemListElement\":[{\"@type\":\"ListItem\",\"position\":1,\"name\":\"Home\",\"item\":\"https:\/\/www.ses.tas.gov.au\/\"},{\"@type\":\"ListItem\",\"position\":2,\"name\":\"Get ready\",\"item\":\"https:\/\/www.ses.tas.gov.au\/plan-prepare\/\"},{\"@type\":\"ListItem\",\"position\":3,\"name\":\"Landslides in Tasmania\"}]},{\"@type\":\"WebSite\",\"@id\":\"http:\/\/localhost\/#website\",\"url\":\"http:\/\/localhost\/\",\"name\":\"Tasmania State Emergency Service\",\"description\":\"\",\"potentialAction\":[{\"@type\":\"SearchAction\",\"target\":{\"@type\":\"EntryPoint\",\"urlTemplate\":\"http:\/\/localhost\/?s={search_term_string}\"},\"query-input\":{\"@type\":\"PropertyValueSpecification\",\"valueRequired\":true,\"valueName\":\"search_term_string\"}}],\"inLanguage\":\"vi\"}]}<\/script>\n<!-- \/ Yoast SEO plugin. -->","yoast_head_json":{"title":"Landslides in Tasmania - Tasmania State Emergency Service","robots":{"index":"index","follow":"follow","max-snippet":"max-snippet:-1","max-image-preview":"max-image-preview:large","max-video-preview":"max-video-preview:-1"},"canonical":"https:\/\/www.ses.tas.gov.au\/vi\/plan-prepare\/landslide\/","og_locale":"vi_VN","og_type":"article","og_title":"Landslides in Tasmania - Tasmania State Emergency Service","og_description":"If you are in an area prone to landslip, heavy rain may cause sudden impact landslides. Landslips can also be slow moving and happen over many months or years. During&hellip;","og_url":"https:\/\/www.ses.tas.gov.au\/vi\/plan-prepare\/landslide\/","og_site_name":"Tasmania State Emergency Service","article_modified_time":"2025-04-28T03:22:05+00:00","twitter_card":"summary_large_image","twitter_misc":{"Est. reading time":"2 minutes"},"schema":{"@context":"https:\/\/schema.org","@graph":[{"@type":"WebPage","@id":"https:\/\/www.ses.tas.gov.au\/plan-prepare\/landslide\/","url":"https:\/\/www.ses.tas.gov.au\/plan-prepare\/landslide\/","name":"Landslides in Tasmania - Tasmania State Emergency Service","isPartOf":{"@id":"http:\/\/localhost\/#website"},"datePublished":"2018-10-31T22:33:47+00:00","dateModified":"2025-04-28T03:22:05+00:00","breadcrumb":{"@id":"https:\/\/www.ses.tas.gov.au\/plan-prepare\/landslide\/#breadcrumb"},"inLanguage":"vi","potentialAction":[{"@type":"ReadAction","target":["https:\/\/www.ses.tas.gov.au\/plan-prepare\/landslide\/"]}]},{"@type":"BreadcrumbList","@id":"https:\/\/www.ses.tas.gov.au\/plan-prepare\/landslide\/#breadcrumb","itemListElement":[{"@type":"ListItem","position":1,"name":"Home","item":"https:\/\/www.ses.tas.gov.au\/"},{"@type":"ListItem","position":2,"name":"Get ready","item":"https:\/\/www.ses.tas.gov.au\/plan-prepare\/"},{"@type":"ListItem","position":3,"name":"Landslides in Tasmania"}]},{"@type":"WebSite","@id":"http:\/\/localhost\/#website","url":"http:\/\/localhost\/","name":"D\u1ecbch v\u1ee5 C\u1ea5p c\u1ee9u Bang Tasmania","description":"","potentialAction":[{"@type":"SearchAction","target":{"@type":"EntryPoint","urlTemplate":"http:\/\/localhost\/?s={search_term_string}"},"query-input":{"@type":"PropertyValueSpecification","valueRequired":true,"valueName":"search_term_string"}}],"inLanguage":"vi"}]}},"_links":{"self":[{"href":"https:\/\/www.ses.tas.gov.au\/vi\/wp-json\/wp\/v2\/pages\/310","targetHints":{"allow":["GET"]}}],"collection":[{"href":"https:\/\/www.ses.tas.gov.au\/vi\/wp-json\/wp\/v2\/pages"}],"about":[{"href":"https:\/\/www.ses.tas.gov.au\/vi\/wp-json\/wp\/v2\/types\/page"}],"author":[{"embeddable":true,"href":"https:\/\/www.ses.tas.gov.au\/vi\/wp-json\/wp\/v2\/users\/1"}],"replies":[{"embeddable":true,"href":"https:\/\/www.ses.tas.gov.au\/vi\/wp-json\/wp\/v2\/comments?post=310"}],"version-history":[{"count":5,"href":"https:\/\/www.ses.tas.gov.au\/vi\/wp-json\/wp\/v2\/pages\/310\/revisions"}],"predecessor-version":[{"id":9752,"href":"https:\/\/www.ses.tas.gov.au\/vi\/wp-json\/wp\/v2\/pages\/310\/revisions\/9752"}],"up":[{"embeddable":true,"href":"https:\/\/www.ses.tas.gov.au\/vi\/wp-json\/wp\/v2\/pages\/65"}],"wp:attachment":[{"href":"https:\/\/www.ses.tas.gov.au\/vi\/wp-json\/wp\/v2\/media?parent=310"}],"curies":[{"name":"v\u1ea1n tu\u1ebf","href":"https:\/\/api.w.org\/{rel}","templated":true}]}}