{"id":308,"date":"2018-10-31T22:29:39","date_gmt":"2018-10-31T22:29:39","guid":{"rendered":"https:\/\/www.ses.tas.gov.au\/?page_id=308"},"modified":"2025-04-28T14:01:16","modified_gmt":"2025-04-28T04:01:16","slug":"tsunami","status":"publish","type":"page","link":"https:\/\/www.ses.tas.gov.au\/vi\/plan-prepare\/tsunami\/","title":{"rendered":"S\u00f3ng th\u1ea7n \u1edf Tasmania"},"content":{"rendered":"<h2>During a tsunami<\/h2>\n<p>If a tsunami could impact Tasmania, there will be emergency warnings on<\/p>\n<ul>\n<li>TasALERT, and<\/li>\n<li>other channels.<\/li>\n<\/ul>\n<p>Remember, tsunami arrive on the coast as a series of waves. The first may not be the largest.<\/p>\n<h3>What to do if a tsunami warning affects you<\/h3>\n<p>There are 3 types of tsunami warning<\/p>\n<ul>\n<li>No threat tsunami<\/li>\n<li>Marine threat tsunami<\/li>\n<li>Land threat tsunami<\/li>\n<\/ul>\n<h4>No threat tsunami<\/h4>\n<p>No action needed. There is no danger.<\/p>\n<h4>Marine threat tsunami<\/h4>\n<p>Stay away from the shore.<\/p>\n<ul>\n<li>Monitor local TV or radio to assess the potential hazard near you. Circumstances with tsunami hazard can easily change due to\n<ul>\n<li>th\u1ee7y tri\u1ec1u<\/li>\n<li>storm surge, and<\/li>\n<li>other factors.<\/li>\n<\/ul>\n<\/li>\n<li>If you are\n<ul>\n<li>in the water, or<\/li>\n<li>on the waterfront on a beach or rocks,<\/li>\n<\/ul>\n<\/li>\n<\/ul>\n<p>move<\/p>\n<ul>\n<li>off the beach\/rocks and<\/li>\n<li>away from estuaries (river mouths).<\/li>\n<\/ul>\n<ul>\n<li>If you are in a vessel near shore\n<ul>\n<li>secure the vessel to a berth<\/li>\n<li>move away from the waterfront<\/li>\n<li>stay clear of marinas.<\/li>\n<\/ul>\n<\/li>\n<li>If at sea, stay in deep water until the hazard has passed.<\/li>\n<\/ul>\n<h4>Land threat tsunami<\/h4>\n<p>Move away from the shore immediately.<\/p>\n<ul>\n<li>If you are within 10 metres elevation from sea level, move to higher ground. There may be very little warning time.<\/li>\n<li>If you cannot reach high ground,\n<ul>\n<li>shelter in the upper floor of the closest sturdy building<\/li>\n<li>stay there until advised that it is safe to leave.<\/li>\n<\/ul>\n<\/li>\n<li>Keep checking local TV and radio.<\/li>\n<li>Follow the instructions of emergency services and local officials.<\/li>\n<li>Stay away from the coast until authorities say it is safe to return.<\/li>\n<li>NEVER go onto the beach, a breakwater, estuary or harbour to watch a tsunami.<\/li>\n<li>Stay away from the water\u2019s edge. A tsunami can move faster than people run.<\/li>\n<\/ul>\n<p>If you are on a ship or boat at sea<\/p>\n<ul>\n<li>move to deep water (at least 25 metres).<\/li>\n<li>Do not return to port until advised it is safe to do so.<\/li>\n<\/ul>\n<p>Damaging waves and unpredictable currents can affect harbours for some time after the first tsunami waves.<\/p>\n<p>If you are on a boat in shallow water<\/p>\n<ul>\n<li>close to shore and<\/li>\n<li>there is time<\/li>\n<\/ul>\n<p>return to land and secure your boat. Then move to high ground.<\/p>\n<p>NEVER return to low-lying areas unless emergency services tell you it is safe to do so.<\/p>\n<h2><a name=\"_Toc192102669\"><\/a>Get ready for tsunami<\/h2>\n<p>If you live on or regularly visit the coast<\/p>\n<ul>\n<li>Get to know the local tsunami history and flood prone areas \u2013 see <a href=\"https:\/\/alert.tas.gov.au\/get-ready\/risk-ready\/\">TasALERT&#8217;s RiskReady<\/a> tool for maps of areas prone to flooding and coastal inundation.<\/li>\n<li>Know\n<ul>\n<li>the nearest high ground and<\/li>\n<li>the safest way to get to it.<\/li>\n<\/ul>\n<\/li>\n<li><a href=\"\/vi\/plan-prepare\/get-ready\/\">H\u00e3y s\u1eb5n s\u00e0ng cho c\u00e1c t\u00ecnh hu\u1ed1ng kh\u1ea9n c\u1ea5p<\/a>. Keep your\u00a0<a href=\"https:\/\/www.ses.tas.gov.au\/vi\/plan-prepare\/emergency-kit\/\">emergency kit<\/a>\n<ul>\n<li>up-to-date and<\/li>\n<li>know where it is.<\/li>\n<\/ul>\n<\/li>\n<li>Have a plan for more common emergencies, such as floods and bushfires. Then you are more ready for emergencies that happen rarely, such as tsunami.<\/li>\n<li>Take notice of the natural warnings of an impending tsunami \u2013\n<ul>\n<li>earthquake, rumbling or<\/li>\n<li>sudden changes in coastal seas. Note in Australia seas are unlikely to recede before a tsunami hits the coast.<\/li>\n<\/ul>\n<\/li>\n<\/ul>\n<h2><a name=\"_Toc192102670\"><\/a>After a tsunami<\/h2>\n<p>Dangerous rips and currents may continue for up to 48 hours. Do not go to the beach or into the water until authorities say it is safe to do so.<\/p>\n<p>If the tsunami impacted you or your home, <a href=\"https:\/\/alert.tas.gov.au\/recovery\/\">see<u> TasRECOVERY<\/u><\/a> for information on available help.<\/p>\n<h3>Tsunami warnings in Australia<\/h3>\n<p>SES works with <a href=\"https:\/\/www.police.tas.gov.au\/\">C\u1ea3nh s\u00e1t Tasmania<\/a> and the <a href=\"http:\/\/www.bom.gov.au\/\">C\u1ee5c Kh\u00ed t\u01b0\u1ee3ng<\/a> to make sure<\/p>\n<ul>\n<li>plans are in place and<\/li>\n<li>there are warnings when needed.<\/li>\n<\/ul>\n<p>Xe <a href=\"http:\/\/www.bom.gov.au\/tsunami\/\">Joint Australian Tsunami Warning Centre<\/a> (JATWC) is the tsunami warning authority for Australia.\u00a0 If there is a known tsunami threat to Tasmania, the JATWC will issue a Marine Threat Warning or a Land Threat Warning through the Bureau of Meteorology.<\/p>\n<p>Tsunami warnings are through<\/p>\n<ul>\n<li><a href=\"http:\/\/Tasalert.com\">TasALERT.com<\/a><\/li>\n<li>media and broadcasters, and<\/li>\n<li>emergency alerts.<\/li>\n<\/ul>\n<p>Tasmania Police and the State Emergency Service will act according to the State Tsunami Emergency Response Plan.\u00a0 For more details on the tsunami warning system go to: <a href=\"http:\/\/www.bom.gov.au\/tsunami\/about\/tsunami_warnings.shtml\">http:\/\/www.bom.gov.au\/tsunami\/about\/tsunami_warnings.shtml<\/a><\/p>\n<h2><a name=\"_Toc192102671\"><\/a>About tsunami in Tasmania<\/h2>\n<p>A tsunami is often a series of waves. The first may not necessarily be the biggest. Tsunami are caused by sudden movement of the ocean surface due to<\/p>\n<ul>\n<li>earthquakes<\/li>\n<li>landslides on the sea floor<\/li>\n<li>land slumping into the ocean<\/li>\n<li>large volcanic eruptions, or<\/li>\n<li>meteorite impact in the ocean.<\/li>\n<\/ul>\n<p>Tsunamis are mostly due to large undersea earthquakes in under-sea subduction zones or faults.<\/p>\n<h3>Tsunami Hazard in Tasmania<\/h3>\n<p>Tsunamis have affected the Tasmanian coastline in the past 200 years but have mostly been too small to notice. In recent years, a tsunami caused minor flooding.<\/p>\n<p>While tsunamis have not significantly impacted Tasmania recently, there is a chance of a tsunami from<\/p>\n<ul>\n<li>Papua New Guinea to New Zealand, and<\/li>\n<li>the Southern Ocean (south of New Zealand) \u2013 the Puysegur Trench.<\/li>\n<\/ul>\n<p>There are three broad types of tsunami threat that may impact Tasmania.<\/p>\n<ul>\n<li>No threat tsunami<\/li>\n<li>Marine threat tsunami<\/li>\n<li>Land threat tsunami<\/li>\n<\/ul>\n<h4>No Threat Tsunami<\/h4>\n<p>Smaller tsunami can cause<\/p>\n<ul>\n<li>tidal variations,<\/li>\n<li>local currents, and<\/li>\n<li>unusual tidal flows.<\/li>\n<\/ul>\n<p>They are not usually a threat.<\/p>\n<p>These tsunami are relatively common.\u00a0 Recent examples are<\/p>\n<ul>\n<li>2004 \u2013 Indonesia magnitude 9.0 quake caused a 0.6m tsunami on east coast.<\/li>\n<li>2007 \u2013 Puysegur Trench magnitude 7.4 quake caused a 0.35m tsunami on east coast<\/li>\n<li>2009 \u2013 Puysegur magnitude 7.9 quake caused a 0.55m tsunami at Southport<\/li>\n<li>2010 \u2013 Chile magnitude 8.8 quake caused a 0.28m tsunami at Southport<\/li>\n<li>2011 \u2013 Japan magnitude 9.0 quake caused a 0.23m tsunami at Spring Bay<\/li>\n<li>Recent one?<\/li>\n<\/ul>\n<h4>Marine Threat Tsunami<\/h4>\n<p>Marine threat tsunami can cause<\/p>\n<ul>\n<li>dangerous rips<\/li>\n<li>strong currents and waves within the marine environment, and<\/li>\n<li>some flooding on the immediate foreshore.<\/li>\n<\/ul>\n<p>These could be dangerous for<\/p>\n<ul>\n<li>vessels in shallow water or in marinas<\/li>\n<li>swimmers at the beach.<\/li>\n<\/ul>\n<p>Marine Threat tsunami can occur in Tasmania every 10 to 20 years on average.<\/p>\n<h4>Land Threat Tsunami<\/h4>\n<p>Land threat tsunami flood low-lying coastal areas. In Tasmania in a worst-case scenario, this could<\/p>\n<ul>\n<li>be 0.1m to 3m deep<\/li>\n<li>run-up to 10m above sea level.<\/li>\n<\/ul>\n<p>The tsunami will also cause<\/p>\n<ul>\n<li>dangerous rips<\/li>\n<li>waves<\/li>\n<li>turbulence, and<\/li>\n<li>strong ocean currents.<\/li>\n<\/ul>\n<p>Tasmania had significant land threat tsunami 2,000-4,000 years ago.\u00a0 While very rare, the consequences could be catastrophic.<\/p>\n<p>Mineral Resources Tasmania (MRT) completed worst-case tsunami inundation modelling for Eastern Tasmania to help plan for tsunami emergencies. This investigated a 1:13,000 recurrence interval tsunami event at Highest Astronomical Tide. For more information on this research see the\u00a0<a href=\"https:\/\/d2tv960yzi0spr.cloudfront.net\/uploads\/2020\/02\/MRT-Technical-report-on-tsunami-inundation-in-SE-Tasmania.pdf\">Technical Report on Tsunami Modelling in South East Tasmania February 2018<\/a>. To learn more about this research, contact MRT, Dr Claire Kain (Natural Hazards Geologist) on 03 6165 4742.<\/p>\n<p>This research confirms that areas at risk from a Land Threat Tsunami will extend inland<\/p>\n<ul>\n<li>up to 10m above sea level, or<\/li>\n<li>for low lying coastal land below 10m elevation, up to one kilometer inland.<\/li>\n<\/ul>\n<p>These areas are at risk during a land threat tsunami.<\/p>\n<p>Th\u00f4ng tin th\u00eam<\/p>\n<ul>\n<li>Xe <a href=\"https:\/\/youtu.be\/ILlyfwDwJVs\">Bureau of Meteorology&#8217;s video on tsunami caused by earthquakes<\/a><\/li>\n<li><a href=\"https:\/\/www.ga.gov.au\/scientific-topics\/community-safety\/hazards\/tsunami\">Geoscience Australia&#8217;s information about tsunami<\/a><\/li>\n<li><a href=\"\/vi\/plan-prepare\/get-ready\/\">H\u00e3y s\u1eb5n s\u00e0ng cho c\u00e1c t\u00ecnh hu\u1ed1ng kh\u1ea9n c\u1ea5p<\/a>\u00a0 (<a href=\"https:\/\/d2tv960yzi0spr.cloudfront.net\/uploads\/2024\/10\/Get-Ready-Emergency_Digital_7-Oct-2024-ART.pdf\">download as PDF<\/a>)<\/li>\n<li><a href=\"\/vi\/plan-prepare\/other-emergencies\/\">Other hazards in Tasmania<\/a><\/li>\n<\/ul>","protected":false},"excerpt":{"rendered":"<p>During a tsunami If a tsunami could impact Tasmania, there will be emergency warnings on TasALERT, and other channels. Remember, tsunami arrive on the coast as a series of waves.&hellip;<\/p>","protected":false},"author":1,"featured_media":663,"parent":65,"menu_order":135,"comment_status":"closed","ping_status":"closed","template":"","meta":{"_acf_changed":false,"_monsterinsights_skip_tracking":false,"_monsterinsights_sitenote_active":false,"_monsterinsights_sitenote_note":"","_monsterinsights_sitenote_category":0,"footnotes":""},"class_list":["post-308","page","type-page","status-publish","has-post-thumbnail","hentry"],"acf":[],"yoast_head":"<!-- This site is optimized with the Yoast SEO plugin v24.9 - https:\/\/yoast.com\/wordpress\/plugins\/seo\/ -->\n<title>Tsunami in Tasmania - Tasmania State Emergency Service<\/title>\n<meta name=\"robots\" content=\"index, follow, max-snippet:-1, max-image-preview:large, max-video-preview:-1\" \/>\n<link rel=\"canonical\" href=\"https:\/\/www.ses.tas.gov.au\/vi\/plan-prepare\/tsunami\/\" \/>\n<meta property=\"og:locale\" content=\"vi_VN\" \/>\n<meta property=\"og:type\" content=\"article\" \/>\n<meta property=\"og:title\" content=\"Tsunami in Tasmania - Tasmania State Emergency Service\" \/>\n<meta property=\"og:description\" content=\"During a tsunami If a tsunami could impact Tasmania, there will be emergency warnings on TasALERT, and other channels. Remember, tsunami arrive on the coast as a series of waves.&hellip;\" \/>\n<meta property=\"og:url\" content=\"https:\/\/www.ses.tas.gov.au\/vi\/plan-prepare\/tsunami\/\" \/>\n<meta property=\"og:site_name\" content=\"Tasmania State Emergency Service\" \/>\n<meta property=\"article:modified_time\" content=\"2025-04-28T04:01:16+00:00\" \/>\n<meta property=\"og:image\" content=\"https:\/\/d2tv960yzi0spr.cloudfront.net\/uploads\/2018\/10\/fabrizio-conti-762375-unsplash.jpg\" \/>\n\t<meta property=\"og:image:width\" content=\"1200\" \/>\n\t<meta property=\"og:image:height\" content=\"800\" \/>\n\t<meta property=\"og:image:type\" content=\"image\/jpeg\" \/>\n<meta name=\"twitter:card\" content=\"summary_large_image\" \/>\n<meta name=\"twitter:label1\" content=\"Est. reading time\" \/>\n\t<meta name=\"twitter:data1\" content=\"6 minutes\" \/>\n<script type=\"application\/ld+json\" class=\"yoast-schema-graph\">{\"@context\":\"https:\/\/schema.org\",\"@graph\":[{\"@type\":\"WebPage\",\"@id\":\"https:\/\/www.ses.tas.gov.au\/plan-prepare\/tsunami\/\",\"url\":\"https:\/\/www.ses.tas.gov.au\/plan-prepare\/tsunami\/\",\"name\":\"Tsunami in Tasmania - Tasmania State Emergency Service\",\"isPartOf\":{\"@id\":\"http:\/\/localhost\/#website\"},\"primaryImageOfPage\":{\"@id\":\"https:\/\/www.ses.tas.gov.au\/plan-prepare\/tsunami\/#primaryimage\"},\"image\":{\"@id\":\"https:\/\/www.ses.tas.gov.au\/plan-prepare\/tsunami\/#primaryimage\"},\"thumbnailUrl\":\"https:\/\/d2tv960yzi0spr.cloudfront.net\/uploads\/2018\/10\/fabrizio-conti-762375-unsplash.jpg\",\"datePublished\":\"2018-10-31T22:29:39+00:00\",\"dateModified\":\"2025-04-28T04:01:16+00:00\",\"breadcrumb\":{\"@id\":\"https:\/\/www.ses.tas.gov.au\/plan-prepare\/tsunami\/#breadcrumb\"},\"inLanguage\":\"vi\",\"potentialAction\":[{\"@type\":\"ReadAction\",\"target\":[\"https:\/\/www.ses.tas.gov.au\/plan-prepare\/tsunami\/\"]}]},{\"@type\":\"ImageObject\",\"inLanguage\":\"vi\",\"@id\":\"https:\/\/www.ses.tas.gov.au\/plan-prepare\/tsunami\/#primaryimage\",\"url\":\"https:\/\/d2tv960yzi0spr.cloudfront.net\/uploads\/2018\/10\/fabrizio-conti-762375-unsplash.jpg\",\"contentUrl\":\"https:\/\/d2tv960yzi0spr.cloudfront.net\/uploads\/2018\/10\/fabrizio-conti-762375-unsplash.jpg\",\"width\":1200,\"height\":800},{\"@type\":\"BreadcrumbList\",\"@id\":\"https:\/\/www.ses.tas.gov.au\/plan-prepare\/tsunami\/#breadcrumb\",\"itemListElement\":[{\"@type\":\"ListItem\",\"position\":1,\"name\":\"Home\",\"item\":\"https:\/\/www.ses.tas.gov.au\/\"},{\"@type\":\"ListItem\",\"position\":2,\"name\":\"Get ready\",\"item\":\"https:\/\/www.ses.tas.gov.au\/plan-prepare\/\"},{\"@type\":\"ListItem\",\"position\":3,\"name\":\"Tsunami in Tasmania\"}]},{\"@type\":\"WebSite\",\"@id\":\"http:\/\/localhost\/#website\",\"url\":\"http:\/\/localhost\/\",\"name\":\"Tasmania State Emergency Service\",\"description\":\"\",\"potentialAction\":[{\"@type\":\"SearchAction\",\"target\":{\"@type\":\"EntryPoint\",\"urlTemplate\":\"http:\/\/localhost\/?s={search_term_string}\"},\"query-input\":{\"@type\":\"PropertyValueSpecification\",\"valueRequired\":true,\"valueName\":\"search_term_string\"}}],\"inLanguage\":\"vi\"}]}<\/script>\n<!-- \/ Yoast SEO plugin. -->","yoast_head_json":{"title":"Tsunami in Tasmania - Tasmania State Emergency Service","robots":{"index":"index","follow":"follow","max-snippet":"max-snippet:-1","max-image-preview":"max-image-preview:large","max-video-preview":"max-video-preview:-1"},"canonical":"https:\/\/www.ses.tas.gov.au\/vi\/plan-prepare\/tsunami\/","og_locale":"vi_VN","og_type":"article","og_title":"Tsunami in Tasmania - Tasmania State Emergency Service","og_description":"During a tsunami If a tsunami could impact Tasmania, there will be emergency warnings on TasALERT, and other channels. Remember, tsunami arrive on the coast as a series of waves.&hellip;","og_url":"https:\/\/www.ses.tas.gov.au\/vi\/plan-prepare\/tsunami\/","og_site_name":"Tasmania State Emergency Service","article_modified_time":"2025-04-28T04:01:16+00:00","og_image":[{"width":1200,"height":800,"url":"https:\/\/d2tv960yzi0spr.cloudfront.net\/uploads\/2018\/10\/fabrizio-conti-762375-unsplash.jpg","type":"image\/jpeg"}],"twitter_card":"summary_large_image","twitter_misc":{"Est. reading time":"6 minutes"},"schema":{"@context":"https:\/\/schema.org","@graph":[{"@type":"WebPage","@id":"https:\/\/www.ses.tas.gov.au\/plan-prepare\/tsunami\/","url":"https:\/\/www.ses.tas.gov.au\/plan-prepare\/tsunami\/","name":"Tsunami in Tasmania - Tasmania State Emergency Service","isPartOf":{"@id":"http:\/\/localhost\/#website"},"primaryImageOfPage":{"@id":"https:\/\/www.ses.tas.gov.au\/plan-prepare\/tsunami\/#primaryimage"},"image":{"@id":"https:\/\/www.ses.tas.gov.au\/plan-prepare\/tsunami\/#primaryimage"},"thumbnailUrl":"https:\/\/d2tv960yzi0spr.cloudfront.net\/uploads\/2018\/10\/fabrizio-conti-762375-unsplash.jpg","datePublished":"2018-10-31T22:29:39+00:00","dateModified":"2025-04-28T04:01:16+00:00","breadcrumb":{"@id":"https:\/\/www.ses.tas.gov.au\/plan-prepare\/tsunami\/#breadcrumb"},"inLanguage":"vi","potentialAction":[{"@type":"ReadAction","target":["https:\/\/www.ses.tas.gov.au\/plan-prepare\/tsunami\/"]}]},{"@type":"ImageObject","inLanguage":"vi","@id":"https:\/\/www.ses.tas.gov.au\/plan-prepare\/tsunami\/#primaryimage","url":"https:\/\/d2tv960yzi0spr.cloudfront.net\/uploads\/2018\/10\/fabrizio-conti-762375-unsplash.jpg","contentUrl":"https:\/\/d2tv960yzi0spr.cloudfront.net\/uploads\/2018\/10\/fabrizio-conti-762375-unsplash.jpg","width":1200,"height":800},{"@type":"BreadcrumbList","@id":"https:\/\/www.ses.tas.gov.au\/plan-prepare\/tsunami\/#breadcrumb","itemListElement":[{"@type":"ListItem","position":1,"name":"Home","item":"https:\/\/www.ses.tas.gov.au\/"},{"@type":"ListItem","position":2,"name":"Get ready","item":"https:\/\/www.ses.tas.gov.au\/plan-prepare\/"},{"@type":"ListItem","position":3,"name":"Tsunami in Tasmania"}]},{"@type":"WebSite","@id":"http:\/\/localhost\/#website","url":"http:\/\/localhost\/","name":"Tasmania State Emergency Service","description":"","potentialAction":[{"@type":"SearchAction","target":{"@type":"EntryPoint","urlTemplate":"http:\/\/localhost\/?s={search_term_string}"},"query-input":{"@type":"PropertyValueSpecification","valueRequired":true,"valueName":"search_term_string"}}],"inLanguage":"vi"}]}},"_links":{"self":[{"href":"https:\/\/www.ses.tas.gov.au\/vi\/wp-json\/wp\/v2\/pages\/308","targetHints":{"allow":["GET"]}}],"collection":[{"href":"https:\/\/www.ses.tas.gov.au\/vi\/wp-json\/wp\/v2\/pages"}],"about":[{"href":"https:\/\/www.ses.tas.gov.au\/vi\/wp-json\/wp\/v2\/types\/page"}],"author":[{"embeddable":true,"href":"https:\/\/www.ses.tas.gov.au\/vi\/wp-json\/wp\/v2\/users\/1"}],"replies":[{"embeddable":true,"href":"https:\/\/www.ses.tas.gov.au\/vi\/wp-json\/wp\/v2\/comments?post=308"}],"version-history":[{"count":10,"href":"https:\/\/www.ses.tas.gov.au\/vi\/wp-json\/wp\/v2\/pages\/308\/revisions"}],"predecessor-version":[{"id":9756,"href":"https:\/\/www.ses.tas.gov.au\/vi\/wp-json\/wp\/v2\/pages\/308\/revisions\/9756"}],"up":[{"embeddable":true,"href":"https:\/\/www.ses.tas.gov.au\/vi\/wp-json\/wp\/v2\/pages\/65"}],"wp:featuredmedia":[{"embeddable":true,"href":"https:\/\/www.ses.tas.gov.au\/vi\/wp-json\/wp\/v2\/media\/663"}],"wp:attachment":[{"href":"https:\/\/www.ses.tas.gov.au\/vi\/wp-json\/wp\/v2\/media?parent=308"}],"curies":[{"name":"wp","href":"https:\/\/api.w.org\/{rel}","templated":true}]}}