{"id":30,"date":"2018-10-02T05:21:30","date_gmt":"2018-10-02T05:21:30","guid":{"rendered":"https:\/\/www.ses.tas.gov.au\/?page_id=30"},"modified":"2024-06-11T14:58:16","modified_gmt":"2024-06-11T04:58:16","slug":"contact-us","status":"publish","type":"page","link":"https:\/\/www.ses.tas.gov.au\/vi\/about\/contact-us\/","title":{"rendered":"Li\u00ean h\u1ec7 v\u1edbi ch\u00fang t\u00f4i"},"content":{"rendered":"<style>\n    .notification-div {\n      border-left: 4px solid #102851;\n      padding: 1em;\n      margin-bottom: 20px;\n    }\n    <\/style>\n  <div class=\"notification-div\">\n    <h2>C\u00e1c c\u00e2u h\u1ecfi chung<\/h2>\n    <p>\u0110\u1ed1i v\u1edbi c\u00e1c y\u00eau c\u1ea7u chung (24\/7) vui l\u00f2ng g\u1ecdi s\u1ed1 03 6173 2700 ho\u1eb7c g\u1eedi email <a href=\"mailto:ses@ses.tas.gov.au\">ses@ses.tas.gov.au<\/a><\/p>\n  <\/div>\n\n\n<h2>H\u1ed7 tr\u1ee3 kh\u1ea9n c\u1ea5p<\/h2>\n<ul>\n<li>\u0110\u1ec3 \u0111\u01b0\u1ee3c h\u1ed7 tr\u1ee3 kh\u1ea9n c\u1ea5p khi c\u00f3 l\u0169 l\u1ee5t, b\u00e3o v\u00e0 s\u00f3ng th\u1ea7n, h\u00e3y g\u1ecdi SES theo s\u1ed1 132 500.<\/li>\n<li>Trong tr\u01b0\u1eddng h\u1ee3p kh\u1ea9n c\u1ea5p \u0111e d\u1ecda t\u00ednh m\u1ea1ng, h\u00e3y g\u1ecdi Triple Zero (000).<\/li>\n<li>N\u1ebfu b\u1ea1n b\u1ecb \u0111i\u1ebfc, ho\u1eb7c b\u1ecb suy gi\u1ea3m th\u00ednh gi\u00e1c ho\u1eb7c l\u1eddi n\u00f3i, h\u00e3y li\u00ean h\u1ec7 v\u1edbi ch\u00fang t\u00f4i qua <a href=\"https:\/\/www.infrastructure.gov.au\/media-communications-arts\/phone\/services-people-disability\/accesshub\/national-relay-service\">D\u1ecbch v\u1ee5 Chuy\u1ec3n ti\u1ebfp Qu\u1ed1c gia<\/a> v\u00e0 y\u00eau c\u1ea7u h\u1ecd g\u1ecdi cho SES.<\/li>\n<\/ul>\n<h2>Truy\u1ec1n th\u00f4ng v\u00e0 Truy\u1ec1n th\u00f4ng<\/h2>\n<p>\u0110\u1ed1i v\u1edbi c\u00e1c y\u00eau c\u1ea7u v\u1ec1 truy\u1ec1n th\u00f4ng v\u00e0 li\u00ean l\u1ea1c, vui l\u00f2ng li\u00ean h\u1ec7 v\u1edbi nh\u00f3m Truy\u1ec1n th\u00f4ng, Li\u00ean l\u1ea1c v\u00e0 T\u01b0\u01a1ng t\u00e1c c\u1ee7a DPFEM.<\/p>\n<p>Ph. <a href=\"tel:0361732424\">(03) 6173 2424<\/a><br \/>Email: <a href=\"mailto:media@dpfem.tas.gov.au\">media@dpfem.tas.gov.au<\/a><br \/>D\u1ecbch v\u1ee5 \u0111i\u1ec1u ph\u1ed1i radio ngo\u00e0i gi\u1edd l\u00e0m vi\u1ec7c: <a href=\"tel:131 444\">131 444<\/a><\/p>\n<p>Theo d\u00f5i C\u1ea3nh s\u00e1t Kh\u1ea9n c\u1ea5p Bang Tasmania tr\u00ean m\u1ea1ng x\u00e3 h\u1ed9i: <br \/><a href=\"https:\/\/www.facebook.com\/sestasmania\">Facebook<\/a><\/p>\n<p>\u00a0<\/p>\n<h3>C\u1eadp nh\u1eadt kh\u1ea9n c\u1ea5p<\/h3>\n<p>TasALERT cung c\u1ea5p th\u00f4ng tin m\u1edbi nh\u1ea5t v\u1ec1 c\u00e1c c\u1ea3nh b\u00e1o kh\u1ea9n c\u1ea5p v\u00e0 s\u1ef1 c\u1ed1 tr\u00ean kh\u1eafp Tasmania. <br \/>\u0110i t\u1edbi: <a href=\"https:\/\/www.alert.tas.gov.au\">www.alert.tas.gov.au<\/a> <br \/>Theo d\u00f5i TasALERT tr\u00ean <a href=\"https:\/\/www.facebook.com\/tasalert\">Facebook<\/a> v\u00e0 <a href=\"https:\/\/www.instagram.com\/tasalert\/?hl=en\">Instagram<\/a>.<\/p>\n<p>\u00a0<\/p>\n<h3>Th\u00f4ng c\u00e1o b\u00e1o ch\u00ed m\u1edbi nh\u1ea5t:<\/h3>\n<p><a href=\"https:\/\/www.ses.tas.gov.au\/vi\/news\/\">Th\u00f4ng c\u00e1o b\u00e1o ch\u00ed c\u1ee7a C\u01a1 quan D\u1ecbch v\u1ee5 Kh\u1ea9n c\u1ea5p Bang Tasmania<\/a><\/p>\n<p>\u00a0<\/p>\n<h2>N\u1ebfu b\u1ea1n c\u1ea7n th\u00f4ng d\u1ecbch vi\u00ean, h\u00e3y g\u1ecdi s\u1ed1 13 14 50<\/h2>\n<p><img loading=\"lazy\" decoding=\"async\" class=\"alignnone size-medium wp-image-3734\" src=\"https:\/\/d2tv960yzi0spr.cloudfront.net\/uploads\/2020\/07\/If-you-need-an-interpreter-button-300x104.png\" alt=\"If you need an interpreter phone 13 14 50\" width=\"300\" height=\"104\" srcset=\"https:\/\/d2tv960yzi0spr.cloudfront.net\/uploads\/2020\/07\/If-you-need-an-interpreter-button-300x104.png 300w, https:\/\/d2tv960yzi0spr.cloudfront.net\/uploads\/2020\/07\/If-you-need-an-interpreter-button.png 712w\" sizes=\"auto, (max-width: 300px) 100vw, 300px\" \/><\/p>\n\n\n<p><\/p>","protected":false},"excerpt":{"rendered":"<p>General enquiries For general enquiries (24\/7) phone 03 6173 2700 or email ses@ses.tas.gov.au Emergency assistance For emergency help in flood, storm and tsunami call SES on 132 500. In a&hellip;<\/p>","protected":false},"author":1,"featured_media":0,"parent":2,"menu_order":4,"comment_status":"closed","ping_status":"closed","template":"templates\/region.php","meta":{"_acf_changed":false,"_monsterinsights_skip_tracking":false,"_monsterinsights_sitenote_active":false,"_monsterinsights_sitenote_note":"","_monsterinsights_sitenote_category":0,"footnotes":""},"class_list":["post-30","page","type-page","status-publish","hentry"],"acf":[],"yoast_head":"<!-- This site is optimized with the Yoast SEO plugin v24.9 - https:\/\/yoast.com\/wordpress\/plugins\/seo\/ -->\n<title>Contact Us - Tasmania State Emergency Service<\/title>\n<meta name=\"robots\" content=\"index, follow, max-snippet:-1, max-image-preview:large, max-video-preview:-1\" \/>\n<link rel=\"canonical\" href=\"https:\/\/www.ses.tas.gov.au\/vi\/about\/contact-us\/\" \/>\n<meta property=\"og:locale\" content=\"vi_VN\" \/>\n<meta property=\"og:type\" content=\"article\" \/>\n<meta property=\"og:title\" content=\"Contact Us - Tasmania State Emergency Service\" \/>\n<meta property=\"og:description\" content=\"General enquiries For general enquiries (24\/7) phone 03 6173 2700 or email ses@ses.tas.gov.au Emergency assistance For emergency help in flood, storm and tsunami call SES on 132 500. In a&hellip;\" \/>\n<meta property=\"og:url\" content=\"https:\/\/www.ses.tas.gov.au\/vi\/about\/contact-us\/\" \/>\n<meta property=\"og:site_name\" content=\"Tasmania State Emergency Service\" \/>\n<meta property=\"article:modified_time\" content=\"2024-06-11T04:58:16+00:00\" \/>\n<meta property=\"og:image\" content=\"https:\/\/d2kpbjo3hey01t.cloudfront.net\/uploads\/2020\/07\/If-you-need-an-interpreter-button-300x104.png\" \/>\n<meta name=\"twitter:card\" content=\"summary_large_image\" \/>\n<meta name=\"twitter:label1\" content=\"Est. reading time\" \/>\n\t<meta name=\"twitter:data1\" content=\"1 minute\" \/>\n<script type=\"application\/ld+json\" class=\"yoast-schema-graph\">{\"@context\":\"https:\/\/schema.org\",\"@graph\":[{\"@type\":\"WebPage\",\"@id\":\"https:\/\/www.ses.tas.gov.au\/about\/contact-us\/\",\"url\":\"https:\/\/www.ses.tas.gov.au\/about\/contact-us\/\",\"name\":\"Contact Us - Tasmania State Emergency Service\",\"isPartOf\":{\"@id\":\"http:\/\/localhost\/#website\"},\"primaryImageOfPage\":{\"@id\":\"https:\/\/www.ses.tas.gov.au\/about\/contact-us\/#primaryimage\"},\"image\":{\"@id\":\"https:\/\/www.ses.tas.gov.au\/about\/contact-us\/#primaryimage\"},\"thumbnailUrl\":\"https:\/\/d2tv960yzi0spr.cloudfront.net\/uploads\/2020\/07\/If-you-need-an-interpreter-button-300x104.png\",\"datePublished\":\"2018-10-02T05:21:30+00:00\",\"dateModified\":\"2024-06-11T04:58:16+00:00\",\"breadcrumb\":{\"@id\":\"https:\/\/www.ses.tas.gov.au\/about\/contact-us\/#breadcrumb\"},\"inLanguage\":\"vi\",\"potentialAction\":[{\"@type\":\"ReadAction\",\"target\":[\"https:\/\/www.ses.tas.gov.au\/about\/contact-us\/\"]}]},{\"@type\":\"ImageObject\",\"inLanguage\":\"vi\",\"@id\":\"https:\/\/www.ses.tas.gov.au\/about\/contact-us\/#primaryimage\",\"url\":\"https:\/\/d2tv960yzi0spr.cloudfront.net\/uploads\/2020\/07\/If-you-need-an-interpreter-button-300x104.png\",\"contentUrl\":\"https:\/\/d2tv960yzi0spr.cloudfront.net\/uploads\/2020\/07\/If-you-need-an-interpreter-button-300x104.png\"},{\"@type\":\"BreadcrumbList\",\"@id\":\"https:\/\/www.ses.tas.gov.au\/about\/contact-us\/#breadcrumb\",\"itemListElement\":[{\"@type\":\"ListItem\",\"position\":1,\"name\":\"Home\",\"item\":\"https:\/\/www.ses.tas.gov.au\/\"},{\"@type\":\"ListItem\",\"position\":2,\"name\":\"About\",\"item\":\"https:\/\/www.ses.tas.gov.au\/about\/\"},{\"@type\":\"ListItem\",\"position\":3,\"name\":\"Contact Us\"}]},{\"@type\":\"WebSite\",\"@id\":\"http:\/\/localhost\/#website\",\"url\":\"http:\/\/localhost\/\",\"name\":\"Tasmania State Emergency Service\",\"description\":\"\",\"potentialAction\":[{\"@type\":\"SearchAction\",\"target\":{\"@type\":\"EntryPoint\",\"urlTemplate\":\"http:\/\/localhost\/?s={search_term_string}\"},\"query-input\":{\"@type\":\"PropertyValueSpecification\",\"valueRequired\":true,\"valueName\":\"search_term_string\"}}],\"inLanguage\":\"vi\"}]}<\/script>\n<!-- \/ Yoast SEO plugin. -->","yoast_head_json":{"title":"Contact Us - Tasmania State Emergency Service","robots":{"index":"index","follow":"follow","max-snippet":"max-snippet:-1","max-image-preview":"max-image-preview:large","max-video-preview":"max-video-preview:-1"},"canonical":"https:\/\/www.ses.tas.gov.au\/vi\/about\/contact-us\/","og_locale":"vi_VN","og_type":"article","og_title":"Contact Us - Tasmania State Emergency Service","og_description":"General enquiries For general enquiries (24\/7) phone 03 6173 2700 or email ses@ses.tas.gov.au Emergency assistance For emergency help in flood, storm and tsunami call SES on 132 500. In a&hellip;","og_url":"https:\/\/www.ses.tas.gov.au\/vi\/about\/contact-us\/","og_site_name":"Tasmania State Emergency Service","article_modified_time":"2024-06-11T04:58:16+00:00","og_image":[{"url":"https:\/\/d2kpbjo3hey01t.cloudfront.net\/uploads\/2020\/07\/If-you-need-an-interpreter-button-300x104.png","type":"","width":"","height":""}],"twitter_card":"summary_large_image","twitter_misc":{"Est. reading time":"1 minute"},"schema":{"@context":"https:\/\/schema.org","@graph":[{"@type":"WebPage","@id":"https:\/\/www.ses.tas.gov.au\/about\/contact-us\/","url":"https:\/\/www.ses.tas.gov.au\/about\/contact-us\/","name":"Contact Us - Tasmania State Emergency Service","isPartOf":{"@id":"http:\/\/localhost\/#website"},"primaryImageOfPage":{"@id":"https:\/\/www.ses.tas.gov.au\/about\/contact-us\/#primaryimage"},"image":{"@id":"https:\/\/www.ses.tas.gov.au\/about\/contact-us\/#primaryimage"},"thumbnailUrl":"https:\/\/d2tv960yzi0spr.cloudfront.net\/uploads\/2020\/07\/If-you-need-an-interpreter-button-300x104.png","datePublished":"2018-10-02T05:21:30+00:00","dateModified":"2024-06-11T04:58:16+00:00","breadcrumb":{"@id":"https:\/\/www.ses.tas.gov.au\/about\/contact-us\/#breadcrumb"},"inLanguage":"vi","potentialAction":[{"@type":"ReadAction","target":["https:\/\/www.ses.tas.gov.au\/about\/contact-us\/"]}]},{"@type":"ImageObject","inLanguage":"vi","@id":"https:\/\/www.ses.tas.gov.au\/about\/contact-us\/#primaryimage","url":"https:\/\/d2tv960yzi0spr.cloudfront.net\/uploads\/2020\/07\/If-you-need-an-interpreter-button-300x104.png","contentUrl":"https:\/\/d2tv960yzi0spr.cloudfront.net\/uploads\/2020\/07\/If-you-need-an-interpreter-button-300x104.png"},{"@type":"BreadcrumbList","@id":"https:\/\/www.ses.tas.gov.au\/about\/contact-us\/#breadcrumb","itemListElement":[{"@type":"ListItem","position":1,"name":"Home","item":"https:\/\/www.ses.tas.gov.au\/"},{"@type":"ListItem","position":2,"name":"About","item":"https:\/\/www.ses.tas.gov.au\/about\/"},{"@type":"ListItem","position":3,"name":"Contact Us"}]},{"@type":"WebSite","@id":"http:\/\/localhost\/#website","url":"http:\/\/localhost\/","name":"Tasmania State Emergency Service","description":"","potentialAction":[{"@type":"SearchAction","target":{"@type":"EntryPoint","urlTemplate":"http:\/\/localhost\/?s={search_term_string}"},"query-input":{"@type":"PropertyValueSpecification","valueRequired":true,"valueName":"search_term_string"}}],"inLanguage":"vi"}]}},"_links":{"self":[{"href":"https:\/\/www.ses.tas.gov.au\/vi\/wp-json\/wp\/v2\/pages\/30","targetHints":{"allow":["GET"]}}],"collection":[{"href":"https:\/\/www.ses.tas.gov.au\/vi\/wp-json\/wp\/v2\/pages"}],"about":[{"href":"https:\/\/www.ses.tas.gov.au\/vi\/wp-json\/wp\/v2\/types\/page"}],"author":[{"embeddable":true,"href":"https:\/\/www.ses.tas.gov.au\/vi\/wp-json\/wp\/v2\/users\/1"}],"replies":[{"embeddable":true,"href":"https:\/\/www.ses.tas.gov.au\/vi\/wp-json\/wp\/v2\/comments?post=30"}],"version-history":[{"count":27,"href":"https:\/\/www.ses.tas.gov.au\/vi\/wp-json\/wp\/v2\/pages\/30\/revisions"}],"predecessor-version":[{"id":8601,"href":"https:\/\/www.ses.tas.gov.au\/vi\/wp-json\/wp\/v2\/pages\/30\/revisions\/8601"}],"up":[{"embeddable":true,"href":"https:\/\/www.ses.tas.gov.au\/vi\/wp-json\/wp\/v2\/pages\/2"}],"wp:attachment":[{"href":"https:\/\/www.ses.tas.gov.au\/vi\/wp-json\/wp\/v2\/media?parent=30"}],"curies":[{"name":"wp","href":"https:\/\/api.w.org\/{rel}","templated":true}]}}