{"id":285,"date":"2018-10-30T22:07:15","date_gmt":"2018-10-30T22:07:15","guid":{"rendered":"https:\/\/www.ses.tas.gov.au\/?page_id=285"},"modified":"2022-06-23T14:24:30","modified_gmt":"2022-06-23T04:24:30","slug":"tasdra-2022","status":"publish","type":"page","link":"https:\/\/www.ses.tas.gov.au\/vi\/about\/risk-management\/tasdra-2022\/","title":{"rendered":"\u0110\u00e1nh gi\u00e1 r\u1ee7i ro thi\u00ean tai TASDRA"},"content":{"rendered":"<h2>\u0110\u00e1nh gi\u00e1 R\u1ee7i ro Th\u1ea3m h\u1ecda Tasmania (TASDRA 2022)<\/h2>\n<ul>\n<li><strong><a href=\"https:\/\/d2tv960yzi0spr.cloudfront.net\/uploads\/2022\/06\/220019-DPFEM-TASDRA-2022-Summary-wcag-FINAL.pdf\">T\u00f3m t\u1eaft TASDRA 2022<\/a><\/strong><\/li>\n<li><strong><a href=\"https:\/\/d2tv960yzi0spr.cloudfront.net\/uploads\/2022\/06\/TASDRA-condensed-full-report-FINAL-May-2022.pdf\">B\u00e1o c\u00e1o \u0111\u1ea7y \u0111\u1ee7 t\u00f3m t\u1eaft TASDRA 2022<\/a><\/strong><\/li>\n<\/ul>\n<p>\u0110\u00e1nh gi\u00e1 r\u1ee7i ro th\u1ea3m h\u1ecda Tasmania n\u0103m 2022 (TASDRA) h\u1ed7 tr\u1ee3 hi\u1ec3u r\u00f5 h\u01a1n v\u1ec1 c\u00e1c r\u1ee7i ro th\u1ea3m h\u1ecda c\u00f3 th\u1ec3 \u1ea3nh h\u01b0\u1edfng \u0111\u1ebfn Tasmania nh\u1eb1m:<\/p>\n<ul>\n<li>x\u00e1c \u0111\u1ecbnh c\u00e1c c\u00e1ch \u0111\u1ec3 ng\u0103n ch\u1eb7n nh\u1eefng th\u1ea3m h\u1ecda nh\u01b0 v\u1eady x\u1ea3y ra<\/li>\n<li>kh\u00e1m ph\u00e1 c\u00e1c s\u1eafp x\u1ebfp hi\u1ec7n t\u1ea1i cho c\u00e1c s\u1ef1 ki\u1ec7n th\u1ea3m h\u1ecda nh\u01b0 v\u1eady<\/li>\n<li>\u0110\u1ec1 xu\u1ea5t c\u00e1c bi\u1ec7n ph\u00e1p gi\u1ea3m thi\u1ec3u r\u1ee7i ro thi\u00ean tai (DRR) d\u1ef1a tr\u00ean c\u00e1c th\u1ecfa thu\u1eadn hi\u1ec7n h\u00e0nh.<\/li>\n<\/ul>\n<p>M\u1ed9t s\u1ed1 hi\u1ec3u bi\u1ebft thu \u0111\u01b0\u1ee3c c\u00f3 li\u00ean quan \u0111\u1ebfn c\u00e1c m\u1ed1i nguy hi\u1ec3m c\u1ee5 th\u1ec3 v\u00e0 m\u1ed9t s\u1ed1 kh\u00e1c li\u00ean quan \u0111\u1ebfn nhi\u1ec1u t\u00ecnh hu\u1ed1ng th\u1ea3m h\u1ecda. TASDRA kh\u00e1m ph\u00e1 m\u1ed9t lo\u1ea1t c\u00e1c t\u00ecnh hu\u1ed1ng th\u1ea3m h\u1ecda x\u1ea3y ra nhanh ch\u00f3ng c\u00f3 th\u1ec3 x\u1ea3y ra \u1edf Tasmania. C\u00e1c t\u00ecnh hu\u1ed1ng n\u00e0y kh\u00f3 c\u00f3 th\u1ec3 x\u1ea3y ra ch\u00ednh x\u00e1c nh\u01b0 m\u00f4 t\u1ea3 nh\u01b0ng l\u00e0 nh\u1eefng v\u00ed d\u1ee5 v\u1ec1 c\u00e1c s\u1ef1 ki\u1ec7n c\u00f3 th\u1ec3 x\u1ea3y ra. B\u1eb1ng c\u00e1ch gi\u1ea3i quy\u1ebft c\u00e1c r\u1ee7i ro do c\u00e1c t\u00ecnh hu\u1ed1ng n\u00e0y \u0111\u1eb7t ra, Tasmania c\u00f3 th\u1ec3 gi\u1ea3m thi\u1ec3u r\u1ee7i ro v\u00e0 chu\u1ea9n b\u1ecb cho c\u00e1c th\u1ea3m h\u1ecda kh\u00e1c.<\/p>\n<p>Gi\u1ea3m thi\u1ec3u r\u1ee7i ro thi\u00ean tai l\u00e0m t\u0103ng kh\u1ea3 n\u0103ng ch\u1ed1ng ch\u1ecbu chung c\u1ee7a ng\u01b0\u1eddi d\u00e2n Tasmania tr\u01b0\u1edbc c\u00e1c th\u1ea3m h\u1ecda trong t\u01b0\u01a1ng lai, ph\u00f9 h\u1ee3p v\u1edbi <a href=\"https:\/\/www.dpac.tas.gov.au\/divisions\/osem\/tasmanian_disaster_resilience_strategy_2020-2025\">Chi\u1ebfn l\u01b0\u1ee3c \u1ee8ng ph\u00f3 Th\u1ea3m h\u1ecda V\u00f9ng Tasmania 2020-2025<\/a>.<\/p>\n<p>D\u1ef1 \u00e1n TASDRA 2022 l\u00e0 m\u1ed9t d\u1ef1 \u00e1n h\u1ee3p t\u00e1c gi\u1eefa C\u01a1 quan D\u1ecbch v\u1ee5 Kh\u1ea9n c\u1ea5p Ti\u1ec3u bang v\u00e0 <a href=\"http:\/\/www.utas.edu.au\">\u0110\u1ea1i h\u1ecdc Tasmania<\/a>, d\u01b0\u1edbi s\u1ef1 gi\u00e1m s\u00e1t c\u1ee7a \u1ee6y ban Qu\u1ea3n l\u00fd Kh\u1ea9n c\u1ea5p Bang c\u1ee7a Ch\u00ednh quy\u1ec1n Tasmania. D\u1ef1 \u00e1n TASDRA \u0111\u00e3 t\u1eadp h\u1ee3p chuy\u00ean m\u00f4n v\u00e0 nhi\u1ec1u hi\u1ec3u bi\u1ebft kh\u00e1c nhau \u0111\u1ec3 c\u1eadp nh\u1eadt v\u00e0 m\u1edf r\u1ed9ng \u0110\u00e1nh gi\u00e1 R\u1ee7i ro Thi\u00ean tai Bang Tasmania n\u0103m 2016 (TSNDRA).<\/p>\n<h4>\u0110\u00e1nh gi\u00e1 r\u1ee7i ro c\u00e1c giai \u0111o\u1ea1n tr\u01b0\u1edbc<\/h4>\n<p>Ti\u1ec1n th\u00e2n c\u1ee7a TASDRA 2022 l\u00e0 \u0110\u00e1nh gi\u00e1 R\u1ee7i ro Th\u1ea3m h\u1ecda T\u1ef1 nhi\u00ean Ti\u1ec3u bang Tasmania (TSNDRA) n\u0103m 2016, xem x\u00e9t c\u00e1c r\u1ee7i ro \u1edf c\u1ea5p ti\u1ec3u bang li\u00ean quan \u0111\u1ebfn ch\u00e1y r\u1eebng, b\u00e3o, c\u00e1c s\u1ef1 ki\u1ec7n th\u1eddi ti\u1ebft kh\u1eafc nghi\u1ec7t, \u0111\u1ed9ng \u0111\u1ea5t, s\u1ea1t l\u1edf \u0111\u1ea5t, ng\u1eadp l\u1ee5t ven bi\u1ec3n, s\u00f3ng nhi\u1ec7t v\u00e0 \u0111\u1ea1i d\u1ecbch c\u00fam \u1edf ng\u01b0\u1eddi. B\u00e1o c\u00e1o n\u00e0y \u0111\u01b0\u1ee3c chu\u1ea9n b\u1ecb b\u1edfi m\u1ed9t nh\u00f3m d\u1ef1 \u00e1n t\u1eeb \u0110\u1ea1i h\u1ecdc Tasmania, \u0110\u1ea1i h\u1ecdc RMIT v\u00e0 Trung t\u00e2m Nghi\u00ean c\u1ee9u H\u1ee3p t\u00e1c v\u1ec1 Kh\u00ed h\u1eadu v\u00e0 H\u1ec7 sinh th\u00e1i Nam C\u1ef1c.<\/p>\n<ul>\n<li><a href=\"https:\/\/d2tv960yzi0spr.cloudfront.net\/uploads\/2018\/10\/TSNDRA-Report-2016.pdf\">B\u00e1o c\u00e1o TSNDRA (2016) (4,4 MB) Ng\u00e0y 6 th\u00e1ng 9 n\u0103m 2016<\/a><\/li>\n<li><a href=\"https:\/\/d2tv960yzi0spr.cloudfront.net\/uploads\/2018\/10\/TSNDRA-2016-All-Hazard-Summary.pdf\">TSNDRA 2016 \u2013 T\u00f3m t\u1eaft m\u1ecdi m\u1ed1i nguy (1.43 MB) Ng\u00e0y 6 th\u00e1ng 9 n\u0103m 2016<\/a><\/li>\n<li><a href=\"https:\/\/d2tv960yzi0spr.cloudfront.net\/uploads\/2018\/10\/TSNDRA-2016-Coastal-Inundation-Fact-Sheet.pdf\">TSNDRA 2016 \u2013 B\u1ea3ng th\u00f4ng tin v\u1ec1 ng\u1eadp l\u1ee5t ven bi\u1ec3n (160 kB) ng\u00e0y 6 th\u00e1ng 9 n\u0103m 2016<\/a><\/li>\n<li><a href=\"https:\/\/d2tv960yzi0spr.cloudfront.net\/uploads\/2018\/10\/TSNDRA-2016-Heatwave-Fact-Sheet.pdf\">TSNDRA 2016 \u2013 T\u1edd th\u00f4ng tin v\u1ec1 S\u00f3ng nhi\u1ec7t (164 kB) Ng\u00e0y 6 th\u00e1ng 9 n\u0103m 2016<\/a><\/li>\n<li><a href=\"https:\/\/d2tv960yzi0spr.cloudfront.net\/uploads\/2018\/10\/TSNDRA-2016-Pandemic-Influenza-Sheet.pdf\">TSNDRA 2016 \u2013 T\u1edd th\u00f4ng tin v\u1ec1 c\u00fam \u0111\u1ea1i d\u1ecbch (178 kB) ng\u00e0y 6 th\u00e1ng 9 n\u0103m 2016<\/a><\/li>\n<li><a href=\"https:\/\/d2tv960yzi0spr.cloudfront.net\/uploads\/2018\/10\/TSNDRA-Public-Brochure.pdf\">TSNDRA \u2013 H\u01b0\u1edbng d\u1eabn an to\u00e0n (2,22 MB) ng\u00e0y 7 th\u00e1ng 11 n\u0103m 2013<\/a><\/li>\n<\/ul>\n<p>N\u1ebfu qu\u00fd v\u1ecb c\u1ea7n t\u00e0i li\u1ec7u d\u01b0\u1edbi \u0111\u1ecbnh d\u1ea1ng kh\u00e1c, vui l\u00f2ng g\u1eedi email cho ch\u00fang t\u00f4i theo \u0111\u1ecba ch\u1ec9: <a href=\"mailto:ses@ses.tas.gov.au\">ses@ses.tas.gov.au<\/a>\u00a0v\u00e0 cho ch\u00fang t\u00f4i bi\u1ebft.<\/p>","protected":false},"excerpt":{"rendered":"<p>Tasmanian Disaster Risk Assessment (TASDRA 2022) TASDRA 2022 Summary TASDRA 2022 Condensed full report The 2022 Tasmanian Disaster Risk Assessment (TASDRA) supports better understanding of the disaster risks that could&hellip;<\/p>","protected":false},"author":1,"featured_media":0,"parent":280,"menu_order":65,"comment_status":"closed","ping_status":"closed","template":"","meta":{"_acf_changed":false,"_monsterinsights_skip_tracking":false,"_monsterinsights_sitenote_active":false,"_monsterinsights_sitenote_note":"","_monsterinsights_sitenote_category":0,"footnotes":""},"class_list":["post-285","page","type-page","status-publish","hentry"],"acf":[],"yoast_head":"<!-- This site is optimized with the Yoast SEO plugin v24.9 - https:\/\/yoast.com\/wordpress\/plugins\/seo\/ -->\n<title>TASDRA Disaster Risk Assessment - Tasmania State Emergency Service<\/title>\n<meta name=\"robots\" content=\"index, follow, max-snippet:-1, max-image-preview:large, max-video-preview:-1\" \/>\n<link rel=\"canonical\" href=\"https:\/\/www.ses.tas.gov.au\/vi\/about\/risk-management\/tsndra\/\" \/>\n<meta property=\"og:locale\" content=\"vi_VN\" \/>\n<meta property=\"og:type\" content=\"article\" \/>\n<meta property=\"og:title\" content=\"TASDRA Disaster Risk Assessment - Tasmania State Emergency Service\" \/>\n<meta property=\"og:description\" content=\"Tasmanian Disaster Risk Assessment (TASDRA 2022) TASDRA 2022 Summary TASDRA 2022 Condensed full report The 2022 Tasmanian Disaster Risk Assessment (TASDRA) supports better understanding of the disaster risks that could&hellip;\" \/>\n<meta property=\"og:url\" content=\"https:\/\/www.ses.tas.gov.au\/vi\/about\/risk-management\/tsndra\/\" \/>\n<meta property=\"og:site_name\" content=\"Tasmania State Emergency Service\" \/>\n<meta property=\"article:modified_time\" content=\"2022-06-23T04:24:30+00:00\" \/>\n<meta name=\"twitter:card\" content=\"summary_large_image\" \/>\n<meta name=\"twitter:label1\" content=\"Est. reading time\" \/>\n\t<meta name=\"twitter:data1\" content=\"2 minutes\" \/>\n<script type=\"application\/ld+json\" class=\"yoast-schema-graph\">{\"@context\":\"https:\/\/schema.org\",\"@graph\":[{\"@type\":\"WebPage\",\"@id\":\"https:\/\/www.ses.tas.gov.au\/about\/risk-management\/tsndra\/\",\"url\":\"https:\/\/www.ses.tas.gov.au\/about\/risk-management\/tsndra\/\",\"name\":\"TASDRA Disaster Risk Assessment - Tasmania State Emergency Service\",\"isPartOf\":{\"@id\":\"http:\/\/localhost\/#website\"},\"datePublished\":\"2018-10-30T22:07:15+00:00\",\"dateModified\":\"2022-06-23T04:24:30+00:00\",\"breadcrumb\":{\"@id\":\"https:\/\/www.ses.tas.gov.au\/about\/risk-management\/tsndra\/#breadcrumb\"},\"inLanguage\":\"vi\",\"potentialAction\":[{\"@type\":\"ReadAction\",\"target\":[\"https:\/\/www.ses.tas.gov.au\/about\/risk-management\/tsndra\/\"]}]},{\"@type\":\"BreadcrumbList\",\"@id\":\"https:\/\/www.ses.tas.gov.au\/about\/risk-management\/tsndra\/#breadcrumb\",\"itemListElement\":[{\"@type\":\"ListItem\",\"position\":1,\"name\":\"Home\",\"item\":\"https:\/\/www.ses.tas.gov.au\/\"},{\"@type\":\"ListItem\",\"position\":2,\"name\":\"About\",\"item\":\"https:\/\/www.ses.tas.gov.au\/about\/\"},{\"@type\":\"ListItem\",\"position\":3,\"name\":\"Risk Management\",\"item\":\"https:\/\/www.ses.tas.gov.au\/about\/risk-management\/\"},{\"@type\":\"ListItem\",\"position\":4,\"name\":\"TSNDRA\"}]},{\"@type\":\"WebSite\",\"@id\":\"http:\/\/localhost\/#website\",\"url\":\"http:\/\/localhost\/\",\"name\":\"Tasmania State Emergency Service\",\"description\":\"\",\"potentialAction\":[{\"@type\":\"SearchAction\",\"target\":{\"@type\":\"EntryPoint\",\"urlTemplate\":\"http:\/\/localhost\/?s={search_term_string}\"},\"query-input\":{\"@type\":\"PropertyValueSpecification\",\"valueRequired\":true,\"valueName\":\"search_term_string\"}}],\"inLanguage\":\"vi\"}]}<\/script>\n<!-- \/ Yoast SEO plugin. -->","yoast_head_json":{"title":"TASDRA Disaster Risk Assessment - Tasmania State Emergency Service","robots":{"index":"index","follow":"follow","max-snippet":"max-snippet:-1","max-image-preview":"max-image-preview:large","max-video-preview":"max-video-preview:-1"},"canonical":"https:\/\/www.ses.tas.gov.au\/vi\/about\/risk-management\/tsndra\/","og_locale":"vi_VN","og_type":"article","og_title":"TASDRA Disaster Risk Assessment - Tasmania State Emergency Service","og_description":"Tasmanian Disaster Risk Assessment (TASDRA 2022) TASDRA 2022 Summary TASDRA 2022 Condensed full report The 2022 Tasmanian Disaster Risk Assessment (TASDRA) supports better understanding of the disaster risks that could&hellip;","og_url":"https:\/\/www.ses.tas.gov.au\/vi\/about\/risk-management\/tsndra\/","og_site_name":"Tasmania State Emergency Service","article_modified_time":"2022-06-23T04:24:30+00:00","twitter_card":"summary_large_image","twitter_misc":{"Est. reading time":"2 minutes"},"schema":{"@context":"https:\/\/schema.org","@graph":[{"@type":"WebPage","@id":"https:\/\/www.ses.tas.gov.au\/about\/risk-management\/tsndra\/","url":"https:\/\/www.ses.tas.gov.au\/about\/risk-management\/tsndra\/","name":"TASDRA Disaster Risk Assessment - Tasmania State Emergency Service","isPartOf":{"@id":"http:\/\/localhost\/#website"},"datePublished":"2018-10-30T22:07:15+00:00","dateModified":"2022-06-23T04:24:30+00:00","breadcrumb":{"@id":"https:\/\/www.ses.tas.gov.au\/about\/risk-management\/tsndra\/#breadcrumb"},"inLanguage":"vi","potentialAction":[{"@type":"ReadAction","target":["https:\/\/www.ses.tas.gov.au\/about\/risk-management\/tsndra\/"]}]},{"@type":"BreadcrumbList","@id":"https:\/\/www.ses.tas.gov.au\/about\/risk-management\/tsndra\/#breadcrumb","itemListElement":[{"@type":"ListItem","position":1,"name":"Home","item":"https:\/\/www.ses.tas.gov.au\/"},{"@type":"ListItem","position":2,"name":"About","item":"https:\/\/www.ses.tas.gov.au\/about\/"},{"@type":"ListItem","position":3,"name":"Risk Management","item":"https:\/\/www.ses.tas.gov.au\/about\/risk-management\/"},{"@type":"ListItem","position":4,"name":"TSNDRA"}]},{"@type":"WebSite","@id":"http:\/\/localhost\/#website","url":"http:\/\/localhost\/","name":"Tasmania State Emergency Service","description":"","potentialAction":[{"@type":"SearchAction","target":{"@type":"EntryPoint","urlTemplate":"http:\/\/localhost\/?s={search_term_string}"},"query-input":{"@type":"PropertyValueSpecification","valueRequired":true,"valueName":"search_term_string"}}],"inLanguage":"vi"}]}},"_links":{"self":[{"href":"https:\/\/www.ses.tas.gov.au\/vi\/wp-json\/wp\/v2\/pages\/285","targetHints":{"allow":["GET"]}}],"collection":[{"href":"https:\/\/www.ses.tas.gov.au\/vi\/wp-json\/wp\/v2\/pages"}],"about":[{"href":"https:\/\/www.ses.tas.gov.au\/vi\/wp-json\/wp\/v2\/types\/page"}],"author":[{"embeddable":true,"href":"https:\/\/www.ses.tas.gov.au\/vi\/wp-json\/wp\/v2\/users\/1"}],"replies":[{"embeddable":true,"href":"https:\/\/www.ses.tas.gov.au\/vi\/wp-json\/wp\/v2\/comments?post=285"}],"version-history":[{"count":8,"href":"https:\/\/www.ses.tas.gov.au\/vi\/wp-json\/wp\/v2\/pages\/285\/revisions"}],"predecessor-version":[{"id":6970,"href":"https:\/\/www.ses.tas.gov.au\/vi\/wp-json\/wp\/v2\/pages\/285\/revisions\/6970"}],"up":[{"embeddable":true,"href":"https:\/\/www.ses.tas.gov.au\/vi\/wp-json\/wp\/v2\/pages\/280"}],"wp:attachment":[{"href":"https:\/\/www.ses.tas.gov.au\/vi\/wp-json\/wp\/v2\/media?parent=285"}],"curies":[{"name":"wp","href":"https:\/\/api.w.org\/{rel}","templated":true}]}}