{"id":282,"date":"2018-10-30T22:05:45","date_gmt":"2018-10-30T22:05:45","guid":{"rendered":"https:\/\/www.ses.tas.gov.au\/?page_id=282"},"modified":"2022-06-23T14:23:31","modified_gmt":"2022-06-23T04:23:31","slug":"terag","status":"publish","type":"page","link":"https:\/\/www.ses.tas.gov.au\/vi\/about\/risk-management\/terag\/","title":{"rendered":"TERAG"},"content":{"rendered":"<h2>H\u01b0\u1edbng d\u1eabn \u0110\u00e1nh gi\u00e1 R\u1ee7i ro Kh\u1ea9n c\u1ea5p c\u1ee7a Tasmania<\/h2>\n<p>C\u00e1c h\u01b0\u1edbng d\u1eabn \u0110\u00e1nh gi\u00e1 R\u1ee7i ro Kh\u1ea9n c\u1ea5p c\u1ee7a Tasmania (TERAG) c\u00f9ng v\u1edbi c\u00e1c m\u1eabu v\u00e0 c\u00f4ng c\u1ee5 li\u00ean quan cung c\u1ea5p m\u1ed9t quy tr\u00ecnh d\u1ec5 th\u1ef1c hi\u1ec7n \u0111\u1ec3 t\u1ea1o ra c\u00e1c \u0111\u00e1nh gi\u00e1 r\u1ee7i ro nh\u1ea5t qu\u00e1n v\u00e0 \u0111\u00e1ng tin c\u1eady cho c\u00f4ng t\u00e1c qu\u1ea3n l\u00fd kh\u1ea9n c\u1ea5p.<\/p>\n<p>\u0110\u00e1nh gi\u00e1 r\u1ee7i ro gi\u00fap duy tr\u00ec c\u00e1c bi\u1ec7n ph\u00e1p ki\u1ec3m so\u00e1t hi\u1ec7n t\u1ea1i, x\u00e1c \u0111\u1ecbnh c\u00e1c bi\u1ec7n ph\u00e1p x\u1eed l\u00fd m\u1edbi v\u00e0 qu\u1ea3n l\u00fd c\u00e1c r\u1ee7i ro hi\u1ec7n c\u00f3 v\u00e0 m\u1edbi ph\u00e1t sinh t\u1eeb c\u00e1c m\u1ed1i nguy t\u1ef1 nhi\u00ean v\u00e0 do con ng\u01b0\u1eddi g\u00e2y ra \u0111\u1ed1i v\u1edbi con ng\u01b0\u1eddi, kinh t\u1ebf, m\u00f4i tr\u01b0\u1eddng, b\u1ed1i c\u1ea3nh x\u00e3 h\u1ed9i v\u00e0 qu\u1ea3n l\u00fd h\u00e0nh ch\u00ednh c\u1ee7a Tasmania.<\/p>\n<p>Nh\u1eefng h\u01b0\u1edbng d\u1eabn d\u1ef1 th\u1ea3o n\u00e0y b\u1ed5 sung cho quy tr\u00ecnh qu\u1ea3n l\u00fd r\u1ee7i ro trong Ch\u01b0\u01a1ng tr\u00ecnh Qu\u1ea3n l\u00fd Kh\u1ea9n c\u1ea5p Tasmania (TEMA) v\u00e0 Ch\u00ednh s\u00e1ch L\u1eadp k\u1ebf ho\u1ea1ch Qu\u1ea3n l\u00fd Kh\u1ea9n c\u1ea5p SEMC d\u1ef1 th\u1ea3o (\u0111ang trong qu\u00e1 tr\u00ecnh ph\u00e1t tri\u1ec3n).<\/p>\n<p>TERAG ph\u1ea3n \u00e1nh c\u00e1c ph\u01b0\u01a1ng ph\u00e1p qu\u1ea3n l\u00fd r\u1ee7i ro \u0111\u1ed1i v\u1edbi c\u00e1c m\u1ed1i nguy thi\u00ean nhi\u00ean trong c\u00e1c d\u1ef1 \u00e1n \u0110\u00e1nh gi\u00e1 R\u1ee7i ro Thi\u00ean tai T\u1ef1 nhi\u00ean Bang Tasmania (TSNDRA) n\u0103m 2012 v\u00e0 2016.<\/p>\n<p>C\u00e1c m\u1ed1i nguy hi\u1ec3m do con ng\u01b0\u1eddi g\u00e2y ra nh\u01b0 b\u1ea1o l\u1ef1c c\u1ed1 \u00fd (v\u00ed d\u1ee5: kh\u1ee7ng b\u1ed1) kh\u00f4ng \u0111\u01b0\u1ee3c \u0111\u1ec1 c\u1eadp tr\u1ef1c ti\u1ebfp \u1edf giai \u0111o\u1ea1n n\u00e0y. Tuy nhi\u00ean, c\u00e1c nguy\u00ean t\u1eafc, khu\u00f4n kh\u1ed5 v\u00e0 ph\u01b0\u01a1ng ph\u00e1p \u0111\u01b0\u1ee3c n\u00eau trong ch\u00ednh s\u00e1ch v\u00e0 h\u01b0\u1edbng d\u1eabn c\u0169ng \u00e1p d\u1ee5ng t\u01b0\u01a1ng t\u1ef1 cho c\u00e1c m\u1ed1i nguy hi\u1ec3m n\u00e0y v\u00e0 n\u00ean \u0111\u01b0\u1ee3c s\u1eed d\u1ee5ng. \u0110\u1ec3 bi\u1ebft th\u00eam th\u00f4ng tin li\u00ean quan \u0111\u1ebfn kh\u1ee7ng b\u1ed1, \u1ee8ng ph\u00f3 \u0110\u1eb7c bi\u1ec7t v\u00e0 Ch\u1ed1ng Kh\u1ee7ng b\u1ed1 (SRCT), h\u00e3y li\u00ean h\u1ec7 v\u1edbi C\u1ea3nh s\u00e1t Tasmania t\u1ea1i <a href=\"mailto:SRCT@police.tas.gov.au\">SRCT@police.tas.gov.au<\/a>.<\/p>\n<h2>Toulouse Tasmani An H\u01b0\u1edbng D\u1eabn \u0110\u00e1nh Gi\u00e1 R\u1ee7i Ro Kh\u1ea9n C\u1ea5p<\/h2>\n<p>B\u1ed9 C\u00f4ng c\u1ee5 TERAG ch\u1ee9a m\u1ed9t b\u1ed9 t\u00e0i nguy\u00ean \u0111\u1ec3 h\u1ed7 tr\u1ee3 c\u00e1c \u1ee7y ban qu\u1ea3n l\u00fd kh\u1ea9n c\u1ea5p Tasmania, c\u00e1c c\u01a1 quan qu\u1ea3n l\u00fd nguy hi\u1ec3m v\u00e0 c\u00e1c t\u1ed5 ch\u1ee9c kh\u00e1c th\u1ef1c hi\u1ec7n \u0111\u00e1nh gi\u00e1 r\u1ee7i ro qu\u1ea3n l\u00fd kh\u1ea9n c\u1ea5p.<\/p>\n<p>Tr\u01b0\u1edbc khi ti\u1ebfn h\u00e0nh c\u00e1c bu\u1ed5i h\u1ed9i th\u1ea3o \u0111\u00e1nh gi\u00e1, ng\u01b0\u1eddi \u0111i\u1ec1u ph\u1ed1i v\u00e0 ng\u01b0\u1eddi tham gia \u0111\u01b0\u1ee3c khuy\u1ebfn kh\u00edch tham gia Kh\u00f3a \u0111\u00e0o t\u1ea1o Tr\u1ef1c tuy\u1ebfn NERAG c\u1ee7a Vi\u1ec7n Kh\u1ea3 n\u0103ng Ph\u1ee5c h\u1ed3i Sau Th\u1ea3m h\u1ecda \u00dac \u0111\u1ec3 n\u00e2ng cao hi\u1ec3u bi\u1ebft c\u1ee7a h\u1ecd v\u1ec1 quy tr\u00ecnh c\u1ee7a H\u01b0\u1edbng d\u1eabn \u0110\u00e1nh gi\u00e1 R\u1ee7i ro Kh\u1ea9n c\u1ea5p Qu\u1ed1c gia (NERAG). S\u1edf C\u1ee9u h\u1ed9 Kh\u1ea9n c\u1ea5p Ti\u1ec3u bang c\u0169ng c\u00f3 th\u1ec3 \u0111\u01b0\u1ee3c li\u00ean h\u1ec7 (<a href=\"mailto:sesplanning@ses.tas.gov.au\">sesplanning@ses.tas.gov.au<\/a>) \u0111\u1ec3 \u0111\u01b0\u1ee3c t\u01b0 v\u1ea5n v\u1ec1 \u0111\u00e0o t\u1ea1o TERAG v\u00e0 vi\u1ec7c ti\u1ebfn h\u00e0nh c\u00e1c h\u1ed9i th\u1ea3o \u0111\u00e1nh gi\u00e1 r\u1ee7i ro theo ph\u01b0\u01a1ng ph\u00e1p lu\u1eadn TERAG.<\/p>\n<p>C\u00e1c t\u00e0i li\u1ec7u sau \u0111\u00e2y (PDF v\u00e0 .doc) c\u00f3 s\u1eb5n cho ng\u01b0\u1eddi \u0111i\u1ec1u ph\u1ed1i v\u00e0 ng\u01b0\u1eddi tham gia h\u1ed9i th\u1ea3o \u0111\u00e1nh gi\u00e1 r\u1ee7i ro \u0111\u1ec3 h\u1ed7 tr\u1ee3 vi\u1ec7c \u0111\u00e1nh gi\u00e1 r\u1ee7i ro:<\/p>\n<ul>\n<li><a href=\"https:\/\/d2tv960yzi0spr.cloudfront.net\/uploads\/2018\/10\/TERAG-Guidelines-V-1.0-Web.pdf\">H\u01b0\u1edbng d\u1eabn \u0110\u00e1nh gi\u00e1 R\u1ee7i ro Kh\u1ea9n c\u1ea5p c\u1ee7a Tasmania<\/a><\/li>\n<li><a href=\"https:\/\/d2tv960yzi0spr.cloudfront.net\/uploads\/2018\/10\/TERAG-Quick-Guide-Web.pdf\">TERAG H\u01b0\u1edbng d\u1eabn nhanh<\/a><\/li>\n<li><a href=\"https:\/\/d2tv960yzi0spr.cloudfront.net\/uploads\/2018\/10\/TERAG-Tables-and-Templates-Web1.pdf\">TERAG B\u1ea3ng v\u00e0 M\u1eabu<\/a>\n<ul>\n<li><a href=\"https:\/\/d2tv960yzi0spr.cloudfront.net\/uploads\/2018\/10\/Risk-Assessment-Summary-Report.docx\">B\u00e1o C\u00e1o T\u00f3m T\u1eaft \u0110\u00e1nh Gi\u00e1 R\u1ee7i Ro M\u1eabu<\/a><\/li>\n<li><a href=\"https:\/\/d2tv960yzi0spr.cloudfront.net\/uploads\/2018\/10\/Priority-Risks-Template.docx\">M\u1eabu R\u1ee7i ro \u01afu ti\u00ean<\/a><\/li>\n<li><a href=\"https:\/\/d2tv960yzi0spr.cloudfront.net\/uploads\/2018\/10\/Risk-Assessment-Workshop-Attendance.docx\">M\u1eabu tham d\u1ef1 h\u1ed9i th\u1ea3o \u0111\u00e1nh gi\u00e1 r\u1ee7i ro<\/a><\/li>\n<li><a href=\"https:\/\/d2tv960yzi0spr.cloudfront.net\/uploads\/2018\/10\/Workshop-Checklist.docx\">M\u1eabu danh s\u00e1ch ki\u1ec3m tra h\u1ed9i th\u1ea3o<\/a><\/li>\n<li><a href=\"https:\/\/d2tv960yzi0spr.cloudfront.net\/uploads\/2018\/10\/Project-Scope-Requirements-Template.docx\">Thi\u1ebft l\u1eadp M\u1eabu ph\u1ea1m vi<\/a><\/li>\n<li><a href=\"https:\/\/d2tv960yzi0spr.cloudfront.net\/uploads\/2018\/10\/Hazard-Scenario-Template.docx\">M\u1eabu K\u1ecbch B\u1ea3n Nguy Hi\u1ec3m<\/a><\/li>\n<li><a href=\"https:\/\/d2tv960yzi0spr.cloudfront.net\/uploads\/2018\/10\/Printed-Risk-Register-Template.docx\">M\u1eabu S\u1ed5 \u0111\u0103ng k\u00fd r\u1ee7i ro<\/a><\/li>\n<\/ul>\n<\/li>\n<li><a href=\"https:\/\/d2tv960yzi0spr.cloudfront.net\/uploads\/2018\/10\/TERAG-Risk-Statement-Tool-v1.0.xlsx\">C\u00f4ng c\u1ee5 Tuy\u00ean b\u1ed1 R\u1ee7i ro TERAG<\/a><\/li>\n<li><a href=\"https:\/\/d2tv960yzi0spr.cloudfront.net\/uploads\/2018\/10\/TERAG-interactive-consequence-table-v1-protected.xls\">B\u1ea3ng H\u1eadu qu\u1ea3 T\u01b0\u01a1ng t\u00e1c TERAG<\/a><\/li>\n<li><a href=\"https:\/\/d2tv960yzi0spr.cloudfront.net\/uploads\/2018\/10\/TERAG-Risk-Register-Tool-Terr-Tool-v3.xlsm\">C\u00f4ng c\u1ee5 S\u1ed5 \u0111\u0103ng k\u00fd R\u1ee7i ro TERAG<\/a><\/li>\n<li><a href=\"https:\/\/d2tv960yzi0spr.cloudfront.net\/uploads\/2018\/10\/Torrens-Resilience-Institute-Toolkit-and-Scorecard-Version-2.pdf\">B\u1ed9 c\u00f4ng c\u1ee5 v\u00e0 H\u1ec7 th\u1ed1ng ch\u1ea5m \u0111i\u1ec3m kh\u1ea3 n\u0103ng ph\u1ee5c h\u1ed3i Torrens v2<\/a><\/li>\n<\/ul>\n<p>N\u1ebfu qu\u00fd v\u1ecb c\u1ea7n t\u00e0i li\u1ec7u n\u00e0y \u1edf \u0111\u1ecbnh d\u1ea1ng kh\u00e1c, vui l\u00f2ng g\u1eedi email cho ch\u00fang t\u00f4i t\u1ea1i <a href=\"mailto:ses@ses.tas.gov.au\">ses@ses.tas.gov.au<\/a>\u00a0v\u00e0 cho ch\u00fang t\u00f4i bi\u1ebft.<\/p>\n<h2>L\u1eddi c\u1ea3m \u01a1n<\/h2>\n<p>C\u00e1c H\u01b0\u1edbng d\u1eabn v\u00e0 H\u1ed9p c\u00f4ng c\u1ee5 \u0110\u00e1nh gi\u00e1 R\u1ee7i ro Kh\u1ea9n c\u1ea5p c\u1ee7a Tasmania \u0111\u01b0\u1ee3c ph\u00e1t tri\u1ec3n b\u1edfi C\u1ee5c C\u1ee9u h\u1ed9 Kh\u1ea9n c\u1ea5p Bang thay m\u1eb7t cho \u1ee6y ban Qu\u1ea3n l\u00fd Kh\u1ea9n c\u1ea5p Bang v\u1edbi s\u1ef1 h\u1ed7 tr\u1ee3 t\u1eeb m\u1ed9t kho\u1ea3n t\u00e0i tr\u1ee3 c\u1ee7a Ch\u00ednh ph\u1ee7 \u00dac theo Th\u1ecfa thu\u1eadn \u0110\u1ed1i t\u00e1c Qu\u1ed1c gia v\u1ec1 Kh\u1ea3 n\u0103ng ph\u1ee5c h\u1ed3i sau Thi\u00ean tai.<\/p>\n<p>D\u1ecbch v\u1ee5 Kh\u1ea9n c\u1ea5p Nh\u00e0 n\u01b0\u1edbc ghi nh\u1eadn s\u1ef1 h\u1ed7 tr\u1ee3 c\u1ee7a V\u0103n ph\u00f2ng Qu\u1ea3n l\u00fd Kh\u1ea9n c\u1ea5p thu\u1ed9c S\u1edf C\u1ee9u h\u1ecfa v\u00e0 D\u1ecbch v\u1ee5 Kh\u1ea9n c\u1ea5p T\u00e2y \u00dac trong vi\u1ec7c cung c\u1ea5p l\u1eddi khuy\u00ean, nh\u1eadn \u0111\u1ecbnh v\u00e0 c\u00e1c v\u00ed d\u1ee5 v\u1ec1 h\u01b0\u1edbng d\u1eabn v\u00e0 ngu\u1ed3n l\u1ef1c c\u1ee7a T\u00e2y \u00dac.<\/p>","protected":false},"excerpt":{"rendered":"<p>Tasmanian Emergency Risk Assessment Guidelines The Tasmanian Emergency Risk Assessment Guidelines (TERAG) and associated templates and tools provide an easy to follow process to create consistent and reliable risk assessments&hellip;<\/p>","protected":false},"author":1,"featured_media":0,"parent":280,"menu_order":37,"comment_status":"closed","ping_status":"closed","template":"","meta":{"_acf_changed":false,"_monsterinsights_skip_tracking":false,"_monsterinsights_sitenote_active":false,"_monsterinsights_sitenote_note":"","_monsterinsights_sitenote_category":0,"footnotes":""},"class_list":["post-282","page","type-page","status-publish","hentry"],"acf":[],"yoast_head":"<!-- This site is optimized with the Yoast SEO plugin v24.9 - https:\/\/yoast.com\/wordpress\/plugins\/seo\/ -->\n<title>TERAG - Tasmania State Emergency Service<\/title>\n<meta name=\"robots\" content=\"index, follow, max-snippet:-1, max-image-preview:large, max-video-preview:-1\" \/>\n<link rel=\"canonical\" href=\"https:\/\/www.ses.tas.gov.au\/vi\/about\/risk-management\/terag\/\" \/>\n<meta property=\"og:locale\" content=\"vi_VN\" \/>\n<meta property=\"og:type\" content=\"article\" \/>\n<meta property=\"og:title\" content=\"TERAG - Tasmania State Emergency Service\" \/>\n<meta property=\"og:description\" content=\"Tasmanian Emergency Risk Assessment Guidelines The Tasmanian Emergency Risk Assessment Guidelines (TERAG) and associated templates and tools provide an easy to follow process to create consistent and reliable risk assessments&hellip;\" \/>\n<meta property=\"og:url\" content=\"https:\/\/www.ses.tas.gov.au\/vi\/about\/risk-management\/terag\/\" \/>\n<meta property=\"og:site_name\" content=\"Tasmania State Emergency Service\" \/>\n<meta property=\"article:modified_time\" content=\"2022-06-23T04:23:31+00:00\" \/>\n<meta name=\"twitter:card\" content=\"summary_large_image\" \/>\n<meta name=\"twitter:label1\" content=\"Est. reading time\" \/>\n\t<meta name=\"twitter:data1\" content=\"2 minutes\" \/>\n<script type=\"application\/ld+json\" class=\"yoast-schema-graph\">{\"@context\":\"https:\/\/schema.org\",\"@graph\":[{\"@type\":\"WebPage\",\"@id\":\"https:\/\/www.ses.tas.gov.au\/about\/risk-management\/terag\/\",\"url\":\"https:\/\/www.ses.tas.gov.au\/about\/risk-management\/terag\/\",\"name\":\"TERAG - Tasmania State Emergency Service\",\"isPartOf\":{\"@id\":\"http:\/\/localhost\/#website\"},\"datePublished\":\"2018-10-30T22:05:45+00:00\",\"dateModified\":\"2022-06-23T04:23:31+00:00\",\"breadcrumb\":{\"@id\":\"https:\/\/www.ses.tas.gov.au\/about\/risk-management\/terag\/#breadcrumb\"},\"inLanguage\":\"vi\",\"potentialAction\":[{\"@type\":\"ReadAction\",\"target\":[\"https:\/\/www.ses.tas.gov.au\/about\/risk-management\/terag\/\"]}]},{\"@type\":\"BreadcrumbList\",\"@id\":\"https:\/\/www.ses.tas.gov.au\/about\/risk-management\/terag\/#breadcrumb\",\"itemListElement\":[{\"@type\":\"ListItem\",\"position\":1,\"name\":\"Home\",\"item\":\"https:\/\/www.ses.tas.gov.au\/\"},{\"@type\":\"ListItem\",\"position\":2,\"name\":\"About\",\"item\":\"https:\/\/www.ses.tas.gov.au\/about\/\"},{\"@type\":\"ListItem\",\"position\":3,\"name\":\"Risk Management\",\"item\":\"https:\/\/www.ses.tas.gov.au\/about\/risk-management\/\"},{\"@type\":\"ListItem\",\"position\":4,\"name\":\"TERAG\"}]},{\"@type\":\"WebSite\",\"@id\":\"http:\/\/localhost\/#website\",\"url\":\"http:\/\/localhost\/\",\"name\":\"Tasmania State Emergency Service\",\"description\":\"\",\"potentialAction\":[{\"@type\":\"SearchAction\",\"target\":{\"@type\":\"EntryPoint\",\"urlTemplate\":\"http:\/\/localhost\/?s={search_term_string}\"},\"query-input\":{\"@type\":\"PropertyValueSpecification\",\"valueRequired\":true,\"valueName\":\"search_term_string\"}}],\"inLanguage\":\"vi\"}]}<\/script>\n<!-- \/ Yoast SEO plugin. -->","yoast_head_json":{"title":"TERAG - Tasmania State Emergency Service","robots":{"index":"index","follow":"follow","max-snippet":"max-snippet:-1","max-image-preview":"max-image-preview:large","max-video-preview":"max-video-preview:-1"},"canonical":"https:\/\/www.ses.tas.gov.au\/vi\/about\/risk-management\/terag\/","og_locale":"vi_VN","og_type":"article","og_title":"TERAG - Tasmania State Emergency Service","og_description":"Tasmanian Emergency Risk Assessment Guidelines The Tasmanian Emergency Risk Assessment Guidelines (TERAG) and associated templates and tools provide an easy to follow process to create consistent and reliable risk assessments&hellip;","og_url":"https:\/\/www.ses.tas.gov.au\/vi\/about\/risk-management\/terag\/","og_site_name":"Tasmania State Emergency Service","article_modified_time":"2022-06-23T04:23:31+00:00","twitter_card":"summary_large_image","twitter_misc":{"Est. reading time":"2 minutes"},"schema":{"@context":"https:\/\/schema.org","@graph":[{"@type":"WebPage","@id":"https:\/\/www.ses.tas.gov.au\/about\/risk-management\/terag\/","url":"https:\/\/www.ses.tas.gov.au\/about\/risk-management\/terag\/","name":"TERAG - Tasmania State Emergency Service","isPartOf":{"@id":"http:\/\/localhost\/#website"},"datePublished":"2018-10-30T22:05:45+00:00","dateModified":"2022-06-23T04:23:31+00:00","breadcrumb":{"@id":"https:\/\/www.ses.tas.gov.au\/about\/risk-management\/terag\/#breadcrumb"},"inLanguage":"vi","potentialAction":[{"@type":"ReadAction","target":["https:\/\/www.ses.tas.gov.au\/about\/risk-management\/terag\/"]}]},{"@type":"BreadcrumbList","@id":"https:\/\/www.ses.tas.gov.au\/about\/risk-management\/terag\/#breadcrumb","itemListElement":[{"@type":"ListItem","position":1,"name":"Home","item":"https:\/\/www.ses.tas.gov.au\/"},{"@type":"ListItem","position":2,"name":"About","item":"https:\/\/www.ses.tas.gov.au\/about\/"},{"@type":"ListItem","position":3,"name":"Risk Management","item":"https:\/\/www.ses.tas.gov.au\/about\/risk-management\/"},{"@type":"ListItem","position":4,"name":"TERAG"}]},{"@type":"WebSite","@id":"http:\/\/localhost\/#website","url":"http:\/\/localhost\/","name":"Tasmania State Emergency Service","description":"","potentialAction":[{"@type":"SearchAction","target":{"@type":"EntryPoint","urlTemplate":"http:\/\/localhost\/?s={search_term_string}"},"query-input":{"@type":"PropertyValueSpecification","valueRequired":true,"valueName":"search_term_string"}}],"inLanguage":"vi"}]}},"_links":{"self":[{"href":"https:\/\/www.ses.tas.gov.au\/vi\/wp-json\/wp\/v2\/pages\/282","targetHints":{"allow":["GET"]}}],"collection":[{"href":"https:\/\/www.ses.tas.gov.au\/vi\/wp-json\/wp\/v2\/pages"}],"about":[{"href":"https:\/\/www.ses.tas.gov.au\/vi\/wp-json\/wp\/v2\/types\/page"}],"author":[{"embeddable":true,"href":"https:\/\/www.ses.tas.gov.au\/vi\/wp-json\/wp\/v2\/users\/1"}],"replies":[{"embeddable":true,"href":"https:\/\/www.ses.tas.gov.au\/vi\/wp-json\/wp\/v2\/comments?post=282"}],"version-history":[{"count":5,"href":"https:\/\/www.ses.tas.gov.au\/vi\/wp-json\/wp\/v2\/pages\/282\/revisions"}],"predecessor-version":[{"id":6969,"href":"https:\/\/www.ses.tas.gov.au\/vi\/wp-json\/wp\/v2\/pages\/282\/revisions\/6969"}],"up":[{"embeddable":true,"href":"https:\/\/www.ses.tas.gov.au\/vi\/wp-json\/wp\/v2\/pages\/280"}],"wp:attachment":[{"href":"https:\/\/www.ses.tas.gov.au\/vi\/wp-json\/wp\/v2\/media?parent=282"}],"curies":[{"name":"wp","href":"https:\/\/api.w.org\/{rel}","templated":true}]}}