{"id":280,"date":"2018-10-30T22:03:11","date_gmt":"2018-10-30T22:03:11","guid":{"rendered":"https:\/\/www.ses.tas.gov.au\/?page_id=280"},"modified":"2020-07-13T09:20:59","modified_gmt":"2020-07-12T23:20:59","slug":"risk-management","status":"publish","type":"page","link":"https:\/\/www.ses.tas.gov.au\/vi\/about\/risk-management\/","title":{"rendered":"Qu\u1ea3n l\u00fd r\u1ee7i ro"},"content":{"rendered":"<p>T\u1ea1i Tasmania, m\u1ed9t chi\u1ebfn l\u01b0\u1ee3c ph\u00f2ng ng\u1eeba v\u00e0 gi\u1ea3m thi\u1ec3u to\u00e0n di\u1ec7n cho c\u00f4ng t\u00e1c qu\u1ea3n l\u00fd kh\u1ea9n c\u1ea5p t\u1eadp trung v\u00e0o nghi\u00ean c\u1ee9u m\u1ed1i nguy, \u0111\u00e1nh gi\u00e1 r\u1ee7i ro v\u00e0 gi\u1ea3m thi\u1ec3u r\u1ee7i ro. Chi\u1ebfn l\u01b0\u1ee3c n\u00e0y bao g\u1ed3m:<\/p>\n<ul>\n<li>duy tr\u00ec quan h\u1ec7 \u0111\u1ed1i t\u00e1c gi\u1eefa c\u00e1c c\u01a1 quan ch\u00ednh ph\u1ee7 ti\u1ec3u bang v\u00e0 gi\u1eefa ba c\u1ea5p ch\u00ednh quy\u1ec1n<\/li>\n<li>t\u1ea1o \u0111i\u1ec1u ki\u1ec7n cho c\u00e1c khu\u00f4n kh\u1ed5 k\u1ef9 thu\u1eadt v\u00e0 t\u01b0 v\u1ea5n<\/li>\n<li>tri\u1ec3n khai c\u00e1c ch\u01b0\u01a1ng tr\u00ecnh gi\u00e1o d\u1ee5c v\u00e0 n\u00e2ng cao nh\u1eadn th\u1ee9c c\u1ed9ng \u0111\u1ed3ng li\u00ean t\u1ee5c<\/li>\n<li>cung c\u1ea5p v\u00e0 ti\u1ebfp c\u1eadn c\u00e1c ch\u01b0\u01a1ng tr\u00ecnh h\u1ed7 tr\u1ee3 t\u00e0i ch\u00ednh t\u1eeb c\u00e1c ch\u01b0\u01a1ng tr\u00ecnh t\u00e0i tr\u1ee3 c\u1ee7a Kh\u1ed1i th\u1ecbnh v\u01b0\u1ee3ng chung v\u00e0 ti\u1ec3u bang cho c\u00e1c ho\u1ea1t \u0111\u1ed9ng nghi\u00ean c\u1ee9u, \u0111\u00e1nh gi\u00e1 r\u1ee7i ro v\u00e0 gi\u1ea3m thi\u1ec3u r\u1ee7i ro<\/li>\n<li>r\u00e0 so\u00e1t v\u00e0 tri\u1ec3n khai c\u00e1c ch\u00ednh s\u00e1ch quy ho\u1ea1ch s\u1eed d\u1ee5ng \u0111\u1ea5t v\u00e0 c\u00e1c h\u01b0\u1edbng d\u1eabn kh\u00e1c \u0111\u1eb7c bi\u1ec7t ph\u00f9 h\u1ee3p v\u1edbi c\u00e1c khu v\u1ef1c ch\u1ecbu r\u1ee7i ro \u0111\u00e1ng k\u1ec3 t\u1eeb thi\u00ean tai v\u00e0 bi\u1ebfn \u0111\u1ed5i kh\u00ed h\u1eadu.<\/li>\n<\/ul>\n<p>Ch\u00fang t\u00f4i \u0111i\u1ec1u ph\u1ed1i c\u00e1c ch\u01b0\u01a1ng tr\u00ecnh t\u00e0i tr\u1ee3 cho qu\u1ea3n l\u00fd kh\u1ea9n c\u1ea5p. Xem th\u00eam th\u00f4ng tin tr\u00ean trang web c\u1ee7a ch\u00fang t\u00f4i <a href=\"https:\/\/www.ses.tas.gov.au\/vi\/emergency-management-2\/grant-funding\/\">ch\u01b0\u01a1ng tr\u00ecnh t\u00e0i tr\u1ee3 v\u00e0 c\u00e1c kho\u1ea3n t\u00e0i tr\u1ee3<\/a>.<\/p>\n\n\n<p><\/p>","protected":false},"excerpt":{"rendered":"<p>In Tasmania, a broad prevention and mitigation strategy for emergency management addresses hazard research, risk assessment and risk reduction. The strategy includes: maintaining partnerships across state government departments and between&hellip;<\/p>","protected":false},"author":1,"featured_media":0,"parent":2,"menu_order":88,"comment_status":"closed","ping_status":"closed","template":"","meta":{"_acf_changed":false,"_monsterinsights_skip_tracking":false,"_monsterinsights_sitenote_active":false,"_monsterinsights_sitenote_note":"","_monsterinsights_sitenote_category":0,"footnotes":""},"class_list":["post-280","page","type-page","status-publish","hentry"],"acf":[],"yoast_head":"<!-- This site is optimized with the Yoast SEO plugin v24.9 - https:\/\/yoast.com\/wordpress\/plugins\/seo\/ -->\n<title>Risk Management - Tasmania State Emergency Service<\/title>\n<meta name=\"robots\" content=\"index, follow, max-snippet:-1, max-image-preview:large, max-video-preview:-1\" \/>\n<link rel=\"canonical\" href=\"https:\/\/www.ses.tas.gov.au\/vi\/about\/risk-management\/\" \/>\n<meta property=\"og:locale\" content=\"vi_VN\" \/>\n<meta property=\"og:type\" content=\"article\" \/>\n<meta property=\"og:title\" content=\"Risk Management - Tasmania State Emergency Service\" \/>\n<meta property=\"og:description\" content=\"In Tasmania, a broad prevention and mitigation strategy for emergency management addresses hazard research, risk assessment and risk reduction. The strategy includes: maintaining partnerships across state government departments and between&hellip;\" \/>\n<meta property=\"og:url\" content=\"https:\/\/www.ses.tas.gov.au\/vi\/about\/risk-management\/\" \/>\n<meta property=\"og:site_name\" content=\"Tasmania State Emergency Service\" \/>\n<meta property=\"article:modified_time\" content=\"2020-07-12T23:20:59+00:00\" \/>\n<meta name=\"twitter:card\" content=\"summary_large_image\" \/>\n<meta name=\"twitter:label1\" content=\"Est. reading time\" \/>\n\t<meta name=\"twitter:data1\" content=\"1 minute\" \/>\n<script type=\"application\/ld+json\" class=\"yoast-schema-graph\">{\"@context\":\"https:\/\/schema.org\",\"@graph\":[{\"@type\":\"WebPage\",\"@id\":\"https:\/\/www.ses.tas.gov.au\/about\/risk-management\/\",\"url\":\"https:\/\/www.ses.tas.gov.au\/about\/risk-management\/\",\"name\":\"Risk Management - Tasmania State Emergency Service\",\"isPartOf\":{\"@id\":\"http:\/\/localhost\/#website\"},\"datePublished\":\"2018-10-30T22:03:11+00:00\",\"dateModified\":\"2020-07-12T23:20:59+00:00\",\"breadcrumb\":{\"@id\":\"https:\/\/www.ses.tas.gov.au\/about\/risk-management\/#breadcrumb\"},\"inLanguage\":\"vi\",\"potentialAction\":[{\"@type\":\"ReadAction\",\"target\":[\"https:\/\/www.ses.tas.gov.au\/about\/risk-management\/\"]}]},{\"@type\":\"BreadcrumbList\",\"@id\":\"https:\/\/www.ses.tas.gov.au\/about\/risk-management\/#breadcrumb\",\"itemListElement\":[{\"@type\":\"ListItem\",\"position\":1,\"name\":\"Home\",\"item\":\"https:\/\/www.ses.tas.gov.au\/\"},{\"@type\":\"ListItem\",\"position\":2,\"name\":\"About\",\"item\":\"https:\/\/www.ses.tas.gov.au\/about\/\"},{\"@type\":\"ListItem\",\"position\":3,\"name\":\"Risk Management\"}]},{\"@type\":\"WebSite\",\"@id\":\"http:\/\/localhost\/#website\",\"url\":\"http:\/\/localhost\/\",\"name\":\"Tasmania State Emergency Service\",\"description\":\"\",\"potentialAction\":[{\"@type\":\"SearchAction\",\"target\":{\"@type\":\"EntryPoint\",\"urlTemplate\":\"http:\/\/localhost\/?s={search_term_string}\"},\"query-input\":{\"@type\":\"PropertyValueSpecification\",\"valueRequired\":true,\"valueName\":\"search_term_string\"}}],\"inLanguage\":\"vi\"}]}<\/script>\n<!-- \/ Yoast SEO plugin. -->","yoast_head_json":{"title":"Risk Management - Tasmania State Emergency Service","robots":{"index":"index","follow":"follow","max-snippet":"max-snippet:-1","max-image-preview":"max-image-preview:large","max-video-preview":"max-video-preview:-1"},"canonical":"https:\/\/www.ses.tas.gov.au\/vi\/about\/risk-management\/","og_locale":"vi_VN","og_type":"article","og_title":"Risk Management - Tasmania State Emergency Service","og_description":"In Tasmania, a broad prevention and mitigation strategy for emergency management addresses hazard research, risk assessment and risk reduction. The strategy includes: maintaining partnerships across state government departments and between&hellip;","og_url":"https:\/\/www.ses.tas.gov.au\/vi\/about\/risk-management\/","og_site_name":"Tasmania State Emergency Service","article_modified_time":"2020-07-12T23:20:59+00:00","twitter_card":"summary_large_image","twitter_misc":{"Est. reading time":"1 minute"},"schema":{"@context":"https:\/\/schema.org","@graph":[{"@type":"WebPage","@id":"https:\/\/www.ses.tas.gov.au\/about\/risk-management\/","url":"https:\/\/www.ses.tas.gov.au\/about\/risk-management\/","name":"Risk Management - Tasmania State Emergency Service","isPartOf":{"@id":"http:\/\/localhost\/#website"},"datePublished":"2018-10-30T22:03:11+00:00","dateModified":"2020-07-12T23:20:59+00:00","breadcrumb":{"@id":"https:\/\/www.ses.tas.gov.au\/about\/risk-management\/#breadcrumb"},"inLanguage":"vi","potentialAction":[{"@type":"ReadAction","target":["https:\/\/www.ses.tas.gov.au\/about\/risk-management\/"]}]},{"@type":"BreadcrumbList","@id":"https:\/\/www.ses.tas.gov.au\/about\/risk-management\/#breadcrumb","itemListElement":[{"@type":"ListItem","position":1,"name":"Home","item":"https:\/\/www.ses.tas.gov.au\/"},{"@type":"ListItem","position":2,"name":"About","item":"https:\/\/www.ses.tas.gov.au\/about\/"},{"@type":"ListItem","position":3,"name":"Risk Management"}]},{"@type":"WebSite","@id":"http:\/\/localhost\/#website","url":"http:\/\/localhost\/","name":"Tasmania State Emergency Service","description":"","potentialAction":[{"@type":"SearchAction","target":{"@type":"EntryPoint","urlTemplate":"http:\/\/localhost\/?s={search_term_string}"},"query-input":{"@type":"PropertyValueSpecification","valueRequired":true,"valueName":"search_term_string"}}],"inLanguage":"vi"}]}},"_links":{"self":[{"href":"https:\/\/www.ses.tas.gov.au\/vi\/wp-json\/wp\/v2\/pages\/280","targetHints":{"allow":["GET"]}}],"collection":[{"href":"https:\/\/www.ses.tas.gov.au\/vi\/wp-json\/wp\/v2\/pages"}],"about":[{"href":"https:\/\/www.ses.tas.gov.au\/vi\/wp-json\/wp\/v2\/types\/page"}],"author":[{"embeddable":true,"href":"https:\/\/www.ses.tas.gov.au\/vi\/wp-json\/wp\/v2\/users\/1"}],"replies":[{"embeddable":true,"href":"https:\/\/www.ses.tas.gov.au\/vi\/wp-json\/wp\/v2\/comments?post=280"}],"version-history":[{"count":2,"href":"https:\/\/www.ses.tas.gov.au\/vi\/wp-json\/wp\/v2\/pages\/280\/revisions"}],"predecessor-version":[{"id":3729,"href":"https:\/\/www.ses.tas.gov.au\/vi\/wp-json\/wp\/v2\/pages\/280\/revisions\/3729"}],"up":[{"embeddable":true,"href":"https:\/\/www.ses.tas.gov.au\/vi\/wp-json\/wp\/v2\/pages\/2"}],"wp:attachment":[{"href":"https:\/\/www.ses.tas.gov.au\/vi\/wp-json\/wp\/v2\/media?parent=280"}],"curies":[{"name":"wp","href":"https:\/\/api.w.org\/{rel}","templated":true}]}}