{"id":268,"date":"2018-10-30T21:46:34","date_gmt":"2018-10-30T21:46:34","guid":{"rendered":"https:\/\/www.ses.tas.gov.au\/?page_id=268"},"modified":"2023-07-13T08:35:38","modified_gmt":"2023-07-12T22:35:38","slug":"awards","status":"publish","type":"page","link":"https:\/\/www.ses.tas.gov.au\/vi\/about\/get-involved\/awards\/","title":{"rendered":"Gi\u1ea3i th\u01b0\u1edfng"},"content":{"rendered":"<h2>Gi\u1ea3i th\u01b0\u1edfng Australia Ki\u00ean c\u01b0\u1eddng<\/h2>\n<p>Gi\u1ea3i th\u01b0\u1edfng Australia Ki\u00ean c\u01b0\u1eddng (RAAs) l\u00e0 m\u1ed9t ch\u01b0\u01a1ng tr\u00ecnh qu\u1ed1c gia nh\u1eb1m c\u00f4ng nh\u1eadn v\u00e0 th\u00fac \u0111\u1ea9y c\u00e1c s\u00e1ng ki\u1ebfn c\u1ee7ng c\u1ed1 kh\u1ea3 n\u0103ng ph\u1ee5c h\u1ed3i c\u1ed9ng \u0111\u1ed3ng tr\u01b0\u1edbc thi\u00ean tai tr\u00ean to\u00e0n qu\u1ed1c.<\/p>\n<p>RAA d\u00e0nh cho t\u1ea5t c\u1ea3 m\u1ecdi ng\u01b0\u1eddi: c\u00e1 nh\u00e2n, t\u1ed5 ch\u1ee9c phi l\u1ee3i nhu\u1eadn, doanh nghi\u1ec7p nh\u1ecf v\u00e0 l\u1edbn, ch\u00ednh quy\u1ec1n \u0111\u1ecba ph\u01b0\u01a1ng v\u00e0 ti\u1ec3u bang, tr\u01b0\u1eddng h\u1ecdc, c\u01a1 s\u1edf gi\u00e1o d\u1ee5c, c\u01a1 quan nghi\u00ean c\u1ee9u v\u00e0 c\u01a1 quan d\u1ecbch v\u1ee5 kh\u1ea9n c\u1ea5p.<\/p>\n<p>C\u00f3 n\u0103m h\u1ea1ng m\u1ee5c gi\u1ea3i th\u01b0\u1edfng c\u1ea5p ti\u1ec3u bang: Gi\u1ea3i th\u01b0\u1edfng C\u1ed9ng \u0111\u1ed3ng, Gi\u1ea3i th\u01b0\u1edfng Doanh nghi\u1ec7p, Gi\u1ea3i th\u01b0\u1edfng Ch\u00ednh ph\u1ee7, Gi\u1ea3i th\u01b0\u1edfng Tr\u01b0\u1eddng h\u1ecdc v\u00e0 Gi\u1ea3i th\u01b0\u1edfng Nhi\u1ebfp \u1ea3nh (Gi\u1ea3i th\u01b0\u1edfng \u0111\u01b0\u1ee3c b\u00ecnh ch\u1ecdn nhi\u1ec1u nh\u1ea5t). C\u00f3 ba gi\u1ea3i th\u01b0\u1edfng c\u1ea5p qu\u1ed1c gia: Gi\u1ea3i th\u01b0\u1edfng Qu\u1ed1c gia V\u01b0\u1ee3t qua Th\u1ea3m h\u1ecda \u00dac, Gi\u1ea3i th\u01b0\u1edfng Qu\u1ed1c gia Tr\u01b0\u1eddng h\u1ecdc V\u01b0\u1ee3t qua Th\u1ea3m h\u1ecda \u00dac v\u00e0 Gi\u1ea3i th\u01b0\u1edfng Nhi\u1ebfp \u1ea3nh Qu\u1ed1c gia V\u01b0\u1ee3t qua Th\u1ea3m h\u1ecda \u00dac (Gi\u1ea3i th\u01b0\u1edfng \u0111\u01b0\u1ee3c b\u00ecnh ch\u1ecdn b\u1edfi Ban Bi\u00ean t\u1eadp).<\/p>\n<p>\u0110\u1ec3 bi\u1ebft th\u00eam th\u00f4ng tin, vui l\u00f2ng truy c\u1eadp <a href=\"https:\/\/www.aidr.org.au\/programs\/resilient-australia-awards\/\">Vi\u1ec7n Nghi\u00ean c\u1ee9u Kh\u1ea3 n\u0103ng Ph\u1ee5c h\u1ed3i Sau Th\u1ea3m h\u1ecda \u00dac Gi\u1ea3i th\u01b0\u1edfng Australia Kh\u1ea3 n\u0103ng Ph\u1ee5c h\u1ed3i<\/a>.<\/p>\n\n\n<h2 class=\"wp-block-heading\">Gi\u1ea3i th\u01b0\u1edfng v\u00e0 B\u1eb1ng khen<\/h2>\n\n\n\n<p><a rel=\"noreferrer noopener\" href=\"https:\/\/d2tv960yzi0spr.cloudfront.net\/uploads\/2021\/01\/State-Emergency-Service-Honours-and-Awards-Guidelines.pdf\" target=\"_blank\">T\u00fai<\/a><a rel=\"noreferrer noopener\" href=\"https:\/\/d2tv960yzi0spr.cloudfront.net\/uploads\/2023\/07\/SES-Honours-and-Awards-Guidelines-2.1.pdf\" target=\"_blank\">H\u01b0\u1edbng d\u1eabn v\u1ec1 c\u00e1c gi\u1ea3i th\u01b0\u1edfng v\u00e0 danh hi\u1ec7u c\u1ee7a D\u1ecbch v\u1ee5 Kh\u1ea9n c\u1ea5p Ti\u1ec3u bang Victoria<\/a><\/p>\n\n\n\n<p><a href=\"https:\/\/d2tv960yzi0spr.cloudfront.net\/uploads\/2023\/07\/SES-Nomination-Form-Emergency-Services-Medal.docx\" target=\"_blank\" rel=\"noreferrer noopener\">M\u1eabu \u0110\u1ec1 C\u1eed ESM<\/a><\/p>\n\n\n\n<p>N\u1ebfu b\u1ea1n y\u00eau c\u1ea7u v\u0103n b\u1ea3n n\u00e0y \u1edf m\u1ed9t \u0111\u1ecbnh d\u1ea1ng kh\u00e1c, vui l\u00f2ng g\u1eedi email cho ch\u00fang t\u00f4i theo \u0111\u1ecba ch\u1ec9&nbsp;<a href=\"mailto:ses@ses.tas.gov.au\">ses@ses.tas.gov.au<\/a>&nbsp;v\u00e0 cho ch\u00fang t\u00f4i bi\u1ebft.<\/p>","protected":false},"excerpt":{"rendered":"<p>Resilient Australia Awards The Resilient Australia Awards (RAAs) is a national program to recognise and promote initiatives which strengthen community disaster resilience across the nation. The RAAs are open to&hellip;<\/p>","protected":false},"author":1,"featured_media":0,"parent":261,"menu_order":7,"comment_status":"closed","ping_status":"closed","template":"","meta":{"_acf_changed":false,"_monsterinsights_skip_tracking":false,"_monsterinsights_sitenote_active":false,"_monsterinsights_sitenote_note":"","_monsterinsights_sitenote_category":0,"footnotes":""},"class_list":["post-268","page","type-page","status-publish","hentry"],"acf":[],"yoast_head":"<!-- This site is optimized with the Yoast SEO plugin v24.9 - https:\/\/yoast.com\/wordpress\/plugins\/seo\/ -->\n<title>Awards - Tasmania State Emergency Service<\/title>\n<meta name=\"robots\" content=\"index, follow, max-snippet:-1, max-image-preview:large, max-video-preview:-1\" \/>\n<link rel=\"canonical\" href=\"https:\/\/www.ses.tas.gov.au\/vi\/about\/get-involved\/awards\/\" \/>\n<meta property=\"og:locale\" content=\"vi_VN\" \/>\n<meta property=\"og:type\" content=\"article\" \/>\n<meta property=\"og:title\" content=\"Awards - Tasmania State Emergency Service\" \/>\n<meta property=\"og:description\" content=\"Resilient Australia Awards The Resilient Australia Awards (RAAs) is a national program to recognise and promote initiatives which strengthen community disaster resilience across the nation. The RAAs are open to&hellip;\" \/>\n<meta property=\"og:url\" content=\"https:\/\/www.ses.tas.gov.au\/vi\/about\/get-involved\/awards\/\" \/>\n<meta property=\"og:site_name\" content=\"Tasmania State Emergency Service\" \/>\n<meta property=\"article:modified_time\" content=\"2023-07-12T22:35:38+00:00\" \/>\n<meta name=\"twitter:card\" content=\"summary_large_image\" \/>\n<meta name=\"twitter:label1\" content=\"Est. reading time\" \/>\n\t<meta name=\"twitter:data1\" content=\"1 minute\" \/>\n<script type=\"application\/ld+json\" class=\"yoast-schema-graph\">{\"@context\":\"https:\/\/schema.org\",\"@graph\":[{\"@type\":\"WebPage\",\"@id\":\"https:\/\/www.ses.tas.gov.au\/about\/get-involved\/awards\/\",\"url\":\"https:\/\/www.ses.tas.gov.au\/about\/get-involved\/awards\/\",\"name\":\"Awards - Tasmania State Emergency Service\",\"isPartOf\":{\"@id\":\"http:\/\/localhost\/#website\"},\"datePublished\":\"2018-10-30T21:46:34+00:00\",\"dateModified\":\"2023-07-12T22:35:38+00:00\",\"breadcrumb\":{\"@id\":\"https:\/\/www.ses.tas.gov.au\/about\/get-involved\/awards\/#breadcrumb\"},\"inLanguage\":\"vi\",\"potentialAction\":[{\"@type\":\"ReadAction\",\"target\":[\"https:\/\/www.ses.tas.gov.au\/about\/get-involved\/awards\/\"]}]},{\"@type\":\"BreadcrumbList\",\"@id\":\"https:\/\/www.ses.tas.gov.au\/about\/get-involved\/awards\/#breadcrumb\",\"itemListElement\":[{\"@type\":\"ListItem\",\"position\":1,\"name\":\"Home\",\"item\":\"https:\/\/www.ses.tas.gov.au\/\"},{\"@type\":\"ListItem\",\"position\":2,\"name\":\"About\",\"item\":\"https:\/\/www.ses.tas.gov.au\/about\/\"},{\"@type\":\"ListItem\",\"position\":3,\"name\":\"Get involved\",\"item\":\"https:\/\/www.ses.tas.gov.au\/about\/get-involved\/\"},{\"@type\":\"ListItem\",\"position\":4,\"name\":\"Awards\"}]},{\"@type\":\"WebSite\",\"@id\":\"http:\/\/localhost\/#website\",\"url\":\"http:\/\/localhost\/\",\"name\":\"Tasmania State Emergency Service\",\"description\":\"\",\"potentialAction\":[{\"@type\":\"SearchAction\",\"target\":{\"@type\":\"EntryPoint\",\"urlTemplate\":\"http:\/\/localhost\/?s={search_term_string}\"},\"query-input\":{\"@type\":\"PropertyValueSpecification\",\"valueRequired\":true,\"valueName\":\"search_term_string\"}}],\"inLanguage\":\"vi\"}]}<\/script>\n<!-- \/ Yoast SEO plugin. -->","yoast_head_json":{"title":"Awards - Tasmania State Emergency Service","robots":{"index":"index","follow":"follow","max-snippet":"max-snippet:-1","max-image-preview":"max-image-preview:large","max-video-preview":"max-video-preview:-1"},"canonical":"https:\/\/www.ses.tas.gov.au\/vi\/about\/get-involved\/awards\/","og_locale":"vi_VN","og_type":"article","og_title":"Awards - Tasmania State Emergency Service","og_description":"Resilient Australia Awards The Resilient Australia Awards (RAAs) is a national program to recognise and promote initiatives which strengthen community disaster resilience across the nation. The RAAs are open to&hellip;","og_url":"https:\/\/www.ses.tas.gov.au\/vi\/about\/get-involved\/awards\/","og_site_name":"Tasmania State Emergency Service","article_modified_time":"2023-07-12T22:35:38+00:00","twitter_card":"summary_large_image","twitter_misc":{"Est. reading time":"1 minute"},"schema":{"@context":"https:\/\/schema.org","@graph":[{"@type":"WebPage","@id":"https:\/\/www.ses.tas.gov.au\/about\/get-involved\/awards\/","url":"https:\/\/www.ses.tas.gov.au\/about\/get-involved\/awards\/","name":"Awards - Tasmania State Emergency Service","isPartOf":{"@id":"http:\/\/localhost\/#website"},"datePublished":"2018-10-30T21:46:34+00:00","dateModified":"2023-07-12T22:35:38+00:00","breadcrumb":{"@id":"https:\/\/www.ses.tas.gov.au\/about\/get-involved\/awards\/#breadcrumb"},"inLanguage":"vi","potentialAction":[{"@type":"ReadAction","target":["https:\/\/www.ses.tas.gov.au\/about\/get-involved\/awards\/"]}]},{"@type":"BreadcrumbList","@id":"https:\/\/www.ses.tas.gov.au\/about\/get-involved\/awards\/#breadcrumb","itemListElement":[{"@type":"ListItem","position":1,"name":"Home","item":"https:\/\/www.ses.tas.gov.au\/"},{"@type":"ListItem","position":2,"name":"About","item":"https:\/\/www.ses.tas.gov.au\/about\/"},{"@type":"ListItem","position":3,"name":"Get involved","item":"https:\/\/www.ses.tas.gov.au\/about\/get-involved\/"},{"@type":"ListItem","position":4,"name":"Awards"}]},{"@type":"WebSite","@id":"http:\/\/localhost\/#website","url":"http:\/\/localhost\/","name":"Tasmania State Emergency Service","description":"","potentialAction":[{"@type":"SearchAction","target":{"@type":"EntryPoint","urlTemplate":"http:\/\/localhost\/?s={search_term_string}"},"query-input":{"@type":"PropertyValueSpecification","valueRequired":true,"valueName":"search_term_string"}}],"inLanguage":"vi"}]}},"_links":{"self":[{"href":"https:\/\/www.ses.tas.gov.au\/vi\/wp-json\/wp\/v2\/pages\/268","targetHints":{"allow":["GET"]}}],"collection":[{"href":"https:\/\/www.ses.tas.gov.au\/vi\/wp-json\/wp\/v2\/pages"}],"about":[{"href":"https:\/\/www.ses.tas.gov.au\/vi\/wp-json\/wp\/v2\/types\/page"}],"author":[{"embeddable":true,"href":"https:\/\/www.ses.tas.gov.au\/vi\/wp-json\/wp\/v2\/users\/1"}],"replies":[{"embeddable":true,"href":"https:\/\/www.ses.tas.gov.au\/vi\/wp-json\/wp\/v2\/comments?post=268"}],"version-history":[{"count":8,"href":"https:\/\/www.ses.tas.gov.au\/vi\/wp-json\/wp\/v2\/pages\/268\/revisions"}],"predecessor-version":[{"id":7561,"href":"https:\/\/www.ses.tas.gov.au\/vi\/wp-json\/wp\/v2\/pages\/268\/revisions\/7561"}],"up":[{"embeddable":true,"href":"https:\/\/www.ses.tas.gov.au\/vi\/wp-json\/wp\/v2\/pages\/261"}],"wp:attachment":[{"href":"https:\/\/www.ses.tas.gov.au\/vi\/wp-json\/wp\/v2\/media?parent=268"}],"curies":[{"name":"wp","href":"https:\/\/api.w.org\/{rel}","templated":true}]}}