{"id":261,"date":"2018-10-30T05:26:08","date_gmt":"2018-10-30T05:26:08","guid":{"rendered":"https:\/\/www.ses.tas.gov.au\/?page_id=261"},"modified":"2018-11-07T03:32:58","modified_gmt":"2018-11-07T03:32:58","slug":"get-involved","status":"publish","type":"page","link":"https:\/\/www.ses.tas.gov.au\/vi\/about\/get-involved\/","title":{"rendered":"Tham gia"},"content":{"rendered":"<p>SES l\u00e0 m\u1ed9t t\u1ed5 ch\u1ee9c d\u1ecbch v\u1ee5 kh\u1ea9n c\u1ea5p chuy\u00ean nghi\u1ec7p, ho\u1ea1t \u0111\u1ed9ng d\u1ef1a tr\u00ean t\u00ecnh nguy\u1ec7n, ph\u1ee5c v\u1ee5 c\u1ed9ng \u0111\u1ed3ng 24 gi\u1edd m\u1ed9t ng\u00e0y, b\u1ea3y ng\u00e0y m\u1ed9t tu\u1ea7n.<\/p>\n<p>Ch\u00fang t\u00f4i v\u00f4 c\u00f9ng bi\u1ebft \u01a1n c\u00e1c t\u00ecnh nguy\u1ec7n vi\u00ean c\u1ee7a m\u00ecnh, kh\u00f4ng ch\u1ec9 v\u00ec nh\u1eefng g\u00ec h\u1ecd l\u00e0m m\u00e0 c\u00f2n v\u00ec nh\u1eefng hy sinh c\u00e1 nh\u00e2n m\u00e0 h\u1ecd \u0111\u00e3 th\u1ef1c hi\u1ec7n. Ch\u00fang t\u00f4i xin g\u1eedi l\u1eddi c\u1ea3m \u01a1n ch\u00e2n th\u00e0nh \u0111\u1ebfn h\u1ecd v\u00e0 gia \u0111\u00ecnh v\u00ec th\u1eddi gian v\u00e0 s\u1ef1 \u1ee7ng h\u1ed9 c\u1ee7a h\u1ecd. Ch\u00ednh s\u1ef1 cam k\u1ebft v\u00e0 c\u1ed1ng hi\u1ebfn \u0111\u00f3 \u0111\u00e3 cho ph\u00e9p TAS SES b\u1ea3o v\u1ec7 t\u00ednh m\u1ea1ng v\u00e0 t\u00e0i s\u1ea3n tr\u00ean to\u00e0n ti\u1ec3u bang.<\/p>\n<p>Ch\u00fang t\u00f4i hi\u1ec3u r\u1eb1ng m\u1ecdi ng\u01b0\u1eddi \u0111\u1ec1u b\u1eadn r\u1ed9n v\u00e0 ng\u00e0y nay cu\u1ed9c s\u1ed1ng c\u1ee7a ch\u00fang ta <a href=\"https:\/\/www.ses.tas.gov.au\/vi\/volunteer\/\">c\u01a1 h\u1ed9i t\u00ecnh nguy\u1ec7n<\/a>\u00a0mang l\u1ea1i s\u1ef1 linh ho\u1ea1t h\u01a1n v\u00e0 nhi\u1ec1u l\u1ef1a ch\u1ecdn h\u01a1n.<\/p>\n<p>N\u1ebfu b\u1ea1n quan t\u00e2m \u0111\u1ebfn <a href=\"https:\/\/www.ses.tas.gov.au\/vi\/volunteer\/\">tr\u1edf th\u00e0nh th\u00e0nh vi\u00ean c\u1ee7a SES<\/a>, B\u1ea1n c\u00f3 th\u1ec3 \u0111\u1ebfn \u0111\u01a1n v\u1ecb \u0111\u1ecba ph\u01b0\u01a1ng c\u1ee7a m\u00ecnh ho\u1eb7c <a href=\"https:\/\/www.ses.tas.gov.au\/vi\/contact-us\/\">li\u00ean h\u1ec7 v\u1edbi qu\u1ea3n l\u00fd khu v\u1ef1c c\u1ee7a b\u1ea1n<\/a>.<\/p>\n<h2>H\u00e3y quy\u00ean g\u00f3p cho SES<\/h2>\n<p>SES l\u00e0 m\u1ed9t t\u1ed5 ch\u1ee9c phi l\u1ee3i nhu\u1eadn d\u1ef1a v\u00e0o c\u1ed9ng \u0111\u1ed3ng, c\u00f3 t\u01b0 c\u00e1ch nh\u1eadn qu\u00e0 t\u1eb7ng kh\u1ea5u tr\u1eeb thu\u1ebf. Ch\u00fang t\u00f4i lu\u00f4n s\u1eb5n l\u00f2ng \u0111\u00f3n nh\u1eadn th\u00eam s\u1ef1 h\u1ed7 tr\u1ee3 t\u00e0i ch\u00ednh \u0111\u1ec3 c\u00f3 th\u1ec3 \u0111\u1ea7u t\u01b0 nhi\u1ec1u h\u01a1n v\u00e0o vi\u1ec7c \u0111\u00e0o t\u1ea1o v\u00e0 ph\u00e1t tri\u1ec3n c\u00e1c t\u00ecnh nguy\u1ec7n vi\u00ean c\u1ee7a m\u00ecnh.<\/p>\n<p>T\u1ea5t c\u1ea3 c\u00e1c h\u01b0\u1edbng d\u1eabn v\u00e0 \u0111i\u1ec1u kho\u1ea3n &amp; \u0111i\u1ec1u ki\u1ec7n \u0111\u1ec3 quy\u00ean g\u00f3p cho TAS SES \u0111\u01b0\u1ee3c li\u1ec7t k\u00ea d\u01b0\u1edbi \u0111\u00e2y:<\/p>\n<h3>Quy\u00ean g\u00f3p m\u1ed9t l\u1ea7n<\/h3>\n<p>C\u00e1c kho\u1ea3n quy\u00ean g\u00f3p tr\u1ef1c ti\u1ebfp cho SES ph\u1ee5c v\u1ee5 l\u1ee3i \u00edch c\u1ee7a c\u00e1c t\u00ecnh nguy\u1ec7n vi\u00ean trong vi\u1ec7c cung c\u1ea5p d\u1ecbch v\u1ee5 cho c\u1ed9ng \u0111\u1ed3ng v\u00e0 lu\u00f4n \u0111\u01b0\u1ee3c \u0111\u00f3n nh\u1eadn v\u1edbi l\u00f2ng bi\u1ebft \u01a1n v\u00e0 l\u00e0 s\u1ef1 gi\u00fap \u0111\u1ee1 to l\u1edbn. T\u1ea5t c\u1ea3 c\u00e1c kho\u1ea3n quy\u00ean g\u00f3p tr\u00ean $2 \u0111\u1ec1u \u0111\u01b0\u1ee3c kh\u1ea5u tr\u1eeb thu\u1ebf.<\/p>\n<p>B\u1ea1n c\u00f3 th\u1ec3 ch\u1ecdn \u0111\u01a1n v\u1ecb \u0111\u1ecba ph\u01b0\u01a1ng m\u00e0 b\u1ea1n mu\u1ed1n quy\u00ean g\u00f3p v\u00e0 b\u1ea1n s\u1ebd nh\u1eadn \u0111\u01b0\u1ee3c th\u01b0 c\u1ea3m \u01a1n x\u00e1c nh\u1eadn kho\u1ea3n quy\u00ean g\u00f3p c\u1ee7a m\u00ecnh c\u00f9ng v\u1edbi bi\u00ean lai thu\u1ebf cho h\u1ed3 s\u01a1 c\u00e1 nh\u00e2n c\u1ee7a b\u1ea1n.<\/p>\n<p>\u0110\u1ec3 bi\u1ebft th\u00eam th\u00f4ng tin v\u1ec1 c\u00e1ch quy\u00ean g\u00f3p, vui l\u00f2ng li\u00ean h\u1ec7 s\u1ed1 (03) 6173 2700 ho\u1eb7c email <a href=\"mailto:ses@ses.tas.gov.au\">ses@ses.tas.gov.au<\/a><\/p>\n<p>Kh\u00f4ng c\u00f3 th\u1ebb t\u00edn d\u1ee5ng hay m\u00e1y t\u00ednh?<\/p>\n<p>B\u1ea1n c\u00f3 th\u1ec3 g\u1eedi s\u00e9c c\u1ee7a m\u00ecnh \u0111\u1ebfn \u0111\u1ecba ch\u1ec9:<\/p>\n<p>H\u1ed9p th\u01b0 s\u1ed1 1290<br \/>\nHOBART TASMANIA 7001<\/p>\n<p>Xin vui l\u00f2ng nh\u1edb ghi r\u00f5 \u0111\u1ecba ch\u1ec9 g\u1eedi tr\u1ea3 th\u01b0 c\u1ee7a b\u1ea1n \u0111\u1ec3 ch\u00fang t\u00f4i c\u00f3 th\u1ec3 g\u1eedi bi\u00ean lai thu\u1ebf cho b\u1ea1n.<\/p>\n<h3>\u0110\u1ec3 l\u1ea1i qu\u00e0 t\u1eb7ng di ch\u00fac<\/h3>\n<p>C\u1ea3m \u01a1n b\u1ea1n \u0111\u00e3 c\u00e2n nh\u1eafc \u0111\u1ec3 l\u1ea1i m\u1ed9t ph\u1ea7n t\u00e0i s\u1ea3n trong di ch\u00fac c\u1ee7a m\u00ecnh cho SES.<\/p>\n<p>B\u1eb1ng c\u00e1ch \u0111\u1ec3 l\u1ea1i di ch\u00fac cho Tasmanian SES, b\u1ea1n th\u1ec3 hi\u1ec7n m\u1ed9t cam k\u1ebft m\u1ea1nh m\u1ebd nh\u1eb1m gi\u00fap ch\u00fang t\u00f4i ph\u00e1t tri\u1ec3n \u0111\u1ed9i ng\u0169 t\u00ecnh nguy\u1ec7n vi\u00ean: \u0111\u1ea7u t\u01b0 v\u00e0o c\u00e1c k\u1ef9 n\u0103ng v\u00e0 kh\u1ea3 n\u0103ng c\u1ee7a h\u1ecd \u0111\u1ec3 ch\u00fang t\u00f4i c\u00f3 th\u1ec3 ti\u1ebfp t\u1ee5c truy\u1ec1n th\u1ed1ng th\u00fac \u0111\u1ea9y kh\u1ea3 n\u0103ng ph\u1ee5c h\u1ed3i c\u1ee7a c\u1ed9ng \u0111\u1ed3ng v\u00e0 s\u1ef1 \u0111o\u00e0n k\u1ebft c\u1ee7a m\u1ecdi ng\u01b0\u1eddi \u0111\u1ec3 ch\u1ed1ng l\u1ea1i m\u1ed1i \u0111e d\u1ecda c\u1ee7a thi\u00ean tai.<\/p>\n<p>Ch\u00fang t\u00f4i ho\u1ea1t \u0111\u1ed9ng nh\u01b0 m\u1ed9t \u0111\u1ea1i gia \u0111\u00ecnh n\u00ean ch\u00fang t\u00f4i nh\u1eadn th\u1ee9c \u0111\u01b0\u1ee3c t\u1ea7m quan tr\u1ecdng c\u1ee7a gia \u0111\u00ecnh v\u00e0 c\u00e1c m\u1ed1i quan h\u1ec7 th\u00e2n thi\u1ebft. Ch\u00fang t\u00f4i khuy\u1ebfn kh\u00edch b\u1ea5t k\u1ef3 ai \u0111ang c\u00e2n nh\u1eafc trao t\u1eb7ng cho ch\u00fang t\u00f4i, h\u00e3y th\u1ea3o lu\u1eadn tr\u01b0\u1edbc \u00fd \u0111\u1ecbnh c\u1ee7a h\u1ecd v\u1edbi nh\u1eefng ng\u01b0\u1eddi th\u00e2n y\u00eau, v\u00e0 c\u00e1c k\u00eanh h\u1ed7 tr\u1ee3 ph\u00e1p l\u00fd. Giao ti\u1ebfp hi\u1ec7u qu\u1ea3 s\u1ebd gi\u00fap \u0111\u1ea3m b\u1ea3o nh\u1eefng mong mu\u1ed1n cu\u1ed1i c\u00f9ng c\u1ee7a b\u1ea1n \u0111\u01b0\u1ee3c th\u1ef1c hi\u1ec7n m\u1ed9t c\u00e1ch trang tr\u1ecdng v\u00e0 theo c\u00e1ch b\u1ea1n mu\u1ed1n. Ch\u00fang t\u00f4i bi\u1ebft \u01a1n khi m\u1ecdi ng\u01b0\u1eddi quy\u1ebft \u0111\u1ecbnh \u0111\u01b0a vi\u1ec7c t\u1eb7ng qu\u00e0 v\u00e0o di ch\u00fac c\u1ee7a h\u1ecd cho SES, v\u00ec c\u00e1c t\u00ecnh nguy\u1ec7n vi\u00ean c\u1ee7a ch\u00fang t\u00f4i \u0111\u01b0\u1ee3c h\u01b0\u1edfng l\u1ee3i tr\u1ef1c ti\u1ebfp t\u1eeb s\u1ef1 h\u00e0o ph\u00f3ng n\u00e0y.<\/p>\n<p>\u0110\u1ec3 l\u1ea1i m\u1ed9t m\u00f3n qu\u00e0 trong di ch\u00fac l\u00e0 m\u1ed9t quy\u1ebft \u0111\u1ecbnh quan tr\u1ecdng nh\u01b0ng kh\u00f4ng nh\u1ea5t thi\u1ebft ph\u1ea3i ph\u1ee9c t\u1ea1p. D\u01b0\u1edbi \u0111\u00e2y l\u00e0 c\u00e1c b\u01b0\u1edbc c\u01a1 b\u1ea3n m\u00e0 ch\u00fang t\u00f4i khuy\u1ebfn kh\u00edch nh\u1eefng ng\u01b0\u1eddi hi\u1ebfn t\u1eb7ng tu\u00e2n theo:<\/p>\n<ul>\n<li>B\u01b0\u1edbc 1 \u2013 C\u00f3 cu\u1ed9c tr\u00f2 chuy\u1ec7n r\u1ea5t quan tr\u1ecdng v\u1edbi gia \u0111\u00ecnh v\u00e0 b\u1ea1n b\u00e8 c\u1ee7a b\u1ea1n.<\/li>\n<li>B\u01b0\u1edbc 2 \u2013 T\u00ecm ki\u1ebfm s\u1ef1 t\u01b0 v\u1ea5n v\u00e0 h\u01b0\u1edbng d\u1eabn ph\u00e1p l\u00fd ph\u00f9 h\u1ee3p.<\/li>\n<li>B\u01b0\u1edbc 3 \u2013 L\u1eadp di ch\u00fac v\u00e0 quy\u1ebft \u0111\u1ecbnh nh\u1eefng g\u00ec b\u1ea1n mu\u1ed1n di t\u1eb7ng.<\/li>\n<li>B\u01b0\u1edbc 4 \u2013 Th\u00f4ng b\u00e1o c\u00e1c quy\u1ebft \u0111\u1ecbnh c\u1ee7a b\u1ea1n cho gia \u0111\u00ecnh v\u00e0 gi\u1eef li\u00ean l\u1ea1c v\u1edbi h\u1ecd.<\/li>\n<li>B\u01b0\u1edbc 5 \u2013 Th\u00f4ng b\u00e1o \u00fd \u0111\u1ecbnh c\u1ee7a b\u1ea1n cho SES.<\/li>\n<\/ul>\n<p>N\u1ebfu qu\u00fd v\u1ecb c\u00f3 b\u1ea5t k\u1ef3 c\u00e2u h\u1ecfi n\u00e0o ho\u1eb7c mu\u1ed1n \u0111\u01b0\u1ee3c h\u1ed7 tr\u1ee3 v\u1ec1 vi\u1ec7c t\u1eb7ng qu\u00e0 cho SES trong di ch\u00fac, vui l\u00f2ng vi\u1ebft th\u01b0 cho\u00a0<a href=\"mailto:ses@ses.tas.gov.au\">ses@ses.tas.gov.au<\/a> v\u00e0 m\u1ed9t th\u00e0nh vi\u00ean trong nh\u00f3m c\u1ee7a ch\u00fang t\u00f4i s\u1ebd li\u00ean h\u1ec7 v\u1edbi b\u1ea1n.<\/p>","protected":false},"excerpt":{"rendered":"<p>The SES is a volunteer-based, professional emergency services organisation that serves the community 24 hours a day, seven days a week. We are humbled by our volunteers, not only for&hellip;<\/p>","protected":false},"author":1,"featured_media":0,"parent":2,"menu_order":35,"comment_status":"closed","ping_status":"closed","template":"","meta":{"_acf_changed":false,"_monsterinsights_skip_tracking":false,"_monsterinsights_sitenote_active":false,"_monsterinsights_sitenote_note":"","_monsterinsights_sitenote_category":0,"footnotes":""},"class_list":["post-261","page","type-page","status-publish","hentry"],"acf":[],"yoast_head":"<!-- This site is optimized with the Yoast SEO plugin v24.9 - https:\/\/yoast.com\/wordpress\/plugins\/seo\/ -->\n<title>Get involved - Tasmania State Emergency Service<\/title>\n<meta name=\"robots\" content=\"index, follow, max-snippet:-1, max-image-preview:large, max-video-preview:-1\" \/>\n<link rel=\"canonical\" href=\"https:\/\/www.ses.tas.gov.au\/vi\/about\/get-involved\/\" \/>\n<meta property=\"og:locale\" content=\"vi_VN\" \/>\n<meta property=\"og:type\" content=\"article\" \/>\n<meta property=\"og:title\" content=\"Get involved - Tasmania State Emergency Service\" \/>\n<meta property=\"og:description\" content=\"The SES is a volunteer-based, professional emergency services organisation that serves the community 24 hours a day, seven days a week. We are humbled by our volunteers, not only for&hellip;\" \/>\n<meta property=\"og:url\" content=\"https:\/\/www.ses.tas.gov.au\/vi\/about\/get-involved\/\" \/>\n<meta property=\"og:site_name\" content=\"Tasmania State Emergency Service\" \/>\n<meta property=\"article:modified_time\" content=\"2018-11-07T03:32:58+00:00\" \/>\n<meta name=\"twitter:card\" content=\"summary_large_image\" \/>\n<meta name=\"twitter:label1\" content=\"Est. reading time\" \/>\n\t<meta name=\"twitter:data1\" content=\"3 minutes\" \/>\n<script type=\"application\/ld+json\" class=\"yoast-schema-graph\">{\"@context\":\"https:\/\/schema.org\",\"@graph\":[{\"@type\":\"WebPage\",\"@id\":\"https:\/\/www.ses.tas.gov.au\/about\/get-involved\/\",\"url\":\"https:\/\/www.ses.tas.gov.au\/about\/get-involved\/\",\"name\":\"Get involved - Tasmania State Emergency Service\",\"isPartOf\":{\"@id\":\"http:\/\/localhost\/#website\"},\"datePublished\":\"2018-10-30T05:26:08+00:00\",\"dateModified\":\"2018-11-07T03:32:58+00:00\",\"breadcrumb\":{\"@id\":\"https:\/\/www.ses.tas.gov.au\/about\/get-involved\/#breadcrumb\"},\"inLanguage\":\"vi\",\"potentialAction\":[{\"@type\":\"ReadAction\",\"target\":[\"https:\/\/www.ses.tas.gov.au\/about\/get-involved\/\"]}]},{\"@type\":\"BreadcrumbList\",\"@id\":\"https:\/\/www.ses.tas.gov.au\/about\/get-involved\/#breadcrumb\",\"itemListElement\":[{\"@type\":\"ListItem\",\"position\":1,\"name\":\"Home\",\"item\":\"https:\/\/www.ses.tas.gov.au\/\"},{\"@type\":\"ListItem\",\"position\":2,\"name\":\"About\",\"item\":\"https:\/\/www.ses.tas.gov.au\/about\/\"},{\"@type\":\"ListItem\",\"position\":3,\"name\":\"Get involved\"}]},{\"@type\":\"WebSite\",\"@id\":\"http:\/\/localhost\/#website\",\"url\":\"http:\/\/localhost\/\",\"name\":\"Tasmania State Emergency Service\",\"description\":\"\",\"potentialAction\":[{\"@type\":\"SearchAction\",\"target\":{\"@type\":\"EntryPoint\",\"urlTemplate\":\"http:\/\/localhost\/?s={search_term_string}\"},\"query-input\":{\"@type\":\"PropertyValueSpecification\",\"valueRequired\":true,\"valueName\":\"search_term_string\"}}],\"inLanguage\":\"vi\"}]}<\/script>\n<!-- \/ Yoast SEO plugin. -->","yoast_head_json":{"title":"Get involved - Tasmania State Emergency Service","robots":{"index":"index","follow":"follow","max-snippet":"max-snippet:-1","max-image-preview":"max-image-preview:large","max-video-preview":"max-video-preview:-1"},"canonical":"https:\/\/www.ses.tas.gov.au\/vi\/about\/get-involved\/","og_locale":"vi_VN","og_type":"article","og_title":"Get involved - Tasmania State Emergency Service","og_description":"The SES is a volunteer-based, professional emergency services organisation that serves the community 24 hours a day, seven days a week. We are humbled by our volunteers, not only for&hellip;","og_url":"https:\/\/www.ses.tas.gov.au\/vi\/about\/get-involved\/","og_site_name":"Tasmania State Emergency Service","article_modified_time":"2018-11-07T03:32:58+00:00","twitter_card":"summary_large_image","twitter_misc":{"Est. reading time":"3 minutes"},"schema":{"@context":"https:\/\/schema.org","@graph":[{"@type":"WebPage","@id":"https:\/\/www.ses.tas.gov.au\/about\/get-involved\/","url":"https:\/\/www.ses.tas.gov.au\/about\/get-involved\/","name":"Get involved - Tasmania State Emergency Service","isPartOf":{"@id":"http:\/\/localhost\/#website"},"datePublished":"2018-10-30T05:26:08+00:00","dateModified":"2018-11-07T03:32:58+00:00","breadcrumb":{"@id":"https:\/\/www.ses.tas.gov.au\/about\/get-involved\/#breadcrumb"},"inLanguage":"vi","potentialAction":[{"@type":"ReadAction","target":["https:\/\/www.ses.tas.gov.au\/about\/get-involved\/"]}]},{"@type":"BreadcrumbList","@id":"https:\/\/www.ses.tas.gov.au\/about\/get-involved\/#breadcrumb","itemListElement":[{"@type":"ListItem","position":1,"name":"Home","item":"https:\/\/www.ses.tas.gov.au\/"},{"@type":"ListItem","position":2,"name":"About","item":"https:\/\/www.ses.tas.gov.au\/about\/"},{"@type":"ListItem","position":3,"name":"Get involved"}]},{"@type":"WebSite","@id":"http:\/\/localhost\/#website","url":"http:\/\/localhost\/","name":"Tasmania State Emergency Service","description":"","potentialAction":[{"@type":"SearchAction","target":{"@type":"EntryPoint","urlTemplate":"http:\/\/localhost\/?s={search_term_string}"},"query-input":{"@type":"PropertyValueSpecification","valueRequired":true,"valueName":"search_term_string"}}],"inLanguage":"vi"}]}},"_links":{"self":[{"href":"https:\/\/www.ses.tas.gov.au\/vi\/wp-json\/wp\/v2\/pages\/261","targetHints":{"allow":["GET"]}}],"collection":[{"href":"https:\/\/www.ses.tas.gov.au\/vi\/wp-json\/wp\/v2\/pages"}],"about":[{"href":"https:\/\/www.ses.tas.gov.au\/vi\/wp-json\/wp\/v2\/types\/page"}],"author":[{"embeddable":true,"href":"https:\/\/www.ses.tas.gov.au\/vi\/wp-json\/wp\/v2\/users\/1"}],"replies":[{"embeddable":true,"href":"https:\/\/www.ses.tas.gov.au\/vi\/wp-json\/wp\/v2\/comments?post=261"}],"version-history":[{"count":3,"href":"https:\/\/www.ses.tas.gov.au\/vi\/wp-json\/wp\/v2\/pages\/261\/revisions"}],"predecessor-version":[{"id":539,"href":"https:\/\/www.ses.tas.gov.au\/vi\/wp-json\/wp\/v2\/pages\/261\/revisions\/539"}],"up":[{"embeddable":true,"href":"https:\/\/www.ses.tas.gov.au\/vi\/wp-json\/wp\/v2\/pages\/2"}],"wp:attachment":[{"href":"https:\/\/www.ses.tas.gov.au\/vi\/wp-json\/wp\/v2\/media?parent=261"}],"curies":[{"name":"wp","href":"https:\/\/api.w.org\/{rel}","templated":true}]}}