{"id":257,"date":"2018-10-30T05:22:41","date_gmt":"2018-10-30T05:22:41","guid":{"rendered":"https:\/\/www.ses.tas.gov.au\/?page_id=257"},"modified":"2024-03-15T10:28:26","modified_gmt":"2024-03-14T23:28:26","slug":"who-we-are","status":"publish","type":"page","link":"https:\/\/www.ses.tas.gov.au\/vi\/about\/who-we-are\/","title":{"rendered":"Ch\u00fang ta l\u00e0 ai"},"content":{"rendered":"<h2>L\u1ecbch S\u1eed C\u1ee7a Ch\u00fang T\u00f4i<\/h2>\n<p>Ch\u00fang t\u00f4i c\u00f3 m\u1ed9t l\u1ecbch s\u1eed \u0111\u1ed9c \u0111\u00e1o v\u00e0 \u0111\u00e1ng t\u1ef1 h\u00e0o ph\u1ee5c v\u1ee5 c\u1ed9ng \u0111\u1ed3ng k\u00e9o d\u00e0i h\u01a1n 75 n\u0103m, \u0111i\u1ec1u n\u00e0y \u0111\u1ecbnh h\u00ecnh n\u00ean v\u0103n h\u00f3a v\u00e0 b\u1ea3n s\u1eafc c\u1ee7a ch\u00fang t\u00f4i.<\/p>\n<p>SES c\u00f3 ngu\u1ed3n g\u1ed1c t\u1eeb L\u1eef \u0111o\u00e0n Ph\u00f2ng v\u1ec7 D\u00e2n s\u1ef1 trong Th\u1ebf chi\u1ebfn th\u1ee9 II. L\u1eef \u0111o\u00e0n n\u00e0y d\u1ea7n b\u1ecb lo\u1ea1i b\u1ecf sau chi\u1ebfn tranh v\u00e0 m\u00e3i \u0111\u1ebfn nh\u1eefng n\u0103m 1960, v\u1edbi m\u1ed1i \u0111e d\u1ecda chi\u1ebfn tranh h\u1ea1t nh\u00e2n, Ph\u00f2ng v\u1ec7 D\u00e2n s\u1ef1 m\u1edbi tr\u1edf th\u00e0nh m\u1ed9t v\u1ea5n \u0111\u1ec1 tr\u1edf l\u1ea1i. Khi m\u1ed1i \u0111e d\u1ecda chi\u1ebfn tranh suy gi\u1ea3m, tr\u1ecdng t\u00e2m chuy\u1ec3n t\u1eeb hu\u1ea5n luy\u1ec7n v\u00e0 s\u1eb5n s\u00e0ng \u0111\u1ed1i ph\u00f3 v\u1edbi xung \u0111\u1ed9t sang hu\u1ea5n luy\u1ec7n v\u00e0 s\u1eb5n s\u00e0ng \u0111\u1ed1i ph\u00f3 v\u1edbi thi\u00ean tai.<\/p>\n<p>Nh\u1eefng thay \u0111\u1ed5i l\u1edbn \u0111\u1ed1i v\u1edbi T\u1ed5 ch\u1ee9c D\u00e2n ph\u00f2ng \u0111\u00e3 \u0111\u01b0\u1ee3c th\u1ef1c hi\u1ec7n sau c\u00e1c v\u1ee5 ch\u00e1y r\u1eebng \u1edf Hobart n\u0103m 1967, v\u00e0 sau \u0111\u00f3, v\u1edbi t\u00e1c \u0111\u1ed9ng c\u1ee7a c\u01a1n b\u00e3o nhi\u1ec7t \u0111\u1edbi Tracey \u0111\u1ed1i v\u1edbi Darwin v\u00e0o n\u0103m 1974, ch\u00ednh ph\u1ee7 Tasmania \u0111\u00e3 quy\u1ebft \u0111\u1ecbnh t\u00e1i ph\u00e1t tri\u1ec3n c\u00e1i \u0111\u01b0\u1ee3c g\u1ecdi l\u00e0 D\u1ecbch v\u1ee5 Kh\u1ea9n c\u1ea5p v\u00e0 D\u00e2n ph\u00f2ng. Cu\u1ed1i c\u00f9ng, v\u00e0o n\u0103m 1976, Qu\u1ed1c h\u1ed9i Tasmania \u0111\u00e3 th\u00f4ng qua \u0110\u1ea1o lu\u1eadt D\u1ecbch v\u1ee5 Kh\u1ea9n c\u1ea5p, th\u00e0nh l\u1eadp SES nh\u01b0 ch\u00fang ta bi\u1ebft ng\u00e0y nay.<\/p>\n<p>Do m\u1ed1i \u0111e d\u1ecda kh\u1ee7ng b\u1ed1 ng\u00e0y c\u00e0ng t\u0103ng sau n\u0103m 2001, \u0110\u1ea1o lu\u1eadt D\u1ecbch v\u1ee5 Kh\u1ea9n c\u1ea5p \u0111\u00e3 \u0111\u01b0\u1ee3c xem x\u00e9t v\u00e0 thay th\u1ebf b\u1eb1ng \u0110\u1ea1o lu\u1eadt Qu\u1ea3n l\u00fd Kh\u1ea9n c\u1ea5p n\u0103m 2006. \u0110\u1ea1o lu\u1eadt m\u1edbi \u0111\u00e3 cung c\u1ea5p cho D\u1ecbch v\u1ee5 Kh\u1ea9n c\u1ea5p Ti\u1ec3u bang c\u00e1c ch\u1ee9c n\u0103ng, quy\u1ec1n h\u1ea1n c\u1eadp nh\u1eadt v\u00e0 s\u1ef1 h\u1ed7 tr\u1ee3 li\u00ean quan cho \u0111\u01a1n v\u1ecb t\u00ecnh nguy\u1ec7n.<\/p>\n<h2>T\u1ed5 ch\u1ee9c c\u1ee7a ch\u00fang t\u00f4i<\/h2>\n<h3>Ph\u00e1p lu\u1eadt<\/h3>\n<p>\u0110\u1ea1o lu\u1eadt Qu\u1ea3n l\u00fd Kh\u1ea9n c\u1ea5p n\u0103m 2006 quy \u0111\u1ecbnh v\u1ec1 vi\u1ec7c b\u1ea3o v\u1ec7 t\u00ednh m\u1ea1ng, t\u00e0i s\u1ea3n v\u00e0 m\u00f4i tr\u01b0\u1eddng khi x\u1ea3y ra tr\u01b0\u1eddng h\u1ee3p kh\u1ea9n c\u1ea5p t\u1ea1i Tasmania, c\u0169ng nh\u01b0 thi\u1ebft l\u1eadp c\u00e1c quy tr\u00ecnh qu\u1ea3n l\u00fd kh\u1ea9n c\u1ea5p c\u1ee7a Tasmania v\u00e0 cung c\u1ea5p c\u00e1c ho\u1ea1t \u0111\u1ed9ng c\u1ee9u h\u1ed9 v\u00e0 t\u00ecm ki\u1ebfm c\u1ee9u n\u1ea1n nh\u1ea5t \u0111\u1ecbnh. Ph\u1ea7n 2, M\u1ee5c 4 c\u1ee7a \u0110\u1ea1o lu\u1eadt Qu\u1ea3n l\u00fd Kh\u1ea9n c\u1ea5p n\u0103m 2006 quy \u0111\u1ecbnh v\u1ec1 D\u1ecbch v\u1ee5 Kh\u1ea9n c\u1ea5p Ti\u1ec3u bang t\u1ea1i Tasmania v\u00e0 bao g\u1ed3m c\u00e1c ch\u1ee9c n\u0103ng v\u00e0 quy\u1ec1n h\u1ea1n \u00e1p d\u1ee5ng. \u0110\u1ec3 bi\u1ebft th\u00eam th\u00f4ng tin, h\u00e3y \u0111\u1ecdc <a href=\"https:\/\/www.legislation.tas.gov.au\/view\/html\/inforce\/current\/act-2006-012\">\u0110\u1ea1o lu\u1eadt Qu\u1ea3n l\u00fd Kh\u1ea9n c\u1ea5p 2006 (S\u1ed1 12 n\u0103m 2006)<\/a>.<\/p>\n<h3>C\u00e1c gi\u00e1 tr\u1ecb<\/h3>\n<h4>S\u1ef1 chuy\u00ean nghi\u1ec7p<\/h4>\n<ul>\n<li>Tu\u00e2n th\u1ee7 c\u00e1c Nguy\u00ean t\u1eafc v\u00e0 Quy t\u1eafc \u1ee8ng x\u1eed c\u1ee7a SES<\/li>\n<li>Theo \u0111u\u1ed5i vi\u1ec7c ph\u00e1t tri\u1ec3n v\u00e0 h\u1ecdc h\u1ecfi k\u1ef9 n\u0103ng li\u00ean t\u1ee5c m\u1ed9t c\u00e1ch si\u00eang n\u0103ng<\/li>\n<li>Th\u00e1ch th\u1ee9c v\u00e0 \u0111\u1ed5i m\u1edbi, h\u00e0nh \u0111\u1ed9ng \u0111\u1ec3 gi\u1ea3i quy\u1ebft v\u1ea5n \u0111\u1ec1<\/li>\n<li>H\u00e3y ch\u1ecbu tr\u00e1ch nhi\u1ec7m cho h\u00e0nh \u0111\u1ed9ng c\u1ee7a b\u1ea1n<\/li>\n<li>B\u1ea3o v\u1ec7 h\u00ecnh \u1ea3nh v\u00e0 danh ti\u1ebfng t\u1ed1t \u0111\u1eb9p c\u1ee7a SES<\/li>\n<li>H\u00e3y c\u1ea9n tr\u1ecdng v\u00ec s\u1ef1 an to\u00e0n c\u1ee7a nhau v\u00e0 c\u1ed9ng \u0111\u1ed3ng<\/li>\n<\/ul>\n<h4>S\u1ef1 t\u00f4n tr\u1ecdng<\/h4>\n<ul>\n<li>G\u00f3p ph\u1ea7n x\u00e2y d\u1ef1ng m\u1ed9t \u0111\u1ed9i ng\u0169 \u0111o\u00e0n k\u1ebft v\u00e0 h\u1ed7 tr\u1ee3 l\u1eabn nhau<\/li>\n<li>Giao ti\u1ebfp t\u1ed1t v\u00e0 th\u01b0\u1eddng xuy\u00ean<\/li>\n<li>H\u00e3y nh\u00e2n \u00e1i, th\u1ea5u hi\u1ec3u v\u00e0 \u0111\u1ed3ng c\u1ea3m<\/li>\n<li>H\u00e3y c\u00f4ng b\u1eb1ng v\u00e0 coi tr\u1ecdng s\u1ef1 \u0111a d\u1ea1ng t\u1ea1i n\u01a1i l\u00e0m vi\u1ec7c v\u00e0 trong c\u1ed9ng \u0111\u1ed3ng<\/li>\n<li>\u0110\u1ed1i x\u1eed v\u1edbi m\u1ecdi ng\u01b0\u1eddi b\u1eb1ng s\u1ef1 tr\u00e2n tr\u1ecdng, t\u00f4n tr\u1ecdng v\u00e0 trung th\u1ef1c<\/li>\n<li>X\u00e2y d\u1ef1ng m\u1ed1i quan h\u1ec7 l\u00e0m vi\u1ec7c t\u1ed1t \u0111\u1eb9p trong v\u00e0 ngo\u00e0i SES<\/li>\n<\/ul>\n<h4>S\u1ef1 cam k\u1ebft<\/h4>\n<ul>\n<li>T\u1eadn t\u00e2m gi\u00fap \u0111\u1ee1 ng\u01b0\u1eddi kh\u00e1c \u2013 c\u1ed1ng hi\u1ebfn cho nhi\u1ec7m v\u1ee5<\/li>\n<li>H\u00e3y t\u1ef1 h\u00e0o k\u1ebft n\u1ed1i v\u1edbi c\u1ed9ng \u0111\u1ed3ng c\u1ee7a b\u1ea1n<\/li>\n<li>Th\u1eed th\u00e1ch an to\u00e0n n\u0103ng l\u1ef1c c\u00e1 nh\u00e2n v\u00e0 \u0111\u1ed9i nh\u00f3m<\/li>\n<li>Tham gia \u0111\u00e0o t\u1ea1o v\u00e0 v\u1eadn h\u00e0nh, nh\u01b0ng bi\u1ebft khi n\u00e0o n\u00ean ngh\u1ec9 ng\u01a1i<\/li>\n<li>\u0110\u1eebng ch\u1ec9 tham gia v\u00ec b\u1ea3n th\u00e2n, m\u00e0 h\u00e3y \u1edf l\u1ea1i v\u00ec \u0111\u1ed9i<\/li>\n<li>\u1ee6ng h\u1ed9 tinh th\u1ea7n t\u00ecnh nguy\u1ec7n<\/li>\n<\/ul>\n<h4>Ch\u00ednh tr\u1ef1c<\/h4>\n<ul>\n<li>Truy\u1ec1n \u0111\u1ea1t r\u00f5 r\u00e0ng, nh\u1ea5t qu\u00e1n v\u00e0 ch\u00ednh x\u00e1c<\/li>\n<li>H\u00e3y trung th\u1ef1c, \u0111\u00e1ng tin c\u1eady v\u00e0 k\u00edn \u0111\u00e1o<\/li>\n<li>H\u00e3y c\u00f3 nh\u1eefng k\u1ef3 v\u1ecdng th\u1ef1c t\u1ebf v\u1ec1 b\u1ea3n th\u00e2n v\u00e0 ng\u01b0\u1eddi kh\u00e1c<\/li>\n<li>L\u00e3nh \u0111\u1ea1o b\u1eb1ng l\u00e0m g\u01b0\u01a1ng, b\u1eb1ng s\u1ef1 ch\u00ednh tr\u1ef1c v\u00e0 m\u1ea1nh m\u1ebd c\u1ee7a nh\u00e2n c\u00e1ch<\/li>\n<li>H\u00e3y c\u00f3 \u0111\u1ea1o \u0111\u1ee9c v\u00e0 coi tr\u1ecdng gi\u00e1 tr\u1ecb<\/li>\n<li>H\u00e3y ch\u0103m s\u00f3c b\u1ea3n th\u00e2n v\u00e0 l\u1eabn nhau, v\u00e0 t\u00ecm ki\u1ebfm s\u1ef1 gi\u00fap \u0111\u1ee1 n\u1ebfu b\u1ea1n c\u1ea7n.<\/li>\n<\/ul>\n<h3>Nguy\u00ean t\u1eafc &amp; Quy t\u1eafc \u1ee9ng x\u1eed<\/h3>\n<h4>Nguy\u00ean t\u1eafc<\/h4>\n<ol>\n<li>SES l\u00e0 m\u1ed9t t\u1ed5 ch\u1ee9c phi ch\u00ednh tr\u1ecb, th\u1ef1c hi\u1ec7n ch\u1ee9c n\u0103ng c\u1ee7a m\u00ecnh m\u1ed9t c\u00e1ch c\u00f4ng b\u1eb1ng, c\u00f3 \u0111\u1ea1o \u0111\u1ee9c v\u00e0 chuy\u00ean nghi\u1ec7p.<\/li>\n<li>H\u1ec7 th\u1ed1ng D\u1ecbch v\u1ee5 C\u00f4ng (SES) l\u00e0 m\u1ed9t d\u1ecbch v\u1ee5 c\u00f4ng m\u00e0 c\u00e1c quy\u1ebft \u0111\u1ecbnh tuy\u1ec3n d\u1ee5ng d\u1ef1a tr\u00ean n\u0103ng l\u1ef1c. M\u1ed9t quy\u1ebft \u0111\u1ecbnh li\u00ean quan \u0111\u1ebfn vi\u1ec7c b\u1ed5 nhi\u1ec7m ho\u1eb7c th\u0103ng ch\u1ee9c d\u1ef1a tr\u00ean n\u0103ng l\u1ef1c n\u1ebfu:\n<ul>\n<li>M\u1ed9t \u0111\u00e1nh gi\u00e1 \u0111\u01b0\u1ee3c th\u1ef1c hi\u1ec7n v\u1ec1 s\u1ef1 ph\u00f9 h\u1ee3p t\u01b0\u01a1ng \u0111\u1ed1i c\u1ee7a c\u00e1c \u1ee9ng vi\u00ean cho nhi\u1ec7m v\u1ee5<\/li>\n<li>Vi\u1ec7c \u0111\u00e1nh gi\u00e1 d\u1ef1a tr\u00ean m\u1ed1i quan h\u1ec7 gi\u1eefa c\u00e1c ph\u1ea9m ch\u1ea5t li\u00ean quan \u0111\u1ebfn c\u00f4ng vi\u1ec7c c\u1ee7a \u1ee9ng vi\u00ean v\u00e0 c\u00e1c ph\u1ea9m ch\u1ea5t th\u1ef1c s\u1ef1 c\u1ea7n thi\u1ebft \u0111\u1ec3 th\u1ef1c hi\u1ec7n nhi\u1ec7m v\u1ee5.<\/li>\n<li>cu\u1ed9c \u0111\u00e1nh gi\u00e1 t\u1eadp trung v\u00e0o n\u0103ng l\u1ef1c t\u01b0\u01a1ng \u0111\u1ed1i c\u1ee7a c\u00e1c \u1ee9ng vi\u00ean \u0111\u1ec3 \u0111\u1ea1t \u0111\u01b0\u1ee3c c\u00e1c k\u1ebft qu\u1ea3 li\u00ean quan \u0111\u1ebfn nhi\u1ec7m v\u1ee5<\/li>\n<li>vi\u1ec7c \u0111\u00e1nh gi\u00e1 l\u00e0 y\u1ebfu t\u1ed1 ch\u00ednh trong vi\u1ec7c \u0111\u01b0a ra quy\u1ebft \u0111\u1ecbnh.<\/li>\n<\/ul>\n<\/li>\n<li>SES cung c\u1ea5p m\u1ed9t n\u01a1i l\u00e0m vi\u1ec7c kh\u00f4ng c\u00f3 s\u1ef1 ph\u00e2n bi\u1ec7t \u0111\u1ed1i x\u1eed v\u00e0 nh\u1eadn bi\u1ebft, s\u1eed d\u1ee5ng, coi tr\u1ecdng s\u1ef1 \u0111a d\u1ea1ng c\u1ee7a c\u1ed9ng \u0111\u1ed3ng m\u00e0 n\u00f3 ph\u1ee5c v\u1ee5.<\/li>\n<li>SES ch\u1ecbu tr\u00e1ch nhi\u1ec7m v\u1ec1 h\u00e0nh \u0111\u1ed9ng v\u00e0 hi\u1ec7u su\u1ea5t c\u1ee7a m\u00ecnh, trong khu\u00f4n kh\u1ed5 c\u1ee7a:\n<ul>\n<li>Lu\u1eadt Qu\u1ea3n l\u00fd Kh\u1ea9n c\u1ea5p n\u0103m 2006<\/li>\n<li>S\u1edf C\u1ea3nh s\u00e1t v\u00e0 Qu\u1ea3n l\u00fd Kh\u1ea9n c\u1ea5p<\/li>\n<li>h\u1ed9i \u0111\u1ed3ng (d\u00e0nh cho c\u00e1c \u0111\u01a1n v\u1ecb t\u00ecnh nguy\u1ec7n SES th\u00e0nh ph\u1ed1)<\/li>\n<li>c\u00e1c chu\u1ea9n m\u1ef1c v\u00e0 ti\u00eau chu\u1ea9n c\u1ed9ng \u0111\u1ed3ng \u0111\u01b0\u1ee3c ch\u1ea5p nh\u1eadn.<\/li>\n<\/ul>\n<\/li>\n<li>SES c\u00f3 tr\u00e1ch nhi\u1ec7m h\u1ed7 tr\u1ee3 ch\u00ednh ph\u1ee7 trong vi\u1ec7c cung c\u1ea5p nh\u1eefng l\u1eddi khuy\u00ean trung th\u1ef1c, to\u00e0n di\u1ec7n, ch\u00ednh x\u00e1c v\u00e0 k\u1ecbp th\u1eddi c\u0169ng nh\u01b0 trong vi\u1ec7c th\u1ef1c hi\u1ec7n c\u00e1c ch\u00ednh s\u00e1ch v\u00e0 ch\u01b0\u01a1ng tr\u00ecnh c\u1ee7a ch\u00ednh ph\u1ee7.<\/li>\n<li>SES cung c\u1ea5p d\u1ecbch v\u1ee5 c\u00f4ng b\u1eb1ng v\u00e0 kh\u00f4ng thi\u00ean v\u1ecb cho c\u1ed9ng \u0111\u1ed3ng.<\/li>\n<li>SES ph\u00e1t tri\u1ec3n kh\u1ea3 n\u0103ng l\u00e3nh \u0111\u1ea1o ch\u1ea5t l\u01b0\u1ee3ng cao nh\u1ea5t.<\/li>\n<li>T\u1ed5 ch\u1ee9c SES thi\u1ebft l\u1eadp c\u00e1c ph\u01b0\u01a1ng th\u1ee9c l\u00e0m vi\u1ec7c khuy\u1ebfn kh\u00edch giao ti\u1ebfp, tham v\u1ea5n, h\u1ee3p t\u00e1c v\u00e0 \u0111\u00f3ng g\u00f3p \u00fd ki\u1ebfn \u200b\u200bt\u1eeb ng\u01b0\u1eddi lao \u0111\u1ed9ng v\u00e0 t\u00ecnh nguy\u1ec7n vi\u00ean v\u1ec1 c\u00e1c v\u1ea5n \u0111\u1ec1 \u1ea3nh h\u01b0\u1edfng \u0111\u1ebfn c\u00f4ng vi\u1ec7c v\u00e0 n\u01a1i l\u00e0m vi\u1ec7c c\u1ee7a h\u1ecd.<\/li>\n<li>SES mang \u0111\u1ebfn m\u1ed9t m\u00f4i tr\u01b0\u1eddng l\u00e0m vi\u1ec7c c\u00f4ng b\u1eb1ng, linh ho\u1ea1t, an to\u00e0n v\u00e0 b\u1ed5 \u00edch.<\/li>\n<li>SES t\u1eadp trung v\u00e0o vi\u1ec7c qu\u1ea3n l\u00fd hi\u1ec7u su\u1ea5t v\u00e0 \u0111\u1ea1t \u0111\u01b0\u1ee3c k\u1ebft qu\u1ea3.<\/li>\n<li>SES th\u00fac \u0111\u1ea9y s\u1ef1 c\u00f4ng b\u1eb1ng t\u1ea1i n\u01a1i l\u00e0m vi\u1ec7c.<\/li>\n<li>SES t\u1ea1o c\u01a1 h\u1ed9i h\u1ee3p l\u00fd \u0111\u1ec3 c\u00e1c th\u00e0nh vi\u00ean trong c\u1ed9ng \u0111\u1ed3ng \u1ee9ng tuy\u1ec3n v\u00e0o c\u00e1c v\u1ecb tr\u00ed vi\u1ec7c l\u00e0m v\u00e0 t\u00ecnh nguy\u1ec7n vi\u00ean c\u1ee7a SES.<\/li>\n<li>SES cung c\u1ea5p m\u1ed9t h\u1ec7 th\u1ed1ng xem x\u00e9t c\u00f4ng b\u1eb1ng \u0111\u1ed1i v\u1edbi c\u00e1c quy\u1ebft \u0111\u1ecbnh li\u00ean quan \u0111\u1ebfn th\u00e0nh vi\u00ean.<\/li>\n<\/ol>\n<h4>Quy t\u1eafc \u1ee9ng x\u1eed<\/h4>\n<ol>\n<li>Th\u00e0nh vi\u00ean SES ph\u1ea3i c\u01b0 x\u1eed trung th\u1ef1c v\u00e0 c\u00f3 \u0111\u1ea1o \u0111\u1ee9c.<\/li>\n<li>Th\u00e0nh vi\u00ean SES ph\u1ea3i h\u00e0nh \u0111\u1ed9ng c\u1ea9n tr\u1ecdng v\u00e0 si\u00eang n\u0103ng trong qu\u00e1 tr\u00ecnh th\u1ef1c hi\u1ec7n c\u00f4ng vi\u1ec7c c\u1ee7a SES.<\/li>\n<li>M\u1ed9t th\u00e0nh vi\u00ean SES, khi h\u00e0nh \u0111\u1ed9ng trong ph\u1ea1m vi c\u00f4ng vi\u1ec7c c\u1ee7a SES, ph\u1ea3i \u0111\u1ed1i x\u1eed t\u00f4n tr\u1ecdng v\u1edbi t\u1ea5t c\u1ea3 m\u1ecdi ng\u01b0\u1eddi, kh\u00f4ng c\u00f3 h\u00e0nh vi qu\u1ea5y r\u1ed1i, ph\u00e2n bi\u1ec7t \u0111\u1ed1i x\u1eed ho\u1eb7c l\u00e0m t\u1ed5n th\u01b0\u01a1ng.<\/li>\n<li>M\u1ed9t th\u00e0nh vi\u00ean SES, khi h\u00e0nh \u0111\u1ed9ng trong qu\u00e1 tr\u00ecnh l\u00e0m vi\u1ec7c c\u1ee7a SES, ph\u1ea3i tu\u00e2n th\u1ee7 t\u1ea5t c\u1ea3 lu\u1eadt ph\u00e1p \u00dac hi\u1ec7n h\u00e0nh. \u2018Lu\u1eadt ph\u00e1p \u00dac\u2019 c\u00f3 ngh\u0129a l\u00e0:\n<ul>\n<li>b\u1ea5t k\u1ef3 \u0110\u1ea1o lu\u1eadt n\u00e0o (bao g\u1ed3m c\u1ea3 \u0110\u1ea1o lu\u1eadt Qu\u1ea3n l\u00fd Kh\u1ea9n c\u1ea5p 2006) ho\u1eb7c b\u1ea5t k\u1ef3 v\u0103n b\u1ea3n ph\u00e1p quy n\u00e0o \u0111\u01b0\u1ee3c ban h\u00e0nh theo \u0110\u1ea1o lu\u1eadt n\u00e0o<\/li>\n<li>b\u1ea5t k\u1ef3 lu\u1eadt n\u00e0o c\u1ee7a Kh\u1ed1i th\u1ecbnh v\u01b0\u1ee3ng chung ho\u1eb7c m\u1ed9t Bang ho\u1eb7c L\u00e3nh th\u1ed5, bao g\u1ed3m c\u1ea3 b\u1ea5t k\u1ef3 v\u0103n b\u1ea3n ph\u00e1p quy n\u00e0o \u0111\u01b0\u1ee3c ban h\u00e0nh theo lu\u1eadt \u0111\u00f3.<\/li>\n<\/ul>\n<\/li>\n<li>Th\u00e0nh vi\u00ean SES ph\u1ea3i tu\u00e2n th\u1ee7 m\u1ecdi ch\u1ec9 th\u1ecb h\u1ee3p ph\u00e1p v\u00e0 h\u1ee3p l\u00fd do Ng\u01b0\u1eddi \u0111\u1ee9ng \u0111\u1ea7u C\u01a1 quan, Gi\u00e1m \u0111\u1ed1c SES ho\u1eb7c ng\u01b0\u1eddi \u0111\u01b0\u1ee3c \u1ee7y quy\u1ec1n \u0111\u01b0a ra.<\/li>\n<li>Th\u00e0nh vi\u00ean SES ph\u1ea3i duy tr\u00ec t\u00ednh b\u1ea3o m\u1eadt th\u00edch h\u1ee3p v\u1ec1 c\u00e1c giao d\u1ecbch v\u00e0 th\u00f4ng tin thu th\u1eadp \u0111\u01b0\u1ee3c trong qu\u00e1 tr\u00ecnh l\u00e0m vi\u1ec7c cho SES c\u1ee7a th\u00e0nh vi\u00ean \u0111\u00f3.<\/li>\n<li>Th\u00e0nh vi\u00ean SES ph\u1ea3i khai b\u00e1o v\u00e0 th\u1ef1c hi\u1ec7n c\u00e1c b\u01b0\u1edbc h\u1ee3p l\u00fd \u0111\u1ec3 tr\u00e1nh m\u1ecdi xung \u0111\u1ed9t l\u1ee3i \u00edch li\u00ean quan \u0111\u1ebfn c\u00f4ng vi\u1ec7c SES c\u1ee7a th\u00e0nh vi\u00ean \u0111\u00f3.<\/li>\n<li>Th\u00e0nh vi\u00ean SES ph\u1ea3i s\u1eed d\u1ee5ng ngu\u1ed3n l\u1ef1c c\u1ee7a SES m\u1ed9t c\u00e1ch \u0111\u00fang \u0111\u1eafn.<\/li>\n<li>Th\u00e0nh vi\u00ean SES kh\u00f4ng \u0111\u01b0\u1ee3c cung c\u1ea5p th\u00f4ng tin sai l\u1ec7ch ho\u1eb7c g\u00e2y hi\u1ec3u l\u1ea7m m\u1ed9t c\u00e1ch c\u1ed1 \u00fd li\u00ean quan \u0111\u1ebfn c\u00f4ng vi\u1ec7c c\u1ee7a th\u00e0nh vi\u00ean \u0111\u00f3.<\/li>\n<li>Th\u00e0nh vi\u00ean SES kh\u00f4ng \u0111\u01b0\u1ee3c l\u1ea1m d\u1ee5ng th\u00f4ng tin thu th\u1eadp \u0111\u01b0\u1ee3c trong qu\u00e1 tr\u00ecnh l\u00e0m vi\u1ec7c, th\u1ef1c hi\u1ec7n nhi\u1ec7m v\u1ee5, v\u1ecb tr\u00ed, quy\u1ec1n h\u1ea1n ho\u1eb7c th\u1ea9m quy\u1ec1n c\u1ee7a m\u00ecnh \u0111\u1ec3 nh\u1eadn ho\u1eb7c t\u00ecm c\u00e1ch nh\u1eadn qu\u00e0, l\u1ee3i \u00edch ho\u1eb7c \u01b0u \u0111\u00e3i cho b\u1ea3n th\u00e2n ho\u1eb7c b\u1ea5t k\u1ef3 ng\u01b0\u1eddi n\u00e0o kh\u00e1c.<\/li>\n<li>Th\u00e0nh vi\u00ean SES ph\u1ea3i khai b\u00e1o b\u1ea5t k\u1ef3 m\u00f3n qu\u00e0 n\u00e0o nh\u1eadn \u0111\u01b0\u1ee3c trong qu\u00e1 tr\u00ecnh l\u00e0m vi\u1ec7c cho SES (nh\u00e2n vi\u00ean SES, v\u1edbi Gi\u00e1m \u0111\u1ed1c SES, v\u00e0 t\u00ecnh nguy\u1ec7n vi\u00ean SES, v\u1edbi Qu\u1ea3n l\u00fd Khu v\u1ef1c SES c\u1ee7a h\u1ecd).<\/li>\n<li>Th\u00e0nh vi\u00ean SES ph\u1ea3i c\u01b0 x\u1eed theo c\u00e1ch duy tr\u00ec c\u00e1c Nguy\u00ean t\u1eafc c\u1ee7a SES.<\/li>\n<li>Th\u00e0nh vi\u00ean c\u1ee7a SES ph\u1ea3i lu\u00f4n c\u01b0 x\u1eed theo c\u00e1ch kh\u00f4ng \u1ea3nh h\u01b0\u1edfng x\u1ea5u \u0111\u1ebfn t\u00ednh ch\u00ednh tr\u1ef1c v\u00e0 danh ti\u1ebfng t\u1ed1t c\u1ee7a SES v\u00e0 D\u1ecbch v\u1ee5 Nh\u00e0 n\u01b0\u1edbc.<\/li>\n<\/ol>\n<p>L\u01b0u \u00fd: \u2018Th\u00e0nh vi\u00ean\u2019, tr\u1eeb khi c\u00f3 quy \u0111\u1ecbnh kh\u00e1c, bao g\u1ed3m nh\u00e2n vi\u00ean v\u00e0 t\u00ecnh nguy\u1ec7n vi\u00ean c\u1ee7a SES.<\/p>\n<p>N\u1ebfu b\u1ea1n mu\u1ed1n b\u00e1o c\u00e1o c\u00e1c ti\u1ebft l\u1ed9 v\u1ec1 h\u00e0nh vi sai tr\u00e1i ho\u1eb7c h\u00e0nh \u0111\u1ed9ng g\u00e2y t\u1ed5n h\u1ea1i c\u1ee7a c\u00e1c th\u00e0nh vi\u00ean SES, vui l\u00f2ng tham kh\u1ea3o <a href=\"https:\/\/d2tv960yzi0spr.cloudfront.net\/uploads\/2018\/10\/DPFEM-Public-Interest-Disclosures-Procedure-Manual1.pdf\">S\u1edf C\u1ea3nh s\u00e1t, C\u1ee9u h\u1ecfa v\u00e0 Qu\u1ea3n l\u00fd Kh\u1ea9n c\u1ea5p | \u0110\u1ea1o lu\u1eadt C\u00f4ng khai L\u1ee3i \u00edch C\u00f4ng 2002 \u2013 S\u1ed5 tay Quy tr\u00ecnh<\/a>.<\/p>\n<h2>Nghi\u00ean c\u1ee9u<\/h2>\n<p><a href=\"https:\/\/d2tv960yzi0spr.cloudfront.net\/uploads\/2020\/12\/SES-Volunteer-Survey-Report-Nov-2019.pdf\">B\u00e1o c\u00e1o Kh\u1ea3o s\u00e1t T\u00ecnh nguy\u1ec7n vi\u00ean 2019<\/a><\/p>\n<p><a href=\"https:\/\/d2tv960yzi0spr.cloudfront.net\/uploads\/2019\/08\/SES-Volunteer-Survey-Report-March-2014.pdf\">B\u00e1o c\u00e1o Kh\u1ea3o s\u00e1t T\u00ecnh nguy\u1ec7n vi\u00ean 2014<\/a><\/p>\n<p><a href=\"https:\/\/d2tv960yzi0spr.cloudfront.net\/uploads\/2019\/10\/Recruitment-and-Retention.pdf\">B\u00e1o c\u00e1o Tuy\u1ec3n d\u1ee5ng v\u00e0 Gi\u1eef ch\u00e2n nh\u00e2n t\u00e0i 2008<\/a><\/p>\n<h2>K\u1ebf ho\u1ea1ch H\u00f2a nh\u1eadp Ng\u01b0\u1eddi khuy\u1ebft t\u1eadt c\u1ee7a DPFEM<\/h2>\n<p><a href=\"https:\/\/d2tv960yzi0spr.cloudfront.net\/uploads\/2024\/03\/DPFEM-Disability-Inclusion-Plan-2023-2027.pdf\">KHDP Khung K\u1ebf ho\u1ea1ch H\u00f2a nh\u1eadp cho Ng\u01b0\u1eddi khuy\u1ebft t\u1eadt 2023-2027<\/a><\/p>\n\n\n<p>N\u1ebfu qu\u00fd v\u1ecb c\u1ea7n t\u00e0i li\u1ec7u d\u01b0\u1edbi \u0111\u1ecbnh d\u1ea1ng kh\u00e1c, vui l\u00f2ng g\u1eedi email cho ch\u00fang t\u00f4i theo \u0111\u1ecba ch\u1ec9:&nbsp;<a href=\"mailto:ses@ses.tas.gov.au\">ses@ses.tas.gov.au<\/a>&nbsp;v\u00e0 cho ch\u00fang t\u00f4i bi\u1ebft.<\/p>","protected":false},"excerpt":{"rendered":"<p>Our History We have a unique and proud history of serving the community that goes back over 75 years, and shapes our culture and identity. The SES originated with the&hellip;<\/p>","protected":false},"author":1,"featured_media":0,"parent":2,"menu_order":107,"comment_status":"closed","ping_status":"closed","template":"","meta":{"_acf_changed":false,"_monsterinsights_skip_tracking":false,"_monsterinsights_sitenote_active":false,"_monsterinsights_sitenote_note":"","_monsterinsights_sitenote_category":0,"footnotes":""},"class_list":["post-257","page","type-page","status-publish","hentry"],"acf":[],"yoast_head":"<!-- This site is optimized with the Yoast SEO plugin v24.9 - https:\/\/yoast.com\/wordpress\/plugins\/seo\/ -->\n<title>Who we are - Tasmania State Emergency Service<\/title>\n<meta name=\"robots\" content=\"index, follow, max-snippet:-1, max-image-preview:large, max-video-preview:-1\" \/>\n<link rel=\"canonical\" href=\"https:\/\/www.ses.tas.gov.au\/vi\/about\/who-we-are\/\" \/>\n<meta property=\"og:locale\" content=\"vi_VN\" \/>\n<meta property=\"og:type\" content=\"article\" \/>\n<meta property=\"og:title\" content=\"Who we are - Tasmania State Emergency Service\" \/>\n<meta property=\"og:description\" content=\"Our History We have a unique and proud history of serving the community that goes back over 75 years, and shapes our culture and identity. The SES originated with the&hellip;\" \/>\n<meta property=\"og:url\" content=\"https:\/\/www.ses.tas.gov.au\/vi\/about\/who-we-are\/\" \/>\n<meta property=\"og:site_name\" content=\"Tasmania State Emergency Service\" \/>\n<meta property=\"article:modified_time\" content=\"2024-03-14T23:28:26+00:00\" \/>\n<meta name=\"twitter:card\" content=\"summary_large_image\" \/>\n<meta name=\"twitter:label1\" content=\"Est. reading time\" \/>\n\t<meta name=\"twitter:data1\" content=\"6 minutes\" \/>\n<script type=\"application\/ld+json\" class=\"yoast-schema-graph\">{\"@context\":\"https:\/\/schema.org\",\"@graph\":[{\"@type\":\"WebPage\",\"@id\":\"https:\/\/www.ses.tas.gov.au\/about\/who-we-are\/\",\"url\":\"https:\/\/www.ses.tas.gov.au\/about\/who-we-are\/\",\"name\":\"Who we are - Tasmania State Emergency Service\",\"isPartOf\":{\"@id\":\"http:\/\/localhost\/#website\"},\"datePublished\":\"2018-10-30T05:22:41+00:00\",\"dateModified\":\"2024-03-14T23:28:26+00:00\",\"breadcrumb\":{\"@id\":\"https:\/\/www.ses.tas.gov.au\/about\/who-we-are\/#breadcrumb\"},\"inLanguage\":\"vi\",\"potentialAction\":[{\"@type\":\"ReadAction\",\"target\":[\"https:\/\/www.ses.tas.gov.au\/about\/who-we-are\/\"]}]},{\"@type\":\"BreadcrumbList\",\"@id\":\"https:\/\/www.ses.tas.gov.au\/about\/who-we-are\/#breadcrumb\",\"itemListElement\":[{\"@type\":\"ListItem\",\"position\":1,\"name\":\"Home\",\"item\":\"https:\/\/www.ses.tas.gov.au\/\"},{\"@type\":\"ListItem\",\"position\":2,\"name\":\"About\",\"item\":\"https:\/\/www.ses.tas.gov.au\/about\/\"},{\"@type\":\"ListItem\",\"position\":3,\"name\":\"Who we are\"}]},{\"@type\":\"WebSite\",\"@id\":\"http:\/\/localhost\/#website\",\"url\":\"http:\/\/localhost\/\",\"name\":\"Tasmania State Emergency Service\",\"description\":\"\",\"potentialAction\":[{\"@type\":\"SearchAction\",\"target\":{\"@type\":\"EntryPoint\",\"urlTemplate\":\"http:\/\/localhost\/?s={search_term_string}\"},\"query-input\":{\"@type\":\"PropertyValueSpecification\",\"valueRequired\":true,\"valueName\":\"search_term_string\"}}],\"inLanguage\":\"vi\"}]}<\/script>\n<!-- \/ Yoast SEO plugin. -->","yoast_head_json":{"title":"Who we are - Tasmania State Emergency Service","robots":{"index":"index","follow":"follow","max-snippet":"max-snippet:-1","max-image-preview":"max-image-preview:large","max-video-preview":"max-video-preview:-1"},"canonical":"https:\/\/www.ses.tas.gov.au\/vi\/about\/who-we-are\/","og_locale":"vi_VN","og_type":"article","og_title":"Who we are - Tasmania State Emergency Service","og_description":"Our History We have a unique and proud history of serving the community that goes back over 75 years, and shapes our culture and identity. The SES originated with the&hellip;","og_url":"https:\/\/www.ses.tas.gov.au\/vi\/about\/who-we-are\/","og_site_name":"Tasmania State Emergency Service","article_modified_time":"2024-03-14T23:28:26+00:00","twitter_card":"summary_large_image","twitter_misc":{"Est. reading time":"6 minutes"},"schema":{"@context":"https:\/\/schema.org","@graph":[{"@type":"WebPage","@id":"https:\/\/www.ses.tas.gov.au\/about\/who-we-are\/","url":"https:\/\/www.ses.tas.gov.au\/about\/who-we-are\/","name":"Who we are - Tasmania State Emergency Service","isPartOf":{"@id":"http:\/\/localhost\/#website"},"datePublished":"2018-10-30T05:22:41+00:00","dateModified":"2024-03-14T23:28:26+00:00","breadcrumb":{"@id":"https:\/\/www.ses.tas.gov.au\/about\/who-we-are\/#breadcrumb"},"inLanguage":"vi","potentialAction":[{"@type":"ReadAction","target":["https:\/\/www.ses.tas.gov.au\/about\/who-we-are\/"]}]},{"@type":"BreadcrumbList","@id":"https:\/\/www.ses.tas.gov.au\/about\/who-we-are\/#breadcrumb","itemListElement":[{"@type":"ListItem","position":1,"name":"Home","item":"https:\/\/www.ses.tas.gov.au\/"},{"@type":"ListItem","position":2,"name":"About","item":"https:\/\/www.ses.tas.gov.au\/about\/"},{"@type":"ListItem","position":3,"name":"Who we are"}]},{"@type":"WebSite","@id":"http:\/\/localhost\/#website","url":"http:\/\/localhost\/","name":"Tasmania State Emergency Service","description":"","potentialAction":[{"@type":"SearchAction","target":{"@type":"EntryPoint","urlTemplate":"http:\/\/localhost\/?s={search_term_string}"},"query-input":{"@type":"PropertyValueSpecification","valueRequired":true,"valueName":"search_term_string"}}],"inLanguage":"vi"}]}},"_links":{"self":[{"href":"https:\/\/www.ses.tas.gov.au\/vi\/wp-json\/wp\/v2\/pages\/257","targetHints":{"allow":["GET"]}}],"collection":[{"href":"https:\/\/www.ses.tas.gov.au\/vi\/wp-json\/wp\/v2\/pages"}],"about":[{"href":"https:\/\/www.ses.tas.gov.au\/vi\/wp-json\/wp\/v2\/types\/page"}],"author":[{"embeddable":true,"href":"https:\/\/www.ses.tas.gov.au\/vi\/wp-json\/wp\/v2\/users\/1"}],"replies":[{"embeddable":true,"href":"https:\/\/www.ses.tas.gov.au\/vi\/wp-json\/wp\/v2\/comments?post=257"}],"version-history":[{"count":23,"href":"https:\/\/www.ses.tas.gov.au\/vi\/wp-json\/wp\/v2\/pages\/257\/revisions"}],"predecessor-version":[{"id":8327,"href":"https:\/\/www.ses.tas.gov.au\/vi\/wp-json\/wp\/v2\/pages\/257\/revisions\/8327"}],"up":[{"embeddable":true,"href":"https:\/\/www.ses.tas.gov.au\/vi\/wp-json\/wp\/v2\/pages\/2"}],"wp:attachment":[{"href":"https:\/\/www.ses.tas.gov.au\/vi\/wp-json\/wp\/v2\/media?parent=257"}],"curies":[{"name":"wp","href":"https:\/\/api.w.org\/{rel}","templated":true}]}}