{"id":2,"date":"2018-10-01T22:51:36","date_gmt":"2018-10-01T22:51:36","guid":{"rendered":"https:\/\/www.ses.tas.gov.au\/?page_id=2"},"modified":"2026-04-21T14:10:11","modified_gmt":"2026-04-21T04:10:11","slug":"about","status":"publish","type":"page","link":"https:\/\/www.ses.tas.gov.au\/vi\/about\/","title":{"rendered":"Gi\u1edbi thi\u1ec7u"},"content":{"rendered":"<h2 class=\"wp-block-heading\" id=\"welcome\">Ch\u00e0o m\u1eebng \u0111\u1ebfn v\u1edbi D\u1ecbch v\u1ee5 C\u1ee9u h\u1ed9 Kh\u1ea9n c\u1ea5p Ti\u1ec3u bang Tasmania<\/h2>\n\n\n\n<p>C\u1ee5c C\u1ee9u h\u1ed9 Kh\u1ea9n c\u1ea5p (SES) l\u00e0 m\u1ed9t b\u1ed9 ph\u1eadn c\u1ee7a C\u1ee5c C\u1ea3nh s\u00e1t, C\u1ee9u h\u1ecfa v\u00e0 Qu\u1ea3n l\u00fd Kh\u1ea9n c\u1ea5p. Ch\u00fang t\u00f4i \u0111\u01b0\u1ee3c trang b\u1ecb \u0111\u1ec3 cung c\u1ea5p c\u00e1c d\u1ecbch v\u1ee5 \u1ee9ng ph\u00f3 kh\u1ea9n c\u1ea5p cho b\u00e3o l\u1edbn v\u00e0 l\u0169 l\u1ee5t, c\u1ee9u h\u1ed9 tai n\u1ea1n giao th\u00f4ng, v\u00e0 m\u1ed9t lo\u1ea1t c\u00e1c nhi\u1ec7m v\u1ee5 c\u1ee9u h\u1ed9 chung kh\u00e1c c\u0169ng nh\u01b0 h\u1ed7 tr\u1ee3 c\u1ed9ng \u0111\u1ed3ng th\u00f4ng qua c\u00e1c t\u00ecnh nguy\u1ec7n vi\u00ean c\u1ee7a ch\u00fang t\u00f4i.<\/p>\n\n\n\n<p>Ch\u00fang t\u00f4i h\u1ed7 tr\u1ee3 L\u1ef1c l\u01b0\u1ee3ng C\u1ea3nh s\u00e1t Tasmania trong c\u00e1c ho\u1ea1t \u0111\u1ed9ng t\u00ecm ki\u1ebfm v\u00e0 c\u1ee9u n\u1ea1n, v\u00e0 \u0111\u00f3ng vai tr\u00f2 h\u1ed7 tr\u1ee3 quan tr\u1ecdng trong c\u00e1c v\u1ee5 ch\u00e1y r\u1eebng l\u1edbn. Ch\u00fang t\u00f4i l\u00e0 c\u1ed1 v\u1ea5n ch\u00ednh v\u00e0 l\u00e0 \u0111\u01a1n v\u1ecb t\u1ea1o \u0111i\u1ec1u ki\u1ec7n cho c\u00e1c ho\u1ea1t \u0111\u1ed9ng qu\u1ea3n l\u00fd kh\u1ea9n c\u1ea5p nh\u01b0 l\u1eadp k\u1ebf ho\u1ea1ch qu\u1ea3n l\u00fd kh\u1ea9n c\u1ea5p, qu\u1ea3n l\u00fd r\u1ee7i ro v\u00e0 qu\u1ea3n l\u00fd Ch\u01b0\u01a1ng tr\u00ecnh Kh\u1ea3 n\u0103ng ph\u1ee5c h\u1ed3i thi\u00ean tai v\u00e0 Qu\u1ef9 T\u00ecnh nguy\u1ec7n kh\u1ea9n c\u1ea5p c\u1ee7a Tasmania.<\/p>\n\n\n\n<p>C\u00f4ng vi\u1ec7c c\u1ee7a ch\u00fang t\u00f4i gi\u00fap c\u00e1c c\u1ed9ng \u0111\u1ed3ng Tasmania ki\u00ean c\u01b0\u1eddng h\u01a1n tr\u01b0\u1edbc thi\u00ean tai v\u00e0 \u0111\u1ecbnh h\u00ecnh t\u01b0\u01a1ng lai c\u1ee7a to\u00e0n b\u1ed9 l\u0129nh v\u1ef1c qu\u1ea3n l\u00fd kh\u1ea9n c\u1ea5p c\u1ee7a Tasmania.<\/p>\n\n\n\n<h2 class=\"wp-block-heading\" id=\"what-we-do\">Ch\u00fang t\u00f4i l\u00e0m g\u00ec<\/h2>\n\n\n\n<p>Ch\u00fang t\u00f4i \u1ee9ng ph\u00f3 v\u1edbi nhi\u1ec1u lo\u1ea1i h\u00ecnh kh\u1ea9n c\u1ea5p v\u00e0 cung c\u1ea5p h\u1ed7 tr\u1ee3 trong c\u00e1c c\u01a1n b\u00e3o l\u1edbn v\u00e0 l\u0169 l\u1ee5t, c\u1ee9u n\u1ea1n tr\u00ean \u0111\u01b0\u1eddng, t\u00ecm ki\u1ebfm c\u1ee9u n\u1ea1n, v\u00e0 nhi\u1ec1u ho\u1ea1t \u0111\u1ed9ng c\u1ee9u h\u1ed9 chung kh\u00e1c.<\/p>\n\n\n\n<p>Ch\u00fang t\u00f4i c\u0169ng h\u1ed7 tr\u1ee3 c\u00e1c t\u1ed5 ch\u1ee9c d\u1ecbch v\u1ee5 kh\u1ea9n c\u1ea5p kh\u00e1c trong c\u00f4ng t\u00e1c l\u1eadp k\u1ebf ho\u1ea1ch, cung c\u1ea5p th\u00f4ng tin v\u00e0 c\u1ea3nh b\u00e1o cho c\u00f4ng ch\u00fang, c\u0169ng nh\u01b0 truy\u1ec1n th\u00f4ng. M\u1ed7i \u0111\u01a1n v\u1ecb SES c\u1ee7a Tasmania cung c\u1ea5p d\u1ecbch v\u1ee5 \u1ee9ng ph\u00f3 24\/7 cho c\u1ed9ng \u0111\u1ed3ng \u0111\u1ecba ph\u01b0\u01a1ng c\u1ee7a h\u1ecd \u2013 \u0111i\u1ec1u n\u00e0y ch\u1ec9 c\u00f3 th\u1ec3 th\u1ef1c hi\u1ec7n \u0111\u01b0\u1ee3c nh\u1edd s\u1ef1 gi\u00fap \u0111\u1ee1 c\u1ee7a c\u00e1c t\u00ecnh nguy\u1ec7n vi\u00ean c\u1ee7a ch\u00fang t\u00f4i.<\/p>\n\n\n\n<p>Ngo\u00e0i c\u00e1c ho\u1ea1t \u0111\u1ed9ng v\u1eadn h\u00e0nh, SES c\u00f2n ch\u1ecbu tr\u00e1ch nhi\u1ec7m v\u1ec1 quy ho\u1ea1ch, qu\u1ea3n l\u00fd r\u1ee7i ro kh\u1ea9n c\u1ea5p v\u00e0 h\u1ed7 tr\u1ee3 ph\u1ee5c h\u1ed3i. Ch\u00fang t\u00f4i h\u1ed7 tr\u1ee3 c\u1ed9ng \u0111\u1ed3ng c\u1ee7a m\u00ecnh hi\u1ec3u r\u00f5 h\u01a1n v\u1ec1 c\u00e1c s\u1ef1 ki\u1ec7n kh\u1ea9n c\u1ea5p b\u1eb1ng c\u00e1ch:<\/p>\n\n\n\n<ul class=\"wp-block-list\">\n<li>gi\u00fap h\u1ecd chu\u1ea9n b\u1ecb cho c\u00e1c tr\u01b0\u1eddng h\u1ee3p kh\u1ea9n c\u1ea5p trong t\u01b0\u01a1ng lai<\/li>\n\n\n\n<li>gi\u00fap h\u1ecd hi\u1ec3u vai tr\u00f2 c\u1ee7a m\u00ecnh<\/li>\n\n\n\n<li>n\u00e2ng cao nh\u1eadn th\u1ee9c v\u1ec1 vai tr\u00f2 c\u1ee7a SES v\u00e0 nh\u1eefng y\u1ebfu t\u1ed1 kh\u00e1c.<\/li>\n<\/ul>\n\n\n\n<p>Ch\u00fang t\u00f4i cung c\u1ea5p l\u1eddi khuy\u00ean cho ch\u00ednh quy\u1ec1n ti\u1ec3u bang, \u1ee6y ban Qu\u1ea3n l\u00fd T\u00ecnh tr\u1ea1ng Kh\u1ea9n c\u1ea5p Ti\u1ec3u bang v\u00e0 Nh\u00f3m L\u1eadp k\u1ebf ho\u1ea1ch Qu\u1ea3n l\u00fd T\u00ecnh tr\u1ea1ng Kh\u1ea9n c\u1ea5p Khu v\u1ef1c. Ch\u00fang t\u00f4i c\u0169ng d\u1eabn d\u1eaft c\u00f4ng t\u00e1c l\u1eadp k\u1ebf ho\u1ea1ch qu\u1ea3n l\u00fd t\u00ecnh tr\u1ea1ng kh\u1ea9n c\u1ea5p v\u00e0 qu\u1ea3n l\u00fd r\u1ee7i ro kh\u1ea9n c\u1ea5p c\u1ee7a ti\u1ec3u bang.<\/p>\n\n\n\n<h2 class=\"wp-block-heading\" id=\"strategic-plan\">K\u1ebf ho\u1ea1ch Chi\u1ebfn l\u01b0\u1ee3c<\/h2>\n\n\n\n<p>Khi SES v\u00e0 TFS ti\u1ebfp t\u1ee5c ph\u00e1t tri\u1ec3n \u0111\u1ec3 \u0111\u00e1p \u1ee9ng nhu c\u1ea7u c\u1ee7a c\u1ed9ng \u0111\u1ed3ng v\u00e0 y\u00eau c\u1ea7u c\u1ee7a t\u1ed5 ch\u1ee9c, \u0111i\u1ec1u c\u1ed1t y\u1ebfu l\u00e0 c\u00e1c t\u1ed5 ch\u1ee9c c\u1ee7a ch\u00fang ta ph\u1ea3i th\u1ed1ng nh\u1ea5t v\u1edbi m\u1ed9t t\u1ea7m nh\u00ecn v\u00e0 s\u1ee9 m\u1ec7nh chung.<\/p>\n\n\n\n<p>K\u1ebf ho\u1ea1ch Chi\u1ebfn l\u01b0\u1ee3c SES v\u00e0 TFS 2024 \u2013 2028 \u0111\u00e3 \u0111\u01b0\u1ee3c ph\u00e1t tri\u1ec3n \u0111\u1ec3 \u0111\u1ea3m b\u1ea3o c\u00e1c \u01b0u ti\u00ean c\u1ee7a ch\u00fang t\u00f4i h\u1ed7 tr\u1ee3 c\u1ea3 hai t\u1ed5 ch\u1ee9c v\u00e0 TFS v\u00e0 SES ti\u1ebfp t\u1ee5c mang l\u1ea1i k\u1ebft qu\u1ea3 t\u1ed1t nh\u1ea5t cho c\u1ed9ng \u0111\u1ed3ng.<\/p>\n\n\n\n<p>K\u1ebf ho\u1ea1ch l\u00e0 k\u1ebft qu\u1ea3 c\u1ee7a qu\u00e1 tr\u00ecnh nghi\u00ean c\u1ee9u, ph\u00e2n t\u00edch s\u00e2u r\u1ed9ng v\u00e0 tham v\u1ea5n v\u1edbi c\u00e1c th\u00e0nh vi\u00ean c\u0169ng nh\u01b0 c\u00e1c b\u00ean li\u00ean quan ch\u00ednh c\u1ee7a ch\u00fang t\u00f4i.<\/p>\n\n\n\n<p><a href=\"https:\/\/aus01.safelinks.protection.outlook.com\/?url=http%3A%2F%2Fwww.fire.tas.gov.au%2Fwp-content%2Fuploads%2F2023%2F12%2FTFS-SES-Strategic-Plan-2024%25E2%2580%25932028.pdf&amp;data=05%7C02%7CBianca.Callinan%40ses.tas.gov.au%7C8907305bfaa1438e032308dc00de4b22%7Ced13a8afa76343dcb114891492b38482%7C0%7C0%7C638386201941917415%7CUnknown%7CTWFpbGZsb3d8eyJWIjoiMC4wLjAwMDAiLCJQIjoiV2luMzIiLCJBTiI6Ik1haWwiLCJXVCI6Mn0%3D%7C3000%7C%7C%7C&amp;sdata=EvNXxzrK6kdiT0kQRZ7x2AA0oQ9HM2M3Xw1Nh9O1QTA%3D&amp;reserved=0\">K\u1ebf ho\u1ea1ch chi\u1ebfn l\u01b0\u1ee3c TFS v\u00e0 SES 2024\u20132028 (PDF, 7,27 MB)<\/a><\/p>\n\n\n\n<h2 class=\"wp-block-heading\" id=\"respect-360\">T\u00f4n tr\u1ecdng 360 \u2013 \u0110\u00e1nh gi\u00e1 V\u0103n h\u00f3a TFS-SES<\/h2>\n\n\n\n<p>Th\u0103m <a href=\"https:\/\/www.ses.tas.gov.au\/vi\/respect-360\/\">Trang T\u00f4n tr\u1ecdng 360<\/a> \u0111\u1ec3 t\u00ecm hi\u1ec3u th\u00eam v\u1ec1 \u0110\u00e1nh gi\u00e1 V\u0103n h\u00f3a v\u00e0 \u0111\u1ecdc B\u00e1o c\u00e1o \u0110\u1ed9c l\u1eadp t\u1eeb EB&amp;Co.<\/p>\n\n\n\n<p><\/p>","protected":false},"excerpt":{"rendered":"<p>Welcome to the State Emergency Service Tasmania The State Emergency Service (SES) is a division of the Department of Police, Fire and Emergency Management.&nbsp;We are equipped to provide emergency response&hellip;<\/p>","protected":false},"author":1,"featured_media":0,"parent":0,"menu_order":160,"comment_status":"closed","ping_status":"closed","template":"","meta":{"_acf_changed":false,"_monsterinsights_skip_tracking":false,"_monsterinsights_sitenote_active":false,"_monsterinsights_sitenote_note":"","_monsterinsights_sitenote_category":0,"footnotes":""},"class_list":["post-2","page","type-page","status-publish","hentry"],"acf":[],"yoast_head":"<!-- This site is optimized with the Yoast SEO plugin v24.9 - https:\/\/yoast.com\/wordpress\/plugins\/seo\/ -->\n<title>About - Tasmania State Emergency Service<\/title>\n<meta name=\"robots\" content=\"index, follow, max-snippet:-1, max-image-preview:large, max-video-preview:-1\" \/>\n<link rel=\"canonical\" href=\"https:\/\/www.ses.tas.gov.au\/vi\/about\/\" \/>\n<meta property=\"og:locale\" content=\"vi_VN\" \/>\n<meta property=\"og:type\" content=\"article\" \/>\n<meta property=\"og:title\" content=\"About - Tasmania State Emergency Service\" \/>\n<meta property=\"og:description\" content=\"Welcome to the State Emergency Service Tasmania The State Emergency Service (SES) is a division of the Department of Police, Fire and Emergency Management.&nbsp;We are equipped to provide emergency response&hellip;\" \/>\n<meta property=\"og:url\" content=\"https:\/\/www.ses.tas.gov.au\/vi\/about\/\" \/>\n<meta property=\"og:site_name\" content=\"Tasmania State Emergency Service\" \/>\n<meta property=\"article:modified_time\" content=\"2026-04-21T04:10:11+00:00\" \/>\n<meta name=\"twitter:card\" content=\"summary_large_image\" \/>\n<meta name=\"twitter:label1\" content=\"Est. reading time\" \/>\n\t<meta name=\"twitter:data1\" content=\"2 minutes\" \/>\n<script type=\"application\/ld+json\" class=\"yoast-schema-graph\">{\"@context\":\"https:\/\/schema.org\",\"@graph\":[{\"@type\":\"WebPage\",\"@id\":\"https:\/\/www.ses.tas.gov.au\/about\/\",\"url\":\"https:\/\/www.ses.tas.gov.au\/about\/\",\"name\":\"About - Tasmania State Emergency Service\",\"isPartOf\":{\"@id\":\"http:\/\/localhost\/#website\"},\"datePublished\":\"2018-10-01T22:51:36+00:00\",\"dateModified\":\"2026-04-21T04:10:11+00:00\",\"breadcrumb\":{\"@id\":\"https:\/\/www.ses.tas.gov.au\/about\/#breadcrumb\"},\"inLanguage\":\"vi\",\"potentialAction\":[{\"@type\":\"ReadAction\",\"target\":[\"https:\/\/www.ses.tas.gov.au\/about\/\"]}]},{\"@type\":\"BreadcrumbList\",\"@id\":\"https:\/\/www.ses.tas.gov.au\/about\/#breadcrumb\",\"itemListElement\":[{\"@type\":\"ListItem\",\"position\":1,\"name\":\"Home\",\"item\":\"https:\/\/www.ses.tas.gov.au\/\"},{\"@type\":\"ListItem\",\"position\":2,\"name\":\"About\"}]},{\"@type\":\"WebSite\",\"@id\":\"http:\/\/localhost\/#website\",\"url\":\"http:\/\/localhost\/\",\"name\":\"Tasmania State Emergency Service\",\"description\":\"\",\"potentialAction\":[{\"@type\":\"SearchAction\",\"target\":{\"@type\":\"EntryPoint\",\"urlTemplate\":\"http:\/\/localhost\/?s={search_term_string}\"},\"query-input\":{\"@type\":\"PropertyValueSpecification\",\"valueRequired\":true,\"valueName\":\"search_term_string\"}}],\"inLanguage\":\"vi\"}]}<\/script>\n<!-- \/ Yoast SEO plugin. -->","yoast_head_json":{"title":"About - Tasmania State Emergency Service","robots":{"index":"index","follow":"follow","max-snippet":"max-snippet:-1","max-image-preview":"max-image-preview:large","max-video-preview":"max-video-preview:-1"},"canonical":"https:\/\/www.ses.tas.gov.au\/vi\/about\/","og_locale":"vi_VN","og_type":"article","og_title":"About - Tasmania State Emergency Service","og_description":"Welcome to the State Emergency Service Tasmania The State Emergency Service (SES) is a division of the Department of Police, Fire and Emergency Management.&nbsp;We are equipped to provide emergency response&hellip;","og_url":"https:\/\/www.ses.tas.gov.au\/vi\/about\/","og_site_name":"Tasmania State Emergency Service","article_modified_time":"2026-04-21T04:10:11+00:00","twitter_card":"summary_large_image","twitter_misc":{"Est. reading time":"2 minutes"},"schema":{"@context":"https:\/\/schema.org","@graph":[{"@type":"WebPage","@id":"https:\/\/www.ses.tas.gov.au\/about\/","url":"https:\/\/www.ses.tas.gov.au\/about\/","name":"About - Tasmania State Emergency Service","isPartOf":{"@id":"http:\/\/localhost\/#website"},"datePublished":"2018-10-01T22:51:36+00:00","dateModified":"2026-04-21T04:10:11+00:00","breadcrumb":{"@id":"https:\/\/www.ses.tas.gov.au\/about\/#breadcrumb"},"inLanguage":"vi","potentialAction":[{"@type":"ReadAction","target":["https:\/\/www.ses.tas.gov.au\/about\/"]}]},{"@type":"BreadcrumbList","@id":"https:\/\/www.ses.tas.gov.au\/about\/#breadcrumb","itemListElement":[{"@type":"ListItem","position":1,"name":"Home","item":"https:\/\/www.ses.tas.gov.au\/"},{"@type":"ListItem","position":2,"name":"About"}]},{"@type":"WebSite","@id":"http:\/\/localhost\/#website","url":"http:\/\/localhost\/","name":"Tasmania State Emergency Service","description":"","potentialAction":[{"@type":"SearchAction","target":{"@type":"EntryPoint","urlTemplate":"http:\/\/localhost\/?s={search_term_string}"},"query-input":{"@type":"PropertyValueSpecification","valueRequired":true,"valueName":"search_term_string"}}],"inLanguage":"vi"}]}},"_links":{"self":[{"href":"https:\/\/www.ses.tas.gov.au\/vi\/wp-json\/wp\/v2\/pages\/2","targetHints":{"allow":["GET"]}}],"collection":[{"href":"https:\/\/www.ses.tas.gov.au\/vi\/wp-json\/wp\/v2\/pages"}],"about":[{"href":"https:\/\/www.ses.tas.gov.au\/vi\/wp-json\/wp\/v2\/types\/page"}],"author":[{"embeddable":true,"href":"https:\/\/www.ses.tas.gov.au\/vi\/wp-json\/wp\/v2\/users\/1"}],"replies":[{"embeddable":true,"href":"https:\/\/www.ses.tas.gov.au\/vi\/wp-json\/wp\/v2\/comments?post=2"}],"version-history":[{"count":11,"href":"https:\/\/www.ses.tas.gov.au\/vi\/wp-json\/wp\/v2\/pages\/2\/revisions"}],"predecessor-version":[{"id":11044,"href":"https:\/\/www.ses.tas.gov.au\/vi\/wp-json\/wp\/v2\/pages\/2\/revisions\/11044"}],"wp:attachment":[{"href":"https:\/\/www.ses.tas.gov.au\/vi\/wp-json\/wp\/v2\/media?parent=2"}],"curies":[{"name":"wp","href":"https:\/\/api.w.org\/{rel}","templated":true}]}}