{"id":11081,"date":"2026-04-27T11:24:42","date_gmt":"2026-04-27T01:24:42","guid":{"rendered":"https:\/\/www.ses.tas.gov.au\/about\/ses-storm-warning-system\/understand-storm-warnings\/"},"modified":"2026-04-27T11:55:01","modified_gmt":"2026-04-27T01:55:01","slug":"understand-storm-warnings","status":"publish","type":"page","link":"https:\/\/www.ses.tas.gov.au\/vi\/about\/ses-storm-warning-system\/understand-storm-warnings\/","title":{"rendered":"Understand Storm warnings"},"content":{"rendered":"<figure class=\"wp-block-table is-style-stripes\"><table class=\"has-fixed-layout\"><tbody><tr><td><strong>L\u1eddi khuy\u00ean (M\u00e0u v\u00e0ng):<\/strong>&nbsp;M\u1ed9t s\u1ef1 c\u1ed1 \u0111\u00e3 x\u1ea3y ra. Kh\u00f4ng c\u00f3 nguy hi\u1ec3m t\u1ee9c th\u1eddi. H\u00e3y c\u1eadp nh\u1eadt th\u00f4ng tin trong tr\u01b0\u1eddng h\u1ee3p t\u00ecnh h\u00ecnh thay \u0111\u1ed5i.<\/td><td class=\"has-text-align-center\" data-align=\"center\"><img decoding=\"async\" src=\"https:\/\/d2tv960yzi0spr.cloudfront.net\/uploads\/2026\/04\/Storm-Advice.png\" alt=\"\" style=\"\"><\/td><\/tr><tr><td><strong>Xem v\u00e0 h\u00e0nh \u0111\u1ed9ng (Cam):<\/strong>&nbsp;There is a heightened level of threat. Conditions are changing and you need to start taking action now to protect you and your family.<\/td><td class=\"has-text-align-center\" data-align=\"center\"><img decoding=\"async\" src=\"https:\/\/d2tv960yzi0spr.cloudfront.net\/uploads\/2026\/04\/Storm-Watch-Act.png\" alt=\"\"><\/td><\/tr><tr><td><strong>C\u1ea3nh b\u00e1o kh\u1ea9n c\u1ea5p (\u0110\u1ecf):<\/strong>&nbsp;C\u1ea3nh b\u00e1o Kh\u1ea9n c\u1ea5p l\u00e0 c\u1ea5p \u0111\u1ed9 c\u1ea3nh b\u00e1o cao nh\u1ea5t. B\u1ea1n c\u00f3 th\u1ec3 \u0111ang g\u1eb7p nguy hi\u1ec3m v\u00e0 c\u1ea7n h\u00e0nh \u0111\u1ed9ng ngay l\u1eadp t\u1ee9c. B\u1ea5t k\u1ef3 s\u1ef1 ch\u1eadm tr\u1ec5 n\u00e0o b\u00e2y gi\u1edd \u0111\u1ec1u c\u00f3 th\u1ec3 g\u00e2y nguy hi\u1ec3m \u0111\u1ebfn t\u00ednh m\u1ea1ng c\u1ee7a b\u1ea1n.&nbsp;<\/td><td class=\"has-text-align-center\" data-align=\"center\"><img decoding=\"async\" src=\"https:\/\/d2tv960yzi0spr.cloudfront.net\/uploads\/2026\/04\/Storm-Emergency.png\" alt=\"\"><\/td><\/tr><tr><td><strong>C\u1eadp nh\u1eadt c\u1ed9ng \u0111\u1ed3ng (Xanh lam):<\/strong>&nbsp;Th\u00f4ng tin v\u00e0 c\u1eadp nh\u1eadt c\u1ee5 th\u1ec3 cho c\u00e1c c\u1ed9ng \u0111\u1ed3ng b\u1ecb \u1ea3nh h\u01b0\u1edfng v\u1ec1 m\u1ed9t s\u1ef1 ki\u1ec7n ho\u1eb7c s\u1ef1 c\u1ed1 c\u1ee5 th\u1ec3.<\/td><td class=\"has-text-align-center\" data-align=\"center\"><img decoding=\"async\" src=\"https:\/\/d2tv960yzi0spr.cloudfront.net\/uploads\/2026\/04\/Community-Update-icon.png\" alt=\"\"><\/td><\/tr><\/tbody><\/table><\/figure>\n\n\n\n<p><\/p>","protected":false},"excerpt":{"rendered":"<p>Advice (Yellow):&nbsp;an incident has started. There is no immediate danger. Stay up to date in case the situation changes. Watch and Act (Orange):&nbsp;There is a heightened level of threat. Conditions&hellip;<\/p>","protected":false},"author":8,"featured_media":0,"parent":11063,"menu_order":32,"comment_status":"closed","ping_status":"closed","template":"","meta":{"_acf_changed":false,"_monsterinsights_skip_tracking":false,"_monsterinsights_sitenote_active":false,"_monsterinsights_sitenote_note":"","_monsterinsights_sitenote_category":0,"footnotes":""},"class_list":["post-11081","page","type-page","status-publish","hentry"],"acf":[],"yoast_head":"<!-- This site is optimized with the Yoast SEO plugin v24.9 - https:\/\/yoast.com\/wordpress\/plugins\/seo\/ -->\n<title>Understand Storm warnings - Tasmania State Emergency Service<\/title>\n<meta name=\"robots\" content=\"index, follow, max-snippet:-1, max-image-preview:large, max-video-preview:-1\" \/>\n<link rel=\"canonical\" href=\"https:\/\/www.ses.tas.gov.au\/vi\/about\/ses-storm-warning-system\/understand-storm-warnings\/\" \/>\n<meta property=\"og:locale\" content=\"vi_VN\" \/>\n<meta property=\"og:type\" content=\"article\" \/>\n<meta property=\"og:title\" content=\"Understand Storm warnings - Tasmania State Emergency Service\" \/>\n<meta property=\"og:description\" content=\"Advice (Yellow):&nbsp;an incident has started. There is no immediate danger. Stay up to date in case the situation changes. Watch and Act (Orange):&nbsp;There is a heightened level of threat. Conditions&hellip;\" \/>\n<meta property=\"og:url\" content=\"https:\/\/www.ses.tas.gov.au\/vi\/about\/ses-storm-warning-system\/understand-storm-warnings\/\" \/>\n<meta property=\"og:site_name\" content=\"Tasmania State Emergency Service\" \/>\n<meta property=\"article:modified_time\" content=\"2026-04-27T01:55:01+00:00\" \/>\n<meta property=\"og:image\" content=\"https:\/\/d2tv960yzi0spr.cloudfront.net\/uploads\/2026\/04\/Storm-Advice.png\" \/>\n<meta name=\"twitter:card\" content=\"summary_large_image\" \/>\n<meta name=\"twitter:label1\" content=\"Est. reading time\" \/>\n\t<meta name=\"twitter:data1\" content=\"2 minutes\" \/>\n<script type=\"application\/ld+json\" class=\"yoast-schema-graph\">{\"@context\":\"https:\/\/schema.org\",\"@graph\":[{\"@type\":\"WebPage\",\"@id\":\"https:\/\/www.ses.tas.gov.au\/about\/ses-storm-warning-system\/understand-storm-warnings\/\",\"url\":\"https:\/\/www.ses.tas.gov.au\/about\/ses-storm-warning-system\/understand-storm-warnings\/\",\"name\":\"Understand Storm warnings - Tasmania State Emergency Service\",\"isPartOf\":{\"@id\":\"http:\/\/localhost\/#website\"},\"primaryImageOfPage\":{\"@id\":\"https:\/\/www.ses.tas.gov.au\/about\/ses-storm-warning-system\/understand-storm-warnings\/#primaryimage\"},\"image\":{\"@id\":\"https:\/\/www.ses.tas.gov.au\/about\/ses-storm-warning-system\/understand-storm-warnings\/#primaryimage\"},\"thumbnailUrl\":\"https:\/\/d2tv960yzi0spr.cloudfront.net\/uploads\/2026\/04\/Storm-Advice.png\",\"datePublished\":\"2026-04-27T01:24:42+00:00\",\"dateModified\":\"2026-04-27T01:55:01+00:00\",\"breadcrumb\":{\"@id\":\"https:\/\/www.ses.tas.gov.au\/about\/ses-storm-warning-system\/understand-storm-warnings\/#breadcrumb\"},\"inLanguage\":\"vi\",\"potentialAction\":[{\"@type\":\"ReadAction\",\"target\":[\"https:\/\/www.ses.tas.gov.au\/about\/ses-storm-warning-system\/understand-storm-warnings\/\"]}]},{\"@type\":\"ImageObject\",\"inLanguage\":\"vi\",\"@id\":\"https:\/\/www.ses.tas.gov.au\/about\/ses-storm-warning-system\/understand-storm-warnings\/#primaryimage\",\"url\":\"https:\/\/d2tv960yzi0spr.cloudfront.net\/uploads\/2026\/04\/Storm-Advice.png\",\"contentUrl\":\"https:\/\/d2tv960yzi0spr.cloudfront.net\/uploads\/2026\/04\/Storm-Advice.png\"},{\"@type\":\"BreadcrumbList\",\"@id\":\"https:\/\/www.ses.tas.gov.au\/about\/ses-storm-warning-system\/understand-storm-warnings\/#breadcrumb\",\"itemListElement\":[{\"@type\":\"ListItem\",\"position\":1,\"name\":\"Home\",\"item\":\"https:\/\/www.ses.tas.gov.au\/\"},{\"@type\":\"ListItem\",\"position\":2,\"name\":\"About\",\"item\":\"https:\/\/www.ses.tas.gov.au\/about\/\"},{\"@type\":\"ListItem\",\"position\":3,\"name\":\"SES Storm Warning System\",\"item\":\"https:\/\/www.ses.tas.gov.au\/about\/ses-storm-warning-system\/\"},{\"@type\":\"ListItem\",\"position\":4,\"name\":\"Understand Storm warnings\"}]},{\"@type\":\"WebSite\",\"@id\":\"http:\/\/localhost\/#website\",\"url\":\"http:\/\/localhost\/\",\"name\":\"Tasmania State Emergency Service\",\"description\":\"\",\"potentialAction\":[{\"@type\":\"SearchAction\",\"target\":{\"@type\":\"EntryPoint\",\"urlTemplate\":\"http:\/\/localhost\/?s={search_term_string}\"},\"query-input\":{\"@type\":\"PropertyValueSpecification\",\"valueRequired\":true,\"valueName\":\"search_term_string\"}}],\"inLanguage\":\"vi\"}]}<\/script>\n<!-- \/ Yoast SEO plugin. -->","yoast_head_json":{"title":"Understand Storm warnings - Tasmania State Emergency Service","robots":{"index":"index","follow":"follow","max-snippet":"max-snippet:-1","max-image-preview":"max-image-preview:large","max-video-preview":"max-video-preview:-1"},"canonical":"https:\/\/www.ses.tas.gov.au\/vi\/about\/ses-storm-warning-system\/understand-storm-warnings\/","og_locale":"vi_VN","og_type":"article","og_title":"Understand Storm warnings - Tasmania State Emergency Service","og_description":"Advice (Yellow):&nbsp;an incident has started. There is no immediate danger. Stay up to date in case the situation changes. Watch and Act (Orange):&nbsp;There is a heightened level of threat. Conditions&hellip;","og_url":"https:\/\/www.ses.tas.gov.au\/vi\/about\/ses-storm-warning-system\/understand-storm-warnings\/","og_site_name":"Tasmania State Emergency Service","article_modified_time":"2026-04-27T01:55:01+00:00","og_image":[{"url":"https:\/\/d2tv960yzi0spr.cloudfront.net\/uploads\/2026\/04\/Storm-Advice.png","type":"","width":"","height":""}],"twitter_card":"summary_large_image","twitter_misc":{"Est. reading time":"2 minutes"},"schema":{"@context":"https:\/\/schema.org","@graph":[{"@type":"WebPage","@id":"https:\/\/www.ses.tas.gov.au\/about\/ses-storm-warning-system\/understand-storm-warnings\/","url":"https:\/\/www.ses.tas.gov.au\/about\/ses-storm-warning-system\/understand-storm-warnings\/","name":"Understand Storm warnings - Tasmania State Emergency Service","isPartOf":{"@id":"http:\/\/localhost\/#website"},"primaryImageOfPage":{"@id":"https:\/\/www.ses.tas.gov.au\/about\/ses-storm-warning-system\/understand-storm-warnings\/#primaryimage"},"image":{"@id":"https:\/\/www.ses.tas.gov.au\/about\/ses-storm-warning-system\/understand-storm-warnings\/#primaryimage"},"thumbnailUrl":"https:\/\/d2tv960yzi0spr.cloudfront.net\/uploads\/2026\/04\/Storm-Advice.png","datePublished":"2026-04-27T01:24:42+00:00","dateModified":"2026-04-27T01:55:01+00:00","breadcrumb":{"@id":"https:\/\/www.ses.tas.gov.au\/about\/ses-storm-warning-system\/understand-storm-warnings\/#breadcrumb"},"inLanguage":"vi","potentialAction":[{"@type":"ReadAction","target":["https:\/\/www.ses.tas.gov.au\/about\/ses-storm-warning-system\/understand-storm-warnings\/"]}]},{"@type":"ImageObject","inLanguage":"vi","@id":"https:\/\/www.ses.tas.gov.au\/about\/ses-storm-warning-system\/understand-storm-warnings\/#primaryimage","url":"https:\/\/d2tv960yzi0spr.cloudfront.net\/uploads\/2026\/04\/Storm-Advice.png","contentUrl":"https:\/\/d2tv960yzi0spr.cloudfront.net\/uploads\/2026\/04\/Storm-Advice.png"},{"@type":"BreadcrumbList","@id":"https:\/\/www.ses.tas.gov.au\/about\/ses-storm-warning-system\/understand-storm-warnings\/#breadcrumb","itemListElement":[{"@type":"ListItem","position":1,"name":"Home","item":"https:\/\/www.ses.tas.gov.au\/"},{"@type":"ListItem","position":2,"name":"About","item":"https:\/\/www.ses.tas.gov.au\/about\/"},{"@type":"ListItem","position":3,"name":"SES Storm Warning System","item":"https:\/\/www.ses.tas.gov.au\/about\/ses-storm-warning-system\/"},{"@type":"ListItem","position":4,"name":"Understand Storm warnings"}]},{"@type":"WebSite","@id":"http:\/\/localhost\/#website","url":"http:\/\/localhost\/","name":"D\u1ecbch v\u1ee5 C\u1ea5p c\u1ee9u Bang Tasmania","description":"","potentialAction":[{"@type":"SearchAction","target":{"@type":"EntryPoint","urlTemplate":"http:\/\/localhost\/?s={search_term_string}"},"query-input":{"@type":"PropertyValueSpecification","valueRequired":true,"valueName":"search_term_string"}}],"inLanguage":"vi"}]}},"_links":{"self":[{"href":"https:\/\/www.ses.tas.gov.au\/vi\/wp-json\/wp\/v2\/pages\/11081","targetHints":{"allow":["GET"]}}],"collection":[{"href":"https:\/\/www.ses.tas.gov.au\/vi\/wp-json\/wp\/v2\/pages"}],"about":[{"href":"https:\/\/www.ses.tas.gov.au\/vi\/wp-json\/wp\/v2\/types\/page"}],"author":[{"embeddable":true,"href":"https:\/\/www.ses.tas.gov.au\/vi\/wp-json\/wp\/v2\/users\/8"}],"replies":[{"embeddable":true,"href":"https:\/\/www.ses.tas.gov.au\/vi\/wp-json\/wp\/v2\/comments?post=11081"}],"version-history":[{"count":3,"href":"https:\/\/www.ses.tas.gov.au\/vi\/wp-json\/wp\/v2\/pages\/11081\/revisions"}],"predecessor-version":[{"id":11088,"href":"https:\/\/www.ses.tas.gov.au\/vi\/wp-json\/wp\/v2\/pages\/11081\/revisions\/11088"}],"up":[{"embeddable":true,"href":"https:\/\/www.ses.tas.gov.au\/vi\/wp-json\/wp\/v2\/pages\/11063"}],"wp:attachment":[{"href":"https:\/\/www.ses.tas.gov.au\/vi\/wp-json\/wp\/v2\/media?parent=11081"}],"curies":[{"name":"v\u1ea1n tu\u1ebf","href":"https:\/\/api.w.org\/{rel}","templated":true}]}}