{"id":11063,"date":"2026-04-27T11:14:10","date_gmt":"2026-04-27T01:14:10","guid":{"rendered":"https:\/\/www.ses.tas.gov.au\/?page_id=11063"},"modified":"2026-04-27T11:29:36","modified_gmt":"2026-04-27T01:29:36","slug":"ses-storm-warning-system","status":"publish","type":"page","link":"https:\/\/www.ses.tas.gov.au\/vi\/about\/ses-storm-warning-system\/","title":{"rendered":"SES Storm Warning System"},"content":{"rendered":"<p>Every year Tasmania SES responds to hundreds of storm-related calls for assistance.<\/p>\n\n\n\n<p>Tasmania SES is introducing the Storm Warning System, launching in early May 2026.<\/p>\n\n\n\n<p>This system is designed to make warnings clearer, simpler, and easier to understand \u2013 so you know what to do to stay safe.<\/p>\n\n\n\n<p>The system will bring storm warnings in line with how Tasmania already warns for floods and bushfires, making it easier to recognise and understand. It uses the same national warning system used across Australia, the Australian Warning System.<\/p>\n\n\n\n<figure class=\"wp-block-embed is-type-video is-provider-youtube wp-block-embed-youtube wp-embed-aspect-16-9 wp-has-aspect-ratio\"><div class=\"wp-block-embed__wrapper\">\n<iframe loading=\"lazy\" title=\"Tasmania SES Storm Warnings\" width=\"500\" height=\"281\" src=\"https:\/\/www.youtube.com\/embed\/BZ1aZ1XQM1o?feature=oembed\" frameborder=\"0\" allow=\"accelerometer; autoplay; clipboard-write; encrypted-media; gyroscope; picture-in-picture; web-share\" referrerpolicy=\"strict-origin-when-cross-origin\" allowfullscreen><\/iframe>\n<\/div><\/figure>\n\n\n\n<p>A warning provides point-in-time information about a hazard that is impacting or is expected to impact communities. It describes the impact and expected consequences for communities and includes advice on what people should do.<\/p>\n\n\n\n<p>Just like flood and bushfire warnings you will see three warning levels and a nationally consistent set of icons:<\/p>\n\n\n\n<p><strong>L\u1eddi khuy\u00ean (M\u00e0u v\u00e0ng):<br><\/strong>An incident has started. There is no immediate danger. Stay up to date in case the situation changes.<strong><br>Xem v\u00e0 h\u00e0nh \u0111\u1ed9ng (Cam):<br><\/strong>There is a heightened level of threat. Conditions are changing and you need to start taking action now to protect you and your family.<strong><br>C\u1ea3nh b\u00e1o kh\u1ea9n c\u1ea5p (\u0110\u1ecf):<br><\/strong>C\u1ea3nh b\u00e1o Kh\u1ea9n c\u1ea5p l\u00e0 c\u1ea5p \u0111\u1ed9 c\u1ea3nh b\u00e1o cao nh\u1ea5t. B\u1ea1n c\u00f3 th\u1ec3 \u0111ang g\u1eb7p nguy hi\u1ec3m v\u00e0 c\u1ea7n h\u00e0nh \u0111\u1ed9ng ngay l\u1eadp t\u1ee9c. B\u1ea5t k\u1ef3 s\u1ef1 ch\u1eadm tr\u1ec5 n\u00e0o b\u00e2y gi\u1edd \u0111\u1ec1u c\u00f3 th\u1ec3 g\u00e2y nguy hi\u1ec3m \u0111\u1ebfn t\u00ednh m\u1ea1ng c\u1ee7a b\u1ea1n.<\/p>\n\n\n\n<figure class=\"wp-block-table is-style-stripes\"><table class=\"has-fixed-layout\"><tbody><tr><td><img decoding=\"async\" src=\"https:\/\/d2tv960yzi0spr.cloudfront.net\/uploads\/2026\/04\/Storm-Advice.png\" alt=\"Yellow Storm Advice Icon showing a storm cloud in a triangle with the word Advice\" style=\"\"><\/td><td><img decoding=\"async\" src=\"https:\/\/d2tv960yzi0spr.cloudfront.net\/uploads\/2026\/04\/Storm-Watch-Act.png\" alt=\"Orange Storm Watch &amp; Act Icon showing a storm cloud in a triangle with the words Watch &amp; Act\" style=\"\"><\/td><td><img decoding=\"async\" src=\"https:\/\/d2tv960yzi0spr.cloudfront.net\/uploads\/2026\/04\/Storm-Emergency.png\" alt=\"Red Storm Emergency Warning Icon showing a storm cloud in a triangle with the word Emergency \" style=\"\"><\/td><\/tr><\/tbody><\/table><\/figure>\n\n\n\n<p><strong>Calls to action:<\/strong><\/p>\n\n\n\n<p>Each warning level has a set of action statements to give the community clearer advice about what to do.<\/p>\n\n\n\n<p>Calls to Action can be used flexibly across all three warning levels depending on the hazard.<\/p>\n\n\n\n<p>A list of Calls to Action can be found here: <a href=\"https:\/\/www.australianwarningsystem.com.au\/\">Australian Warning System<\/a><\/p>\n\n\n\n<p><\/p>","protected":false},"excerpt":{"rendered":"<p>Every year Tasmania SES responds to hundreds of storm-related calls for assistance. Tasmania SES is introducing the Storm Warning System, launching in early May 2026. This system is designed to&hellip;<\/p>","protected":false},"author":8,"featured_media":11067,"parent":2,"menu_order":61,"comment_status":"closed","ping_status":"closed","template":"","meta":{"_acf_changed":false,"_monsterinsights_skip_tracking":false,"_monsterinsights_sitenote_active":false,"_monsterinsights_sitenote_note":"","_monsterinsights_sitenote_category":0,"footnotes":""},"class_list":["post-11063","page","type-page","status-publish","has-post-thumbnail","hentry"],"acf":[],"yoast_head":"<!-- This site is optimized with the Yoast SEO plugin v24.9 - https:\/\/yoast.com\/wordpress\/plugins\/seo\/ -->\n<title>SES Storm Warning System - Tasmania State Emergency Service<\/title>\n<meta name=\"robots\" content=\"index, follow, max-snippet:-1, max-image-preview:large, max-video-preview:-1\" \/>\n<link rel=\"canonical\" href=\"https:\/\/www.ses.tas.gov.au\/vi\/about\/ses-storm-warning-system\/\" \/>\n<meta property=\"og:locale\" content=\"vi_VN\" \/>\n<meta property=\"og:type\" content=\"article\" \/>\n<meta property=\"og:title\" content=\"SES Storm Warning System - Tasmania State Emergency Service\" \/>\n<meta property=\"og:description\" content=\"Every year Tasmania SES responds to hundreds of storm-related calls for assistance. Tasmania SES is introducing the Storm Warning System, launching in early May 2026. This system is designed to&hellip;\" \/>\n<meta property=\"og:url\" content=\"https:\/\/www.ses.tas.gov.au\/vi\/about\/ses-storm-warning-system\/\" \/>\n<meta property=\"og:site_name\" content=\"Tasmania State Emergency Service\" \/>\n<meta property=\"article:modified_time\" content=\"2026-04-27T01:29:36+00:00\" \/>\n<meta property=\"og:image\" content=\"https:\/\/d2tv960yzi0spr.cloudfront.net\/uploads\/2026\/04\/fb-cover-storm.png\" \/>\n\t<meta property=\"og:image:width\" content=\"1640\" \/>\n\t<meta property=\"og:image:height\" content=\"720\" \/>\n\t<meta property=\"og:image:type\" content=\"image\/png\" \/>\n<meta name=\"twitter:card\" content=\"summary_large_image\" \/>\n<meta name=\"twitter:label1\" content=\"Est. reading time\" \/>\n\t<meta name=\"twitter:data1\" content=\"2 minutes\" \/>\n<script type=\"application\/ld+json\" class=\"yoast-schema-graph\">{\"@context\":\"https:\/\/schema.org\",\"@graph\":[{\"@type\":\"WebPage\",\"@id\":\"https:\/\/www.ses.tas.gov.au\/about\/ses-storm-warning-system\/\",\"url\":\"https:\/\/www.ses.tas.gov.au\/about\/ses-storm-warning-system\/\",\"name\":\"SES Storm Warning System - Tasmania State Emergency Service\",\"isPartOf\":{\"@id\":\"http:\/\/localhost\/#website\"},\"primaryImageOfPage\":{\"@id\":\"https:\/\/www.ses.tas.gov.au\/about\/ses-storm-warning-system\/#primaryimage\"},\"image\":{\"@id\":\"https:\/\/www.ses.tas.gov.au\/about\/ses-storm-warning-system\/#primaryimage\"},\"thumbnailUrl\":\"https:\/\/d2tv960yzi0spr.cloudfront.net\/uploads\/2026\/04\/fb-cover-storm.png\",\"datePublished\":\"2026-04-27T01:14:10+00:00\",\"dateModified\":\"2026-04-27T01:29:36+00:00\",\"breadcrumb\":{\"@id\":\"https:\/\/www.ses.tas.gov.au\/about\/ses-storm-warning-system\/#breadcrumb\"},\"inLanguage\":\"vi\",\"potentialAction\":[{\"@type\":\"ReadAction\",\"target\":[\"https:\/\/www.ses.tas.gov.au\/about\/ses-storm-warning-system\/\"]}]},{\"@type\":\"ImageObject\",\"inLanguage\":\"vi\",\"@id\":\"https:\/\/www.ses.tas.gov.au\/about\/ses-storm-warning-system\/#primaryimage\",\"url\":\"https:\/\/d2tv960yzi0spr.cloudfront.net\/uploads\/2026\/04\/fb-cover-storm.png\",\"contentUrl\":\"https:\/\/d2tv960yzi0spr.cloudfront.net\/uploads\/2026\/04\/fb-cover-storm.png\",\"width\":1640,\"height\":720,\"caption\":\"Storm clouds and a flying trampoline with the text 'When there's a storm coming know the signs.'\"},{\"@type\":\"BreadcrumbList\",\"@id\":\"https:\/\/www.ses.tas.gov.au\/about\/ses-storm-warning-system\/#breadcrumb\",\"itemListElement\":[{\"@type\":\"ListItem\",\"position\":1,\"name\":\"Home\",\"item\":\"https:\/\/www.ses.tas.gov.au\/\"},{\"@type\":\"ListItem\",\"position\":2,\"name\":\"About\",\"item\":\"https:\/\/www.ses.tas.gov.au\/about\/\"},{\"@type\":\"ListItem\",\"position\":3,\"name\":\"SES Storm Warning System\"}]},{\"@type\":\"WebSite\",\"@id\":\"http:\/\/localhost\/#website\",\"url\":\"http:\/\/localhost\/\",\"name\":\"Tasmania State Emergency Service\",\"description\":\"\",\"potentialAction\":[{\"@type\":\"SearchAction\",\"target\":{\"@type\":\"EntryPoint\",\"urlTemplate\":\"http:\/\/localhost\/?s={search_term_string}\"},\"query-input\":{\"@type\":\"PropertyValueSpecification\",\"valueRequired\":true,\"valueName\":\"search_term_string\"}}],\"inLanguage\":\"vi\"}]}<\/script>\n<!-- \/ Yoast SEO plugin. -->","yoast_head_json":{"title":"SES Storm Warning System - Tasmania State Emergency Service","robots":{"index":"index","follow":"follow","max-snippet":"max-snippet:-1","max-image-preview":"max-image-preview:large","max-video-preview":"max-video-preview:-1"},"canonical":"https:\/\/www.ses.tas.gov.au\/vi\/about\/ses-storm-warning-system\/","og_locale":"vi_VN","og_type":"article","og_title":"SES Storm Warning System - Tasmania State Emergency Service","og_description":"Every year Tasmania SES responds to hundreds of storm-related calls for assistance. Tasmania SES is introducing the Storm Warning System, launching in early May 2026. This system is designed to&hellip;","og_url":"https:\/\/www.ses.tas.gov.au\/vi\/about\/ses-storm-warning-system\/","og_site_name":"Tasmania State Emergency Service","article_modified_time":"2026-04-27T01:29:36+00:00","og_image":[{"width":1640,"height":720,"url":"https:\/\/d2tv960yzi0spr.cloudfront.net\/uploads\/2026\/04\/fb-cover-storm.png","type":"image\/png"}],"twitter_card":"summary_large_image","twitter_misc":{"Est. reading time":"2 minutes"},"schema":{"@context":"https:\/\/schema.org","@graph":[{"@type":"WebPage","@id":"https:\/\/www.ses.tas.gov.au\/about\/ses-storm-warning-system\/","url":"https:\/\/www.ses.tas.gov.au\/about\/ses-storm-warning-system\/","name":"SES Storm Warning System - Tasmania State Emergency Service","isPartOf":{"@id":"http:\/\/localhost\/#website"},"primaryImageOfPage":{"@id":"https:\/\/www.ses.tas.gov.au\/about\/ses-storm-warning-system\/#primaryimage"},"image":{"@id":"https:\/\/www.ses.tas.gov.au\/about\/ses-storm-warning-system\/#primaryimage"},"thumbnailUrl":"https:\/\/d2tv960yzi0spr.cloudfront.net\/uploads\/2026\/04\/fb-cover-storm.png","datePublished":"2026-04-27T01:14:10+00:00","dateModified":"2026-04-27T01:29:36+00:00","breadcrumb":{"@id":"https:\/\/www.ses.tas.gov.au\/about\/ses-storm-warning-system\/#breadcrumb"},"inLanguage":"vi","potentialAction":[{"@type":"ReadAction","target":["https:\/\/www.ses.tas.gov.au\/about\/ses-storm-warning-system\/"]}]},{"@type":"ImageObject","inLanguage":"vi","@id":"https:\/\/www.ses.tas.gov.au\/about\/ses-storm-warning-system\/#primaryimage","url":"https:\/\/d2tv960yzi0spr.cloudfront.net\/uploads\/2026\/04\/fb-cover-storm.png","contentUrl":"https:\/\/d2tv960yzi0spr.cloudfront.net\/uploads\/2026\/04\/fb-cover-storm.png","width":1640,"height":720,"caption":"Storm clouds and a flying trampoline with the text 'When there's a storm coming know the signs.'"},{"@type":"BreadcrumbList","@id":"https:\/\/www.ses.tas.gov.au\/about\/ses-storm-warning-system\/#breadcrumb","itemListElement":[{"@type":"ListItem","position":1,"name":"Home","item":"https:\/\/www.ses.tas.gov.au\/"},{"@type":"ListItem","position":2,"name":"About","item":"https:\/\/www.ses.tas.gov.au\/about\/"},{"@type":"ListItem","position":3,"name":"SES Storm Warning System"}]},{"@type":"WebSite","@id":"http:\/\/localhost\/#website","url":"http:\/\/localhost\/","name":"D\u1ecbch v\u1ee5 C\u1ea5p c\u1ee9u Bang Tasmania","description":"","potentialAction":[{"@type":"SearchAction","target":{"@type":"EntryPoint","urlTemplate":"http:\/\/localhost\/?s={search_term_string}"},"query-input":{"@type":"PropertyValueSpecification","valueRequired":true,"valueName":"search_term_string"}}],"inLanguage":"vi"}]}},"_links":{"self":[{"href":"https:\/\/www.ses.tas.gov.au\/vi\/wp-json\/wp\/v2\/pages\/11063","targetHints":{"allow":["GET"]}}],"collection":[{"href":"https:\/\/www.ses.tas.gov.au\/vi\/wp-json\/wp\/v2\/pages"}],"about":[{"href":"https:\/\/www.ses.tas.gov.au\/vi\/wp-json\/wp\/v2\/types\/page"}],"author":[{"embeddable":true,"href":"https:\/\/www.ses.tas.gov.au\/vi\/wp-json\/wp\/v2\/users\/8"}],"replies":[{"embeddable":true,"href":"https:\/\/www.ses.tas.gov.au\/vi\/wp-json\/wp\/v2\/comments?post=11063"}],"version-history":[{"count":2,"href":"https:\/\/www.ses.tas.gov.au\/vi\/wp-json\/wp\/v2\/pages\/11063\/revisions"}],"predecessor-version":[{"id":11086,"href":"https:\/\/www.ses.tas.gov.au\/vi\/wp-json\/wp\/v2\/pages\/11063\/revisions\/11086"}],"up":[{"embeddable":true,"href":"https:\/\/www.ses.tas.gov.au\/vi\/wp-json\/wp\/v2\/pages\/2"}],"wp:featuredmedia":[{"embeddable":true,"href":"https:\/\/www.ses.tas.gov.au\/vi\/wp-json\/wp\/v2\/media\/11067"}],"wp:attachment":[{"href":"https:\/\/www.ses.tas.gov.au\/vi\/wp-json\/wp\/v2\/media?parent=11063"}],"curies":[{"name":"v\u1ea1n tu\u1ebf","href":"https:\/\/api.w.org\/{rel}","templated":true}]}}